
{"id":19520,"date":"2021-10-14T17:34:24","date_gmt":"2021-10-14T15:34:24","guid":{"rendered":"https:\/\/www.comercialanma.es\/?post_type=product&#038;p=19520"},"modified":"2021-10-14T17:40:09","modified_gmt":"2021-10-14T15:40:09","slug":"pinza-reposteria-con-anillas-lacor","status":"publish","type":"product","link":"https:\/\/www.comercialanma.es\/?product=pinza-reposteria-con-anillas-lacor","title":{"rendered":"Pinza reposter\u00eda con anillas inox. 16cm."},"content":{"rendered":"<ul>\n<li>Marca: Lacor<\/li>\n<li>Longitud 16 cm.<\/li>\n<li>Acero inoxidable 18\/10<\/li>\n<li>Especial reposter\u00eda<\/li>\n<\/ul>\n","protected":false},"excerpt":{"rendered":"<p>Pinza reposter\u00eda con anillas | Acero inox. | 16cm. |<\/p>\n<p>Con dos anillas para aportar equilibrio y precisi\u00f3n, la pinza de reposter\u00eda con anillas de Lacor es perfecta para piezas de pasteler\u00eda fr\u00e1giles donde se necesita especial cuidado y atenci\u00f3n.<\/p>\n","protected":false},"featured_media":19521,"template":"","meta":{"spay_email":""},"yoast_head":"<!-- This site is optimized with the Yoast SEO plugin v15.9 - https:\/\/yoast.com\/wordpress\/plugins\/seo\/ -->\n<title>Pinza reposter\u00eda con anillas inox. 16cm. - Comercial de Hosteleria Anma<\/title>\n<meta name=\"description\" content=\"Pinza reposter\u00eda con anillas | Acero inox. | 16cm. | Con dos anillas para aportar equilibrio y precisi\u00f3n. Para piezas de pasteler\u00eda fr\u00e1giles\" \/>\n<meta name=\"robots\" content=\"index, follow, max-snippet:-1, max-image-preview:large, max-video-preview:-1\" \/>\n<link rel=\"canonical\" href=\"https:\/\/www.comercialanma.es\/?product=pinza-reposteria-con-anillas-lacor\" \/>\n<meta property=\"og:locale\" content=\"es_ES\" \/>\n<meta property=\"og:type\" content=\"article\" \/>\n<meta property=\"og:title\" content=\"Pinza reposter\u00eda con anillas inox. 16cm. - Comercial de Hosteleria Anma\" \/>\n<meta property=\"og:description\" content=\"Pinza reposter\u00eda con anillas | Acero inox. | 16cm. | Con dos anillas para aportar equilibrio y precisi\u00f3n. Para piezas de pasteler\u00eda fr\u00e1giles\" \/>\n<meta property=\"og:url\" content=\"https:\/\/www.comercialanma.es\/?product=pinza-reposteria-con-anillas-lacor\" \/>\n<meta property=\"og:site_name\" content=\"Comercial de Hosteleria Anma\" \/>\n<meta property=\"article:publisher\" content=\"https:\/\/www.facebook.com\/AnmaHosteleria\" \/>\n<meta property=\"article:modified_time\" content=\"2021-10-14T15:40:09+00:00\" \/>\n<meta property=\"og:image\" content=\"https:\/\/i1.wp.com\/www.comercialanma.es\/wp-content\/uploads\/2021\/10\/pinzas-lacor-con-anilla-16.jpg?fit=1080%2C1080&#038;ssl=1\" \/>\n\t<meta property=\"og:image:width\" content=\"1080\" \/>\n\t<meta property=\"og:image:height\" content=\"1080\" \/>\n<meta name=\"twitter:card\" content=\"summary_large_image\" \/>\n<meta name=\"twitter:label1\" content=\"Tiempo de lectura\">\n\t<meta name=\"twitter:data1\" content=\"1 minuto\">\n<script type=\"application\/ld+json\" class=\"yoast-schema-graph\">{\"@context\":\"https:\/\/schema.org\",\"@graph\":[{\"@type\":\"Organization\",\"@id\":\"https:\/\/www.comercialanma.es\/#organization\",\"name\":\"Comercial Anma\",\"url\":\"https:\/\/www.comercialanma.es\/\",\"sameAs\":[\"https:\/\/www.facebook.com\/AnmaHosteleria\",\"https:\/\/www.instagram.com\/anmahosteleria\/?hl=es\",\"https:\/\/www.youtube.com\/channel\/UCT2nmn08Ntks0hmpZPnDgCA\"],\"logo\":{\"@type\":\"ImageObject\",\"@id\":\"https:\/\/www.comercialanma.es\/#logo\",\"inLanguage\":\"es\",\"url\":\"https:\/\/i2.wp.com\/www.comercialanma.es\/wp-content\/uploads\/2019\/06\/logo-anma-color.png?fit=247%2C101&ssl=1\",\"width\":247,\"height\":101,\"caption\":\"Comercial Anma\"},\"image\":{\"@id\":\"https:\/\/www.comercialanma.es\/#logo\"}},{\"@type\":\"WebSite\",\"@id\":\"https:\/\/www.comercialanma.es\/#website\",\"url\":\"https:\/\/www.comercialanma.es\/\",\"name\":\"Comercial de Hosteleria Anma\",\"description\":\"\",\"publisher\":{\"@id\":\"https:\/\/www.comercialanma.es\/#organization\"},\"potentialAction\":[{\"@type\":\"SearchAction\",\"target\":\"https:\/\/www.comercialanma.es\/?s={search_term_string}\",\"query-input\":\"required name=search_term_string\"}],\"inLanguage\":\"es\"},{\"@type\":\"ImageObject\",\"@id\":\"https:\/\/www.comercialanma.es\/?product=pinza-reposteria-con-anillas-lacor#primaryimage\",\"inLanguage\":\"es\",\"url\":\"https:\/\/i1.wp.com\/www.comercialanma.es\/wp-content\/uploads\/2021\/10\/pinzas-lacor-con-anilla-16.jpg?fit=1080%2C1080&ssl=1\",\"width\":1080,\"height\":1080},{\"@type\":\"WebPage\",\"@id\":\"https:\/\/www.comercialanma.es\/?product=pinza-reposteria-con-anillas-lacor#webpage\",\"url\":\"https:\/\/www.comercialanma.es\/?product=pinza-reposteria-con-anillas-lacor\",\"name\":\"Pinza reposter\\u00eda con anillas inox. 16cm. - Comercial de Hosteleria Anma\",\"isPartOf\":{\"@id\":\"https:\/\/www.comercialanma.es\/#website\"},\"primaryImageOfPage\":{\"@id\":\"https:\/\/www.comercialanma.es\/?product=pinza-reposteria-con-anillas-lacor#primaryimage\"},\"datePublished\":\"2021-10-14T15:34:24+00:00\",\"dateModified\":\"2021-10-14T15:40:09+00:00\",\"description\":\"Pinza reposter\\u00eda con anillas | Acero inox. | 16cm. | Con dos anillas para aportar equilibrio y precisi\\u00f3n. Para piezas de pasteler\\u00eda fr\\u00e1giles\",\"breadcrumb\":{\"@id\":\"https:\/\/www.comercialanma.es\/?product=pinza-reposteria-con-anillas-lacor#breadcrumb\"},\"inLanguage\":\"es\",\"potentialAction\":[{\"@type\":\"ReadAction\",\"target\":[\"https:\/\/www.comercialanma.es\/?product=pinza-reposteria-con-anillas-lacor\"]}]},{\"@type\":\"BreadcrumbList\",\"@id\":\"https:\/\/www.comercialanma.es\/?product=pinza-reposteria-con-anillas-lacor#breadcrumb\",\"itemListElement\":[{\"@type\":\"ListItem\",\"position\":1,\"item\":{\"@type\":\"WebPage\",\"@id\":\"https:\/\/www.comercialanma.es\/\",\"url\":\"https:\/\/www.comercialanma.es\/\",\"name\":\"Portada\"}},{\"@type\":\"ListItem\",\"position\":2,\"item\":{\"@type\":\"WebPage\",\"@id\":\"https:\/\/www.comercialanma.es\/?page_id=3963\",\"url\":\"https:\/\/www.comercialanma.es\/?page_id=3963\",\"name\":\"Cat\\u00e1logo de Productos\"}},{\"@type\":\"ListItem\",\"position\":3,\"item\":{\"@type\":\"WebPage\",\"@id\":\"https:\/\/www.comercialanma.es\/?product=pinza-reposteria-con-anillas-lacor\",\"url\":\"https:\/\/www.comercialanma.es\/?product=pinza-reposteria-con-anillas-lacor\",\"name\":\"Pinza reposter\\u00eda con anillas inox. 16cm.\"}}]}]}<\/script>\n<!-- \/ Yoast SEO plugin. -->","_links":{"self":[{"href":"https:\/\/www.comercialanma.es\/index.php?rest_route=\/wp\/v2\/product\/19520"}],"collection":[{"href":"https:\/\/www.comercialanma.es\/index.php?rest_route=\/wp\/v2\/product"}],"about":[{"href":"https:\/\/www.comercialanma.es\/index.php?rest_route=\/wp\/v2\/types\/product"}],"version-history":[{"count":1,"href":"https:\/\/www.comercialanma.es\/index.php?rest_route=\/wp\/v2\/product\/19520\/revisions"}],"predecessor-version":[{"id":19522,"href":"https:\/\/www.comercialanma.es\/index.php?rest_route=\/wp\/v2\/product\/19520\/revisions\/19522"}],"wp:featuredmedia":[{"embeddable":true,"href":"https:\/\/www.comercialanma.es\/index.php?rest_route=\/wp\/v2\/media\/19521"}],"wp:attachment":[{"href":"https:\/\/www.comercialanma.es\/index.php?rest_route=%2Fwp%2Fv2%2Fmedia&parent=19520"}],"curies":[{"name":"wp","href":"https:\/\/api.w.org\/{rel}","templated":true}]}}