
{"id":19547,"date":"2021-10-15T17:42:06","date_gmt":"2021-10-15T15:42:06","guid":{"rendered":"https:\/\/www.comercialanma.es\/?post_type=product&#038;p=19547"},"modified":"2021-10-15T17:55:05","modified_gmt":"2021-10-15T15:55:05","slug":"termometro-infrarrojo-laser-lacor","status":"publish","type":"product","link":"https:\/\/www.comercialanma.es\/?product=termometro-infrarrojo-laser-lacor","title":{"rendered":"Term\u00f3metro infrarrojo con puntero laser y funda"},"content":{"rendered":"<ul>\n<li>Fabricante: Lacor<\/li>\n<li>Incluye funda<\/li>\n<li>Necesita Bater\u00edas<\/li>\n<\/ul>\n","protected":false},"excerpt":{"rendered":"<p>El term\u00f3metro infrarrojos con puntero laser y funda de Lacor es un producto que facilitar\u00e1 el control de las temperaturas de conservaci\u00f3n o elaboraci\u00f3n de alimentos a los profesionales de hosteler\u00eda. El term\u00f3metro infrarrojos con puntero laser mide de forma r\u00e1pida y precisa la temperatura superficial de cualquier producto. Basta con dirigir el puntero hacia un alimento o superficie, pulsar el bot\u00f3n e inmediatamente aparecer\u00e1 la temperatura en la pantalla.<\/p>\n","protected":false},"featured_media":19548,"template":"","meta":{"spay_email":""},"yoast_head":"<!-- This site is optimized with the Yoast SEO plugin v15.9 - https:\/\/yoast.com\/wordpress\/plugins\/seo\/ -->\n<title>Term\u00f3metro infrarrojo con puntero laser y funda - Comercial de Hosteleria Anma<\/title>\n<meta name=\"description\" content=\"Term\u00f3metro infrarrojo con puntero laser y funda | Lacor | \u00daltima tecnolog\u00eda que facilitar\u00e1 la elaboraci\u00f3n o conservaci\u00f3n de alimentos.\" \/>\n<meta name=\"robots\" content=\"index, follow, max-snippet:-1, max-image-preview:large, max-video-preview:-1\" \/>\n<link rel=\"canonical\" href=\"https:\/\/www.comercialanma.es\/?product=termometro-infrarrojo-laser-lacor\" \/>\n<meta property=\"og:locale\" content=\"es_ES\" \/>\n<meta property=\"og:type\" content=\"article\" \/>\n<meta property=\"og:title\" content=\"Term\u00f3metro infrarrojo con puntero laser y funda - Comercial de Hosteleria Anma\" \/>\n<meta property=\"og:description\" content=\"Term\u00f3metro infrarrojo con puntero laser y funda | Lacor | \u00daltima tecnolog\u00eda que facilitar\u00e1 la elaboraci\u00f3n o conservaci\u00f3n de alimentos.\" \/>\n<meta property=\"og:url\" content=\"https:\/\/www.comercialanma.es\/?product=termometro-infrarrojo-laser-lacor\" \/>\n<meta property=\"og:site_name\" content=\"Comercial de Hosteleria Anma\" \/>\n<meta property=\"article:publisher\" content=\"https:\/\/www.facebook.com\/AnmaHosteleria\" \/>\n<meta property=\"article:modified_time\" content=\"2021-10-15T15:55:05+00:00\" \/>\n<meta property=\"og:image\" content=\"https:\/\/i2.wp.com\/www.comercialanma.es\/wp-content\/uploads\/2021\/10\/termometro-infrarojo-laser.jpg?fit=1080%2C1080&#038;ssl=1\" \/>\n\t<meta property=\"og:image:width\" content=\"1080\" \/>\n\t<meta property=\"og:image:height\" content=\"1080\" \/>\n<meta name=\"twitter:card\" content=\"summary_large_image\" \/>\n<meta name=\"twitter:label1\" content=\"Tiempo de lectura\">\n\t<meta name=\"twitter:data1\" content=\"1 minuto\">\n<script type=\"application\/ld+json\" class=\"yoast-schema-graph\">{\"@context\":\"https:\/\/schema.org\",\"@graph\":[{\"@type\":\"Organization\",\"@id\":\"https:\/\/www.comercialanma.es\/#organization\",\"name\":\"Comercial Anma\",\"url\":\"https:\/\/www.comercialanma.es\/\",\"sameAs\":[\"https:\/\/www.facebook.com\/AnmaHosteleria\",\"https:\/\/www.instagram.com\/anmahosteleria\/?hl=es\",\"https:\/\/www.youtube.com\/channel\/UCT2nmn08Ntks0hmpZPnDgCA\"],\"logo\":{\"@type\":\"ImageObject\",\"@id\":\"https:\/\/www.comercialanma.es\/#logo\",\"inLanguage\":\"es\",\"url\":\"https:\/\/i2.wp.com\/www.comercialanma.es\/wp-content\/uploads\/2019\/06\/logo-anma-color.png?fit=247%2C101&ssl=1\",\"width\":247,\"height\":101,\"caption\":\"Comercial Anma\"},\"image\":{\"@id\":\"https:\/\/www.comercialanma.es\/#logo\"}},{\"@type\":\"WebSite\",\"@id\":\"https:\/\/www.comercialanma.es\/#website\",\"url\":\"https:\/\/www.comercialanma.es\/\",\"name\":\"Comercial de Hosteleria Anma\",\"description\":\"\",\"publisher\":{\"@id\":\"https:\/\/www.comercialanma.es\/#organization\"},\"potentialAction\":[{\"@type\":\"SearchAction\",\"target\":\"https:\/\/www.comercialanma.es\/?s={search_term_string}\",\"query-input\":\"required name=search_term_string\"}],\"inLanguage\":\"es\"},{\"@type\":\"ImageObject\",\"@id\":\"https:\/\/www.comercialanma.es\/?product=termometro-infrarrojo-laser-lacor#primaryimage\",\"inLanguage\":\"es\",\"url\":\"https:\/\/i2.wp.com\/www.comercialanma.es\/wp-content\/uploads\/2021\/10\/termometro-infrarojo-laser.jpg?fit=1080%2C1080&ssl=1\",\"width\":1080,\"height\":1080},{\"@type\":\"WebPage\",\"@id\":\"https:\/\/www.comercialanma.es\/?product=termometro-infrarrojo-laser-lacor#webpage\",\"url\":\"https:\/\/www.comercialanma.es\/?product=termometro-infrarrojo-laser-lacor\",\"name\":\"Term\\u00f3metro infrarrojo con puntero laser y funda - Comercial de Hosteleria Anma\",\"isPartOf\":{\"@id\":\"https:\/\/www.comercialanma.es\/#website\"},\"primaryImageOfPage\":{\"@id\":\"https:\/\/www.comercialanma.es\/?product=termometro-infrarrojo-laser-lacor#primaryimage\"},\"datePublished\":\"2021-10-15T15:42:06+00:00\",\"dateModified\":\"2021-10-15T15:55:05+00:00\",\"description\":\"Term\\u00f3metro infrarrojo con puntero laser y funda | Lacor | \\u00daltima tecnolog\\u00eda que facilitar\\u00e1 la elaboraci\\u00f3n o conservaci\\u00f3n de alimentos.\",\"breadcrumb\":{\"@id\":\"https:\/\/www.comercialanma.es\/?product=termometro-infrarrojo-laser-lacor#breadcrumb\"},\"inLanguage\":\"es\",\"potentialAction\":[{\"@type\":\"ReadAction\",\"target\":[\"https:\/\/www.comercialanma.es\/?product=termometro-infrarrojo-laser-lacor\"]}]},{\"@type\":\"BreadcrumbList\",\"@id\":\"https:\/\/www.comercialanma.es\/?product=termometro-infrarrojo-laser-lacor#breadcrumb\",\"itemListElement\":[{\"@type\":\"ListItem\",\"position\":1,\"item\":{\"@type\":\"WebPage\",\"@id\":\"https:\/\/www.comercialanma.es\/\",\"url\":\"https:\/\/www.comercialanma.es\/\",\"name\":\"Portada\"}},{\"@type\":\"ListItem\",\"position\":2,\"item\":{\"@type\":\"WebPage\",\"@id\":\"https:\/\/www.comercialanma.es\/?page_id=3963\",\"url\":\"https:\/\/www.comercialanma.es\/?page_id=3963\",\"name\":\"Cat\\u00e1logo de Productos\"}},{\"@type\":\"ListItem\",\"position\":3,\"item\":{\"@type\":\"WebPage\",\"@id\":\"https:\/\/www.comercialanma.es\/?product=termometro-infrarrojo-laser-lacor\",\"url\":\"https:\/\/www.comercialanma.es\/?product=termometro-infrarrojo-laser-lacor\",\"name\":\"Term\\u00f3metro infrarrojo con puntero laser y funda\"}}]}]}<\/script>\n<!-- \/ Yoast SEO plugin. -->","_links":{"self":[{"href":"https:\/\/www.comercialanma.es\/index.php?rest_route=\/wp\/v2\/product\/19547"}],"collection":[{"href":"https:\/\/www.comercialanma.es\/index.php?rest_route=\/wp\/v2\/product"}],"about":[{"href":"https:\/\/www.comercialanma.es\/index.php?rest_route=\/wp\/v2\/types\/product"}],"version-history":[{"count":3,"href":"https:\/\/www.comercialanma.es\/index.php?rest_route=\/wp\/v2\/product\/19547\/revisions"}],"predecessor-version":[{"id":19551,"href":"https:\/\/www.comercialanma.es\/index.php?rest_route=\/wp\/v2\/product\/19547\/revisions\/19551"}],"wp:featuredmedia":[{"embeddable":true,"href":"https:\/\/www.comercialanma.es\/index.php?rest_route=\/wp\/v2\/media\/19548"}],"wp:attachment":[{"href":"https:\/\/www.comercialanma.es\/index.php?rest_route=%2Fwp%2Fv2%2Fmedia&parent=19547"}],"curies":[{"name":"wp","href":"https:\/\/api.w.org\/{rel}","templated":true}]}}