
{"id":19566,"date":"2021-10-18T10:51:19","date_gmt":"2021-10-18T08:51:19","guid":{"rendered":"https:\/\/www.comercialanma.es\/?post_type=product&#038;p=19566"},"modified":"2021-10-18T17:59:12","modified_gmt":"2021-10-18T15:59:12","slug":"tapones-para-vacio-pack-2","status":"publish","type":"product","link":"https:\/\/www.comercialanma.es\/?product=tapones-para-vacio-pack-2","title":{"rendered":"Tapones para vac\u00edo Pack 2"},"content":{"rendered":"<ul>\n<li>Fabricante: Inoxibar<\/li>\n<li>Producto reutilizable<\/li>\n<li>Fabricado en pl\u00e1stico<\/li>\n<li>Conserva el vino a trav\u00e9s de la creaci\u00f3n de un vac\u00edo herm\u00e9tico.<\/li>\n<\/ul>\n","protected":false},"excerpt":{"rendered":"<div class=\"content\">\n<div class=\"moz-reader-content reader-show-element\">\n<div>Tap\u00f3n vaci\u00f3n | Inoxibar | Pack 2 unidades |<\/div>\n<div id=\"readability-page-1\" class=\"page\">Conserva Tus Vinos Libre De oxidaci\u00f3n Con Estos Pr\u00e1cticos Tapones Botella Para Bomba De Succi\u00f3n.<\/div>\n<\/div>\n<\/div>\n","protected":false},"featured_media":19567,"template":"","meta":{"spay_email":""},"yoast_head":"<!-- This site is optimized with the Yoast SEO plugin v15.9 - https:\/\/yoast.com\/wordpress\/plugins\/seo\/ -->\n<title>Tapones para vac\u00edo Pack 2 - Comercial de Hosteleria Anma<\/title>\n<meta name=\"description\" content=\"Tap\u00f3n vaci\u00f3n | Inoxibar | Pack 2 unidades | Conserva el vino a trav\u00e9s de la creaci\u00f3n de un vac\u00edo herm\u00e9tico.\" \/>\n<meta name=\"robots\" content=\"index, follow, max-snippet:-1, max-image-preview:large, max-video-preview:-1\" \/>\n<link rel=\"canonical\" href=\"https:\/\/www.comercialanma.es\/?product=tapones-para-vacio-pack-2\" \/>\n<meta property=\"og:locale\" content=\"es_ES\" \/>\n<meta property=\"og:type\" content=\"article\" \/>\n<meta property=\"og:title\" content=\"Tapones para vac\u00edo Pack 2 - Comercial de Hosteleria Anma\" \/>\n<meta property=\"og:description\" content=\"Tap\u00f3n vaci\u00f3n | Inoxibar | Pack 2 unidades | Conserva el vino a trav\u00e9s de la creaci\u00f3n de un vac\u00edo herm\u00e9tico.\" \/>\n<meta property=\"og:url\" content=\"https:\/\/www.comercialanma.es\/?product=tapones-para-vacio-pack-2\" \/>\n<meta property=\"og:site_name\" content=\"Comercial de Hosteleria Anma\" \/>\n<meta property=\"article:publisher\" content=\"https:\/\/www.facebook.com\/AnmaHosteleria\" \/>\n<meta property=\"article:modified_time\" content=\"2021-10-18T15:59:12+00:00\" \/>\n<meta property=\"og:image\" content=\"https:\/\/i0.wp.com\/www.comercialanma.es\/wp-content\/uploads\/2021\/10\/tapones-para-vacio-inoxbar.jpg?fit=1080%2C1080&#038;ssl=1\" \/>\n\t<meta property=\"og:image:width\" content=\"1080\" \/>\n\t<meta property=\"og:image:height\" content=\"1080\" \/>\n<meta name=\"twitter:card\" content=\"summary_large_image\" \/>\n<meta name=\"twitter:label1\" content=\"Tiempo de lectura\">\n\t<meta name=\"twitter:data1\" content=\"1 minuto\">\n<script type=\"application\/ld+json\" class=\"yoast-schema-graph\">{\"@context\":\"https:\/\/schema.org\",\"@graph\":[{\"@type\":\"Organization\",\"@id\":\"https:\/\/www.comercialanma.es\/#organization\",\"name\":\"Comercial Anma\",\"url\":\"https:\/\/www.comercialanma.es\/\",\"sameAs\":[\"https:\/\/www.facebook.com\/AnmaHosteleria\",\"https:\/\/www.instagram.com\/anmahosteleria\/?hl=es\",\"https:\/\/www.youtube.com\/channel\/UCT2nmn08Ntks0hmpZPnDgCA\"],\"logo\":{\"@type\":\"ImageObject\",\"@id\":\"https:\/\/www.comercialanma.es\/#logo\",\"inLanguage\":\"es\",\"url\":\"https:\/\/i2.wp.com\/www.comercialanma.es\/wp-content\/uploads\/2019\/06\/logo-anma-color.png?fit=247%2C101&ssl=1\",\"width\":247,\"height\":101,\"caption\":\"Comercial Anma\"},\"image\":{\"@id\":\"https:\/\/www.comercialanma.es\/#logo\"}},{\"@type\":\"WebSite\",\"@id\":\"https:\/\/www.comercialanma.es\/#website\",\"url\":\"https:\/\/www.comercialanma.es\/\",\"name\":\"Comercial de Hosteleria Anma\",\"description\":\"\",\"publisher\":{\"@id\":\"https:\/\/www.comercialanma.es\/#organization\"},\"potentialAction\":[{\"@type\":\"SearchAction\",\"target\":\"https:\/\/www.comercialanma.es\/?s={search_term_string}\",\"query-input\":\"required name=search_term_string\"}],\"inLanguage\":\"es\"},{\"@type\":\"ImageObject\",\"@id\":\"https:\/\/www.comercialanma.es\/?product=tapones-para-vacio-pack-2#primaryimage\",\"inLanguage\":\"es\",\"url\":\"https:\/\/i0.wp.com\/www.comercialanma.es\/wp-content\/uploads\/2021\/10\/tapones-para-vacio-inoxbar.jpg?fit=1080%2C1080&ssl=1\",\"width\":1080,\"height\":1080},{\"@type\":\"WebPage\",\"@id\":\"https:\/\/www.comercialanma.es\/?product=tapones-para-vacio-pack-2#webpage\",\"url\":\"https:\/\/www.comercialanma.es\/?product=tapones-para-vacio-pack-2\",\"name\":\"Tapones para vac\\u00edo Pack 2 - Comercial de Hosteleria Anma\",\"isPartOf\":{\"@id\":\"https:\/\/www.comercialanma.es\/#website\"},\"primaryImageOfPage\":{\"@id\":\"https:\/\/www.comercialanma.es\/?product=tapones-para-vacio-pack-2#primaryimage\"},\"datePublished\":\"2021-10-18T08:51:19+00:00\",\"dateModified\":\"2021-10-18T15:59:12+00:00\",\"description\":\"Tap\\u00f3n vaci\\u00f3n | Inoxibar | Pack 2 unidades | Conserva el vino a trav\\u00e9s de la creaci\\u00f3n de un vac\\u00edo herm\\u00e9tico.\",\"breadcrumb\":{\"@id\":\"https:\/\/www.comercialanma.es\/?product=tapones-para-vacio-pack-2#breadcrumb\"},\"inLanguage\":\"es\",\"potentialAction\":[{\"@type\":\"ReadAction\",\"target\":[\"https:\/\/www.comercialanma.es\/?product=tapones-para-vacio-pack-2\"]}]},{\"@type\":\"BreadcrumbList\",\"@id\":\"https:\/\/www.comercialanma.es\/?product=tapones-para-vacio-pack-2#breadcrumb\",\"itemListElement\":[{\"@type\":\"ListItem\",\"position\":1,\"item\":{\"@type\":\"WebPage\",\"@id\":\"https:\/\/www.comercialanma.es\/\",\"url\":\"https:\/\/www.comercialanma.es\/\",\"name\":\"Portada\"}},{\"@type\":\"ListItem\",\"position\":2,\"item\":{\"@type\":\"WebPage\",\"@id\":\"https:\/\/www.comercialanma.es\/?page_id=3963\",\"url\":\"https:\/\/www.comercialanma.es\/?page_id=3963\",\"name\":\"Cat\\u00e1logo de Productos\"}},{\"@type\":\"ListItem\",\"position\":3,\"item\":{\"@type\":\"WebPage\",\"@id\":\"https:\/\/www.comercialanma.es\/?product=tapones-para-vacio-pack-2\",\"url\":\"https:\/\/www.comercialanma.es\/?product=tapones-para-vacio-pack-2\",\"name\":\"Tapones para vac\\u00edo Pack 2\"}}]}]}<\/script>\n<!-- \/ Yoast SEO plugin. -->","_links":{"self":[{"href":"https:\/\/www.comercialanma.es\/index.php?rest_route=\/wp\/v2\/product\/19566"}],"collection":[{"href":"https:\/\/www.comercialanma.es\/index.php?rest_route=\/wp\/v2\/product"}],"about":[{"href":"https:\/\/www.comercialanma.es\/index.php?rest_route=\/wp\/v2\/types\/product"}],"version-history":[{"count":2,"href":"https:\/\/www.comercialanma.es\/index.php?rest_route=\/wp\/v2\/product\/19566\/revisions"}],"predecessor-version":[{"id":19638,"href":"https:\/\/www.comercialanma.es\/index.php?rest_route=\/wp\/v2\/product\/19566\/revisions\/19638"}],"wp:featuredmedia":[{"embeddable":true,"href":"https:\/\/www.comercialanma.es\/index.php?rest_route=\/wp\/v2\/media\/19567"}],"wp:attachment":[{"href":"https:\/\/www.comercialanma.es\/index.php?rest_route=%2Fwp%2Fv2%2Fmedia&parent=19566"}],"curies":[{"name":"wp","href":"https:\/\/api.w.org\/{rel}","templated":true}]}}