
{"id":19569,"date":"2021-10-18T11:03:23","date_gmt":"2021-10-18T09:03:23","guid":{"rendered":"https:\/\/www.comercialanma.es\/?post_type=product&#038;p=19569"},"modified":"2021-10-18T17:57:38","modified_gmt":"2021-10-18T15:57:38","slug":"boquilla-servidora-con-tapon","status":"publish","type":"product","link":"https:\/\/www.comercialanma.es\/?product=boquilla-servidora-con-tapon","title":{"rendered":"Boquilla servidora con tap\u00f3n"},"content":{"rendered":"<ul>\n<li>Fabricante: Inoxibar<\/li>\n<li>Producto reutilizable<\/li>\n<li>Tap\u00f3n adjunto<\/li>\n<li>F\u00e1cil limpieza<\/li>\n<\/ul>\n","protected":false},"excerpt":{"rendered":"<div class=\"content\">\n<div class=\"moz-reader-content reader-show-element\">Boquilla servidora | Inoxibar |<\/div>\n<div class=\"moz-reader-content reader-show-element\">De f\u00e1cil limpieza, s\u00f3lo se tiene que colocar en la botella para un suave y f\u00e1cil vertido.<\/div>\n<\/div>\n","protected":false},"featured_media":19570,"template":"","meta":{"spay_email":""},"yoast_head":"<!-- This site is optimized with the Yoast SEO plugin v15.9 - https:\/\/yoast.com\/wordpress\/plugins\/seo\/ -->\n<title>Boquilla servidora con tap\u00f3n - Comercial de Hosteleria Anma<\/title>\n<meta name=\"description\" content=\"Boquilla servidora | Inoxibar | De f\u00e1cil limpieza, s\u00f3lo se tiene que colocar en la botella para un suave y f\u00e1cil vertido.\" \/>\n<meta name=\"robots\" content=\"index, follow, max-snippet:-1, max-image-preview:large, max-video-preview:-1\" \/>\n<link rel=\"canonical\" href=\"https:\/\/www.comercialanma.es\/?product=boquilla-servidora-con-tapon\" \/>\n<meta property=\"og:locale\" content=\"es_ES\" \/>\n<meta property=\"og:type\" content=\"article\" \/>\n<meta property=\"og:title\" content=\"Boquilla servidora con tap\u00f3n - Comercial de Hosteleria Anma\" \/>\n<meta property=\"og:description\" content=\"Boquilla servidora | Inoxibar | De f\u00e1cil limpieza, s\u00f3lo se tiene que colocar en la botella para un suave y f\u00e1cil vertido.\" \/>\n<meta property=\"og:url\" content=\"https:\/\/www.comercialanma.es\/?product=boquilla-servidora-con-tapon\" \/>\n<meta property=\"og:site_name\" content=\"Comercial de Hosteleria Anma\" \/>\n<meta property=\"article:publisher\" content=\"https:\/\/www.facebook.com\/AnmaHosteleria\" \/>\n<meta property=\"article:modified_time\" content=\"2021-10-18T15:57:38+00:00\" \/>\n<meta property=\"og:image\" content=\"https:\/\/i1.wp.com\/www.comercialanma.es\/wp-content\/uploads\/2021\/10\/servidor-inoxibar-inoxibar-con-tapon.jpg?fit=1080%2C1080&#038;ssl=1\" \/>\n\t<meta property=\"og:image:width\" content=\"1080\" \/>\n\t<meta property=\"og:image:height\" content=\"1080\" \/>\n<meta name=\"twitter:card\" content=\"summary_large_image\" \/>\n<meta name=\"twitter:label1\" content=\"Tiempo de lectura\">\n\t<meta name=\"twitter:data1\" content=\"1 minuto\">\n<script type=\"application\/ld+json\" class=\"yoast-schema-graph\">{\"@context\":\"https:\/\/schema.org\",\"@graph\":[{\"@type\":\"Organization\",\"@id\":\"https:\/\/www.comercialanma.es\/#organization\",\"name\":\"Comercial Anma\",\"url\":\"https:\/\/www.comercialanma.es\/\",\"sameAs\":[\"https:\/\/www.facebook.com\/AnmaHosteleria\",\"https:\/\/www.instagram.com\/anmahosteleria\/?hl=es\",\"https:\/\/www.youtube.com\/channel\/UCT2nmn08Ntks0hmpZPnDgCA\"],\"logo\":{\"@type\":\"ImageObject\",\"@id\":\"https:\/\/www.comercialanma.es\/#logo\",\"inLanguage\":\"es\",\"url\":\"https:\/\/i2.wp.com\/www.comercialanma.es\/wp-content\/uploads\/2019\/06\/logo-anma-color.png?fit=247%2C101&ssl=1\",\"width\":247,\"height\":101,\"caption\":\"Comercial Anma\"},\"image\":{\"@id\":\"https:\/\/www.comercialanma.es\/#logo\"}},{\"@type\":\"WebSite\",\"@id\":\"https:\/\/www.comercialanma.es\/#website\",\"url\":\"https:\/\/www.comercialanma.es\/\",\"name\":\"Comercial de Hosteleria Anma\",\"description\":\"\",\"publisher\":{\"@id\":\"https:\/\/www.comercialanma.es\/#organization\"},\"potentialAction\":[{\"@type\":\"SearchAction\",\"target\":\"https:\/\/www.comercialanma.es\/?s={search_term_string}\",\"query-input\":\"required name=search_term_string\"}],\"inLanguage\":\"es\"},{\"@type\":\"ImageObject\",\"@id\":\"https:\/\/www.comercialanma.es\/?product=boquilla-servidora-con-tapon#primaryimage\",\"inLanguage\":\"es\",\"url\":\"https:\/\/i1.wp.com\/www.comercialanma.es\/wp-content\/uploads\/2021\/10\/servidor-inoxibar-inoxibar-con-tapon.jpg?fit=1080%2C1080&ssl=1\",\"width\":1080,\"height\":1080},{\"@type\":\"WebPage\",\"@id\":\"https:\/\/www.comercialanma.es\/?product=boquilla-servidora-con-tapon#webpage\",\"url\":\"https:\/\/www.comercialanma.es\/?product=boquilla-servidora-con-tapon\",\"name\":\"Boquilla servidora con tap\\u00f3n - Comercial de Hosteleria Anma\",\"isPartOf\":{\"@id\":\"https:\/\/www.comercialanma.es\/#website\"},\"primaryImageOfPage\":{\"@id\":\"https:\/\/www.comercialanma.es\/?product=boquilla-servidora-con-tapon#primaryimage\"},\"datePublished\":\"2021-10-18T09:03:23+00:00\",\"dateModified\":\"2021-10-18T15:57:38+00:00\",\"description\":\"Boquilla servidora | Inoxibar | De f\\u00e1cil limpieza, s\\u00f3lo se tiene que colocar en la botella para un suave y f\\u00e1cil vertido.\",\"breadcrumb\":{\"@id\":\"https:\/\/www.comercialanma.es\/?product=boquilla-servidora-con-tapon#breadcrumb\"},\"inLanguage\":\"es\",\"potentialAction\":[{\"@type\":\"ReadAction\",\"target\":[\"https:\/\/www.comercialanma.es\/?product=boquilla-servidora-con-tapon\"]}]},{\"@type\":\"BreadcrumbList\",\"@id\":\"https:\/\/www.comercialanma.es\/?product=boquilla-servidora-con-tapon#breadcrumb\",\"itemListElement\":[{\"@type\":\"ListItem\",\"position\":1,\"item\":{\"@type\":\"WebPage\",\"@id\":\"https:\/\/www.comercialanma.es\/\",\"url\":\"https:\/\/www.comercialanma.es\/\",\"name\":\"Portada\"}},{\"@type\":\"ListItem\",\"position\":2,\"item\":{\"@type\":\"WebPage\",\"@id\":\"https:\/\/www.comercialanma.es\/?page_id=3963\",\"url\":\"https:\/\/www.comercialanma.es\/?page_id=3963\",\"name\":\"Cat\\u00e1logo de Productos\"}},{\"@type\":\"ListItem\",\"position\":3,\"item\":{\"@type\":\"WebPage\",\"@id\":\"https:\/\/www.comercialanma.es\/?product=boquilla-servidora-con-tapon\",\"url\":\"https:\/\/www.comercialanma.es\/?product=boquilla-servidora-con-tapon\",\"name\":\"Boquilla servidora con tap\\u00f3n\"}}]}]}<\/script>\n<!-- \/ Yoast SEO plugin. -->","_links":{"self":[{"href":"https:\/\/www.comercialanma.es\/index.php?rest_route=\/wp\/v2\/product\/19569"}],"collection":[{"href":"https:\/\/www.comercialanma.es\/index.php?rest_route=\/wp\/v2\/product"}],"about":[{"href":"https:\/\/www.comercialanma.es\/index.php?rest_route=\/wp\/v2\/types\/product"}],"version-history":[{"count":2,"href":"https:\/\/www.comercialanma.es\/index.php?rest_route=\/wp\/v2\/product\/19569\/revisions"}],"predecessor-version":[{"id":19637,"href":"https:\/\/www.comercialanma.es\/index.php?rest_route=\/wp\/v2\/product\/19569\/revisions\/19637"}],"wp:featuredmedia":[{"embeddable":true,"href":"https:\/\/www.comercialanma.es\/index.php?rest_route=\/wp\/v2\/media\/19570"}],"wp:attachment":[{"href":"https:\/\/www.comercialanma.es\/index.php?rest_route=%2Fwp%2Fv2%2Fmedia&parent=19569"}],"curies":[{"name":"wp","href":"https:\/\/api.w.org\/{rel}","templated":true}]}}