
{"id":19575,"date":"2021-10-18T12:02:13","date_gmt":"2021-10-18T10:02:13","guid":{"rendered":"https:\/\/www.comercialanma.es\/?post_type=product&#038;p=19575"},"modified":"2021-10-18T17:56:55","modified_gmt":"2021-10-18T15:56:55","slug":"tapon-cava-champan-o-vino-lacor-soft","status":"publish","type":"product","link":"https:\/\/www.comercialanma.es\/?product=tapon-cava-champan-o-vino-lacor-soft","title":{"rendered":"Tap\u00f3n cava champ\u00e1n o vino con Soft Touch"},"content":{"rendered":"<ul>\n<li>Fabricante: Lacor<\/li>\n<li><span class=\"a-list-item\">Sistema de conservaci\u00f3n Soft Touch<\/span><\/li>\n<li><span class=\"a-list-item\">Uso en botellas de cava, champ\u00e1n o vino.<\/span><span class=\"a-list-item\"><br \/>\n<\/span><\/li>\n<\/ul>\n","protected":false},"excerpt":{"rendered":"<p>Tap\u00f3n cava o champ\u00e1n Soft Touch | Lacor |<\/p>\n<p>Muy f\u00e1cil de usar, conserva las bebidas con gas, preservando el aroma y las burbujas.<\/p>\n","protected":false},"featured_media":19576,"template":"","meta":{"spay_email":""},"yoast_head":"<!-- This site is optimized with the Yoast SEO plugin v15.9 - https:\/\/yoast.com\/wordpress\/plugins\/seo\/ -->\n<title>Tap\u00f3n cava champ\u00e1n o vino con Soft Touch - Comercial de Hosteleria Anma<\/title>\n<meta name=\"description\" content=\"Tap\u00f3n cava, champ\u00e1n o vino Soft Touch | Lacor | Muy f\u00e1cil de usar, conserva las bebidas con gas, preservando el aroma y las burbujas.\" \/>\n<meta name=\"robots\" content=\"index, follow, max-snippet:-1, max-image-preview:large, max-video-preview:-1\" \/>\n<link rel=\"canonical\" href=\"https:\/\/www.comercialanma.es\/?product=tapon-cava-champan-o-vino-lacor-soft\" \/>\n<meta property=\"og:locale\" content=\"es_ES\" \/>\n<meta property=\"og:type\" content=\"article\" \/>\n<meta property=\"og:title\" content=\"Tap\u00f3n cava champ\u00e1n o vino con Soft Touch - Comercial de Hosteleria Anma\" \/>\n<meta property=\"og:description\" content=\"Tap\u00f3n cava, champ\u00e1n o vino Soft Touch | Lacor | Muy f\u00e1cil de usar, conserva las bebidas con gas, preservando el aroma y las burbujas.\" \/>\n<meta property=\"og:url\" content=\"https:\/\/www.comercialanma.es\/?product=tapon-cava-champan-o-vino-lacor-soft\" \/>\n<meta property=\"og:site_name\" content=\"Comercial de Hosteleria Anma\" \/>\n<meta property=\"article:publisher\" content=\"https:\/\/www.facebook.com\/AnmaHosteleria\" \/>\n<meta property=\"article:modified_time\" content=\"2021-10-18T15:56:55+00:00\" \/>\n<meta property=\"og:image\" content=\"https:\/\/i1.wp.com\/www.comercialanma.es\/wp-content\/uploads\/2021\/10\/tapon-champan-soft-touch-1.jpg?fit=1080%2C1080&#038;ssl=1\" \/>\n\t<meta property=\"og:image:width\" content=\"1080\" \/>\n\t<meta property=\"og:image:height\" content=\"1080\" \/>\n<meta name=\"twitter:card\" content=\"summary_large_image\" \/>\n<meta name=\"twitter:label1\" content=\"Tiempo de lectura\">\n\t<meta name=\"twitter:data1\" content=\"1 minuto\">\n<script type=\"application\/ld+json\" class=\"yoast-schema-graph\">{\"@context\":\"https:\/\/schema.org\",\"@graph\":[{\"@type\":\"Organization\",\"@id\":\"https:\/\/www.comercialanma.es\/#organization\",\"name\":\"Comercial Anma\",\"url\":\"https:\/\/www.comercialanma.es\/\",\"sameAs\":[\"https:\/\/www.facebook.com\/AnmaHosteleria\",\"https:\/\/www.instagram.com\/anmahosteleria\/?hl=es\",\"https:\/\/www.youtube.com\/channel\/UCT2nmn08Ntks0hmpZPnDgCA\"],\"logo\":{\"@type\":\"ImageObject\",\"@id\":\"https:\/\/www.comercialanma.es\/#logo\",\"inLanguage\":\"es\",\"url\":\"https:\/\/i2.wp.com\/www.comercialanma.es\/wp-content\/uploads\/2019\/06\/logo-anma-color.png?fit=247%2C101&ssl=1\",\"width\":247,\"height\":101,\"caption\":\"Comercial Anma\"},\"image\":{\"@id\":\"https:\/\/www.comercialanma.es\/#logo\"}},{\"@type\":\"WebSite\",\"@id\":\"https:\/\/www.comercialanma.es\/#website\",\"url\":\"https:\/\/www.comercialanma.es\/\",\"name\":\"Comercial de Hosteleria Anma\",\"description\":\"\",\"publisher\":{\"@id\":\"https:\/\/www.comercialanma.es\/#organization\"},\"potentialAction\":[{\"@type\":\"SearchAction\",\"target\":\"https:\/\/www.comercialanma.es\/?s={search_term_string}\",\"query-input\":\"required name=search_term_string\"}],\"inLanguage\":\"es\"},{\"@type\":\"ImageObject\",\"@id\":\"https:\/\/www.comercialanma.es\/?product=tapon-cava-champan-o-vino-lacor-soft#primaryimage\",\"inLanguage\":\"es\",\"url\":\"https:\/\/i1.wp.com\/www.comercialanma.es\/wp-content\/uploads\/2021\/10\/tapon-champan-soft-touch-1.jpg?fit=1080%2C1080&ssl=1\",\"width\":1080,\"height\":1080},{\"@type\":\"WebPage\",\"@id\":\"https:\/\/www.comercialanma.es\/?product=tapon-cava-champan-o-vino-lacor-soft#webpage\",\"url\":\"https:\/\/www.comercialanma.es\/?product=tapon-cava-champan-o-vino-lacor-soft\",\"name\":\"Tap\\u00f3n cava champ\\u00e1n o vino con Soft Touch - Comercial de Hosteleria Anma\",\"isPartOf\":{\"@id\":\"https:\/\/www.comercialanma.es\/#website\"},\"primaryImageOfPage\":{\"@id\":\"https:\/\/www.comercialanma.es\/?product=tapon-cava-champan-o-vino-lacor-soft#primaryimage\"},\"datePublished\":\"2021-10-18T10:02:13+00:00\",\"dateModified\":\"2021-10-18T15:56:55+00:00\",\"description\":\"Tap\\u00f3n cava, champ\\u00e1n o vino Soft Touch | Lacor | Muy f\\u00e1cil de usar, conserva las bebidas con gas, preservando el aroma y las burbujas.\",\"breadcrumb\":{\"@id\":\"https:\/\/www.comercialanma.es\/?product=tapon-cava-champan-o-vino-lacor-soft#breadcrumb\"},\"inLanguage\":\"es\",\"potentialAction\":[{\"@type\":\"ReadAction\",\"target\":[\"https:\/\/www.comercialanma.es\/?product=tapon-cava-champan-o-vino-lacor-soft\"]}]},{\"@type\":\"BreadcrumbList\",\"@id\":\"https:\/\/www.comercialanma.es\/?product=tapon-cava-champan-o-vino-lacor-soft#breadcrumb\",\"itemListElement\":[{\"@type\":\"ListItem\",\"position\":1,\"item\":{\"@type\":\"WebPage\",\"@id\":\"https:\/\/www.comercialanma.es\/\",\"url\":\"https:\/\/www.comercialanma.es\/\",\"name\":\"Portada\"}},{\"@type\":\"ListItem\",\"position\":2,\"item\":{\"@type\":\"WebPage\",\"@id\":\"https:\/\/www.comercialanma.es\/?page_id=3963\",\"url\":\"https:\/\/www.comercialanma.es\/?page_id=3963\",\"name\":\"Cat\\u00e1logo de Productos\"}},{\"@type\":\"ListItem\",\"position\":3,\"item\":{\"@type\":\"WebPage\",\"@id\":\"https:\/\/www.comercialanma.es\/?product=tapon-cava-champan-o-vino-lacor-soft\",\"url\":\"https:\/\/www.comercialanma.es\/?product=tapon-cava-champan-o-vino-lacor-soft\",\"name\":\"Tap\\u00f3n cava champ\\u00e1n o vino con Soft Touch\"}}]}]}<\/script>\n<!-- \/ Yoast SEO plugin. -->","_links":{"self":[{"href":"https:\/\/www.comercialanma.es\/index.php?rest_route=\/wp\/v2\/product\/19575"}],"collection":[{"href":"https:\/\/www.comercialanma.es\/index.php?rest_route=\/wp\/v2\/product"}],"about":[{"href":"https:\/\/www.comercialanma.es\/index.php?rest_route=\/wp\/v2\/types\/product"}],"version-history":[{"count":4,"href":"https:\/\/www.comercialanma.es\/index.php?rest_route=\/wp\/v2\/product\/19575\/revisions"}],"predecessor-version":[{"id":19635,"href":"https:\/\/www.comercialanma.es\/index.php?rest_route=\/wp\/v2\/product\/19575\/revisions\/19635"}],"wp:featuredmedia":[{"embeddable":true,"href":"https:\/\/www.comercialanma.es\/index.php?rest_route=\/wp\/v2\/media\/19576"}],"wp:attachment":[{"href":"https:\/\/www.comercialanma.es\/index.php?rest_route=%2Fwp%2Fv2%2Fmedia&parent=19575"}],"curies":[{"name":"wp","href":"https:\/\/api.w.org\/{rel}","templated":true}]}}