
{"id":19581,"date":"2021-10-18T12:36:36","date_gmt":"2021-10-18T10:36:36","guid":{"rendered":"https:\/\/www.comercialanma.es\/?post_type=product&#038;p=19581"},"modified":"2021-10-18T17:56:35","modified_gmt":"2021-10-18T15:56:35","slug":"tapon-para-vino-boj","status":"publish","type":"product","link":"https:\/\/www.comercialanma.es\/?product=tapon-para-vino-boj","title":{"rendered":"Tap\u00f3n para vino Boj"},"content":{"rendered":"<div class=\"row product-info_contenido product-info_def\">\n<div class=\"col-12\">\n<ul>\n<li>Materiales: Abs, Acero, Silicona<\/li>\n<li>Acabado: Negro<\/li>\n<li>Capacidad: Botellas de vino est\u00e1ndar<\/li>\n<\/ul>\n<\/div>\n<\/div>\n","protected":false},"excerpt":{"rendered":"<p>Tap\u00f3n para vino | Boj Ola\u00f1eta |<\/p>\n<p>Este tap\u00f3n con cierre de rosca es muy f\u00e1cil de manejar. Al ser herm\u00e9tico ayuda a evitar la p\u00e9rdida de las propiedades gustativas del vino. Gracias a la similitud de su dise\u00f1o con el de una c\u00e1psula original hace que sea muy discreto.<\/p>\n","protected":false},"featured_media":19583,"template":"","meta":{"spay_email":""},"yoast_head":"<!-- This site is optimized with the Yoast SEO plugin v15.9 - https:\/\/yoast.com\/wordpress\/plugins\/seo\/ -->\n<title>Tap\u00f3n para vino Boj - Comercial de Hosteleria Anma<\/title>\n<meta name=\"description\" content=\"Tap\u00f3n para vino | Boj Ola\u00f1eta | Este tap\u00f3n con cierre de rosca es muy f\u00e1cil de manejar. Mantiene las propiedades gustativas del vino.\" \/>\n<meta name=\"robots\" content=\"index, follow, max-snippet:-1, max-image-preview:large, max-video-preview:-1\" \/>\n<link rel=\"canonical\" href=\"https:\/\/www.comercialanma.es\/?product=tapon-para-vino-boj\" \/>\n<meta property=\"og:locale\" content=\"es_ES\" \/>\n<meta property=\"og:type\" content=\"article\" \/>\n<meta property=\"og:title\" content=\"Tap\u00f3n para vino Boj - Comercial de Hosteleria Anma\" \/>\n<meta property=\"og:description\" content=\"Tap\u00f3n para vino | Boj Ola\u00f1eta | Este tap\u00f3n con cierre de rosca es muy f\u00e1cil de manejar. Mantiene las propiedades gustativas del vino.\" \/>\n<meta property=\"og:url\" content=\"https:\/\/www.comercialanma.es\/?product=tapon-para-vino-boj\" \/>\n<meta property=\"og:site_name\" content=\"Comercial de Hosteleria Anma\" \/>\n<meta property=\"article:publisher\" content=\"https:\/\/www.facebook.com\/AnmaHosteleria\" \/>\n<meta property=\"article:modified_time\" content=\"2021-10-18T15:56:35+00:00\" \/>\n<meta property=\"og:image\" content=\"https:\/\/i0.wp.com\/www.comercialanma.es\/wp-content\/uploads\/2021\/10\/Tapon-para-vino-boj.jpg?fit=1080%2C1080&#038;ssl=1\" \/>\n\t<meta property=\"og:image:width\" content=\"1080\" \/>\n\t<meta property=\"og:image:height\" content=\"1080\" \/>\n<meta name=\"twitter:card\" content=\"summary_large_image\" \/>\n<meta name=\"twitter:label1\" content=\"Tiempo de lectura\">\n\t<meta name=\"twitter:data1\" content=\"1 minuto\">\n<script type=\"application\/ld+json\" class=\"yoast-schema-graph\">{\"@context\":\"https:\/\/schema.org\",\"@graph\":[{\"@type\":\"Organization\",\"@id\":\"https:\/\/www.comercialanma.es\/#organization\",\"name\":\"Comercial Anma\",\"url\":\"https:\/\/www.comercialanma.es\/\",\"sameAs\":[\"https:\/\/www.facebook.com\/AnmaHosteleria\",\"https:\/\/www.instagram.com\/anmahosteleria\/?hl=es\",\"https:\/\/www.youtube.com\/channel\/UCT2nmn08Ntks0hmpZPnDgCA\"],\"logo\":{\"@type\":\"ImageObject\",\"@id\":\"https:\/\/www.comercialanma.es\/#logo\",\"inLanguage\":\"es\",\"url\":\"https:\/\/i2.wp.com\/www.comercialanma.es\/wp-content\/uploads\/2019\/06\/logo-anma-color.png?fit=247%2C101&ssl=1\",\"width\":247,\"height\":101,\"caption\":\"Comercial Anma\"},\"image\":{\"@id\":\"https:\/\/www.comercialanma.es\/#logo\"}},{\"@type\":\"WebSite\",\"@id\":\"https:\/\/www.comercialanma.es\/#website\",\"url\":\"https:\/\/www.comercialanma.es\/\",\"name\":\"Comercial de Hosteleria Anma\",\"description\":\"\",\"publisher\":{\"@id\":\"https:\/\/www.comercialanma.es\/#organization\"},\"potentialAction\":[{\"@type\":\"SearchAction\",\"target\":\"https:\/\/www.comercialanma.es\/?s={search_term_string}\",\"query-input\":\"required name=search_term_string\"}],\"inLanguage\":\"es\"},{\"@type\":\"ImageObject\",\"@id\":\"https:\/\/www.comercialanma.es\/?product=tapon-para-vino-boj#primaryimage\",\"inLanguage\":\"es\",\"url\":\"https:\/\/i0.wp.com\/www.comercialanma.es\/wp-content\/uploads\/2021\/10\/Tapon-para-vino-boj.jpg?fit=1080%2C1080&ssl=1\",\"width\":1080,\"height\":1080},{\"@type\":\"WebPage\",\"@id\":\"https:\/\/www.comercialanma.es\/?product=tapon-para-vino-boj#webpage\",\"url\":\"https:\/\/www.comercialanma.es\/?product=tapon-para-vino-boj\",\"name\":\"Tap\\u00f3n para vino Boj - Comercial de Hosteleria Anma\",\"isPartOf\":{\"@id\":\"https:\/\/www.comercialanma.es\/#website\"},\"primaryImageOfPage\":{\"@id\":\"https:\/\/www.comercialanma.es\/?product=tapon-para-vino-boj#primaryimage\"},\"datePublished\":\"2021-10-18T10:36:36+00:00\",\"dateModified\":\"2021-10-18T15:56:35+00:00\",\"description\":\"Tap\\u00f3n para vino | Boj Ola\\u00f1eta | Este tap\\u00f3n con cierre de rosca es muy f\\u00e1cil de manejar. Mantiene las propiedades gustativas del vino.\",\"breadcrumb\":{\"@id\":\"https:\/\/www.comercialanma.es\/?product=tapon-para-vino-boj#breadcrumb\"},\"inLanguage\":\"es\",\"potentialAction\":[{\"@type\":\"ReadAction\",\"target\":[\"https:\/\/www.comercialanma.es\/?product=tapon-para-vino-boj\"]}]},{\"@type\":\"BreadcrumbList\",\"@id\":\"https:\/\/www.comercialanma.es\/?product=tapon-para-vino-boj#breadcrumb\",\"itemListElement\":[{\"@type\":\"ListItem\",\"position\":1,\"item\":{\"@type\":\"WebPage\",\"@id\":\"https:\/\/www.comercialanma.es\/\",\"url\":\"https:\/\/www.comercialanma.es\/\",\"name\":\"Portada\"}},{\"@type\":\"ListItem\",\"position\":2,\"item\":{\"@type\":\"WebPage\",\"@id\":\"https:\/\/www.comercialanma.es\/?page_id=3963\",\"url\":\"https:\/\/www.comercialanma.es\/?page_id=3963\",\"name\":\"Cat\\u00e1logo de Productos\"}},{\"@type\":\"ListItem\",\"position\":3,\"item\":{\"@type\":\"WebPage\",\"@id\":\"https:\/\/www.comercialanma.es\/?product=tapon-para-vino-boj\",\"url\":\"https:\/\/www.comercialanma.es\/?product=tapon-para-vino-boj\",\"name\":\"Tap\\u00f3n para vino Boj\"}}]}]}<\/script>\n<!-- \/ Yoast SEO plugin. -->","_links":{"self":[{"href":"https:\/\/www.comercialanma.es\/index.php?rest_route=\/wp\/v2\/product\/19581"}],"collection":[{"href":"https:\/\/www.comercialanma.es\/index.php?rest_route=\/wp\/v2\/product"}],"about":[{"href":"https:\/\/www.comercialanma.es\/index.php?rest_route=\/wp\/v2\/types\/product"}],"version-history":[{"count":2,"href":"https:\/\/www.comercialanma.es\/index.php?rest_route=\/wp\/v2\/product\/19581\/revisions"}],"predecessor-version":[{"id":19634,"href":"https:\/\/www.comercialanma.es\/index.php?rest_route=\/wp\/v2\/product\/19581\/revisions\/19634"}],"wp:featuredmedia":[{"embeddable":true,"href":"https:\/\/www.comercialanma.es\/index.php?rest_route=\/wp\/v2\/media\/19583"}],"wp:attachment":[{"href":"https:\/\/www.comercialanma.es\/index.php?rest_route=%2Fwp%2Fv2%2Fmedia&parent=19581"}],"curies":[{"name":"wp","href":"https:\/\/api.w.org\/{rel}","templated":true}]}}