
{"id":19591,"date":"2021-10-18T15:33:45","date_gmt":"2021-10-18T13:33:45","guid":{"rendered":"https:\/\/www.comercialanma.es\/?post_type=product&#038;p=19591"},"modified":"2021-10-18T17:55:27","modified_gmt":"2021-10-18T15:55:27","slug":"sifon-montador-green-1l","status":"publish","type":"product","link":"https:\/\/www.comercialanma.es\/?product=sifon-montador-green-1l","title":{"rendered":"Sif\u00f3n montador green 1L."},"content":{"rendered":"<ul>\n<li>Fabricante: Lacor<\/li>\n<li>Capacidad: 1L.<\/li>\n<li>Cabezal aluminio<\/li>\n<\/ul>\n","protected":false},"excerpt":{"rendered":"<div class=\"content\">\n<div class=\"moz-reader-content reader-show-element\">\n<div>Sif\u00f3n montador de nata | Lacor | 1L. |<\/div>\n<div id=\"readability-page-1\" class=\"page\">Basados en el mismo principio que los montadores de nata, los sifones pueden transformar en espuma casi cualquier mezcla l\u00edquida o semil\u00edquida, dulce o salada, fr\u00eda o caliente; ya se trate de pur\u00e9s, salsas, zumos, cremas o caldos. Su uso es muy simple: se llena el sif\u00f3n con la mezcla, se enrosca el cabezal, se carga con c\u00e1psulas de N2O (\u00f3xido nitroso, inocuo para el ser humano), se agita, se deja reposar en el frigor\u00edfico o al ba\u00f1o mar\u00eda (para calentarlo) y est\u00e1 listo para servir.<\/div>\n<\/div>\n<\/div>\n","protected":false},"featured_media":19592,"template":"","meta":{"spay_email":""},"yoast_head":"<!-- This site is optimized with the Yoast SEO plugin v15.9 - https:\/\/yoast.com\/wordpress\/plugins\/seo\/ -->\n<title>Sif\u00f3n montador green 1L. - Comercial de Hosteleria Anma<\/title>\n<meta name=\"description\" content=\"Sif\u00f3n montador de nata | Lacor | 1L. | Puede transformar en espuma casi cualquier mezcla l\u00edquida o semil\u00edquida.\" \/>\n<meta name=\"robots\" content=\"index, follow, max-snippet:-1, max-image-preview:large, max-video-preview:-1\" \/>\n<link rel=\"canonical\" href=\"https:\/\/www.comercialanma.es\/?product=sifon-montador-green-1l\" \/>\n<meta property=\"og:locale\" content=\"es_ES\" \/>\n<meta property=\"og:type\" content=\"article\" \/>\n<meta property=\"og:title\" content=\"Sif\u00f3n montador green 1L. - Comercial de Hosteleria Anma\" \/>\n<meta property=\"og:description\" content=\"Sif\u00f3n montador de nata | Lacor | 1L. | Puede transformar en espuma casi cualquier mezcla l\u00edquida o semil\u00edquida.\" \/>\n<meta property=\"og:url\" content=\"https:\/\/www.comercialanma.es\/?product=sifon-montador-green-1l\" \/>\n<meta property=\"og:site_name\" content=\"Comercial de Hosteleria Anma\" \/>\n<meta property=\"article:publisher\" content=\"https:\/\/www.facebook.com\/AnmaHosteleria\" \/>\n<meta property=\"article:modified_time\" content=\"2021-10-18T15:55:27+00:00\" \/>\n<meta property=\"og:image\" content=\"https:\/\/i0.wp.com\/www.comercialanma.es\/wp-content\/uploads\/2021\/10\/sifon-montador-1l.jpg?fit=1080%2C1080&#038;ssl=1\" \/>\n\t<meta property=\"og:image:width\" content=\"1080\" \/>\n\t<meta property=\"og:image:height\" content=\"1080\" \/>\n<meta name=\"twitter:card\" content=\"summary_large_image\" \/>\n<meta name=\"twitter:label1\" content=\"Tiempo de lectura\">\n\t<meta name=\"twitter:data1\" content=\"1 minuto\">\n<script type=\"application\/ld+json\" class=\"yoast-schema-graph\">{\"@context\":\"https:\/\/schema.org\",\"@graph\":[{\"@type\":\"Organization\",\"@id\":\"https:\/\/www.comercialanma.es\/#organization\",\"name\":\"Comercial Anma\",\"url\":\"https:\/\/www.comercialanma.es\/\",\"sameAs\":[\"https:\/\/www.facebook.com\/AnmaHosteleria\",\"https:\/\/www.instagram.com\/anmahosteleria\/?hl=es\",\"https:\/\/www.youtube.com\/channel\/UCT2nmn08Ntks0hmpZPnDgCA\"],\"logo\":{\"@type\":\"ImageObject\",\"@id\":\"https:\/\/www.comercialanma.es\/#logo\",\"inLanguage\":\"es\",\"url\":\"https:\/\/i2.wp.com\/www.comercialanma.es\/wp-content\/uploads\/2019\/06\/logo-anma-color.png?fit=247%2C101&ssl=1\",\"width\":247,\"height\":101,\"caption\":\"Comercial Anma\"},\"image\":{\"@id\":\"https:\/\/www.comercialanma.es\/#logo\"}},{\"@type\":\"WebSite\",\"@id\":\"https:\/\/www.comercialanma.es\/#website\",\"url\":\"https:\/\/www.comercialanma.es\/\",\"name\":\"Comercial de Hosteleria Anma\",\"description\":\"\",\"publisher\":{\"@id\":\"https:\/\/www.comercialanma.es\/#organization\"},\"potentialAction\":[{\"@type\":\"SearchAction\",\"target\":\"https:\/\/www.comercialanma.es\/?s={search_term_string}\",\"query-input\":\"required name=search_term_string\"}],\"inLanguage\":\"es\"},{\"@type\":\"ImageObject\",\"@id\":\"https:\/\/www.comercialanma.es\/?product=sifon-montador-green-1l#primaryimage\",\"inLanguage\":\"es\",\"url\":\"https:\/\/i0.wp.com\/www.comercialanma.es\/wp-content\/uploads\/2021\/10\/sifon-montador-1l.jpg?fit=1080%2C1080&ssl=1\",\"width\":1080,\"height\":1080},{\"@type\":\"WebPage\",\"@id\":\"https:\/\/www.comercialanma.es\/?product=sifon-montador-green-1l#webpage\",\"url\":\"https:\/\/www.comercialanma.es\/?product=sifon-montador-green-1l\",\"name\":\"Sif\\u00f3n montador green 1L. - Comercial de Hosteleria Anma\",\"isPartOf\":{\"@id\":\"https:\/\/www.comercialanma.es\/#website\"},\"primaryImageOfPage\":{\"@id\":\"https:\/\/www.comercialanma.es\/?product=sifon-montador-green-1l#primaryimage\"},\"datePublished\":\"2021-10-18T13:33:45+00:00\",\"dateModified\":\"2021-10-18T15:55:27+00:00\",\"description\":\"Sif\\u00f3n montador de nata | Lacor | 1L. | Puede transformar en espuma casi cualquier mezcla l\\u00edquida o semil\\u00edquida.\",\"breadcrumb\":{\"@id\":\"https:\/\/www.comercialanma.es\/?product=sifon-montador-green-1l#breadcrumb\"},\"inLanguage\":\"es\",\"potentialAction\":[{\"@type\":\"ReadAction\",\"target\":[\"https:\/\/www.comercialanma.es\/?product=sifon-montador-green-1l\"]}]},{\"@type\":\"BreadcrumbList\",\"@id\":\"https:\/\/www.comercialanma.es\/?product=sifon-montador-green-1l#breadcrumb\",\"itemListElement\":[{\"@type\":\"ListItem\",\"position\":1,\"item\":{\"@type\":\"WebPage\",\"@id\":\"https:\/\/www.comercialanma.es\/\",\"url\":\"https:\/\/www.comercialanma.es\/\",\"name\":\"Portada\"}},{\"@type\":\"ListItem\",\"position\":2,\"item\":{\"@type\":\"WebPage\",\"@id\":\"https:\/\/www.comercialanma.es\/?page_id=3963\",\"url\":\"https:\/\/www.comercialanma.es\/?page_id=3963\",\"name\":\"Cat\\u00e1logo de Productos\"}},{\"@type\":\"ListItem\",\"position\":3,\"item\":{\"@type\":\"WebPage\",\"@id\":\"https:\/\/www.comercialanma.es\/?product=sifon-montador-green-1l\",\"url\":\"https:\/\/www.comercialanma.es\/?product=sifon-montador-green-1l\",\"name\":\"Sif\\u00f3n montador green 1L.\"}}]}]}<\/script>\n<!-- \/ Yoast SEO plugin. -->","_links":{"self":[{"href":"https:\/\/www.comercialanma.es\/index.php?rest_route=\/wp\/v2\/product\/19591"}],"collection":[{"href":"https:\/\/www.comercialanma.es\/index.php?rest_route=\/wp\/v2\/product"}],"about":[{"href":"https:\/\/www.comercialanma.es\/index.php?rest_route=\/wp\/v2\/types\/product"}],"version-history":[{"count":2,"href":"https:\/\/www.comercialanma.es\/index.php?rest_route=\/wp\/v2\/product\/19591\/revisions"}],"predecessor-version":[{"id":19632,"href":"https:\/\/www.comercialanma.es\/index.php?rest_route=\/wp\/v2\/product\/19591\/revisions\/19632"}],"wp:featuredmedia":[{"embeddable":true,"href":"https:\/\/www.comercialanma.es\/index.php?rest_route=\/wp\/v2\/media\/19592"}],"wp:attachment":[{"href":"https:\/\/www.comercialanma.es\/index.php?rest_route=%2Fwp%2Fv2%2Fmedia&parent=19591"}],"curies":[{"name":"wp","href":"https:\/\/api.w.org\/{rel}","templated":true}]}}