
{"id":19618,"date":"2021-10-18T17:31:50","date_gmt":"2021-10-18T15:31:50","guid":{"rendered":"https:\/\/www.comercialanma.es\/?post_type=product&#038;p=19618"},"modified":"2021-10-18T17:52:53","modified_gmt":"2021-10-18T15:52:53","slug":"cargas-sifon-montador-lacor","status":"publish","type":"product","link":"https:\/\/www.comercialanma.es\/?product=cargas-sifon-montador-lacor","title":{"rendered":"Cargas para sif\u00f3n montador N20 24 unidades."},"content":{"rendered":"<ul>\n<li>Fabricante: Lacor<\/li>\n<li>24 Botellas para sif\u00f3n de \u00f3xido nitroso.<\/li>\n<li>Una c\u00e1psula para nata o cremas contiene 8 g de N20 puro<\/li>\n<li>Todas las c\u00e1psulas para nata est\u00e1n realizadas en acero de alta calidad.<\/li>\n<\/ul>\n","protected":false},"excerpt":{"rendered":"<section id=\"descriptionTab\" class=\"page-product-box tab-pane fade in active\">\n<div class=\"rte\">\n<p>Cargas para sif\u00f3n montador N20 | Lacor | 24 unidades.|<\/p>\n<p>Una c\u00e1psula para nata o cremas contiene 8 g de N20 puro. Todas las c\u00e1psulas para nata est\u00e1n realizadas en acero de alta calidad. Est\u00e1n pesadas electr\u00f3nicamente y tienen una garant\u00eda de llenado. Aptas para todas las marcas de sifones<\/p>\n<\/div>\n<\/section>\n","protected":false},"featured_media":19619,"template":"","meta":{"spay_email":""},"yoast_head":"<!-- This site is optimized with the Yoast SEO plugin v15.9 - https:\/\/yoast.com\/wordpress\/plugins\/seo\/ -->\n<title>Cargas para sif\u00f3n montador N20 24 unidades. - Comercial de Hosteleria Anma<\/title>\n<meta name=\"description\" content=\"Cargas para sif\u00f3n montador N20 | Lacor | 24 unidades.| 8gr. N20 puro | Cargas fabricadas en acero de alta calidad. Para todo tipo de sifones.\" \/>\n<meta name=\"robots\" content=\"index, follow, max-snippet:-1, max-image-preview:large, max-video-preview:-1\" \/>\n<link rel=\"canonical\" href=\"https:\/\/www.comercialanma.es\/?product=cargas-sifon-montador-lacor\" \/>\n<meta property=\"og:locale\" content=\"es_ES\" \/>\n<meta property=\"og:type\" content=\"article\" \/>\n<meta property=\"og:title\" content=\"Cargas para sif\u00f3n montador N20 24 unidades. - Comercial de Hosteleria Anma\" \/>\n<meta property=\"og:description\" content=\"Cargas para sif\u00f3n montador N20 | Lacor | 24 unidades.| 8gr. N20 puro | Cargas fabricadas en acero de alta calidad. Para todo tipo de sifones.\" \/>\n<meta property=\"og:url\" content=\"https:\/\/www.comercialanma.es\/?product=cargas-sifon-montador-lacor\" \/>\n<meta property=\"og:site_name\" content=\"Comercial de Hosteleria Anma\" \/>\n<meta property=\"article:publisher\" content=\"https:\/\/www.facebook.com\/AnmaHosteleria\" \/>\n<meta property=\"article:modified_time\" content=\"2021-10-18T15:52:53+00:00\" \/>\n<meta property=\"og:image\" content=\"https:\/\/i2.wp.com\/www.comercialanma.es\/wp-content\/uploads\/2021\/10\/cargas-sifon-co2.jpg?fit=1080%2C1080&#038;ssl=1\" \/>\n\t<meta property=\"og:image:width\" content=\"1080\" \/>\n\t<meta property=\"og:image:height\" content=\"1080\" \/>\n<meta name=\"twitter:card\" content=\"summary_large_image\" \/>\n<meta name=\"twitter:label1\" content=\"Tiempo de lectura\">\n\t<meta name=\"twitter:data1\" content=\"1 minuto\">\n<script type=\"application\/ld+json\" class=\"yoast-schema-graph\">{\"@context\":\"https:\/\/schema.org\",\"@graph\":[{\"@type\":\"Organization\",\"@id\":\"https:\/\/www.comercialanma.es\/#organization\",\"name\":\"Comercial Anma\",\"url\":\"https:\/\/www.comercialanma.es\/\",\"sameAs\":[\"https:\/\/www.facebook.com\/AnmaHosteleria\",\"https:\/\/www.instagram.com\/anmahosteleria\/?hl=es\",\"https:\/\/www.youtube.com\/channel\/UCT2nmn08Ntks0hmpZPnDgCA\"],\"logo\":{\"@type\":\"ImageObject\",\"@id\":\"https:\/\/www.comercialanma.es\/#logo\",\"inLanguage\":\"es\",\"url\":\"https:\/\/i2.wp.com\/www.comercialanma.es\/wp-content\/uploads\/2019\/06\/logo-anma-color.png?fit=247%2C101&ssl=1\",\"width\":247,\"height\":101,\"caption\":\"Comercial Anma\"},\"image\":{\"@id\":\"https:\/\/www.comercialanma.es\/#logo\"}},{\"@type\":\"WebSite\",\"@id\":\"https:\/\/www.comercialanma.es\/#website\",\"url\":\"https:\/\/www.comercialanma.es\/\",\"name\":\"Comercial de Hosteleria Anma\",\"description\":\"\",\"publisher\":{\"@id\":\"https:\/\/www.comercialanma.es\/#organization\"},\"potentialAction\":[{\"@type\":\"SearchAction\",\"target\":\"https:\/\/www.comercialanma.es\/?s={search_term_string}\",\"query-input\":\"required name=search_term_string\"}],\"inLanguage\":\"es\"},{\"@type\":\"ImageObject\",\"@id\":\"https:\/\/www.comercialanma.es\/?product=cargas-sifon-montador-lacor#primaryimage\",\"inLanguage\":\"es\",\"url\":\"https:\/\/i2.wp.com\/www.comercialanma.es\/wp-content\/uploads\/2021\/10\/cargas-sifon-co2.jpg?fit=1080%2C1080&ssl=1\",\"width\":1080,\"height\":1080},{\"@type\":\"WebPage\",\"@id\":\"https:\/\/www.comercialanma.es\/?product=cargas-sifon-montador-lacor#webpage\",\"url\":\"https:\/\/www.comercialanma.es\/?product=cargas-sifon-montador-lacor\",\"name\":\"Cargas para sif\\u00f3n montador N20 24 unidades. - Comercial de Hosteleria Anma\",\"isPartOf\":{\"@id\":\"https:\/\/www.comercialanma.es\/#website\"},\"primaryImageOfPage\":{\"@id\":\"https:\/\/www.comercialanma.es\/?product=cargas-sifon-montador-lacor#primaryimage\"},\"datePublished\":\"2021-10-18T15:31:50+00:00\",\"dateModified\":\"2021-10-18T15:52:53+00:00\",\"description\":\"Cargas para sif\\u00f3n montador N20 | Lacor | 24 unidades.| 8gr. N20 puro | Cargas fabricadas en acero de alta calidad. Para todo tipo de sifones.\",\"breadcrumb\":{\"@id\":\"https:\/\/www.comercialanma.es\/?product=cargas-sifon-montador-lacor#breadcrumb\"},\"inLanguage\":\"es\",\"potentialAction\":[{\"@type\":\"ReadAction\",\"target\":[\"https:\/\/www.comercialanma.es\/?product=cargas-sifon-montador-lacor\"]}]},{\"@type\":\"BreadcrumbList\",\"@id\":\"https:\/\/www.comercialanma.es\/?product=cargas-sifon-montador-lacor#breadcrumb\",\"itemListElement\":[{\"@type\":\"ListItem\",\"position\":1,\"item\":{\"@type\":\"WebPage\",\"@id\":\"https:\/\/www.comercialanma.es\/\",\"url\":\"https:\/\/www.comercialanma.es\/\",\"name\":\"Portada\"}},{\"@type\":\"ListItem\",\"position\":2,\"item\":{\"@type\":\"WebPage\",\"@id\":\"https:\/\/www.comercialanma.es\/?page_id=3963\",\"url\":\"https:\/\/www.comercialanma.es\/?page_id=3963\",\"name\":\"Cat\\u00e1logo de Productos\"}},{\"@type\":\"ListItem\",\"position\":3,\"item\":{\"@type\":\"WebPage\",\"@id\":\"https:\/\/www.comercialanma.es\/?product=cargas-sifon-montador-lacor\",\"url\":\"https:\/\/www.comercialanma.es\/?product=cargas-sifon-montador-lacor\",\"name\":\"Cargas para sif\\u00f3n montador N20 24 unidades.\"}}]}]}<\/script>\n<!-- \/ Yoast SEO plugin. -->","_links":{"self":[{"href":"https:\/\/www.comercialanma.es\/index.php?rest_route=\/wp\/v2\/product\/19618"}],"collection":[{"href":"https:\/\/www.comercialanma.es\/index.php?rest_route=\/wp\/v2\/product"}],"about":[{"href":"https:\/\/www.comercialanma.es\/index.php?rest_route=\/wp\/v2\/types\/product"}],"version-history":[{"count":2,"href":"https:\/\/www.comercialanma.es\/index.php?rest_route=\/wp\/v2\/product\/19618\/revisions"}],"predecessor-version":[{"id":19625,"href":"https:\/\/www.comercialanma.es\/index.php?rest_route=\/wp\/v2\/product\/19618\/revisions\/19625"}],"wp:featuredmedia":[{"embeddable":true,"href":"https:\/\/www.comercialanma.es\/index.php?rest_route=\/wp\/v2\/media\/19619"}],"wp:attachment":[{"href":"https:\/\/www.comercialanma.es\/index.php?rest_route=%2Fwp%2Fv2%2Fmedia&parent=19618"}],"curies":[{"name":"wp","href":"https:\/\/api.w.org\/{rel}","templated":true}]}}