
{"id":19621,"date":"2021-10-18T17:46:24","date_gmt":"2021-10-18T15:46:24","guid":{"rendered":"https:\/\/www.comercialanma.es\/?post_type=product&#038;p=19621"},"modified":"2021-10-18T17:52:10","modified_gmt":"2021-10-18T15:52:10","slug":"soplete-de-cocina-lacor-profesional","status":"publish","type":"product","link":"https:\/\/www.comercialanma.es\/?product=soplete-de-cocina-lacor-profesional","title":{"rendered":"Soplete de cocina Lacor profesional"},"content":{"rendered":"<ul>\n<li>Fabricante: Lacor<\/li>\n<li>Para reposter\u00eda Profesional.<\/li>\n<li>Autoencendido por piectric el\u00e9ctrico.<\/li>\n<li>Recargable con gas azul universal, cargador de mecheros, f\u00e1cil rellenado.<\/li>\n<li>Port\u00e1til, sin cables, ligero.<\/li>\n<li>Llama antirretorno.<\/li>\n<li>Control ajustable de la llama.<\/li>\n<li>Sistema seguro de blocaje.<\/li>\n<li>Base estable para apoyar de pie sobre encimera.<\/li>\n<li>Altura de 16 cm.<\/li>\n<li>Capacidad de gas de 40 ml.<\/li>\n<\/ul>\n","protected":false},"excerpt":{"rendered":"<p>Soplete de cocina profesional | Lacor |<\/p>\n<p>Hace tiempo que los profesionales han incorporado a sus cocinas la pistola de gas, o soplete, y ahora est\u00e1 encontrando su lugar en las cocinas de muchos hogares. Las pistolas de gas para reposter\u00eda de Lacor le permitir\u00e1n trabajar de forma segura y f\u00e1cil.<\/p>\n","protected":false},"featured_media":19622,"template":"","meta":{"spay_email":""},"yoast_head":"<!-- This site is optimized with the Yoast SEO plugin v15.9 - https:\/\/yoast.com\/wordpress\/plugins\/seo\/ -->\n<title>Soplete de cocina Lacor profesional - Comercial de Hosteleria Anma<\/title>\n<meta name=\"description\" content=\"Soplete de cocina profesional | Lacor | Las pistolas de gas para reposter\u00eda de Lacor le permitir\u00e1n trabajar de forma segura y f\u00e1cil.\" \/>\n<meta name=\"robots\" content=\"index, follow, max-snippet:-1, max-image-preview:large, max-video-preview:-1\" \/>\n<link rel=\"canonical\" href=\"https:\/\/www.comercialanma.es\/?product=soplete-de-cocina-lacor-profesional\" \/>\n<meta property=\"og:locale\" content=\"es_ES\" \/>\n<meta property=\"og:type\" content=\"article\" \/>\n<meta property=\"og:title\" content=\"Soplete de cocina Lacor profesional - Comercial de Hosteleria Anma\" \/>\n<meta property=\"og:description\" content=\"Soplete de cocina profesional | Lacor | Las pistolas de gas para reposter\u00eda de Lacor le permitir\u00e1n trabajar de forma segura y f\u00e1cil.\" \/>\n<meta property=\"og:url\" content=\"https:\/\/www.comercialanma.es\/?product=soplete-de-cocina-lacor-profesional\" \/>\n<meta property=\"og:site_name\" content=\"Comercial de Hosteleria Anma\" \/>\n<meta property=\"article:publisher\" content=\"https:\/\/www.facebook.com\/AnmaHosteleria\" \/>\n<meta property=\"article:modified_time\" content=\"2021-10-18T15:52:10+00:00\" \/>\n<meta property=\"og:image\" content=\"https:\/\/i2.wp.com\/www.comercialanma.es\/wp-content\/uploads\/2021\/10\/soplete-lacor-prof.jpg?fit=1080%2C1080&#038;ssl=1\" \/>\n\t<meta property=\"og:image:width\" content=\"1080\" \/>\n\t<meta property=\"og:image:height\" content=\"1080\" \/>\n<meta name=\"twitter:card\" content=\"summary_large_image\" \/>\n<meta name=\"twitter:label1\" content=\"Tiempo de lectura\">\n\t<meta name=\"twitter:data1\" content=\"1 minuto\">\n<script type=\"application\/ld+json\" class=\"yoast-schema-graph\">{\"@context\":\"https:\/\/schema.org\",\"@graph\":[{\"@type\":\"Organization\",\"@id\":\"https:\/\/www.comercialanma.es\/#organization\",\"name\":\"Comercial Anma\",\"url\":\"https:\/\/www.comercialanma.es\/\",\"sameAs\":[\"https:\/\/www.facebook.com\/AnmaHosteleria\",\"https:\/\/www.instagram.com\/anmahosteleria\/?hl=es\",\"https:\/\/www.youtube.com\/channel\/UCT2nmn08Ntks0hmpZPnDgCA\"],\"logo\":{\"@type\":\"ImageObject\",\"@id\":\"https:\/\/www.comercialanma.es\/#logo\",\"inLanguage\":\"es\",\"url\":\"https:\/\/i2.wp.com\/www.comercialanma.es\/wp-content\/uploads\/2019\/06\/logo-anma-color.png?fit=247%2C101&ssl=1\",\"width\":247,\"height\":101,\"caption\":\"Comercial Anma\"},\"image\":{\"@id\":\"https:\/\/www.comercialanma.es\/#logo\"}},{\"@type\":\"WebSite\",\"@id\":\"https:\/\/www.comercialanma.es\/#website\",\"url\":\"https:\/\/www.comercialanma.es\/\",\"name\":\"Comercial de Hosteleria Anma\",\"description\":\"\",\"publisher\":{\"@id\":\"https:\/\/www.comercialanma.es\/#organization\"},\"potentialAction\":[{\"@type\":\"SearchAction\",\"target\":\"https:\/\/www.comercialanma.es\/?s={search_term_string}\",\"query-input\":\"required name=search_term_string\"}],\"inLanguage\":\"es\"},{\"@type\":\"ImageObject\",\"@id\":\"https:\/\/www.comercialanma.es\/?product=soplete-de-cocina-lacor-profesional#primaryimage\",\"inLanguage\":\"es\",\"url\":\"https:\/\/i2.wp.com\/www.comercialanma.es\/wp-content\/uploads\/2021\/10\/soplete-lacor-prof.jpg?fit=1080%2C1080&ssl=1\",\"width\":1080,\"height\":1080},{\"@type\":\"WebPage\",\"@id\":\"https:\/\/www.comercialanma.es\/?product=soplete-de-cocina-lacor-profesional#webpage\",\"url\":\"https:\/\/www.comercialanma.es\/?product=soplete-de-cocina-lacor-profesional\",\"name\":\"Soplete de cocina Lacor profesional - Comercial de Hosteleria Anma\",\"isPartOf\":{\"@id\":\"https:\/\/www.comercialanma.es\/#website\"},\"primaryImageOfPage\":{\"@id\":\"https:\/\/www.comercialanma.es\/?product=soplete-de-cocina-lacor-profesional#primaryimage\"},\"datePublished\":\"2021-10-18T15:46:24+00:00\",\"dateModified\":\"2021-10-18T15:52:10+00:00\",\"description\":\"Soplete de cocina profesional | Lacor | Las pistolas de gas para reposter\\u00eda de Lacor le permitir\\u00e1n trabajar de forma segura y f\\u00e1cil.\",\"breadcrumb\":{\"@id\":\"https:\/\/www.comercialanma.es\/?product=soplete-de-cocina-lacor-profesional#breadcrumb\"},\"inLanguage\":\"es\",\"potentialAction\":[{\"@type\":\"ReadAction\",\"target\":[\"https:\/\/www.comercialanma.es\/?product=soplete-de-cocina-lacor-profesional\"]}]},{\"@type\":\"BreadcrumbList\",\"@id\":\"https:\/\/www.comercialanma.es\/?product=soplete-de-cocina-lacor-profesional#breadcrumb\",\"itemListElement\":[{\"@type\":\"ListItem\",\"position\":1,\"item\":{\"@type\":\"WebPage\",\"@id\":\"https:\/\/www.comercialanma.es\/\",\"url\":\"https:\/\/www.comercialanma.es\/\",\"name\":\"Portada\"}},{\"@type\":\"ListItem\",\"position\":2,\"item\":{\"@type\":\"WebPage\",\"@id\":\"https:\/\/www.comercialanma.es\/?page_id=3963\",\"url\":\"https:\/\/www.comercialanma.es\/?page_id=3963\",\"name\":\"Cat\\u00e1logo de Productos\"}},{\"@type\":\"ListItem\",\"position\":3,\"item\":{\"@type\":\"WebPage\",\"@id\":\"https:\/\/www.comercialanma.es\/?product=soplete-de-cocina-lacor-profesional\",\"url\":\"https:\/\/www.comercialanma.es\/?product=soplete-de-cocina-lacor-profesional\",\"name\":\"Soplete de cocina Lacor profesional\"}}]}]}<\/script>\n<!-- \/ Yoast SEO plugin. -->","_links":{"self":[{"href":"https:\/\/www.comercialanma.es\/index.php?rest_route=\/wp\/v2\/product\/19621"}],"collection":[{"href":"https:\/\/www.comercialanma.es\/index.php?rest_route=\/wp\/v2\/product"}],"about":[{"href":"https:\/\/www.comercialanma.es\/index.php?rest_route=\/wp\/v2\/types\/product"}],"version-history":[{"count":2,"href":"https:\/\/www.comercialanma.es\/index.php?rest_route=\/wp\/v2\/product\/19621\/revisions"}],"predecessor-version":[{"id":19624,"href":"https:\/\/www.comercialanma.es\/index.php?rest_route=\/wp\/v2\/product\/19621\/revisions\/19624"}],"wp:featuredmedia":[{"embeddable":true,"href":"https:\/\/www.comercialanma.es\/index.php?rest_route=\/wp\/v2\/media\/19622"}],"wp:attachment":[{"href":"https:\/\/www.comercialanma.es\/index.php?rest_route=%2Fwp%2Fv2%2Fmedia&parent=19621"}],"curies":[{"name":"wp","href":"https:\/\/api.w.org\/{rel}","templated":true}]}}