
{"id":19654,"date":"2021-10-19T12:27:58","date_gmt":"2021-10-19T10:27:58","guid":{"rendered":"https:\/\/www.comercialanma.es\/?post_type=product&#038;p=19654"},"modified":"2021-10-19T12:42:33","modified_gmt":"2021-10-19T10:42:33","slug":"pinza-rompe-marisco-inox","status":"publish","type":"product","link":"https:\/\/www.comercialanma.es\/?product=pinza-rompe-marisco-inox","title":{"rendered":"Pinza rompe marisco Inox."},"content":{"rendered":"<ul>\n<li>Fabricante: Supreminox<\/li>\n<li>Medida: 16cm.<\/li>\n<li>De f\u00e1cil limpieza<\/li>\n<li>Fabricada en acero inoxidable<\/li>\n<\/ul>\n","protected":false},"excerpt":{"rendered":"<p>Pinza rompe marisco | Supreminox | 16cm. |<\/p>\n<p><span class=\"a-list-item\">Pinzas para abrir el marisco sin ning\u00fan esfuerzo y sin da\u00f1ar la carne. Cuentan con zona lisa y otra dentada para una mejor utilizaci\u00f3n. Dise\u00f1o resistente de acero inoxidable, eficiente y de f\u00e1cil limpieza. <\/span><\/p>\n","protected":false},"featured_media":19655,"template":"","meta":{"spay_email":""},"yoast_head":"<!-- This site is optimized with the Yoast SEO plugin v15.9 - https:\/\/yoast.com\/wordpress\/plugins\/seo\/ -->\n<title>Pinza rompe marisco Inox. - Comercial de Hosteleria Anma<\/title>\n<meta name=\"description\" content=\"Pinza rompe marisco | Supreminox | 16cm. | Pinzas para abrir el marisco sin ning\u00fan esfuerzo y sin da\u00f1ar la carne.\" \/>\n<meta name=\"robots\" content=\"index, follow, max-snippet:-1, max-image-preview:large, max-video-preview:-1\" \/>\n<link rel=\"canonical\" href=\"https:\/\/www.comercialanma.es\/?product=pinza-rompe-marisco-inox\" \/>\n<meta property=\"og:locale\" content=\"es_ES\" \/>\n<meta property=\"og:type\" content=\"article\" \/>\n<meta property=\"og:title\" content=\"Pinza rompe marisco Inox. - Comercial de Hosteleria Anma\" \/>\n<meta property=\"og:description\" content=\"Pinza rompe marisco | Supreminox | 16cm. | Pinzas para abrir el marisco sin ning\u00fan esfuerzo y sin da\u00f1ar la carne.\" \/>\n<meta property=\"og:url\" content=\"https:\/\/www.comercialanma.es\/?product=pinza-rompe-marisco-inox\" \/>\n<meta property=\"og:site_name\" content=\"Comercial de Hosteleria Anma\" \/>\n<meta property=\"article:publisher\" content=\"https:\/\/www.facebook.com\/AnmaHosteleria\" \/>\n<meta property=\"article:modified_time\" content=\"2021-10-19T10:42:33+00:00\" \/>\n<meta property=\"og:image\" content=\"https:\/\/i1.wp.com\/www.comercialanma.es\/wp-content\/uploads\/2021\/10\/pinza-rompe-marisco.jpg?fit=1080%2C1080&#038;ssl=1\" \/>\n\t<meta property=\"og:image:width\" content=\"1080\" \/>\n\t<meta property=\"og:image:height\" content=\"1080\" \/>\n<meta name=\"twitter:card\" content=\"summary_large_image\" \/>\n<meta name=\"twitter:label1\" content=\"Tiempo de lectura\">\n\t<meta name=\"twitter:data1\" content=\"1 minuto\">\n<script type=\"application\/ld+json\" class=\"yoast-schema-graph\">{\"@context\":\"https:\/\/schema.org\",\"@graph\":[{\"@type\":\"Organization\",\"@id\":\"https:\/\/www.comercialanma.es\/#organization\",\"name\":\"Comercial Anma\",\"url\":\"https:\/\/www.comercialanma.es\/\",\"sameAs\":[\"https:\/\/www.facebook.com\/AnmaHosteleria\",\"https:\/\/www.instagram.com\/anmahosteleria\/?hl=es\",\"https:\/\/www.youtube.com\/channel\/UCT2nmn08Ntks0hmpZPnDgCA\"],\"logo\":{\"@type\":\"ImageObject\",\"@id\":\"https:\/\/www.comercialanma.es\/#logo\",\"inLanguage\":\"es\",\"url\":\"https:\/\/i2.wp.com\/www.comercialanma.es\/wp-content\/uploads\/2019\/06\/logo-anma-color.png?fit=247%2C101&ssl=1\",\"width\":247,\"height\":101,\"caption\":\"Comercial Anma\"},\"image\":{\"@id\":\"https:\/\/www.comercialanma.es\/#logo\"}},{\"@type\":\"WebSite\",\"@id\":\"https:\/\/www.comercialanma.es\/#website\",\"url\":\"https:\/\/www.comercialanma.es\/\",\"name\":\"Comercial de Hosteleria Anma\",\"description\":\"\",\"publisher\":{\"@id\":\"https:\/\/www.comercialanma.es\/#organization\"},\"potentialAction\":[{\"@type\":\"SearchAction\",\"target\":\"https:\/\/www.comercialanma.es\/?s={search_term_string}\",\"query-input\":\"required name=search_term_string\"}],\"inLanguage\":\"es\"},{\"@type\":\"ImageObject\",\"@id\":\"https:\/\/www.comercialanma.es\/?product=pinza-rompe-marisco-inox#primaryimage\",\"inLanguage\":\"es\",\"url\":\"https:\/\/i1.wp.com\/www.comercialanma.es\/wp-content\/uploads\/2021\/10\/pinza-rompe-marisco.jpg?fit=1080%2C1080&ssl=1\",\"width\":1080,\"height\":1080},{\"@type\":\"WebPage\",\"@id\":\"https:\/\/www.comercialanma.es\/?product=pinza-rompe-marisco-inox#webpage\",\"url\":\"https:\/\/www.comercialanma.es\/?product=pinza-rompe-marisco-inox\",\"name\":\"Pinza rompe marisco Inox. - Comercial de Hosteleria Anma\",\"isPartOf\":{\"@id\":\"https:\/\/www.comercialanma.es\/#website\"},\"primaryImageOfPage\":{\"@id\":\"https:\/\/www.comercialanma.es\/?product=pinza-rompe-marisco-inox#primaryimage\"},\"datePublished\":\"2021-10-19T10:27:58+00:00\",\"dateModified\":\"2021-10-19T10:42:33+00:00\",\"description\":\"Pinza rompe marisco | Supreminox | 16cm. | Pinzas para abrir el marisco sin ning\\u00fan esfuerzo y sin da\\u00f1ar la carne.\",\"breadcrumb\":{\"@id\":\"https:\/\/www.comercialanma.es\/?product=pinza-rompe-marisco-inox#breadcrumb\"},\"inLanguage\":\"es\",\"potentialAction\":[{\"@type\":\"ReadAction\",\"target\":[\"https:\/\/www.comercialanma.es\/?product=pinza-rompe-marisco-inox\"]}]},{\"@type\":\"BreadcrumbList\",\"@id\":\"https:\/\/www.comercialanma.es\/?product=pinza-rompe-marisco-inox#breadcrumb\",\"itemListElement\":[{\"@type\":\"ListItem\",\"position\":1,\"item\":{\"@type\":\"WebPage\",\"@id\":\"https:\/\/www.comercialanma.es\/\",\"url\":\"https:\/\/www.comercialanma.es\/\",\"name\":\"Portada\"}},{\"@type\":\"ListItem\",\"position\":2,\"item\":{\"@type\":\"WebPage\",\"@id\":\"https:\/\/www.comercialanma.es\/?page_id=3963\",\"url\":\"https:\/\/www.comercialanma.es\/?page_id=3963\",\"name\":\"Cat\\u00e1logo de Productos\"}},{\"@type\":\"ListItem\",\"position\":3,\"item\":{\"@type\":\"WebPage\",\"@id\":\"https:\/\/www.comercialanma.es\/?product=pinza-rompe-marisco-inox\",\"url\":\"https:\/\/www.comercialanma.es\/?product=pinza-rompe-marisco-inox\",\"name\":\"Pinza rompe marisco Inox.\"}}]}]}<\/script>\n<!-- \/ Yoast SEO plugin. -->","_links":{"self":[{"href":"https:\/\/www.comercialanma.es\/index.php?rest_route=\/wp\/v2\/product\/19654"}],"collection":[{"href":"https:\/\/www.comercialanma.es\/index.php?rest_route=\/wp\/v2\/product"}],"about":[{"href":"https:\/\/www.comercialanma.es\/index.php?rest_route=\/wp\/v2\/types\/product"}],"version-history":[{"count":1,"href":"https:\/\/www.comercialanma.es\/index.php?rest_route=\/wp\/v2\/product\/19654\/revisions"}],"predecessor-version":[{"id":19656,"href":"https:\/\/www.comercialanma.es\/index.php?rest_route=\/wp\/v2\/product\/19654\/revisions\/19656"}],"wp:featuredmedia":[{"embeddable":true,"href":"https:\/\/www.comercialanma.es\/index.php?rest_route=\/wp\/v2\/media\/19655"}],"wp:attachment":[{"href":"https:\/\/www.comercialanma.es\/index.php?rest_route=%2Fwp%2Fv2%2Fmedia&parent=19654"}],"curies":[{"name":"wp","href":"https:\/\/api.w.org\/{rel}","templated":true}]}}