
{"id":19696,"date":"2021-10-20T11:51:19","date_gmt":"2021-10-20T09:51:19","guid":{"rendered":"https:\/\/www.comercialanma.es\/?post_type=product&#038;p=19696"},"modified":"2021-10-20T11:54:28","modified_gmt":"2021-10-20T09:54:28","slug":"arroz-nomen-largo-1kg","status":"publish","type":"product","link":"https:\/\/www.comercialanma.es\/?product=arroz-nomen-largo-1kg","title":{"rendered":"Arroz Nomen Largo 1Kg."},"content":{"rendered":"<ul>\n<li>Marca: Nomen largo<\/li>\n<li>Cantidad: 1Kg<\/li>\n<li>El tiempo de cocci\u00f3n recomendado es de 15 minutos.<\/li>\n<li>1 kg. Envasado en papel 100% reciclable con certificado FSC de cadena de custodia proveniente de bosques sostenibles.<\/li>\n<\/ul>\n<p>&nbsp;<\/p>\n","protected":false},"excerpt":{"rendered":"<p>El arroz de grano largo Nomen es el arroz m\u00e1s consumido en el norte de Europa, Am\u00e9rica y extensas zonas de Asia estando cada vez m\u00e1s presente en la cocina espa\u00f1ola.<\/p>\n<p>Por su alto contenido en amilosa (componente del almid\u00f3n) siempre queda esponjoso, ligero, suelto y no se pega. Ideal para consumir en fr\u00edo, por ejemplo en ensaladas, guarniciones y postres.<\/p>\n<p>&nbsp;<\/p>\n","protected":false},"featured_media":19697,"template":"","meta":{"spay_email":""},"yoast_head":"<!-- This site is optimized with the Yoast SEO plugin v15.9 - https:\/\/yoast.com\/wordpress\/plugins\/seo\/ -->\n<title>Arroz Nomen Largo 1Kg. - Comercial de Hosteleria Anma<\/title>\n<meta name=\"description\" content=\"Arroz Nomen redondo 1Kg. | El arroz redondo Nomen es un arroz ideal para preparar deliciosas y sanas recetas.\" \/>\n<meta name=\"robots\" content=\"index, follow, max-snippet:-1, max-image-preview:large, max-video-preview:-1\" \/>\n<link rel=\"canonical\" href=\"https:\/\/www.comercialanma.es\/?product=arroz-nomen-largo-1kg\" \/>\n<meta property=\"og:locale\" content=\"es_ES\" \/>\n<meta property=\"og:type\" content=\"article\" \/>\n<meta property=\"og:title\" content=\"Arroz Nomen Largo 1Kg. - Comercial de Hosteleria Anma\" \/>\n<meta property=\"og:description\" content=\"Arroz Nomen redondo 1Kg. | El arroz redondo Nomen es un arroz ideal para preparar deliciosas y sanas recetas.\" \/>\n<meta property=\"og:url\" content=\"https:\/\/www.comercialanma.es\/?product=arroz-nomen-largo-1kg\" \/>\n<meta property=\"og:site_name\" content=\"Comercial de Hosteleria Anma\" \/>\n<meta property=\"article:publisher\" content=\"https:\/\/www.facebook.com\/AnmaHosteleria\" \/>\n<meta property=\"article:modified_time\" content=\"2021-10-20T09:54:28+00:00\" \/>\n<meta property=\"og:image\" content=\"https:\/\/i0.wp.com\/www.comercialanma.es\/wp-content\/uploads\/2021\/10\/arroz-nomen-largo-1kg.jpg?fit=1080%2C1080&#038;ssl=1\" \/>\n\t<meta property=\"og:image:width\" content=\"1080\" \/>\n\t<meta property=\"og:image:height\" content=\"1080\" \/>\n<meta name=\"twitter:card\" content=\"summary_large_image\" \/>\n<meta name=\"twitter:label1\" content=\"Tiempo de lectura\">\n\t<meta name=\"twitter:data1\" content=\"1 minuto\">\n<script type=\"application\/ld+json\" class=\"yoast-schema-graph\">{\"@context\":\"https:\/\/schema.org\",\"@graph\":[{\"@type\":\"Organization\",\"@id\":\"https:\/\/www.comercialanma.es\/#organization\",\"name\":\"Comercial Anma\",\"url\":\"https:\/\/www.comercialanma.es\/\",\"sameAs\":[\"https:\/\/www.facebook.com\/AnmaHosteleria\",\"https:\/\/www.instagram.com\/anmahosteleria\/?hl=es\",\"https:\/\/www.youtube.com\/channel\/UCT2nmn08Ntks0hmpZPnDgCA\"],\"logo\":{\"@type\":\"ImageObject\",\"@id\":\"https:\/\/www.comercialanma.es\/#logo\",\"inLanguage\":\"es\",\"url\":\"https:\/\/i2.wp.com\/www.comercialanma.es\/wp-content\/uploads\/2019\/06\/logo-anma-color.png?fit=247%2C101&ssl=1\",\"width\":247,\"height\":101,\"caption\":\"Comercial Anma\"},\"image\":{\"@id\":\"https:\/\/www.comercialanma.es\/#logo\"}},{\"@type\":\"WebSite\",\"@id\":\"https:\/\/www.comercialanma.es\/#website\",\"url\":\"https:\/\/www.comercialanma.es\/\",\"name\":\"Comercial de Hosteleria Anma\",\"description\":\"\",\"publisher\":{\"@id\":\"https:\/\/www.comercialanma.es\/#organization\"},\"potentialAction\":[{\"@type\":\"SearchAction\",\"target\":\"https:\/\/www.comercialanma.es\/?s={search_term_string}\",\"query-input\":\"required name=search_term_string\"}],\"inLanguage\":\"es\"},{\"@type\":\"ImageObject\",\"@id\":\"https:\/\/www.comercialanma.es\/?product=arroz-nomen-largo-1kg#primaryimage\",\"inLanguage\":\"es\",\"url\":\"https:\/\/i0.wp.com\/www.comercialanma.es\/wp-content\/uploads\/2021\/10\/arroz-nomen-largo-1kg.jpg?fit=1080%2C1080&ssl=1\",\"width\":1080,\"height\":1080},{\"@type\":\"WebPage\",\"@id\":\"https:\/\/www.comercialanma.es\/?product=arroz-nomen-largo-1kg#webpage\",\"url\":\"https:\/\/www.comercialanma.es\/?product=arroz-nomen-largo-1kg\",\"name\":\"Arroz Nomen Largo 1Kg. - Comercial de Hosteleria Anma\",\"isPartOf\":{\"@id\":\"https:\/\/www.comercialanma.es\/#website\"},\"primaryImageOfPage\":{\"@id\":\"https:\/\/www.comercialanma.es\/?product=arroz-nomen-largo-1kg#primaryimage\"},\"datePublished\":\"2021-10-20T09:51:19+00:00\",\"dateModified\":\"2021-10-20T09:54:28+00:00\",\"description\":\"Arroz Nomen redondo 1Kg. | El arroz redondo Nomen es un arroz ideal para preparar deliciosas y sanas recetas.\",\"breadcrumb\":{\"@id\":\"https:\/\/www.comercialanma.es\/?product=arroz-nomen-largo-1kg#breadcrumb\"},\"inLanguage\":\"es\",\"potentialAction\":[{\"@type\":\"ReadAction\",\"target\":[\"https:\/\/www.comercialanma.es\/?product=arroz-nomen-largo-1kg\"]}]},{\"@type\":\"BreadcrumbList\",\"@id\":\"https:\/\/www.comercialanma.es\/?product=arroz-nomen-largo-1kg#breadcrumb\",\"itemListElement\":[{\"@type\":\"ListItem\",\"position\":1,\"item\":{\"@type\":\"WebPage\",\"@id\":\"https:\/\/www.comercialanma.es\/\",\"url\":\"https:\/\/www.comercialanma.es\/\",\"name\":\"Portada\"}},{\"@type\":\"ListItem\",\"position\":2,\"item\":{\"@type\":\"WebPage\",\"@id\":\"https:\/\/www.comercialanma.es\/?page_id=3963\",\"url\":\"https:\/\/www.comercialanma.es\/?page_id=3963\",\"name\":\"Cat\\u00e1logo de Productos\"}},{\"@type\":\"ListItem\",\"position\":3,\"item\":{\"@type\":\"WebPage\",\"@id\":\"https:\/\/www.comercialanma.es\/?product=arroz-nomen-largo-1kg\",\"url\":\"https:\/\/www.comercialanma.es\/?product=arroz-nomen-largo-1kg\",\"name\":\"Arroz Nomen Largo 1Kg.\"}}]}]}<\/script>\n<!-- \/ Yoast SEO plugin. -->","_links":{"self":[{"href":"https:\/\/www.comercialanma.es\/index.php?rest_route=\/wp\/v2\/product\/19696"}],"collection":[{"href":"https:\/\/www.comercialanma.es\/index.php?rest_route=\/wp\/v2\/product"}],"about":[{"href":"https:\/\/www.comercialanma.es\/index.php?rest_route=\/wp\/v2\/types\/product"}],"version-history":[{"count":1,"href":"https:\/\/www.comercialanma.es\/index.php?rest_route=\/wp\/v2\/product\/19696\/revisions"}],"predecessor-version":[{"id":19698,"href":"https:\/\/www.comercialanma.es\/index.php?rest_route=\/wp\/v2\/product\/19696\/revisions\/19698"}],"wp:featuredmedia":[{"embeddable":true,"href":"https:\/\/www.comercialanma.es\/index.php?rest_route=\/wp\/v2\/media\/19697"}],"wp:attachment":[{"href":"https:\/\/www.comercialanma.es\/index.php?rest_route=%2Fwp%2Fv2%2Fmedia&parent=19696"}],"curies":[{"name":"wp","href":"https:\/\/api.w.org\/{rel}","templated":true}]}}