
{"id":19703,"date":"2021-10-20T12:47:13","date_gmt":"2021-10-20T10:47:13","guid":{"rendered":"https:\/\/www.comercialanma.es\/?post_type=product&#038;p=19703"},"modified":"2021-10-20T15:24:06","modified_gmt":"2021-10-20T13:24:06","slug":"arroz-extra-montsia-5kg","status":"publish","type":"product","link":"https:\/\/www.comercialanma.es\/?product=arroz-extra-montsia-5kg","title":{"rendered":"Arroz extra Montsi\u00e0 5Kg."},"content":{"rendered":"<ul>\n<li>Marca: Montsi\u00e0<\/li>\n<li>Cantidad: 5Kg<\/li>\n<li>Variedad montsianell<\/li>\n<\/ul>\n","protected":false},"excerpt":{"rendered":"<p>Arroz extra Montsi\u00e0 especial hosteleria, envase de 5kg. Variedad montsianell, una variedad propia de la c\u00e1mara y exclusivamente de la cooperativa arrocera del Montsi\u00e0, con gran capacidad de absorci\u00f3n de gustos y sabores. Esta variedad esta cultivada y creada en el Delta del Ebro, semejante a variedades como el bahia\u00a0 marisma, variedades de arroz ideales para arroces caldosos o paellas, absorviendo gran parte de los condimentados utilizados para la finalidad.<\/p>\n<p>Aconsejamos sacar el arroz antes dos minutos antes de su cocci\u00f3n y dejar reponer unos dos tres minutos mas fuera de la cocina , de esta forma se asegura una buena textura a la hora de servir el plato.\u00a0 Tiempo de cocci\u00f3n aproximada 14 minutos.<\/p>\n<p>&nbsp;<\/p>\n<p>&nbsp;<\/p>\n<p>&nbsp;<\/p>\n","protected":false},"featured_media":19704,"template":"","meta":{"spay_email":""},"yoast_head":"<!-- This site is optimized with the Yoast SEO plugin v15.9 - https:\/\/yoast.com\/wordpress\/plugins\/seo\/ -->\n<title>Arroz extra Montsi\u00e0 5Kg. - Comercial de Hosteleria Anma<\/title>\n<meta name=\"description\" content=\"Arroz Montsi\u00e0 | 5Kg.| Ideal para paellas, ensaladas y acompa\u00f1ar carnes y pescado.Variedad montsianell. Variedad montsianell.\" \/>\n<meta name=\"robots\" content=\"index, follow, max-snippet:-1, max-image-preview:large, max-video-preview:-1\" \/>\n<link rel=\"canonical\" href=\"https:\/\/www.comercialanma.es\/?product=arroz-extra-montsia-5kg\" \/>\n<meta property=\"og:locale\" content=\"es_ES\" \/>\n<meta property=\"og:type\" content=\"article\" \/>\n<meta property=\"og:title\" content=\"Arroz extra Montsi\u00e0 5Kg. - Comercial de Hosteleria Anma\" \/>\n<meta property=\"og:description\" content=\"Arroz Montsi\u00e0 | 5Kg.| Ideal para paellas, ensaladas y acompa\u00f1ar carnes y pescado.Variedad montsianell. Variedad montsianell.\" \/>\n<meta property=\"og:url\" content=\"https:\/\/www.comercialanma.es\/?product=arroz-extra-montsia-5kg\" \/>\n<meta property=\"og:site_name\" content=\"Comercial de Hosteleria Anma\" \/>\n<meta property=\"article:publisher\" content=\"https:\/\/www.facebook.com\/AnmaHosteleria\" \/>\n<meta property=\"article:modified_time\" content=\"2021-10-20T13:24:06+00:00\" \/>\n<meta property=\"og:image\" content=\"https:\/\/i0.wp.com\/www.comercialanma.es\/wp-content\/uploads\/2021\/10\/ARROZ-MONTSIA-5KG.jpg?fit=1080%2C1080&#038;ssl=1\" \/>\n\t<meta property=\"og:image:width\" content=\"1080\" \/>\n\t<meta property=\"og:image:height\" content=\"1080\" \/>\n<meta name=\"twitter:card\" content=\"summary_large_image\" \/>\n<meta name=\"twitter:label1\" content=\"Tiempo de lectura\">\n\t<meta name=\"twitter:data1\" content=\"1 minuto\">\n<script type=\"application\/ld+json\" class=\"yoast-schema-graph\">{\"@context\":\"https:\/\/schema.org\",\"@graph\":[{\"@type\":\"Organization\",\"@id\":\"https:\/\/www.comercialanma.es\/#organization\",\"name\":\"Comercial Anma\",\"url\":\"https:\/\/www.comercialanma.es\/\",\"sameAs\":[\"https:\/\/www.facebook.com\/AnmaHosteleria\",\"https:\/\/www.instagram.com\/anmahosteleria\/?hl=es\",\"https:\/\/www.youtube.com\/channel\/UCT2nmn08Ntks0hmpZPnDgCA\"],\"logo\":{\"@type\":\"ImageObject\",\"@id\":\"https:\/\/www.comercialanma.es\/#logo\",\"inLanguage\":\"es\",\"url\":\"https:\/\/i2.wp.com\/www.comercialanma.es\/wp-content\/uploads\/2019\/06\/logo-anma-color.png?fit=247%2C101&ssl=1\",\"width\":247,\"height\":101,\"caption\":\"Comercial Anma\"},\"image\":{\"@id\":\"https:\/\/www.comercialanma.es\/#logo\"}},{\"@type\":\"WebSite\",\"@id\":\"https:\/\/www.comercialanma.es\/#website\",\"url\":\"https:\/\/www.comercialanma.es\/\",\"name\":\"Comercial de Hosteleria Anma\",\"description\":\"\",\"publisher\":{\"@id\":\"https:\/\/www.comercialanma.es\/#organization\"},\"potentialAction\":[{\"@type\":\"SearchAction\",\"target\":\"https:\/\/www.comercialanma.es\/?s={search_term_string}\",\"query-input\":\"required name=search_term_string\"}],\"inLanguage\":\"es\"},{\"@type\":\"ImageObject\",\"@id\":\"https:\/\/www.comercialanma.es\/?product=arroz-extra-montsia-5kg#primaryimage\",\"inLanguage\":\"es\",\"url\":\"https:\/\/i0.wp.com\/www.comercialanma.es\/wp-content\/uploads\/2021\/10\/ARROZ-MONTSIA-5KG.jpg?fit=1080%2C1080&ssl=1\",\"width\":1080,\"height\":1080},{\"@type\":\"WebPage\",\"@id\":\"https:\/\/www.comercialanma.es\/?product=arroz-extra-montsia-5kg#webpage\",\"url\":\"https:\/\/www.comercialanma.es\/?product=arroz-extra-montsia-5kg\",\"name\":\"Arroz extra Montsi\\u00e0 5Kg. - Comercial de Hosteleria Anma\",\"isPartOf\":{\"@id\":\"https:\/\/www.comercialanma.es\/#website\"},\"primaryImageOfPage\":{\"@id\":\"https:\/\/www.comercialanma.es\/?product=arroz-extra-montsia-5kg#primaryimage\"},\"datePublished\":\"2021-10-20T10:47:13+00:00\",\"dateModified\":\"2021-10-20T13:24:06+00:00\",\"description\":\"Arroz Montsi\\u00e0 | 5Kg.| Ideal para paellas, ensaladas y acompa\\u00f1ar carnes y pescado.Variedad montsianell. Variedad montsianell.\",\"breadcrumb\":{\"@id\":\"https:\/\/www.comercialanma.es\/?product=arroz-extra-montsia-5kg#breadcrumb\"},\"inLanguage\":\"es\",\"potentialAction\":[{\"@type\":\"ReadAction\",\"target\":[\"https:\/\/www.comercialanma.es\/?product=arroz-extra-montsia-5kg\"]}]},{\"@type\":\"BreadcrumbList\",\"@id\":\"https:\/\/www.comercialanma.es\/?product=arroz-extra-montsia-5kg#breadcrumb\",\"itemListElement\":[{\"@type\":\"ListItem\",\"position\":1,\"item\":{\"@type\":\"WebPage\",\"@id\":\"https:\/\/www.comercialanma.es\/\",\"url\":\"https:\/\/www.comercialanma.es\/\",\"name\":\"Portada\"}},{\"@type\":\"ListItem\",\"position\":2,\"item\":{\"@type\":\"WebPage\",\"@id\":\"https:\/\/www.comercialanma.es\/?page_id=3963\",\"url\":\"https:\/\/www.comercialanma.es\/?page_id=3963\",\"name\":\"Cat\\u00e1logo de Productos\"}},{\"@type\":\"ListItem\",\"position\":3,\"item\":{\"@type\":\"WebPage\",\"@id\":\"https:\/\/www.comercialanma.es\/?product=arroz-extra-montsia-5kg\",\"url\":\"https:\/\/www.comercialanma.es\/?product=arroz-extra-montsia-5kg\",\"name\":\"Arroz extra Montsi\\u00e0 5Kg.\"}}]}]}<\/script>\n<!-- \/ Yoast SEO plugin. -->","_links":{"self":[{"href":"https:\/\/www.comercialanma.es\/index.php?rest_route=\/wp\/v2\/product\/19703"}],"collection":[{"href":"https:\/\/www.comercialanma.es\/index.php?rest_route=\/wp\/v2\/product"}],"about":[{"href":"https:\/\/www.comercialanma.es\/index.php?rest_route=\/wp\/v2\/types\/product"}],"version-history":[{"count":1,"href":"https:\/\/www.comercialanma.es\/index.php?rest_route=\/wp\/v2\/product\/19703\/revisions"}],"predecessor-version":[{"id":19705,"href":"https:\/\/www.comercialanma.es\/index.php?rest_route=\/wp\/v2\/product\/19703\/revisions\/19705"}],"wp:featuredmedia":[{"embeddable":true,"href":"https:\/\/www.comercialanma.es\/index.php?rest_route=\/wp\/v2\/media\/19704"}],"wp:attachment":[{"href":"https:\/\/www.comercialanma.es\/index.php?rest_route=%2Fwp%2Fv2%2Fmedia&parent=19703"}],"curies":[{"name":"wp","href":"https:\/\/api.w.org\/{rel}","templated":true}]}}