
{"id":19745,"date":"2021-11-15T15:26:23","date_gmt":"2021-11-15T14:26:23","guid":{"rendered":"https:\/\/www.comercialanma.es\/?post_type=product&#038;p=19745"},"modified":"2021-11-15T15:37:43","modified_gmt":"2021-11-15T14:37:43","slug":"ruavieja-cremosa-light","status":"publish","type":"product","link":"https:\/\/www.comercialanma.es\/?product=ruavieja-cremosa-light","title":{"rendered":"Ruavieja Cremosa Light 70cl."},"content":{"rendered":"<div>\n<h3>Nota de cata<\/h3>\n<ul>\n<li class=\"elementor-heading-title elementor-size-default\">Con un atractivo aspecto brillante, opaco y de color marr\u00f3n claro-latte.<\/li>\n<li class=\"elementor-heading-title elementor-size-default\">Ruavieja Cremosa libera un intenso aroma a notas de cacao y leche, acompa\u00f1ado de suaves pinceladas de caramelo, caf\u00e9, aguardiente de orujo y frutos secos.<\/li>\n<li class=\"elementor-heading-title elementor-size-default\">Su dulce y equilibrada cremosidad persistente en boca la convierte en una crema exquisita y f\u00e1cil de tomar.<\/li>\n<\/ul>\n<h3>Graduaci\u00f3n<\/h3>\n<ul>\n<li>14,5\u00ba Vol.<\/li>\n<\/ul>\n<\/div>\n","protected":false},"excerpt":{"rendered":"<p class=\"elementor-heading-title elementor-size-default\">Ruavieja cremosa Light*, con una reducci\u00f3n de az\u00facar del 60%, se incorpora a la familia Ruavieja para alargar a\u00fan m\u00e1s las sobremesas. Elaborada con crema de leche y aguardiente de orujo, y matices de caf\u00e9 y cacao, deliciosamente cremoso y ligero. Su dulce y equilibrada cremosidad persistente en boca la convierte en una crema exquisita y f\u00e1cil de tomar.<\/p>\n","protected":false},"featured_media":19746,"template":"","meta":{"spay_email":""},"yoast_head":"<!-- This site is optimized with the Yoast SEO plugin v15.9 - https:\/\/yoast.com\/wordpress\/plugins\/seo\/ -->\n<title>Ruavieja Cremosa Light 70cl. - Comercial de Hosteleria Anma<\/title>\n<meta name=\"description\" content=\"Orujo Ruavieja Cremosa Light | 14,5\u00ba Vol.| Con reducci\u00f3n de az\u00facar del 60%, se incorpora a la familia para alargar a\u00fan m\u00e1s las sobremesas.\" \/>\n<meta name=\"robots\" content=\"index, follow, max-snippet:-1, max-image-preview:large, max-video-preview:-1\" \/>\n<link rel=\"canonical\" href=\"https:\/\/www.comercialanma.es\/?product=ruavieja-cremosa-light\" \/>\n<meta property=\"og:locale\" content=\"es_ES\" \/>\n<meta property=\"og:type\" content=\"article\" \/>\n<meta property=\"og:title\" content=\"Ruavieja Cremosa Light 70cl. - Comercial de Hosteleria Anma\" \/>\n<meta property=\"og:description\" content=\"Orujo Ruavieja Cremosa Light | 14,5\u00ba Vol.| Con reducci\u00f3n de az\u00facar del 60%, se incorpora a la familia para alargar a\u00fan m\u00e1s las sobremesas.\" \/>\n<meta property=\"og:url\" content=\"https:\/\/www.comercialanma.es\/?product=ruavieja-cremosa-light\" \/>\n<meta property=\"og:site_name\" content=\"Comercial de Hosteleria Anma\" \/>\n<meta property=\"article:publisher\" content=\"https:\/\/www.facebook.com\/AnmaHosteleria\" \/>\n<meta property=\"article:modified_time\" content=\"2021-11-15T14:37:43+00:00\" \/>\n<meta property=\"og:image\" content=\"https:\/\/i1.wp.com\/www.comercialanma.es\/wp-content\/uploads\/2021\/11\/Rueavieja-Cremosa-Light-70cl..jpg?fit=1080%2C1080&#038;ssl=1\" \/>\n\t<meta property=\"og:image:width\" content=\"1080\" \/>\n\t<meta property=\"og:image:height\" content=\"1080\" \/>\n<meta name=\"twitter:card\" content=\"summary_large_image\" \/>\n<meta name=\"twitter:label1\" content=\"Tiempo de lectura\">\n\t<meta name=\"twitter:data1\" content=\"1 minuto\">\n<script type=\"application\/ld+json\" class=\"yoast-schema-graph\">{\"@context\":\"https:\/\/schema.org\",\"@graph\":[{\"@type\":\"Organization\",\"@id\":\"https:\/\/www.comercialanma.es\/#organization\",\"name\":\"Comercial Anma\",\"url\":\"https:\/\/www.comercialanma.es\/\",\"sameAs\":[\"https:\/\/www.facebook.com\/AnmaHosteleria\",\"https:\/\/www.instagram.com\/anmahosteleria\/?hl=es\",\"https:\/\/www.youtube.com\/channel\/UCT2nmn08Ntks0hmpZPnDgCA\"],\"logo\":{\"@type\":\"ImageObject\",\"@id\":\"https:\/\/www.comercialanma.es\/#logo\",\"inLanguage\":\"es\",\"url\":\"https:\/\/i2.wp.com\/www.comercialanma.es\/wp-content\/uploads\/2019\/06\/logo-anma-color.png?fit=247%2C101&ssl=1\",\"width\":247,\"height\":101,\"caption\":\"Comercial Anma\"},\"image\":{\"@id\":\"https:\/\/www.comercialanma.es\/#logo\"}},{\"@type\":\"WebSite\",\"@id\":\"https:\/\/www.comercialanma.es\/#website\",\"url\":\"https:\/\/www.comercialanma.es\/\",\"name\":\"Comercial de Hosteleria Anma\",\"description\":\"\",\"publisher\":{\"@id\":\"https:\/\/www.comercialanma.es\/#organization\"},\"potentialAction\":[{\"@type\":\"SearchAction\",\"target\":\"https:\/\/www.comercialanma.es\/?s={search_term_string}\",\"query-input\":\"required name=search_term_string\"}],\"inLanguage\":\"es\"},{\"@type\":\"ImageObject\",\"@id\":\"https:\/\/www.comercialanma.es\/?product=ruavieja-cremosa-light#primaryimage\",\"inLanguage\":\"es\",\"url\":\"https:\/\/i1.wp.com\/www.comercialanma.es\/wp-content\/uploads\/2021\/11\/Rueavieja-Cremosa-Light-70cl..jpg?fit=1080%2C1080&ssl=1\",\"width\":1080,\"height\":1080},{\"@type\":\"WebPage\",\"@id\":\"https:\/\/www.comercialanma.es\/?product=ruavieja-cremosa-light#webpage\",\"url\":\"https:\/\/www.comercialanma.es\/?product=ruavieja-cremosa-light\",\"name\":\"Ruavieja Cremosa Light 70cl. - Comercial de Hosteleria Anma\",\"isPartOf\":{\"@id\":\"https:\/\/www.comercialanma.es\/#website\"},\"primaryImageOfPage\":{\"@id\":\"https:\/\/www.comercialanma.es\/?product=ruavieja-cremosa-light#primaryimage\"},\"datePublished\":\"2021-11-15T14:26:23+00:00\",\"dateModified\":\"2021-11-15T14:37:43+00:00\",\"description\":\"Orujo Ruavieja Cremosa Light | 14,5\\u00ba Vol.| Con reducci\\u00f3n de az\\u00facar del 60%, se incorpora a la familia para alargar a\\u00fan m\\u00e1s las sobremesas.\",\"breadcrumb\":{\"@id\":\"https:\/\/www.comercialanma.es\/?product=ruavieja-cremosa-light#breadcrumb\"},\"inLanguage\":\"es\",\"potentialAction\":[{\"@type\":\"ReadAction\",\"target\":[\"https:\/\/www.comercialanma.es\/?product=ruavieja-cremosa-light\"]}]},{\"@type\":\"BreadcrumbList\",\"@id\":\"https:\/\/www.comercialanma.es\/?product=ruavieja-cremosa-light#breadcrumb\",\"itemListElement\":[{\"@type\":\"ListItem\",\"position\":1,\"item\":{\"@type\":\"WebPage\",\"@id\":\"https:\/\/www.comercialanma.es\/\",\"url\":\"https:\/\/www.comercialanma.es\/\",\"name\":\"Portada\"}},{\"@type\":\"ListItem\",\"position\":2,\"item\":{\"@type\":\"WebPage\",\"@id\":\"https:\/\/www.comercialanma.es\/?page_id=3963\",\"url\":\"https:\/\/www.comercialanma.es\/?page_id=3963\",\"name\":\"Cat\\u00e1logo de Productos\"}},{\"@type\":\"ListItem\",\"position\":3,\"item\":{\"@type\":\"WebPage\",\"@id\":\"https:\/\/www.comercialanma.es\/?product=ruavieja-cremosa-light\",\"url\":\"https:\/\/www.comercialanma.es\/?product=ruavieja-cremosa-light\",\"name\":\"Ruavieja Cremosa Light 70cl.\"}}]}]}<\/script>\n<!-- \/ Yoast SEO plugin. -->","_links":{"self":[{"href":"https:\/\/www.comercialanma.es\/index.php?rest_route=\/wp\/v2\/product\/19745"}],"collection":[{"href":"https:\/\/www.comercialanma.es\/index.php?rest_route=\/wp\/v2\/product"}],"about":[{"href":"https:\/\/www.comercialanma.es\/index.php?rest_route=\/wp\/v2\/types\/product"}],"version-history":[{"count":1,"href":"https:\/\/www.comercialanma.es\/index.php?rest_route=\/wp\/v2\/product\/19745\/revisions"}],"predecessor-version":[{"id":19747,"href":"https:\/\/www.comercialanma.es\/index.php?rest_route=\/wp\/v2\/product\/19745\/revisions\/19747"}],"wp:featuredmedia":[{"embeddable":true,"href":"https:\/\/www.comercialanma.es\/index.php?rest_route=\/wp\/v2\/media\/19746"}],"wp:attachment":[{"href":"https:\/\/www.comercialanma.es\/index.php?rest_route=%2Fwp%2Fv2%2Fmedia&parent=19745"}],"curies":[{"name":"wp","href":"https:\/\/api.w.org\/{rel}","templated":true}]}}