
{"id":19775,"date":"2021-11-17T10:47:56","date_gmt":"2021-11-17T09:47:56","guid":{"rendered":"https:\/\/www.comercialanma.es\/?post_type=product&#038;p=19775"},"modified":"2021-11-17T10:55:17","modified_gmt":"2021-11-17T09:55:17","slug":"nesquik-800","status":"publish","type":"product","link":"https:\/\/www.comercialanma.es\/?product=nesquik-800","title":{"rendered":"Nesquik 800gr."},"content":{"rendered":"<ul>\n<li>Cacao instant\u00e1neo con irresistible sabor a chocolate.<\/li>\n<li>Adem\u00e1s, para que todos podamos disfrutar de este magnifico sabor,<\/li>\n<li>NO CONTIENE GLUTEN.<\/li>\n<\/ul>\n","protected":false},"excerpt":{"rendered":"<p>NESQUIK\u00ae, cacao instant\u00e1neo con irresistible sabor a chocolate. Adem\u00e1s, para que todos podamos disfrutar de este magnifico sabor, NESQUIK\u00ae NO CONTIENE GLUTEN.<\/p>\n<div>\n<p>Ideal tanto para el desayuno como para la merienda que se disuelve f\u00e1cilmente en leche caliente y fr\u00eda. NESQUIK\u00ae, producto reconocido internacionalmente, renueva su receta reduciendo la cantidad de az\u00facar y a\u00f1adiendo Opti-Start, una combinaci\u00f3n exclusiva de vitaminas y minerales seleccionados por NESTL\u00c9\u00ae\u00a0que complementa lo bueno de la leche para empezar bien el d\u00eda.<\/p>\n<\/div>\n","protected":false},"featured_media":19776,"template":"","meta":{"spay_email":""},"yoast_head":"<!-- This site is optimized with the Yoast SEO plugin v15.9 - https:\/\/yoast.com\/wordpress\/plugins\/seo\/ -->\n<title>Nesquik 800gr. - Comercial de Hosteleria Anma<\/title>\n<meta name=\"description\" content=\"Nequik soluble | 800gr. | Cacao instant\u00e1neo irresistible sabor a chocolate. Ideal desayuno y merienda que se disuelve f\u00e1cilmente en leche.\" \/>\n<meta name=\"robots\" content=\"index, follow, max-snippet:-1, max-image-preview:large, max-video-preview:-1\" \/>\n<link rel=\"canonical\" href=\"https:\/\/www.comercialanma.es\/?product=nesquik-800\" \/>\n<meta property=\"og:locale\" content=\"es_ES\" \/>\n<meta property=\"og:type\" content=\"article\" \/>\n<meta property=\"og:title\" content=\"Nesquik 800gr. - Comercial de Hosteleria Anma\" \/>\n<meta property=\"og:description\" content=\"Nequik soluble | 800gr. | Cacao instant\u00e1neo irresistible sabor a chocolate. Ideal desayuno y merienda que se disuelve f\u00e1cilmente en leche.\" \/>\n<meta property=\"og:url\" content=\"https:\/\/www.comercialanma.es\/?product=nesquik-800\" \/>\n<meta property=\"og:site_name\" content=\"Comercial de Hosteleria Anma\" \/>\n<meta property=\"article:publisher\" content=\"https:\/\/www.facebook.com\/AnmaHosteleria\" \/>\n<meta property=\"article:modified_time\" content=\"2021-11-17T09:55:17+00:00\" \/>\n<meta property=\"og:image\" content=\"https:\/\/i2.wp.com\/www.comercialanma.es\/wp-content\/uploads\/2021\/11\/nesquik-soluble-800.jpg?fit=1080%2C1080&#038;ssl=1\" \/>\n\t<meta property=\"og:image:width\" content=\"1080\" \/>\n\t<meta property=\"og:image:height\" content=\"1080\" \/>\n<meta name=\"twitter:card\" content=\"summary_large_image\" \/>\n<meta name=\"twitter:label1\" content=\"Tiempo de lectura\">\n\t<meta name=\"twitter:data1\" content=\"1 minuto\">\n<script type=\"application\/ld+json\" class=\"yoast-schema-graph\">{\"@context\":\"https:\/\/schema.org\",\"@graph\":[{\"@type\":\"Organization\",\"@id\":\"https:\/\/www.comercialanma.es\/#organization\",\"name\":\"Comercial Anma\",\"url\":\"https:\/\/www.comercialanma.es\/\",\"sameAs\":[\"https:\/\/www.facebook.com\/AnmaHosteleria\",\"https:\/\/www.instagram.com\/anmahosteleria\/?hl=es\",\"https:\/\/www.youtube.com\/channel\/UCT2nmn08Ntks0hmpZPnDgCA\"],\"logo\":{\"@type\":\"ImageObject\",\"@id\":\"https:\/\/www.comercialanma.es\/#logo\",\"inLanguage\":\"es\",\"url\":\"https:\/\/i2.wp.com\/www.comercialanma.es\/wp-content\/uploads\/2019\/06\/logo-anma-color.png?fit=247%2C101&ssl=1\",\"width\":247,\"height\":101,\"caption\":\"Comercial Anma\"},\"image\":{\"@id\":\"https:\/\/www.comercialanma.es\/#logo\"}},{\"@type\":\"WebSite\",\"@id\":\"https:\/\/www.comercialanma.es\/#website\",\"url\":\"https:\/\/www.comercialanma.es\/\",\"name\":\"Comercial de Hosteleria Anma\",\"description\":\"\",\"publisher\":{\"@id\":\"https:\/\/www.comercialanma.es\/#organization\"},\"potentialAction\":[{\"@type\":\"SearchAction\",\"target\":\"https:\/\/www.comercialanma.es\/?s={search_term_string}\",\"query-input\":\"required name=search_term_string\"}],\"inLanguage\":\"es\"},{\"@type\":\"ImageObject\",\"@id\":\"https:\/\/www.comercialanma.es\/?product=nesquik-800#primaryimage\",\"inLanguage\":\"es\",\"url\":\"https:\/\/i2.wp.com\/www.comercialanma.es\/wp-content\/uploads\/2021\/11\/nesquik-soluble-800.jpg?fit=1080%2C1080&ssl=1\",\"width\":1080,\"height\":1080},{\"@type\":\"WebPage\",\"@id\":\"https:\/\/www.comercialanma.es\/?product=nesquik-800#webpage\",\"url\":\"https:\/\/www.comercialanma.es\/?product=nesquik-800\",\"name\":\"Nesquik 800gr. - Comercial de Hosteleria Anma\",\"isPartOf\":{\"@id\":\"https:\/\/www.comercialanma.es\/#website\"},\"primaryImageOfPage\":{\"@id\":\"https:\/\/www.comercialanma.es\/?product=nesquik-800#primaryimage\"},\"datePublished\":\"2021-11-17T09:47:56+00:00\",\"dateModified\":\"2021-11-17T09:55:17+00:00\",\"description\":\"Nequik soluble | 800gr. | Cacao instant\\u00e1neo irresistible sabor a chocolate. Ideal desayuno y merienda que se disuelve f\\u00e1cilmente en leche.\",\"breadcrumb\":{\"@id\":\"https:\/\/www.comercialanma.es\/?product=nesquik-800#breadcrumb\"},\"inLanguage\":\"es\",\"potentialAction\":[{\"@type\":\"ReadAction\",\"target\":[\"https:\/\/www.comercialanma.es\/?product=nesquik-800\"]}]},{\"@type\":\"BreadcrumbList\",\"@id\":\"https:\/\/www.comercialanma.es\/?product=nesquik-800#breadcrumb\",\"itemListElement\":[{\"@type\":\"ListItem\",\"position\":1,\"item\":{\"@type\":\"WebPage\",\"@id\":\"https:\/\/www.comercialanma.es\/\",\"url\":\"https:\/\/www.comercialanma.es\/\",\"name\":\"Portada\"}},{\"@type\":\"ListItem\",\"position\":2,\"item\":{\"@type\":\"WebPage\",\"@id\":\"https:\/\/www.comercialanma.es\/?page_id=3963\",\"url\":\"https:\/\/www.comercialanma.es\/?page_id=3963\",\"name\":\"Cat\\u00e1logo de Productos\"}},{\"@type\":\"ListItem\",\"position\":3,\"item\":{\"@type\":\"WebPage\",\"@id\":\"https:\/\/www.comercialanma.es\/?product=nesquik-800\",\"url\":\"https:\/\/www.comercialanma.es\/?product=nesquik-800\",\"name\":\"Nesquik 800gr.\"}}]}]}<\/script>\n<!-- \/ Yoast SEO plugin. -->","_links":{"self":[{"href":"https:\/\/www.comercialanma.es\/index.php?rest_route=\/wp\/v2\/product\/19775"}],"collection":[{"href":"https:\/\/www.comercialanma.es\/index.php?rest_route=\/wp\/v2\/product"}],"about":[{"href":"https:\/\/www.comercialanma.es\/index.php?rest_route=\/wp\/v2\/types\/product"}],"version-history":[{"count":1,"href":"https:\/\/www.comercialanma.es\/index.php?rest_route=\/wp\/v2\/product\/19775\/revisions"}],"predecessor-version":[{"id":19777,"href":"https:\/\/www.comercialanma.es\/index.php?rest_route=\/wp\/v2\/product\/19775\/revisions\/19777"}],"wp:featuredmedia":[{"embeddable":true,"href":"https:\/\/www.comercialanma.es\/index.php?rest_route=\/wp\/v2\/media\/19776"}],"wp:attachment":[{"href":"https:\/\/www.comercialanma.es\/index.php?rest_route=%2Fwp%2Fv2%2Fmedia&parent=19775"}],"curies":[{"name":"wp","href":"https:\/\/api.w.org\/{rel}","templated":true}]}}