
{"id":19841,"date":"2021-11-22T11:30:05","date_gmt":"2021-11-22T10:30:05","guid":{"rendered":"https:\/\/www.comercialanma.es\/?post_type=product&#038;p=19841"},"modified":"2021-11-22T11:38:38","modified_gmt":"2021-11-22T10:38:38","slug":"flor-de-cana-18","status":"publish","type":"product","link":"https:\/\/www.comercialanma.es\/?product=flor-de-cana-18","title":{"rendered":"Ron Flor de Ca\u00f1a 18 a\u00f1os 70cl."},"content":{"rendered":"<h3>Nota de cata:<\/h3>\n<ul>\n<li>De cuerpo entero y un espectacular color \u00e1mbar brillante.<\/li>\n<li>Exquisito aroma a notas de nueces y caramelo.<\/li>\n<li>Un\u00a0sabor a vainilla intensa y especies, con un extra suave y largo acabado.<\/li>\n<li>Graduaci\u00f3n 40% vol.<\/li>\n<\/ul>\n","protected":false},"excerpt":{"rendered":"<p>Ron Flor de Ca\u00f1a 18 a\u00f1os | 70cl. |<\/p>\n<p>Un ron ultra-premium a\u00f1ejado durante 18 a\u00f1os con cero contenido de az\u00facar. Puede disfrutarse solo o en las rocas, con una rodaja de piel de naranja.<\/p>\n","protected":false},"featured_media":19842,"template":"","meta":{"spay_email":""},"yoast_head":"<!-- This site is optimized with the Yoast SEO plugin v15.9 - https:\/\/yoast.com\/wordpress\/plugins\/seo\/ -->\n<title>Ron Flor de Ca\u00f1a 18 a\u00f1os 70cl. - Comercial de Hosteleria Anma<\/title>\n<meta name=\"description\" content=\"Ron Flor de Ca\u00f1a 18 a\u00f1os | 70cl. | Un ron ultra-premium a\u00f1ejado durante 18 a\u00f1os con cero contenido de az\u00facar.\" \/>\n<meta name=\"robots\" content=\"index, follow, max-snippet:-1, max-image-preview:large, max-video-preview:-1\" \/>\n<link rel=\"canonical\" href=\"https:\/\/www.comercialanma.es\/?product=flor-de-cana-18\" \/>\n<meta property=\"og:locale\" content=\"es_ES\" \/>\n<meta property=\"og:type\" content=\"article\" \/>\n<meta property=\"og:title\" content=\"Ron Flor de Ca\u00f1a 18 a\u00f1os 70cl. - Comercial de Hosteleria Anma\" \/>\n<meta property=\"og:description\" content=\"Ron Flor de Ca\u00f1a 18 a\u00f1os | 70cl. | Un ron ultra-premium a\u00f1ejado durante 18 a\u00f1os con cero contenido de az\u00facar.\" \/>\n<meta property=\"og:url\" content=\"https:\/\/www.comercialanma.es\/?product=flor-de-cana-18\" \/>\n<meta property=\"og:site_name\" content=\"Comercial de Hosteleria Anma\" \/>\n<meta property=\"article:publisher\" content=\"https:\/\/www.facebook.com\/AnmaHosteleria\" \/>\n<meta property=\"article:modified_time\" content=\"2021-11-22T10:38:38+00:00\" \/>\n<meta property=\"og:image\" content=\"https:\/\/i1.wp.com\/www.comercialanma.es\/wp-content\/uploads\/2021\/11\/ron-flor-de-can\u0303a-18.jpg?fit=1080%2C1080&#038;ssl=1\" \/>\n\t<meta property=\"og:image:width\" content=\"1080\" \/>\n\t<meta property=\"og:image:height\" content=\"1080\" \/>\n<meta name=\"twitter:card\" content=\"summary_large_image\" \/>\n<meta name=\"twitter:label1\" content=\"Tiempo de lectura\">\n\t<meta name=\"twitter:data1\" content=\"1 minuto\">\n<script type=\"application\/ld+json\" class=\"yoast-schema-graph\">{\"@context\":\"https:\/\/schema.org\",\"@graph\":[{\"@type\":\"Organization\",\"@id\":\"https:\/\/www.comercialanma.es\/#organization\",\"name\":\"Comercial Anma\",\"url\":\"https:\/\/www.comercialanma.es\/\",\"sameAs\":[\"https:\/\/www.facebook.com\/AnmaHosteleria\",\"https:\/\/www.instagram.com\/anmahosteleria\/?hl=es\",\"https:\/\/www.youtube.com\/channel\/UCT2nmn08Ntks0hmpZPnDgCA\"],\"logo\":{\"@type\":\"ImageObject\",\"@id\":\"https:\/\/www.comercialanma.es\/#logo\",\"inLanguage\":\"es\",\"url\":\"https:\/\/i2.wp.com\/www.comercialanma.es\/wp-content\/uploads\/2019\/06\/logo-anma-color.png?fit=247%2C101&ssl=1\",\"width\":247,\"height\":101,\"caption\":\"Comercial Anma\"},\"image\":{\"@id\":\"https:\/\/www.comercialanma.es\/#logo\"}},{\"@type\":\"WebSite\",\"@id\":\"https:\/\/www.comercialanma.es\/#website\",\"url\":\"https:\/\/www.comercialanma.es\/\",\"name\":\"Comercial de Hosteleria Anma\",\"description\":\"\",\"publisher\":{\"@id\":\"https:\/\/www.comercialanma.es\/#organization\"},\"potentialAction\":[{\"@type\":\"SearchAction\",\"target\":\"https:\/\/www.comercialanma.es\/?s={search_term_string}\",\"query-input\":\"required name=search_term_string\"}],\"inLanguage\":\"es\"},{\"@type\":\"ImageObject\",\"@id\":\"https:\/\/www.comercialanma.es\/?product=flor-de-cana-18#primaryimage\",\"inLanguage\":\"es\",\"url\":\"https:\/\/i1.wp.com\/www.comercialanma.es\/wp-content\/uploads\/2021\/11\/ron-flor-de-can\\u0303a-18.jpg?fit=1080%2C1080&ssl=1\",\"width\":1080,\"height\":1080},{\"@type\":\"WebPage\",\"@id\":\"https:\/\/www.comercialanma.es\/?product=flor-de-cana-18#webpage\",\"url\":\"https:\/\/www.comercialanma.es\/?product=flor-de-cana-18\",\"name\":\"Ron Flor de Ca\\u00f1a 18 a\\u00f1os 70cl. - Comercial de Hosteleria Anma\",\"isPartOf\":{\"@id\":\"https:\/\/www.comercialanma.es\/#website\"},\"primaryImageOfPage\":{\"@id\":\"https:\/\/www.comercialanma.es\/?product=flor-de-cana-18#primaryimage\"},\"datePublished\":\"2021-11-22T10:30:05+00:00\",\"dateModified\":\"2021-11-22T10:38:38+00:00\",\"description\":\"Ron Flor de Ca\\u00f1a 18 a\\u00f1os | 70cl. | Un ron ultra-premium a\\u00f1ejado durante 18 a\\u00f1os con cero contenido de az\\u00facar.\",\"breadcrumb\":{\"@id\":\"https:\/\/www.comercialanma.es\/?product=flor-de-cana-18#breadcrumb\"},\"inLanguage\":\"es\",\"potentialAction\":[{\"@type\":\"ReadAction\",\"target\":[\"https:\/\/www.comercialanma.es\/?product=flor-de-cana-18\"]}]},{\"@type\":\"BreadcrumbList\",\"@id\":\"https:\/\/www.comercialanma.es\/?product=flor-de-cana-18#breadcrumb\",\"itemListElement\":[{\"@type\":\"ListItem\",\"position\":1,\"item\":{\"@type\":\"WebPage\",\"@id\":\"https:\/\/www.comercialanma.es\/\",\"url\":\"https:\/\/www.comercialanma.es\/\",\"name\":\"Portada\"}},{\"@type\":\"ListItem\",\"position\":2,\"item\":{\"@type\":\"WebPage\",\"@id\":\"https:\/\/www.comercialanma.es\/?page_id=3963\",\"url\":\"https:\/\/www.comercialanma.es\/?page_id=3963\",\"name\":\"Cat\\u00e1logo de Productos\"}},{\"@type\":\"ListItem\",\"position\":3,\"item\":{\"@type\":\"WebPage\",\"@id\":\"https:\/\/www.comercialanma.es\/?product=flor-de-cana-18\",\"url\":\"https:\/\/www.comercialanma.es\/?product=flor-de-cana-18\",\"name\":\"Ron Flor de Ca\\u00f1a 18 a\\u00f1os 70cl.\"}}]}]}<\/script>\n<!-- \/ Yoast SEO plugin. -->","_links":{"self":[{"href":"https:\/\/www.comercialanma.es\/index.php?rest_route=\/wp\/v2\/product\/19841"}],"collection":[{"href":"https:\/\/www.comercialanma.es\/index.php?rest_route=\/wp\/v2\/product"}],"about":[{"href":"https:\/\/www.comercialanma.es\/index.php?rest_route=\/wp\/v2\/types\/product"}],"version-history":[{"count":1,"href":"https:\/\/www.comercialanma.es\/index.php?rest_route=\/wp\/v2\/product\/19841\/revisions"}],"predecessor-version":[{"id":19843,"href":"https:\/\/www.comercialanma.es\/index.php?rest_route=\/wp\/v2\/product\/19841\/revisions\/19843"}],"wp:featuredmedia":[{"embeddable":true,"href":"https:\/\/www.comercialanma.es\/index.php?rest_route=\/wp\/v2\/media\/19842"}],"wp:attachment":[{"href":"https:\/\/www.comercialanma.es\/index.php?rest_route=%2Fwp%2Fv2%2Fmedia&parent=19841"}],"curies":[{"name":"wp","href":"https:\/\/api.w.org\/{rel}","templated":true}]}}