
{"id":19847,"date":"2021-11-22T15:31:07","date_gmt":"2021-11-22T14:31:07","guid":{"rendered":"https:\/\/www.comercialanma.es\/?post_type=product&#038;p=19847"},"modified":"2021-12-21T09:46:01","modified_gmt":"2021-12-21T08:46:01","slug":"red-bull-green","status":"publish","type":"product","link":"https:\/\/www.comercialanma.es\/?product=red-bull-green","title":{"rendered":"Red Bull Green edition 250ml."},"content":{"rendered":"<ul class=\"a-unordered-list a-vertical a-spacing-mini\">\n<li>Marca: Red Bull Green edition<\/li>\n<li>Formato: Lata<\/li>\n<li>Capacidad: 250ml.<\/li>\n<\/ul>\n<h3>Ingredientes:<\/h3>\n<p>Agua carbonatada, sacarosa, glucosa, \u00e1cido c\u00edtrico, taurina, sabores naturales y artificiales, citrato de sodio, cafe\u00edna, colorantes, niacinamida, piridoxina HCl, pantotenato de calcio, azul 1, vitamina B12<\/p>\n","protected":false},"excerpt":{"rendered":"<p>Red Bull Green edition | 250ml.| by Red Bull | Envase Lata |<\/p>\n<p>Red Bull Green Edition\u00a0ofrece la funcionalidad de\u00a0Red Bull, con el gran sabor del kiwi y la manzana.<\/p>\n","protected":false},"featured_media":19848,"template":"","meta":{"spay_email":""},"yoast_head":"<!-- This site is optimized with the Yoast SEO plugin v15.9 - https:\/\/yoast.com\/wordpress\/plugins\/seo\/ -->\n<title>Red Bull Green edition 250ml. - Comercial de Hosteleria Anma<\/title>\n<meta name=\"description\" content=\"Red Bull Green edition | 250ml. | Red Bull Green Edition ofrece la funcionalidad de Red Bull, con el gran sabor del kiwi y la manzana.\" \/>\n<meta name=\"robots\" content=\"index, follow, max-snippet:-1, max-image-preview:large, max-video-preview:-1\" \/>\n<link rel=\"canonical\" href=\"https:\/\/www.comercialanma.es\/?product=red-bull-green\" \/>\n<meta property=\"og:locale\" content=\"es_ES\" \/>\n<meta property=\"og:type\" content=\"article\" \/>\n<meta property=\"og:title\" content=\"Red Bull Green edition 250ml. - Comercial de Hosteleria Anma\" \/>\n<meta property=\"og:description\" content=\"Red Bull Green edition | 250ml. | Red Bull Green Edition ofrece la funcionalidad de Red Bull, con el gran sabor del kiwi y la manzana.\" \/>\n<meta property=\"og:url\" content=\"https:\/\/www.comercialanma.es\/?product=red-bull-green\" \/>\n<meta property=\"og:site_name\" content=\"Comercial de Hosteleria Anma\" \/>\n<meta property=\"article:publisher\" content=\"https:\/\/www.facebook.com\/AnmaHosteleria\" \/>\n<meta property=\"article:modified_time\" content=\"2021-12-21T08:46:01+00:00\" \/>\n<meta property=\"og:image\" content=\"https:\/\/i1.wp.com\/www.comercialanma.es\/wp-content\/uploads\/2021\/11\/Red-bull-green.jpg?fit=1080%2C1080&#038;ssl=1\" \/>\n\t<meta property=\"og:image:width\" content=\"1080\" \/>\n\t<meta property=\"og:image:height\" content=\"1080\" \/>\n<meta name=\"twitter:card\" content=\"summary_large_image\" \/>\n<meta name=\"twitter:label1\" content=\"Tiempo de lectura\">\n\t<meta name=\"twitter:data1\" content=\"1 minuto\">\n<script type=\"application\/ld+json\" class=\"yoast-schema-graph\">{\"@context\":\"https:\/\/schema.org\",\"@graph\":[{\"@type\":\"Organization\",\"@id\":\"https:\/\/www.comercialanma.es\/#organization\",\"name\":\"Comercial Anma\",\"url\":\"https:\/\/www.comercialanma.es\/\",\"sameAs\":[\"https:\/\/www.facebook.com\/AnmaHosteleria\",\"https:\/\/www.instagram.com\/anmahosteleria\/?hl=es\",\"https:\/\/www.youtube.com\/channel\/UCT2nmn08Ntks0hmpZPnDgCA\"],\"logo\":{\"@type\":\"ImageObject\",\"@id\":\"https:\/\/www.comercialanma.es\/#logo\",\"inLanguage\":\"es\",\"url\":\"https:\/\/i2.wp.com\/www.comercialanma.es\/wp-content\/uploads\/2019\/06\/logo-anma-color.png?fit=247%2C101&ssl=1\",\"width\":247,\"height\":101,\"caption\":\"Comercial Anma\"},\"image\":{\"@id\":\"https:\/\/www.comercialanma.es\/#logo\"}},{\"@type\":\"WebSite\",\"@id\":\"https:\/\/www.comercialanma.es\/#website\",\"url\":\"https:\/\/www.comercialanma.es\/\",\"name\":\"Comercial de Hosteleria Anma\",\"description\":\"\",\"publisher\":{\"@id\":\"https:\/\/www.comercialanma.es\/#organization\"},\"potentialAction\":[{\"@type\":\"SearchAction\",\"target\":\"https:\/\/www.comercialanma.es\/?s={search_term_string}\",\"query-input\":\"required name=search_term_string\"}],\"inLanguage\":\"es\"},{\"@type\":\"ImageObject\",\"@id\":\"https:\/\/www.comercialanma.es\/?product=red-bull-green#primaryimage\",\"inLanguage\":\"es\",\"url\":\"https:\/\/i1.wp.com\/www.comercialanma.es\/wp-content\/uploads\/2021\/11\/Red-bull-green.jpg?fit=1080%2C1080&ssl=1\",\"width\":1080,\"height\":1080},{\"@type\":\"WebPage\",\"@id\":\"https:\/\/www.comercialanma.es\/?product=red-bull-green#webpage\",\"url\":\"https:\/\/www.comercialanma.es\/?product=red-bull-green\",\"name\":\"Red Bull Green edition 250ml. - Comercial de Hosteleria Anma\",\"isPartOf\":{\"@id\":\"https:\/\/www.comercialanma.es\/#website\"},\"primaryImageOfPage\":{\"@id\":\"https:\/\/www.comercialanma.es\/?product=red-bull-green#primaryimage\"},\"datePublished\":\"2021-11-22T14:31:07+00:00\",\"dateModified\":\"2021-12-21T08:46:01+00:00\",\"description\":\"Red Bull Green edition | 250ml. | Red Bull Green Edition ofrece la funcionalidad de Red Bull, con el gran sabor del kiwi y la manzana.\",\"breadcrumb\":{\"@id\":\"https:\/\/www.comercialanma.es\/?product=red-bull-green#breadcrumb\"},\"inLanguage\":\"es\",\"potentialAction\":[{\"@type\":\"ReadAction\",\"target\":[\"https:\/\/www.comercialanma.es\/?product=red-bull-green\"]}]},{\"@type\":\"BreadcrumbList\",\"@id\":\"https:\/\/www.comercialanma.es\/?product=red-bull-green#breadcrumb\",\"itemListElement\":[{\"@type\":\"ListItem\",\"position\":1,\"item\":{\"@type\":\"WebPage\",\"@id\":\"https:\/\/www.comercialanma.es\/\",\"url\":\"https:\/\/www.comercialanma.es\/\",\"name\":\"Portada\"}},{\"@type\":\"ListItem\",\"position\":2,\"item\":{\"@type\":\"WebPage\",\"@id\":\"https:\/\/www.comercialanma.es\/?page_id=3963\",\"url\":\"https:\/\/www.comercialanma.es\/?page_id=3963\",\"name\":\"Cat\\u00e1logo de Productos\"}},{\"@type\":\"ListItem\",\"position\":3,\"item\":{\"@type\":\"WebPage\",\"@id\":\"https:\/\/www.comercialanma.es\/?product=red-bull-green\",\"url\":\"https:\/\/www.comercialanma.es\/?product=red-bull-green\",\"name\":\"Red Bull Green edition 250ml.\"}}]}]}<\/script>\n<!-- \/ Yoast SEO plugin. -->","_links":{"self":[{"href":"https:\/\/www.comercialanma.es\/index.php?rest_route=\/wp\/v2\/product\/19847"}],"collection":[{"href":"https:\/\/www.comercialanma.es\/index.php?rest_route=\/wp\/v2\/product"}],"about":[{"href":"https:\/\/www.comercialanma.es\/index.php?rest_route=\/wp\/v2\/types\/product"}],"version-history":[{"count":1,"href":"https:\/\/www.comercialanma.es\/index.php?rest_route=\/wp\/v2\/product\/19847\/revisions"}],"predecessor-version":[{"id":19849,"href":"https:\/\/www.comercialanma.es\/index.php?rest_route=\/wp\/v2\/product\/19847\/revisions\/19849"}],"wp:featuredmedia":[{"embeddable":true,"href":"https:\/\/www.comercialanma.es\/index.php?rest_route=\/wp\/v2\/media\/19848"}],"wp:attachment":[{"href":"https:\/\/www.comercialanma.es\/index.php?rest_route=%2Fwp%2Fv2%2Fmedia&parent=19847"}],"curies":[{"name":"wp","href":"https:\/\/api.w.org\/{rel}","templated":true}]}}