
{"id":19856,"date":"2021-11-22T17:09:14","date_gmt":"2021-11-22T16:09:14","guid":{"rendered":"https:\/\/www.comercialanma.es\/?post_type=product&#038;p=19856"},"modified":"2021-12-21T11:42:46","modified_gmt":"2021-12-21T10:42:46","slug":"paleta-cebo-almirez","status":"publish","type":"product","link":"https:\/\/www.comercialanma.es\/?product=paleta-cebo-almirez","title":{"rendered":"Paleta cebo 50% Ib\u00e9rica Almirez 4,5-5Kg. Aprox."},"content":{"rendered":"<ul>\n<li>Paleta Cebo 50% Raza Ib\u00e9rica<\/li>\n<li>4,5-5Kg.\/Aprox.<\/li>\n<li>Curaci\u00f3n m\u00ednima 24 meses<\/li>\n<\/ul>\n","protected":false},"excerpt":{"rendered":"<p>Paleta obtenida de cerdo ib\u00e9rico criado con una alimentaci\u00f3n rica en grasas naturales, su gran sabor y veteado, terminando su curaci\u00f3n m\u00ednima de 24 meses en nuestras bodegas, para darle el aroma justo ofrecen una paleta estupenda y exquisita.<\/p>\n<p>&nbsp;<\/p>\n<p>&nbsp;<\/p>\n","protected":false},"featured_media":20173,"template":"","meta":{"spay_email":""},"yoast_head":"<!-- This site is optimized with the Yoast SEO plugin v15.9 - https:\/\/yoast.com\/wordpress\/plugins\/seo\/ -->\n<title>Paleta cebo 50% Ib\u00e9rica Almirez 4,5-5Kg. Aprox. - Comercial de Hosteleria Anma<\/title>\n<meta name=\"description\" content=\"Paleta de cebo 50% raza ib\u00e9rica | 4,5-5Kg.\/ Aprox. | Almirez | Paleta de cebo 50% raza ib\u00e9rica, con hueso. Curaci\u00f3n m\u00ednima 24 meses.\" \/>\n<meta name=\"robots\" content=\"index, follow, max-snippet:-1, max-image-preview:large, max-video-preview:-1\" \/>\n<link rel=\"canonical\" href=\"https:\/\/www.comercialanma.es\/?product=paleta-cebo-almirez\" \/>\n<meta property=\"og:locale\" content=\"es_ES\" \/>\n<meta property=\"og:type\" content=\"article\" \/>\n<meta property=\"og:title\" content=\"Paleta cebo 50% Ib\u00e9rica Almirez 4,5-5Kg. Aprox. - Comercial de Hosteleria Anma\" \/>\n<meta property=\"og:description\" content=\"Paleta de cebo 50% raza ib\u00e9rica | 4,5-5Kg.\/ Aprox. | Almirez | Paleta de cebo 50% raza ib\u00e9rica, con hueso. Curaci\u00f3n m\u00ednima 24 meses.\" \/>\n<meta property=\"og:url\" content=\"https:\/\/www.comercialanma.es\/?product=paleta-cebo-almirez\" \/>\n<meta property=\"og:site_name\" content=\"Comercial de Hosteleria Anma\" \/>\n<meta property=\"article:publisher\" content=\"https:\/\/www.facebook.com\/AnmaHosteleria\" \/>\n<meta property=\"article:modified_time\" content=\"2021-12-21T10:42:46+00:00\" \/>\n<meta property=\"og:image\" content=\"https:\/\/i2.wp.com\/www.comercialanma.es\/wp-content\/uploads\/2021\/11\/paleta-cebo-50-iberica-almirez.jpg?fit=1080%2C1080&#038;ssl=1\" \/>\n\t<meta property=\"og:image:width\" content=\"1080\" \/>\n\t<meta property=\"og:image:height\" content=\"1080\" \/>\n<meta name=\"twitter:card\" content=\"summary_large_image\" \/>\n<meta name=\"twitter:label1\" content=\"Tiempo de lectura\">\n\t<meta name=\"twitter:data1\" content=\"1 minuto\">\n<script type=\"application\/ld+json\" class=\"yoast-schema-graph\">{\"@context\":\"https:\/\/schema.org\",\"@graph\":[{\"@type\":\"Organization\",\"@id\":\"https:\/\/www.comercialanma.es\/#organization\",\"name\":\"Comercial Anma\",\"url\":\"https:\/\/www.comercialanma.es\/\",\"sameAs\":[\"https:\/\/www.facebook.com\/AnmaHosteleria\",\"https:\/\/www.instagram.com\/anmahosteleria\/?hl=es\",\"https:\/\/www.youtube.com\/channel\/UCT2nmn08Ntks0hmpZPnDgCA\"],\"logo\":{\"@type\":\"ImageObject\",\"@id\":\"https:\/\/www.comercialanma.es\/#logo\",\"inLanguage\":\"es\",\"url\":\"https:\/\/i2.wp.com\/www.comercialanma.es\/wp-content\/uploads\/2019\/06\/logo-anma-color.png?fit=247%2C101&ssl=1\",\"width\":247,\"height\":101,\"caption\":\"Comercial Anma\"},\"image\":{\"@id\":\"https:\/\/www.comercialanma.es\/#logo\"}},{\"@type\":\"WebSite\",\"@id\":\"https:\/\/www.comercialanma.es\/#website\",\"url\":\"https:\/\/www.comercialanma.es\/\",\"name\":\"Comercial de Hosteleria Anma\",\"description\":\"\",\"publisher\":{\"@id\":\"https:\/\/www.comercialanma.es\/#organization\"},\"potentialAction\":[{\"@type\":\"SearchAction\",\"target\":\"https:\/\/www.comercialanma.es\/?s={search_term_string}\",\"query-input\":\"required name=search_term_string\"}],\"inLanguage\":\"es\"},{\"@type\":\"ImageObject\",\"@id\":\"https:\/\/www.comercialanma.es\/?product=paleta-cebo-almirez#primaryimage\",\"inLanguage\":\"es\",\"url\":\"https:\/\/i2.wp.com\/www.comercialanma.es\/wp-content\/uploads\/2021\/11\/paleta-cebo-50-iberica-almirez.jpg?fit=1080%2C1080&ssl=1\",\"width\":1080,\"height\":1080},{\"@type\":\"WebPage\",\"@id\":\"https:\/\/www.comercialanma.es\/?product=paleta-cebo-almirez#webpage\",\"url\":\"https:\/\/www.comercialanma.es\/?product=paleta-cebo-almirez\",\"name\":\"Paleta cebo 50% Ib\\u00e9rica Almirez 4,5-5Kg. Aprox. - Comercial de Hosteleria Anma\",\"isPartOf\":{\"@id\":\"https:\/\/www.comercialanma.es\/#website\"},\"primaryImageOfPage\":{\"@id\":\"https:\/\/www.comercialanma.es\/?product=paleta-cebo-almirez#primaryimage\"},\"datePublished\":\"2021-11-22T16:09:14+00:00\",\"dateModified\":\"2021-12-21T10:42:46+00:00\",\"description\":\"Paleta de cebo 50% raza ib\\u00e9rica | 4,5-5Kg.\/ Aprox. | Almirez | Paleta de cebo 50% raza ib\\u00e9rica, con hueso. Curaci\\u00f3n m\\u00ednima 24 meses.\",\"breadcrumb\":{\"@id\":\"https:\/\/www.comercialanma.es\/?product=paleta-cebo-almirez#breadcrumb\"},\"inLanguage\":\"es\",\"potentialAction\":[{\"@type\":\"ReadAction\",\"target\":[\"https:\/\/www.comercialanma.es\/?product=paleta-cebo-almirez\"]}]},{\"@type\":\"BreadcrumbList\",\"@id\":\"https:\/\/www.comercialanma.es\/?product=paleta-cebo-almirez#breadcrumb\",\"itemListElement\":[{\"@type\":\"ListItem\",\"position\":1,\"item\":{\"@type\":\"WebPage\",\"@id\":\"https:\/\/www.comercialanma.es\/\",\"url\":\"https:\/\/www.comercialanma.es\/\",\"name\":\"Portada\"}},{\"@type\":\"ListItem\",\"position\":2,\"item\":{\"@type\":\"WebPage\",\"@id\":\"https:\/\/www.comercialanma.es\/?page_id=3963\",\"url\":\"https:\/\/www.comercialanma.es\/?page_id=3963\",\"name\":\"Cat\\u00e1logo de Productos\"}},{\"@type\":\"ListItem\",\"position\":3,\"item\":{\"@type\":\"WebPage\",\"@id\":\"https:\/\/www.comercialanma.es\/?product=paleta-cebo-almirez\",\"url\":\"https:\/\/www.comercialanma.es\/?product=paleta-cebo-almirez\",\"name\":\"Paleta cebo 50% Ib\\u00e9rica Almirez 4,5-5Kg. Aprox.\"}}]}]}<\/script>\n<!-- \/ Yoast SEO plugin. -->","_links":{"self":[{"href":"https:\/\/www.comercialanma.es\/index.php?rest_route=\/wp\/v2\/product\/19856"}],"collection":[{"href":"https:\/\/www.comercialanma.es\/index.php?rest_route=\/wp\/v2\/product"}],"about":[{"href":"https:\/\/www.comercialanma.es\/index.php?rest_route=\/wp\/v2\/types\/product"}],"version-history":[{"count":1,"href":"https:\/\/www.comercialanma.es\/index.php?rest_route=\/wp\/v2\/product\/19856\/revisions"}],"predecessor-version":[{"id":19858,"href":"https:\/\/www.comercialanma.es\/index.php?rest_route=\/wp\/v2\/product\/19856\/revisions\/19858"}],"wp:featuredmedia":[{"embeddable":true,"href":"https:\/\/www.comercialanma.es\/index.php?rest_route=\/wp\/v2\/media\/20173"}],"wp:attachment":[{"href":"https:\/\/www.comercialanma.es\/index.php?rest_route=%2Fwp%2Fv2%2Fmedia&parent=19856"}],"curies":[{"name":"wp","href":"https:\/\/api.w.org\/{rel}","templated":true}]}}