
{"id":19921,"date":"2021-12-07T15:28:25","date_gmt":"2021-12-07T14:28:25","guid":{"rendered":"https:\/\/www.comercialanma.es\/?post_type=product&#038;p=19921"},"modified":"2021-12-07T15:36:36","modified_gmt":"2021-12-07T14:36:36","slug":"queso-roquefort-le-palais-saveurs-1-2-pieza","status":"publish","type":"product","link":"https:\/\/www.comercialanma.es\/?product=queso-roquefort-le-palais-saveurs-1-2-pieza","title":{"rendered":"Queso Roquefort Le Palais Saveurs 1\/2 Pieza."},"content":{"rendered":"<p>Marca: Le Palais Saveurs<\/p>\n<p>Este producto debe conservarse en frio (entre +2 i +8\u00ba)<\/p>\n<p>Formato: 1\/2 Pieza<\/p>\n","protected":false},"excerpt":{"rendered":"<p>Proviene de la provincia de Aveyron, en la meseta de de Causses, del pueblo de Rochefort-sur- Soulzon. Regi\u00f3n llena de cuevas naturales necesarias para la afinaci\u00f3n de este queso. Es el queso m\u00e1s antiguo de Francia (antes siglo XIV). Hoy en d\u00eda se elaboran en la regi\u00f3n del Midi franc\u00e9s. Es quiz\u00e1s el queso m\u00e1s conocido y m\u00e1s caro. Tiene su D.O: desde 1925, pero su patente data del siglo XIV.<\/p>\n","protected":false},"featured_media":19922,"template":"","meta":{"spay_email":""},"yoast_head":"<!-- This site is optimized with the Yoast SEO plugin v15.9 - https:\/\/yoast.com\/wordpress\/plugins\/seo\/ -->\n<title>Queso Roquefort Le Palais Saveurs 1\/2 Pieza. - Comercial de Hosteleria Anma<\/title>\n<meta name=\"description\" content=\"Queso Roquefort Le Palais Saveurs | 1\/2 Pieza | Es el queso m\u00e1s antiguo de Francia. Es quiz\u00e1s el queso m\u00e1s conocido y m\u00e1s caro\" \/>\n<meta name=\"robots\" content=\"index, follow, max-snippet:-1, max-image-preview:large, max-video-preview:-1\" \/>\n<link rel=\"canonical\" href=\"https:\/\/www.comercialanma.es\/?product=queso-roquefort-le-palais-saveurs-1-2-pieza\" \/>\n<meta property=\"og:locale\" content=\"es_ES\" \/>\n<meta property=\"og:type\" content=\"article\" \/>\n<meta property=\"og:title\" content=\"Queso Roquefort Le Palais Saveurs 1\/2 Pieza. - Comercial de Hosteleria Anma\" \/>\n<meta property=\"og:description\" content=\"Queso Roquefort Le Palais Saveurs | 1\/2 Pieza | Es el queso m\u00e1s antiguo de Francia. Es quiz\u00e1s el queso m\u00e1s conocido y m\u00e1s caro\" \/>\n<meta property=\"og:url\" content=\"https:\/\/www.comercialanma.es\/?product=queso-roquefort-le-palais-saveurs-1-2-pieza\" \/>\n<meta property=\"og:site_name\" content=\"Comercial de Hosteleria Anma\" \/>\n<meta property=\"article:publisher\" content=\"https:\/\/www.facebook.com\/AnmaHosteleria\" \/>\n<meta property=\"article:modified_time\" content=\"2021-12-07T14:36:36+00:00\" \/>\n<meta property=\"og:image\" content=\"https:\/\/i1.wp.com\/www.comercialanma.es\/wp-content\/uploads\/2021\/12\/roquefort-le-palais-saveurs-media-pieza.jpg?fit=1080%2C1080&#038;ssl=1\" \/>\n\t<meta property=\"og:image:width\" content=\"1080\" \/>\n\t<meta property=\"og:image:height\" content=\"1080\" \/>\n<meta name=\"twitter:card\" content=\"summary_large_image\" \/>\n<meta name=\"twitter:label1\" content=\"Tiempo de lectura\">\n\t<meta name=\"twitter:data1\" content=\"1 minuto\">\n<script type=\"application\/ld+json\" class=\"yoast-schema-graph\">{\"@context\":\"https:\/\/schema.org\",\"@graph\":[{\"@type\":\"Organization\",\"@id\":\"https:\/\/www.comercialanma.es\/#organization\",\"name\":\"Comercial Anma\",\"url\":\"https:\/\/www.comercialanma.es\/\",\"sameAs\":[\"https:\/\/www.facebook.com\/AnmaHosteleria\",\"https:\/\/www.instagram.com\/anmahosteleria\/?hl=es\",\"https:\/\/www.youtube.com\/channel\/UCT2nmn08Ntks0hmpZPnDgCA\"],\"logo\":{\"@type\":\"ImageObject\",\"@id\":\"https:\/\/www.comercialanma.es\/#logo\",\"inLanguage\":\"es\",\"url\":\"https:\/\/i2.wp.com\/www.comercialanma.es\/wp-content\/uploads\/2019\/06\/logo-anma-color.png?fit=247%2C101&ssl=1\",\"width\":247,\"height\":101,\"caption\":\"Comercial Anma\"},\"image\":{\"@id\":\"https:\/\/www.comercialanma.es\/#logo\"}},{\"@type\":\"WebSite\",\"@id\":\"https:\/\/www.comercialanma.es\/#website\",\"url\":\"https:\/\/www.comercialanma.es\/\",\"name\":\"Comercial de Hosteleria Anma\",\"description\":\"\",\"publisher\":{\"@id\":\"https:\/\/www.comercialanma.es\/#organization\"},\"potentialAction\":[{\"@type\":\"SearchAction\",\"target\":\"https:\/\/www.comercialanma.es\/?s={search_term_string}\",\"query-input\":\"required name=search_term_string\"}],\"inLanguage\":\"es\"},{\"@type\":\"ImageObject\",\"@id\":\"https:\/\/www.comercialanma.es\/?product=queso-roquefort-le-palais-saveurs-1-2-pieza#primaryimage\",\"inLanguage\":\"es\",\"url\":\"https:\/\/i1.wp.com\/www.comercialanma.es\/wp-content\/uploads\/2021\/12\/roquefort-le-palais-saveurs-media-pieza.jpg?fit=1080%2C1080&ssl=1\",\"width\":1080,\"height\":1080},{\"@type\":\"WebPage\",\"@id\":\"https:\/\/www.comercialanma.es\/?product=queso-roquefort-le-palais-saveurs-1-2-pieza#webpage\",\"url\":\"https:\/\/www.comercialanma.es\/?product=queso-roquefort-le-palais-saveurs-1-2-pieza\",\"name\":\"Queso Roquefort Le Palais Saveurs 1\/2 Pieza. - Comercial de Hosteleria Anma\",\"isPartOf\":{\"@id\":\"https:\/\/www.comercialanma.es\/#website\"},\"primaryImageOfPage\":{\"@id\":\"https:\/\/www.comercialanma.es\/?product=queso-roquefort-le-palais-saveurs-1-2-pieza#primaryimage\"},\"datePublished\":\"2021-12-07T14:28:25+00:00\",\"dateModified\":\"2021-12-07T14:36:36+00:00\",\"description\":\"Queso Roquefort Le Palais Saveurs | 1\/2 Pieza | Es el queso m\\u00e1s antiguo de Francia. Es quiz\\u00e1s el queso m\\u00e1s conocido y m\\u00e1s caro\",\"breadcrumb\":{\"@id\":\"https:\/\/www.comercialanma.es\/?product=queso-roquefort-le-palais-saveurs-1-2-pieza#breadcrumb\"},\"inLanguage\":\"es\",\"potentialAction\":[{\"@type\":\"ReadAction\",\"target\":[\"https:\/\/www.comercialanma.es\/?product=queso-roquefort-le-palais-saveurs-1-2-pieza\"]}]},{\"@type\":\"BreadcrumbList\",\"@id\":\"https:\/\/www.comercialanma.es\/?product=queso-roquefort-le-palais-saveurs-1-2-pieza#breadcrumb\",\"itemListElement\":[{\"@type\":\"ListItem\",\"position\":1,\"item\":{\"@type\":\"WebPage\",\"@id\":\"https:\/\/www.comercialanma.es\/\",\"url\":\"https:\/\/www.comercialanma.es\/\",\"name\":\"Portada\"}},{\"@type\":\"ListItem\",\"position\":2,\"item\":{\"@type\":\"WebPage\",\"@id\":\"https:\/\/www.comercialanma.es\/?page_id=3963\",\"url\":\"https:\/\/www.comercialanma.es\/?page_id=3963\",\"name\":\"Cat\\u00e1logo de Productos\"}},{\"@type\":\"ListItem\",\"position\":3,\"item\":{\"@type\":\"WebPage\",\"@id\":\"https:\/\/www.comercialanma.es\/?product=queso-roquefort-le-palais-saveurs-1-2-pieza\",\"url\":\"https:\/\/www.comercialanma.es\/?product=queso-roquefort-le-palais-saveurs-1-2-pieza\",\"name\":\"Queso Roquefort Le Palais Saveurs 1\/2 Pieza.\"}}]}]}<\/script>\n<!-- \/ Yoast SEO plugin. -->","_links":{"self":[{"href":"https:\/\/www.comercialanma.es\/index.php?rest_route=\/wp\/v2\/product\/19921"}],"collection":[{"href":"https:\/\/www.comercialanma.es\/index.php?rest_route=\/wp\/v2\/product"}],"about":[{"href":"https:\/\/www.comercialanma.es\/index.php?rest_route=\/wp\/v2\/types\/product"}],"version-history":[{"count":1,"href":"https:\/\/www.comercialanma.es\/index.php?rest_route=\/wp\/v2\/product\/19921\/revisions"}],"predecessor-version":[{"id":19923,"href":"https:\/\/www.comercialanma.es\/index.php?rest_route=\/wp\/v2\/product\/19921\/revisions\/19923"}],"wp:featuredmedia":[{"embeddable":true,"href":"https:\/\/www.comercialanma.es\/index.php?rest_route=\/wp\/v2\/media\/19922"}],"wp:attachment":[{"href":"https:\/\/www.comercialanma.es\/index.php?rest_route=%2Fwp%2Fv2%2Fmedia&parent=19921"}],"curies":[{"name":"wp","href":"https:\/\/api.w.org\/{rel}","templated":true}]}}