
{"id":19958,"date":"2021-12-09T17:47:17","date_gmt":"2021-12-09T16:47:17","guid":{"rendered":"https:\/\/www.comercialanma.es\/?post_type=product&#038;p=19958"},"modified":"2021-12-09T17:51:26","modified_gmt":"2021-12-09T16:51:26","slug":"mantecados-surtidos-gamito","status":"publish","type":"product","link":"https:\/\/www.comercialanma.es\/?product=mantecados-surtidos-gamito","title":{"rendered":"Mantecados surtidos Gamito 300gr."},"content":{"rendered":"<p>Mantecados surtidos<\/p>\n<p>Marca: Gamito<\/p>\n<p>Cantidad: 300gr.<\/p>\n","protected":false},"excerpt":{"rendered":"<div>\n<div data-bg-cover=\"\" data-padding-pos=\"all\" data-has-bg-color=\"false\" data-bg-color=\"\" data-bg-opacity=\"1\" data-hover-bg=\"\" data-hover-bg-opacity=\"1\" data-animation=\"fade-in-from-bottom\" data-delay=\"300\">\n<div>\n<p>Uno de nuestros estuches l\u00edder en ventas. Surtido de mantecados como los de anta\u00f1o que incluye las variedades m\u00e1s tradicionales del mantecado estepe\u00f1o.<\/p>\n<p>Contenido: Mantecados de canela, Polvorones especiales, Mantecados de lim\u00f3n, Mantecados de chocolate, Mantecados de coco, Alfajores especiales, Roscos de vino<\/p>\n<\/div>\n<\/div>\n<\/div>\n","protected":false},"featured_media":19959,"template":"","meta":{"spay_email":""},"yoast_head":"<!-- This site is optimized with the Yoast SEO plugin v15.9 - https:\/\/yoast.com\/wordpress\/plugins\/seo\/ -->\n<title>Mantecados surtidos Gamito 300gr. - Comercial de Hosteleria Anma<\/title>\n<meta name=\"description\" content=\"Mantecados surtidos | Gamito | 300gr.| Mantecados como los de anta\u00f1o que incluye las variedades m\u00e1s tradicionales del mantecado estepe\u00f1o.\" \/>\n<meta name=\"robots\" content=\"index, follow, max-snippet:-1, max-image-preview:large, max-video-preview:-1\" \/>\n<link rel=\"canonical\" href=\"https:\/\/www.comercialanma.es\/?product=mantecados-surtidos-gamito\" \/>\n<meta property=\"og:locale\" content=\"es_ES\" \/>\n<meta property=\"og:type\" content=\"article\" \/>\n<meta property=\"og:title\" content=\"Mantecados surtidos Gamito 300gr. - Comercial de Hosteleria Anma\" \/>\n<meta property=\"og:description\" content=\"Mantecados surtidos | Gamito | 300gr.| Mantecados como los de anta\u00f1o que incluye las variedades m\u00e1s tradicionales del mantecado estepe\u00f1o.\" \/>\n<meta property=\"og:url\" content=\"https:\/\/www.comercialanma.es\/?product=mantecados-surtidos-gamito\" \/>\n<meta property=\"og:site_name\" content=\"Comercial de Hosteleria Anma\" \/>\n<meta property=\"article:publisher\" content=\"https:\/\/www.facebook.com\/AnmaHosteleria\" \/>\n<meta property=\"article:modified_time\" content=\"2021-12-09T16:51:26+00:00\" \/>\n<meta property=\"og:image\" content=\"https:\/\/i1.wp.com\/www.comercialanma.es\/wp-content\/uploads\/2021\/12\/Mantecado-surtido-Gamito-300gr.jpg?fit=1080%2C1080&#038;ssl=1\" \/>\n\t<meta property=\"og:image:width\" content=\"1080\" \/>\n\t<meta property=\"og:image:height\" content=\"1080\" \/>\n<meta name=\"twitter:card\" content=\"summary_large_image\" \/>\n<meta name=\"twitter:label1\" content=\"Tiempo de lectura\">\n\t<meta name=\"twitter:data1\" content=\"1 minuto\">\n<script type=\"application\/ld+json\" class=\"yoast-schema-graph\">{\"@context\":\"https:\/\/schema.org\",\"@graph\":[{\"@type\":\"Organization\",\"@id\":\"https:\/\/www.comercialanma.es\/#organization\",\"name\":\"Comercial Anma\",\"url\":\"https:\/\/www.comercialanma.es\/\",\"sameAs\":[\"https:\/\/www.facebook.com\/AnmaHosteleria\",\"https:\/\/www.instagram.com\/anmahosteleria\/?hl=es\",\"https:\/\/www.youtube.com\/channel\/UCT2nmn08Ntks0hmpZPnDgCA\"],\"logo\":{\"@type\":\"ImageObject\",\"@id\":\"https:\/\/www.comercialanma.es\/#logo\",\"inLanguage\":\"es\",\"url\":\"https:\/\/i2.wp.com\/www.comercialanma.es\/wp-content\/uploads\/2019\/06\/logo-anma-color.png?fit=247%2C101&ssl=1\",\"width\":247,\"height\":101,\"caption\":\"Comercial Anma\"},\"image\":{\"@id\":\"https:\/\/www.comercialanma.es\/#logo\"}},{\"@type\":\"WebSite\",\"@id\":\"https:\/\/www.comercialanma.es\/#website\",\"url\":\"https:\/\/www.comercialanma.es\/\",\"name\":\"Comercial de Hosteleria Anma\",\"description\":\"\",\"publisher\":{\"@id\":\"https:\/\/www.comercialanma.es\/#organization\"},\"potentialAction\":[{\"@type\":\"SearchAction\",\"target\":\"https:\/\/www.comercialanma.es\/?s={search_term_string}\",\"query-input\":\"required name=search_term_string\"}],\"inLanguage\":\"es\"},{\"@type\":\"ImageObject\",\"@id\":\"https:\/\/www.comercialanma.es\/?product=mantecados-surtidos-gamito#primaryimage\",\"inLanguage\":\"es\",\"url\":\"https:\/\/i1.wp.com\/www.comercialanma.es\/wp-content\/uploads\/2021\/12\/Mantecado-surtido-Gamito-300gr.jpg?fit=1080%2C1080&ssl=1\",\"width\":1080,\"height\":1080},{\"@type\":\"WebPage\",\"@id\":\"https:\/\/www.comercialanma.es\/?product=mantecados-surtidos-gamito#webpage\",\"url\":\"https:\/\/www.comercialanma.es\/?product=mantecados-surtidos-gamito\",\"name\":\"Mantecados surtidos Gamito 300gr. - Comercial de Hosteleria Anma\",\"isPartOf\":{\"@id\":\"https:\/\/www.comercialanma.es\/#website\"},\"primaryImageOfPage\":{\"@id\":\"https:\/\/www.comercialanma.es\/?product=mantecados-surtidos-gamito#primaryimage\"},\"datePublished\":\"2021-12-09T16:47:17+00:00\",\"dateModified\":\"2021-12-09T16:51:26+00:00\",\"description\":\"Mantecados surtidos | Gamito | 300gr.| Mantecados como los de anta\\u00f1o que incluye las variedades m\\u00e1s tradicionales del mantecado estepe\\u00f1o.\",\"breadcrumb\":{\"@id\":\"https:\/\/www.comercialanma.es\/?product=mantecados-surtidos-gamito#breadcrumb\"},\"inLanguage\":\"es\",\"potentialAction\":[{\"@type\":\"ReadAction\",\"target\":[\"https:\/\/www.comercialanma.es\/?product=mantecados-surtidos-gamito\"]}]},{\"@type\":\"BreadcrumbList\",\"@id\":\"https:\/\/www.comercialanma.es\/?product=mantecados-surtidos-gamito#breadcrumb\",\"itemListElement\":[{\"@type\":\"ListItem\",\"position\":1,\"item\":{\"@type\":\"WebPage\",\"@id\":\"https:\/\/www.comercialanma.es\/\",\"url\":\"https:\/\/www.comercialanma.es\/\",\"name\":\"Portada\"}},{\"@type\":\"ListItem\",\"position\":2,\"item\":{\"@type\":\"WebPage\",\"@id\":\"https:\/\/www.comercialanma.es\/?page_id=3963\",\"url\":\"https:\/\/www.comercialanma.es\/?page_id=3963\",\"name\":\"Cat\\u00e1logo de Productos\"}},{\"@type\":\"ListItem\",\"position\":3,\"item\":{\"@type\":\"WebPage\",\"@id\":\"https:\/\/www.comercialanma.es\/?product=mantecados-surtidos-gamito\",\"url\":\"https:\/\/www.comercialanma.es\/?product=mantecados-surtidos-gamito\",\"name\":\"Mantecados surtidos Gamito 300gr.\"}}]}]}<\/script>\n<!-- \/ Yoast SEO plugin. -->","_links":{"self":[{"href":"https:\/\/www.comercialanma.es\/index.php?rest_route=\/wp\/v2\/product\/19958"}],"collection":[{"href":"https:\/\/www.comercialanma.es\/index.php?rest_route=\/wp\/v2\/product"}],"about":[{"href":"https:\/\/www.comercialanma.es\/index.php?rest_route=\/wp\/v2\/types\/product"}],"version-history":[{"count":1,"href":"https:\/\/www.comercialanma.es\/index.php?rest_route=\/wp\/v2\/product\/19958\/revisions"}],"predecessor-version":[{"id":19960,"href":"https:\/\/www.comercialanma.es\/index.php?rest_route=\/wp\/v2\/product\/19958\/revisions\/19960"}],"wp:featuredmedia":[{"embeddable":true,"href":"https:\/\/www.comercialanma.es\/index.php?rest_route=\/wp\/v2\/media\/19959"}],"wp:attachment":[{"href":"https:\/\/www.comercialanma.es\/index.php?rest_route=%2Fwp%2Fv2%2Fmedia&parent=19958"}],"curies":[{"name":"wp","href":"https:\/\/api.w.org\/{rel}","templated":true}]}}