
{"id":20044,"date":"2021-12-14T10:18:19","date_gmt":"2021-12-14T09:18:19","guid":{"rendered":"https:\/\/www.comercialanma.es\/?post_type=product&#038;p=20044"},"modified":"2024-04-02T16:01:58","modified_gmt":"2024-04-02T14:01:58","slug":"torta-de-queso-dehesa","status":"publish","type":"product","link":"https:\/\/www.comercialanma.es\/?product=torta-de-queso-dehesa","title":{"rendered":"Queso Torta De Dehesa Hacienda Zorita 250gr."},"content":{"rendered":"<p>Queso de pasta blanda elaborado con leche cruda de oveja.<\/p>\n<p>Coagulaci\u00f3n enzim\u00e1tica, producida por la flor desecada del cardo silvestre Cyanara cardunculus.<\/p>\n<p>PREMIO CINCHO A LA INNOVACI\u00d3N 2016<\/p>\n<h3>INGREDIENTES<\/h3>\n<p>LECHE\u00a0cruda de oveja, cuajo vegetal y sal. Origen de la leche: Espa\u00f1a<\/p>\n<h3>CATA<\/h3>\n<p style=\"font-weight: 300;\">Olor: limpio, equilibrado e intenso, suave, l\u00e1ctico y caracter\u00edstico, con notas dulces de cereal.<\/p>\n<p style=\"font-weight: 300;\">Fundente al paladar, sabor suave y muy personal. Algo \u00e1cido con explosi\u00f3n de sabores a hierbas y un elegante retrogusto amargo producido por el cuajo vegetal empleado.<\/p>\n","protected":false},"excerpt":{"rendered":"<p>Queso Torta De Dehesa | Hacienda Zorita | 250gr.|<\/p>\n<p>Queso de pasta blanda elaborado con leche cruda de oveja. Coagulaci\u00f3n enzim\u00e1tica, producida por la flor desecada del cardo silvestre Cyanara cardunculus. PREMIO CINCHO A LA INNOVACI\u00d3N 2016<\/p>\n","protected":false},"featured_media":23698,"template":"","meta":{"spay_email":""},"yoast_head":"<!-- This site is optimized with the Yoast SEO plugin v15.9 - https:\/\/yoast.com\/wordpress\/plugins\/seo\/ -->\n<title>Queso Torta De Dehesa Hacienda Zorita 250gr. - Comercial de Hosteleria Anma<\/title>\n<meta name=\"description\" content=\"Queso Torta De Dehesa | Hacienda Zorita | 250gr.| Queso de pasta blanda elaborado con leche cruda de oveja.\" \/>\n<meta name=\"robots\" content=\"index, follow, max-snippet:-1, max-image-preview:large, max-video-preview:-1\" \/>\n<link rel=\"canonical\" href=\"https:\/\/www.comercialanma.es\/?product=torta-de-queso-dehesa\" \/>\n<meta property=\"og:locale\" content=\"es_ES\" \/>\n<meta property=\"og:type\" content=\"article\" \/>\n<meta property=\"og:title\" content=\"Queso Torta De Dehesa Hacienda Zorita 250gr. - Comercial de Hosteleria Anma\" \/>\n<meta property=\"og:description\" content=\"Queso Torta De Dehesa | Hacienda Zorita | 250gr.| Queso de pasta blanda elaborado con leche cruda de oveja.\" \/>\n<meta property=\"og:url\" content=\"https:\/\/www.comercialanma.es\/?product=torta-de-queso-dehesa\" \/>\n<meta property=\"og:site_name\" content=\"Comercial de Hosteleria Anma\" \/>\n<meta property=\"article:publisher\" content=\"https:\/\/www.facebook.com\/AnmaHosteleria\" \/>\n<meta property=\"article:modified_time\" content=\"2024-04-02T14:01:58+00:00\" \/>\n<meta property=\"og:image\" content=\"https:\/\/i0.wp.com\/www.comercialanma.es\/wp-content\/uploads\/2021\/12\/TORTA-QUESO-HACIENDA-ZORITA-24.jpg?fit=1080%2C1080&#038;ssl=1\" \/>\n\t<meta property=\"og:image:width\" content=\"1080\" \/>\n\t<meta property=\"og:image:height\" content=\"1080\" \/>\n<meta name=\"twitter:card\" content=\"summary_large_image\" \/>\n<meta name=\"twitter:label1\" content=\"Tiempo de lectura\">\n\t<meta name=\"twitter:data1\" content=\"1 minuto\">\n<script type=\"application\/ld+json\" class=\"yoast-schema-graph\">{\"@context\":\"https:\/\/schema.org\",\"@graph\":[{\"@type\":\"Organization\",\"@id\":\"https:\/\/www.comercialanma.es\/#organization\",\"name\":\"Comercial Anma\",\"url\":\"https:\/\/www.comercialanma.es\/\",\"sameAs\":[\"https:\/\/www.facebook.com\/AnmaHosteleria\",\"https:\/\/www.instagram.com\/anmahosteleria\/?hl=es\",\"https:\/\/www.youtube.com\/channel\/UCT2nmn08Ntks0hmpZPnDgCA\"],\"logo\":{\"@type\":\"ImageObject\",\"@id\":\"https:\/\/www.comercialanma.es\/#logo\",\"inLanguage\":\"es\",\"url\":\"https:\/\/i2.wp.com\/www.comercialanma.es\/wp-content\/uploads\/2019\/06\/logo-anma-color.png?fit=247%2C101&ssl=1\",\"width\":247,\"height\":101,\"caption\":\"Comercial Anma\"},\"image\":{\"@id\":\"https:\/\/www.comercialanma.es\/#logo\"}},{\"@type\":\"WebSite\",\"@id\":\"https:\/\/www.comercialanma.es\/#website\",\"url\":\"https:\/\/www.comercialanma.es\/\",\"name\":\"Comercial de Hosteleria Anma\",\"description\":\"\",\"publisher\":{\"@id\":\"https:\/\/www.comercialanma.es\/#organization\"},\"potentialAction\":[{\"@type\":\"SearchAction\",\"target\":\"https:\/\/www.comercialanma.es\/?s={search_term_string}\",\"query-input\":\"required name=search_term_string\"}],\"inLanguage\":\"es\"},{\"@type\":\"ImageObject\",\"@id\":\"https:\/\/www.comercialanma.es\/?product=torta-de-queso-dehesa#primaryimage\",\"inLanguage\":\"es\",\"url\":\"https:\/\/i0.wp.com\/www.comercialanma.es\/wp-content\/uploads\/2021\/12\/TORTA-QUESO-HACIENDA-ZORITA-24.jpg?fit=1080%2C1080&ssl=1\",\"width\":1080,\"height\":1080},{\"@type\":\"WebPage\",\"@id\":\"https:\/\/www.comercialanma.es\/?product=torta-de-queso-dehesa#webpage\",\"url\":\"https:\/\/www.comercialanma.es\/?product=torta-de-queso-dehesa\",\"name\":\"Queso Torta De Dehesa Hacienda Zorita 250gr. - Comercial de Hosteleria Anma\",\"isPartOf\":{\"@id\":\"https:\/\/www.comercialanma.es\/#website\"},\"primaryImageOfPage\":{\"@id\":\"https:\/\/www.comercialanma.es\/?product=torta-de-queso-dehesa#primaryimage\"},\"datePublished\":\"2021-12-14T09:18:19+00:00\",\"dateModified\":\"2024-04-02T14:01:58+00:00\",\"description\":\"Queso Torta De Dehesa | Hacienda Zorita | 250gr.| Queso de pasta blanda elaborado con leche cruda de oveja.\",\"breadcrumb\":{\"@id\":\"https:\/\/www.comercialanma.es\/?product=torta-de-queso-dehesa#breadcrumb\"},\"inLanguage\":\"es\",\"potentialAction\":[{\"@type\":\"ReadAction\",\"target\":[\"https:\/\/www.comercialanma.es\/?product=torta-de-queso-dehesa\"]}]},{\"@type\":\"BreadcrumbList\",\"@id\":\"https:\/\/www.comercialanma.es\/?product=torta-de-queso-dehesa#breadcrumb\",\"itemListElement\":[{\"@type\":\"ListItem\",\"position\":1,\"item\":{\"@type\":\"WebPage\",\"@id\":\"https:\/\/www.comercialanma.es\/\",\"url\":\"https:\/\/www.comercialanma.es\/\",\"name\":\"Portada\"}},{\"@type\":\"ListItem\",\"position\":2,\"item\":{\"@type\":\"WebPage\",\"@id\":\"https:\/\/www.comercialanma.es\/?page_id=3963\",\"url\":\"https:\/\/www.comercialanma.es\/?page_id=3963\",\"name\":\"Cat\\u00e1logo de Productos\"}},{\"@type\":\"ListItem\",\"position\":3,\"item\":{\"@type\":\"WebPage\",\"@id\":\"https:\/\/www.comercialanma.es\/?product=torta-de-queso-dehesa\",\"url\":\"https:\/\/www.comercialanma.es\/?product=torta-de-queso-dehesa\",\"name\":\"Queso Torta De Dehesa Hacienda Zorita 250gr.\"}}]}]}<\/script>\n<!-- \/ Yoast SEO plugin. -->","_links":{"self":[{"href":"https:\/\/www.comercialanma.es\/index.php?rest_route=\/wp\/v2\/product\/20044"}],"collection":[{"href":"https:\/\/www.comercialanma.es\/index.php?rest_route=\/wp\/v2\/product"}],"about":[{"href":"https:\/\/www.comercialanma.es\/index.php?rest_route=\/wp\/v2\/types\/product"}],"version-history":[{"count":2,"href":"https:\/\/www.comercialanma.es\/index.php?rest_route=\/wp\/v2\/product\/20044\/revisions"}],"predecessor-version":[{"id":20050,"href":"https:\/\/www.comercialanma.es\/index.php?rest_route=\/wp\/v2\/product\/20044\/revisions\/20050"}],"wp:featuredmedia":[{"embeddable":true,"href":"https:\/\/www.comercialanma.es\/index.php?rest_route=\/wp\/v2\/media\/23698"}],"wp:attachment":[{"href":"https:\/\/www.comercialanma.es\/index.php?rest_route=%2Fwp%2Fv2%2Fmedia&parent=20044"}],"curies":[{"name":"wp","href":"https:\/\/api.w.org\/{rel}","templated":true}]}}