
{"id":20058,"date":"2021-12-14T12:06:48","date_gmt":"2021-12-14T11:06:48","guid":{"rendered":"https:\/\/www.comercialanma.es\/?post_type=product&#038;p=20058"},"modified":"2021-12-14T12:41:23","modified_gmt":"2021-12-14T11:41:23","slug":"les-crestes-priorat","status":"publish","type":"product","link":"https:\/\/www.comercialanma.es\/?product=les-crestes-priorat","title":{"rendered":"Les Crestes 75cl."},"content":{"rendered":"<h3>D.O.:<\/h3>\n<ul>\n<li>Priorato.<\/li>\n<\/ul>\n<h3>Variedades de uva:<\/h3>\n<ul>\n<li>Garnacha, Cari\u00f1ena, Syrah.<\/li>\n<\/ul>\n<h3>Graduaci\u00f3n:<\/h3>\n<ul>\n<li>Graduaci\u00f3n: 15,0% vol.<\/li>\n<\/ul>\n<h3>Nota de cata:<\/h3>\n<div class=\"wpb_text_column wpb_content_element \">\n<div class=\"wpb_wrapper\">\n<div class=\"field\">\n<div class=\"field-items\">\n<ul>\n<li class=\"field-item odd \">Color rojo viol\u00e1ceo.<\/li>\n<li class=\"field-item odd \">Aromas de fruta roja fresca pero madura a la vez, similar a la cereza en licor, con notas bals\u00e1micas de menta. Gran sensaci\u00f3n de frescor. Punto mineral. Hierbas de bosque mediterr\u00e1neo que recuerdan a romero y lavanda.<\/li>\n<li class=\"field-item odd \">Primera sensaci\u00f3n de potencia sedosa. Sabroso. Fresco y suave al principio con la aparici\u00f3n de sensaciones m\u00e1s c\u00e1lidas en el final. Largo y estructurado.<\/li>\n<\/ul>\n<\/div>\n<\/div>\n<\/div>\n<\/div>\n<p>&nbsp;<\/p>\n","protected":false},"excerpt":{"rendered":"<div id=\"tw-target-text-container\">\n<p dir=\"ltr\" data-placeholder=\"Traducci\u00f3n\">Les crestes | 75cl. | D.O Priorato |<\/p>\n<p dir=\"ltr\" data-placeholder=\"Traducci\u00f3n\">Estupendo vino que cuenta con una extraordinaria acidez\u00a0y\u00a0expresa a las mil maravillas\u00a0la tipicidad del vi\u00f1edo. Nos encontramos ante un tinto\u00a0muy vivo, sumamente fresco y goloso,\u00a0que invita a seguir bebiendo sin descanso. Ideal para compartir entre amigos.\u00a0Afrutado, fresco y expresivo, cuya fuerza reside en ser genuino.<\/p>\n<\/div>\n","protected":false},"featured_media":20059,"template":"","meta":{"spay_email":""},"yoast_head":"<!-- This site is optimized with the Yoast SEO plugin v15.9 - https:\/\/yoast.com\/wordpress\/plugins\/seo\/ -->\n<title>Les Crestes 75cl. - Comercial de Hosteleria Anma<\/title>\n<meta name=\"description\" content=\"Les crestes | 75cl. | D.O Priorato | Nos encontramos ante un tinto\u00a0muy vivo, sumamente fresco y goloso. Afrutado, fresco y expresivo.\" \/>\n<meta name=\"robots\" content=\"index, follow, max-snippet:-1, max-image-preview:large, max-video-preview:-1\" \/>\n<link rel=\"canonical\" href=\"https:\/\/www.comercialanma.es\/?product=les-crestes-priorat\" \/>\n<meta property=\"og:locale\" content=\"es_ES\" \/>\n<meta property=\"og:type\" content=\"article\" \/>\n<meta property=\"og:title\" content=\"Les Crestes 75cl. - Comercial de Hosteleria Anma\" \/>\n<meta property=\"og:description\" content=\"Les crestes | 75cl. | D.O Priorato | Nos encontramos ante un tinto\u00a0muy vivo, sumamente fresco y goloso. Afrutado, fresco y expresivo.\" \/>\n<meta property=\"og:url\" content=\"https:\/\/www.comercialanma.es\/?product=les-crestes-priorat\" \/>\n<meta property=\"og:site_name\" content=\"Comercial de Hosteleria Anma\" \/>\n<meta property=\"article:publisher\" content=\"https:\/\/www.facebook.com\/AnmaHosteleria\" \/>\n<meta property=\"article:modified_time\" content=\"2021-12-14T11:41:23+00:00\" \/>\n<meta property=\"og:image\" content=\"https:\/\/i0.wp.com\/www.comercialanma.es\/wp-content\/uploads\/2021\/12\/Les-Crestes-priorat.jpg?fit=1080%2C1080&#038;ssl=1\" \/>\n\t<meta property=\"og:image:width\" content=\"1080\" \/>\n\t<meta property=\"og:image:height\" content=\"1080\" \/>\n<meta name=\"twitter:card\" content=\"summary_large_image\" \/>\n<meta name=\"twitter:label1\" content=\"Tiempo de lectura\">\n\t<meta name=\"twitter:data1\" content=\"1 minuto\">\n<script type=\"application\/ld+json\" class=\"yoast-schema-graph\">{\"@context\":\"https:\/\/schema.org\",\"@graph\":[{\"@type\":\"Organization\",\"@id\":\"https:\/\/www.comercialanma.es\/#organization\",\"name\":\"Comercial Anma\",\"url\":\"https:\/\/www.comercialanma.es\/\",\"sameAs\":[\"https:\/\/www.facebook.com\/AnmaHosteleria\",\"https:\/\/www.instagram.com\/anmahosteleria\/?hl=es\",\"https:\/\/www.youtube.com\/channel\/UCT2nmn08Ntks0hmpZPnDgCA\"],\"logo\":{\"@type\":\"ImageObject\",\"@id\":\"https:\/\/www.comercialanma.es\/#logo\",\"inLanguage\":\"es\",\"url\":\"https:\/\/i2.wp.com\/www.comercialanma.es\/wp-content\/uploads\/2019\/06\/logo-anma-color.png?fit=247%2C101&ssl=1\",\"width\":247,\"height\":101,\"caption\":\"Comercial Anma\"},\"image\":{\"@id\":\"https:\/\/www.comercialanma.es\/#logo\"}},{\"@type\":\"WebSite\",\"@id\":\"https:\/\/www.comercialanma.es\/#website\",\"url\":\"https:\/\/www.comercialanma.es\/\",\"name\":\"Comercial de Hosteleria Anma\",\"description\":\"\",\"publisher\":{\"@id\":\"https:\/\/www.comercialanma.es\/#organization\"},\"potentialAction\":[{\"@type\":\"SearchAction\",\"target\":\"https:\/\/www.comercialanma.es\/?s={search_term_string}\",\"query-input\":\"required name=search_term_string\"}],\"inLanguage\":\"es\"},{\"@type\":\"ImageObject\",\"@id\":\"https:\/\/www.comercialanma.es\/?product=les-crestes-priorat#primaryimage\",\"inLanguage\":\"es\",\"url\":\"https:\/\/i0.wp.com\/www.comercialanma.es\/wp-content\/uploads\/2021\/12\/Les-Crestes-priorat.jpg?fit=1080%2C1080&ssl=1\",\"width\":1080,\"height\":1080},{\"@type\":\"WebPage\",\"@id\":\"https:\/\/www.comercialanma.es\/?product=les-crestes-priorat#webpage\",\"url\":\"https:\/\/www.comercialanma.es\/?product=les-crestes-priorat\",\"name\":\"Les Crestes 75cl. - Comercial de Hosteleria Anma\",\"isPartOf\":{\"@id\":\"https:\/\/www.comercialanma.es\/#website\"},\"primaryImageOfPage\":{\"@id\":\"https:\/\/www.comercialanma.es\/?product=les-crestes-priorat#primaryimage\"},\"datePublished\":\"2021-12-14T11:06:48+00:00\",\"dateModified\":\"2021-12-14T11:41:23+00:00\",\"description\":\"Les crestes | 75cl. | D.O Priorato | Nos encontramos ante un tinto\\u00a0muy vivo, sumamente fresco y goloso. Afrutado, fresco y expresivo.\",\"breadcrumb\":{\"@id\":\"https:\/\/www.comercialanma.es\/?product=les-crestes-priorat#breadcrumb\"},\"inLanguage\":\"es\",\"potentialAction\":[{\"@type\":\"ReadAction\",\"target\":[\"https:\/\/www.comercialanma.es\/?product=les-crestes-priorat\"]}]},{\"@type\":\"BreadcrumbList\",\"@id\":\"https:\/\/www.comercialanma.es\/?product=les-crestes-priorat#breadcrumb\",\"itemListElement\":[{\"@type\":\"ListItem\",\"position\":1,\"item\":{\"@type\":\"WebPage\",\"@id\":\"https:\/\/www.comercialanma.es\/\",\"url\":\"https:\/\/www.comercialanma.es\/\",\"name\":\"Portada\"}},{\"@type\":\"ListItem\",\"position\":2,\"item\":{\"@type\":\"WebPage\",\"@id\":\"https:\/\/www.comercialanma.es\/?page_id=3963\",\"url\":\"https:\/\/www.comercialanma.es\/?page_id=3963\",\"name\":\"Cat\\u00e1logo de Productos\"}},{\"@type\":\"ListItem\",\"position\":3,\"item\":{\"@type\":\"WebPage\",\"@id\":\"https:\/\/www.comercialanma.es\/?product=les-crestes-priorat\",\"url\":\"https:\/\/www.comercialanma.es\/?product=les-crestes-priorat\",\"name\":\"Les Crestes 75cl.\"}}]}]}<\/script>\n<!-- \/ Yoast SEO plugin. -->","_links":{"self":[{"href":"https:\/\/www.comercialanma.es\/index.php?rest_route=\/wp\/v2\/product\/20058"}],"collection":[{"href":"https:\/\/www.comercialanma.es\/index.php?rest_route=\/wp\/v2\/product"}],"about":[{"href":"https:\/\/www.comercialanma.es\/index.php?rest_route=\/wp\/v2\/types\/product"}],"version-history":[{"count":1,"href":"https:\/\/www.comercialanma.es\/index.php?rest_route=\/wp\/v2\/product\/20058\/revisions"}],"predecessor-version":[{"id":20060,"href":"https:\/\/www.comercialanma.es\/index.php?rest_route=\/wp\/v2\/product\/20058\/revisions\/20060"}],"wp:featuredmedia":[{"embeddable":true,"href":"https:\/\/www.comercialanma.es\/index.php?rest_route=\/wp\/v2\/media\/20059"}],"wp:attachment":[{"href":"https:\/\/www.comercialanma.es\/index.php?rest_route=%2Fwp%2Fv2%2Fmedia&parent=20058"}],"curies":[{"name":"wp","href":"https:\/\/api.w.org\/{rel}","templated":true}]}}