
{"id":20164,"date":"2021-12-21T09:46:38","date_gmt":"2021-12-21T08:46:38","guid":{"rendered":"https:\/\/www.comercialanma.es\/?post_type=product&#038;p=20164"},"modified":"2021-12-21T10:28:44","modified_gmt":"2021-12-21T09:28:44","slug":"black-orange-red-bull","status":"publish","type":"product","link":"https:\/\/www.comercialanma.es\/?product=black-orange-red-bull","title":{"rendered":"ORGANICS by Red Bull Black Orange 250ml. E.R"},"content":{"rendered":"<ul class=\"a-unordered-list a-vertical a-spacing-mini\">\n<li><span>Sabor a naranja con muchos matices.\u00a0<\/span><span>La mezcla \u00fanica de acidez y fruta crea un sabor a naranja en la lengua, ligeramente amargo y al mismo tiempo maravillosamente refrescante.<\/span><\/li>\n<li><span class=\"a-list-item\"> Autentica Esencia Natural <\/span><\/li>\n<li><span class=\"a-list-item\"> Refresco Bio <\/span><\/li>\n<li><span class=\"a-list-item\"> Con notas arom\u00e1ticas <\/span><\/li>\n<\/ul>\n","protected":false},"excerpt":{"rendered":"<p>ORGANICS Black Orange | 250ml.| by Red Bull | Envase retornable<\/p>\n<p>ORGANICS by Red Bull no contiene aromas artificiales, ni conservantes ni ning\u00fan aditivo artificial como el \u00e1cido fosf\u00f3rico, cumpliendo la Regulaci\u00f3n Org\u00e1nica de la EU. <img loading=\"lazy\" class=\"alignnone wp-image-11065\" src=\"http:\/\/www.comercialanma.es\/wp-content\/uploads\/2019\/10\/simbolo-producto-ecologico.jpg\" alt=\"\" width=\"35\" height=\"23\" \/><\/p>\n<p class=\"single-product-stage__title single-product-stage__title--bull\"><span>Sabor a naranja con muchos matices.\u00a0<\/span><span>La mezcla \u00fanica de acidez y fruta crea un sabor a naranja en la lengua, ligeramente amargo y al mismo tiempo maravillosamente refrescante.<\/span><\/p>\n","protected":false},"featured_media":20165,"template":"","meta":{"spay_email":""},"yoast_head":"<!-- This site is optimized with the Yoast SEO plugin v15.9 - https:\/\/yoast.com\/wordpress\/plugins\/seo\/ -->\n<title>ORGANICS by Red Bull Black Orange 250ml. E.R - Comercial de Hosteleria Anma<\/title>\n<meta name=\"description\" content=\"ORGANICS Black Orange | 250ml.| by Red Bull | Envase retornable | La mezcla \u00fanica de acidez y fruta crea un sabor a naranja en la lengua.\" \/>\n<meta name=\"robots\" content=\"index, follow, max-snippet:-1, max-image-preview:large, max-video-preview:-1\" \/>\n<link rel=\"canonical\" href=\"https:\/\/www.comercialanma.es\/?product=black-orange-red-bull\" \/>\n<meta property=\"og:locale\" content=\"es_ES\" \/>\n<meta property=\"og:type\" content=\"article\" \/>\n<meta property=\"og:title\" content=\"ORGANICS by Red Bull Black Orange 250ml. E.R - Comercial de Hosteleria Anma\" \/>\n<meta property=\"og:description\" content=\"ORGANICS Black Orange | 250ml.| by Red Bull | Envase retornable | La mezcla \u00fanica de acidez y fruta crea un sabor a naranja en la lengua.\" \/>\n<meta property=\"og:url\" content=\"https:\/\/www.comercialanma.es\/?product=black-orange-red-bull\" \/>\n<meta property=\"og:site_name\" content=\"Comercial de Hosteleria Anma\" \/>\n<meta property=\"article:publisher\" content=\"https:\/\/www.facebook.com\/AnmaHosteleria\" \/>\n<meta property=\"article:modified_time\" content=\"2021-12-21T09:28:44+00:00\" \/>\n<meta property=\"og:image\" content=\"https:\/\/i2.wp.com\/www.comercialanma.es\/wp-content\/uploads\/2021\/12\/ORGANICS-BLACK-ORANGE-25CL.jpg?fit=1080%2C1080&#038;ssl=1\" \/>\n\t<meta property=\"og:image:width\" content=\"1080\" \/>\n\t<meta property=\"og:image:height\" content=\"1080\" \/>\n<meta name=\"twitter:card\" content=\"summary_large_image\" \/>\n<meta name=\"twitter:label1\" content=\"Tiempo de lectura\">\n\t<meta name=\"twitter:data1\" content=\"1 minuto\">\n<script type=\"application\/ld+json\" class=\"yoast-schema-graph\">{\"@context\":\"https:\/\/schema.org\",\"@graph\":[{\"@type\":\"Organization\",\"@id\":\"https:\/\/www.comercialanma.es\/#organization\",\"name\":\"Comercial Anma\",\"url\":\"https:\/\/www.comercialanma.es\/\",\"sameAs\":[\"https:\/\/www.facebook.com\/AnmaHosteleria\",\"https:\/\/www.instagram.com\/anmahosteleria\/?hl=es\",\"https:\/\/www.youtube.com\/channel\/UCT2nmn08Ntks0hmpZPnDgCA\"],\"logo\":{\"@type\":\"ImageObject\",\"@id\":\"https:\/\/www.comercialanma.es\/#logo\",\"inLanguage\":\"es\",\"url\":\"https:\/\/i2.wp.com\/www.comercialanma.es\/wp-content\/uploads\/2019\/06\/logo-anma-color.png?fit=247%2C101&ssl=1\",\"width\":247,\"height\":101,\"caption\":\"Comercial Anma\"},\"image\":{\"@id\":\"https:\/\/www.comercialanma.es\/#logo\"}},{\"@type\":\"WebSite\",\"@id\":\"https:\/\/www.comercialanma.es\/#website\",\"url\":\"https:\/\/www.comercialanma.es\/\",\"name\":\"Comercial de Hosteleria Anma\",\"description\":\"\",\"publisher\":{\"@id\":\"https:\/\/www.comercialanma.es\/#organization\"},\"potentialAction\":[{\"@type\":\"SearchAction\",\"target\":\"https:\/\/www.comercialanma.es\/?s={search_term_string}\",\"query-input\":\"required name=search_term_string\"}],\"inLanguage\":\"es\"},{\"@type\":\"ImageObject\",\"@id\":\"https:\/\/www.comercialanma.es\/?product=black-orange-red-bull#primaryimage\",\"inLanguage\":\"es\",\"url\":\"https:\/\/i2.wp.com\/www.comercialanma.es\/wp-content\/uploads\/2021\/12\/ORGANICS-BLACK-ORANGE-25CL.jpg?fit=1080%2C1080&ssl=1\",\"width\":1080,\"height\":1080},{\"@type\":\"WebPage\",\"@id\":\"https:\/\/www.comercialanma.es\/?product=black-orange-red-bull#webpage\",\"url\":\"https:\/\/www.comercialanma.es\/?product=black-orange-red-bull\",\"name\":\"ORGANICS by Red Bull Black Orange 250ml. E.R - Comercial de Hosteleria Anma\",\"isPartOf\":{\"@id\":\"https:\/\/www.comercialanma.es\/#website\"},\"primaryImageOfPage\":{\"@id\":\"https:\/\/www.comercialanma.es\/?product=black-orange-red-bull#primaryimage\"},\"datePublished\":\"2021-12-21T08:46:38+00:00\",\"dateModified\":\"2021-12-21T09:28:44+00:00\",\"description\":\"ORGANICS Black Orange | 250ml.| by Red Bull | Envase retornable | La mezcla \\u00fanica de acidez y fruta crea un sabor a naranja en la lengua.\",\"breadcrumb\":{\"@id\":\"https:\/\/www.comercialanma.es\/?product=black-orange-red-bull#breadcrumb\"},\"inLanguage\":\"es\",\"potentialAction\":[{\"@type\":\"ReadAction\",\"target\":[\"https:\/\/www.comercialanma.es\/?product=black-orange-red-bull\"]}]},{\"@type\":\"BreadcrumbList\",\"@id\":\"https:\/\/www.comercialanma.es\/?product=black-orange-red-bull#breadcrumb\",\"itemListElement\":[{\"@type\":\"ListItem\",\"position\":1,\"item\":{\"@type\":\"WebPage\",\"@id\":\"https:\/\/www.comercialanma.es\/\",\"url\":\"https:\/\/www.comercialanma.es\/\",\"name\":\"Portada\"}},{\"@type\":\"ListItem\",\"position\":2,\"item\":{\"@type\":\"WebPage\",\"@id\":\"https:\/\/www.comercialanma.es\/?page_id=3963\",\"url\":\"https:\/\/www.comercialanma.es\/?page_id=3963\",\"name\":\"Cat\\u00e1logo de Productos\"}},{\"@type\":\"ListItem\",\"position\":3,\"item\":{\"@type\":\"WebPage\",\"@id\":\"https:\/\/www.comercialanma.es\/?product=black-orange-red-bull\",\"url\":\"https:\/\/www.comercialanma.es\/?product=black-orange-red-bull\",\"name\":\"ORGANICS by Red Bull Black Orange 250ml. E.R\"}}]}]}<\/script>\n<!-- \/ Yoast SEO plugin. -->","_links":{"self":[{"href":"https:\/\/www.comercialanma.es\/index.php?rest_route=\/wp\/v2\/product\/20164"}],"collection":[{"href":"https:\/\/www.comercialanma.es\/index.php?rest_route=\/wp\/v2\/product"}],"about":[{"href":"https:\/\/www.comercialanma.es\/index.php?rest_route=\/wp\/v2\/types\/product"}],"version-history":[{"count":1,"href":"https:\/\/www.comercialanma.es\/index.php?rest_route=\/wp\/v2\/product\/20164\/revisions"}],"predecessor-version":[{"id":20166,"href":"https:\/\/www.comercialanma.es\/index.php?rest_route=\/wp\/v2\/product\/20164\/revisions\/20166"}],"wp:featuredmedia":[{"embeddable":true,"href":"https:\/\/www.comercialanma.es\/index.php?rest_route=\/wp\/v2\/media\/20165"}],"wp:attachment":[{"href":"https:\/\/www.comercialanma.es\/index.php?rest_route=%2Fwp%2Fv2%2Fmedia&parent=20164"}],"curies":[{"name":"wp","href":"https:\/\/api.w.org\/{rel}","templated":true}]}}