
{"id":20167,"date":"2021-12-21T11:19:26","date_gmt":"2021-12-21T10:19:26","guid":{"rendered":"https:\/\/www.comercialanma.es\/?post_type=product&#038;p=20167"},"modified":"2021-12-21T11:25:00","modified_gmt":"2021-12-21T10:25:00","slug":"paleta-los-pedroches","status":"publish","type":"product","link":"https:\/\/www.comercialanma.es\/?product=paleta-los-pedroches","title":{"rendered":"Paleta de Bellota 100% Ib\u00e9rica D.O.P Los Pedroches"},"content":{"rendered":"<ul>\n<li>D.O.P Los Pedroches<\/li>\n<li>Paleta 100% Raza Ib\u00e9rica bellota<\/li>\n<li>4 a 6 Kg.\/Aprox.<\/li>\n<\/ul>\n","protected":false},"excerpt":{"rendered":"<p><span class=\"s1\">Jam\u00f3n de cebo 50% raza ib\u00e9rica<\/span> | 8Kg.\/ Aprox. | La Jabugue\u00f1a |<\/p>\n<p>Pieza procedente de la extremidad anterior de cerdos 100% ib\u00e9ricos (madre 100% ib\u00e9rica y padre 100% ib\u00e9rico), criados en dehesas y alimentados a base de bellota y de hierba. Identificada con precinto negro de la Denominaci\u00f3n de Origen Protegida Los Pedroches.<\/p>\n<p>&nbsp;<\/p>\n<p>&nbsp;<\/p>\n<p>&nbsp;<\/p>\n","protected":false},"featured_media":20168,"template":"","meta":{"spay_email":""},"yoast_head":"<!-- This site is optimized with the Yoast SEO plugin v15.9 - https:\/\/yoast.com\/wordpress\/plugins\/seo\/ -->\n<title>Paleta de Bellota 100% Ib\u00e9rica D.O.P Los Pedroches - Comercial de Hosteleria Anma<\/title>\n<meta name=\"description\" content=\"Paleta 100% Ib\u00e9rica bellota | 4 a 6Kg.\/ Aprox. | D.O.P Los Pedroches | Criados en dehesas y alimentados a base de bellota y de hierba.\" \/>\n<meta name=\"robots\" content=\"index, follow, max-snippet:-1, max-image-preview:large, max-video-preview:-1\" \/>\n<link rel=\"canonical\" href=\"https:\/\/www.comercialanma.es\/?product=paleta-los-pedroches\" \/>\n<meta property=\"og:locale\" content=\"es_ES\" \/>\n<meta property=\"og:type\" content=\"article\" \/>\n<meta property=\"og:title\" content=\"Paleta de Bellota 100% Ib\u00e9rica D.O.P Los Pedroches - Comercial de Hosteleria Anma\" \/>\n<meta property=\"og:description\" content=\"Paleta 100% Ib\u00e9rica bellota | 4 a 6Kg.\/ Aprox. | D.O.P Los Pedroches | Criados en dehesas y alimentados a base de bellota y de hierba.\" \/>\n<meta property=\"og:url\" content=\"https:\/\/www.comercialanma.es\/?product=paleta-los-pedroches\" \/>\n<meta property=\"og:site_name\" content=\"Comercial de Hosteleria Anma\" \/>\n<meta property=\"article:publisher\" content=\"https:\/\/www.facebook.com\/AnmaHosteleria\" \/>\n<meta property=\"article:modified_time\" content=\"2021-12-21T10:25:00+00:00\" \/>\n<meta property=\"og:image\" content=\"https:\/\/i0.wp.com\/www.comercialanma.es\/wp-content\/uploads\/2021\/12\/Paleta-de-Bellota-100-Ibe\u0301rica-D.O.P-Los-PedrocheS.jpg?fit=1080%2C1080&#038;ssl=1\" \/>\n\t<meta property=\"og:image:width\" content=\"1080\" \/>\n\t<meta property=\"og:image:height\" content=\"1080\" \/>\n<meta name=\"twitter:card\" content=\"summary_large_image\" \/>\n<meta name=\"twitter:label1\" content=\"Tiempo de lectura\">\n\t<meta name=\"twitter:data1\" content=\"1 minuto\">\n<script type=\"application\/ld+json\" class=\"yoast-schema-graph\">{\"@context\":\"https:\/\/schema.org\",\"@graph\":[{\"@type\":\"Organization\",\"@id\":\"https:\/\/www.comercialanma.es\/#organization\",\"name\":\"Comercial Anma\",\"url\":\"https:\/\/www.comercialanma.es\/\",\"sameAs\":[\"https:\/\/www.facebook.com\/AnmaHosteleria\",\"https:\/\/www.instagram.com\/anmahosteleria\/?hl=es\",\"https:\/\/www.youtube.com\/channel\/UCT2nmn08Ntks0hmpZPnDgCA\"],\"logo\":{\"@type\":\"ImageObject\",\"@id\":\"https:\/\/www.comercialanma.es\/#logo\",\"inLanguage\":\"es\",\"url\":\"https:\/\/i2.wp.com\/www.comercialanma.es\/wp-content\/uploads\/2019\/06\/logo-anma-color.png?fit=247%2C101&ssl=1\",\"width\":247,\"height\":101,\"caption\":\"Comercial Anma\"},\"image\":{\"@id\":\"https:\/\/www.comercialanma.es\/#logo\"}},{\"@type\":\"WebSite\",\"@id\":\"https:\/\/www.comercialanma.es\/#website\",\"url\":\"https:\/\/www.comercialanma.es\/\",\"name\":\"Comercial de Hosteleria Anma\",\"description\":\"\",\"publisher\":{\"@id\":\"https:\/\/www.comercialanma.es\/#organization\"},\"potentialAction\":[{\"@type\":\"SearchAction\",\"target\":\"https:\/\/www.comercialanma.es\/?s={search_term_string}\",\"query-input\":\"required name=search_term_string\"}],\"inLanguage\":\"es\"},{\"@type\":\"ImageObject\",\"@id\":\"https:\/\/www.comercialanma.es\/?product=paleta-los-pedroches#primaryimage\",\"inLanguage\":\"es\",\"url\":\"https:\/\/i0.wp.com\/www.comercialanma.es\/wp-content\/uploads\/2021\/12\/Paleta-de-Bellota-100-Ibe\\u0301rica-D.O.P-Los-PedrocheS.jpg?fit=1080%2C1080&ssl=1\",\"width\":1080,\"height\":1080},{\"@type\":\"WebPage\",\"@id\":\"https:\/\/www.comercialanma.es\/?product=paleta-los-pedroches#webpage\",\"url\":\"https:\/\/www.comercialanma.es\/?product=paleta-los-pedroches\",\"name\":\"Paleta de Bellota 100% Ib\\u00e9rica D.O.P Los Pedroches - Comercial de Hosteleria Anma\",\"isPartOf\":{\"@id\":\"https:\/\/www.comercialanma.es\/#website\"},\"primaryImageOfPage\":{\"@id\":\"https:\/\/www.comercialanma.es\/?product=paleta-los-pedroches#primaryimage\"},\"datePublished\":\"2021-12-21T10:19:26+00:00\",\"dateModified\":\"2021-12-21T10:25:00+00:00\",\"description\":\"Paleta 100% Ib\\u00e9rica bellota | 4 a 6Kg.\/ Aprox. | D.O.P Los Pedroches | Criados en dehesas y alimentados a base de bellota y de hierba.\",\"breadcrumb\":{\"@id\":\"https:\/\/www.comercialanma.es\/?product=paleta-los-pedroches#breadcrumb\"},\"inLanguage\":\"es\",\"potentialAction\":[{\"@type\":\"ReadAction\",\"target\":[\"https:\/\/www.comercialanma.es\/?product=paleta-los-pedroches\"]}]},{\"@type\":\"BreadcrumbList\",\"@id\":\"https:\/\/www.comercialanma.es\/?product=paleta-los-pedroches#breadcrumb\",\"itemListElement\":[{\"@type\":\"ListItem\",\"position\":1,\"item\":{\"@type\":\"WebPage\",\"@id\":\"https:\/\/www.comercialanma.es\/\",\"url\":\"https:\/\/www.comercialanma.es\/\",\"name\":\"Portada\"}},{\"@type\":\"ListItem\",\"position\":2,\"item\":{\"@type\":\"WebPage\",\"@id\":\"https:\/\/www.comercialanma.es\/?page_id=3963\",\"url\":\"https:\/\/www.comercialanma.es\/?page_id=3963\",\"name\":\"Cat\\u00e1logo de Productos\"}},{\"@type\":\"ListItem\",\"position\":3,\"item\":{\"@type\":\"WebPage\",\"@id\":\"https:\/\/www.comercialanma.es\/?product=paleta-los-pedroches\",\"url\":\"https:\/\/www.comercialanma.es\/?product=paleta-los-pedroches\",\"name\":\"Paleta de Bellota 100% Ib\\u00e9rica D.O.P Los Pedroches\"}}]}]}<\/script>\n<!-- \/ Yoast SEO plugin. -->","_links":{"self":[{"href":"https:\/\/www.comercialanma.es\/index.php?rest_route=\/wp\/v2\/product\/20167"}],"collection":[{"href":"https:\/\/www.comercialanma.es\/index.php?rest_route=\/wp\/v2\/product"}],"about":[{"href":"https:\/\/www.comercialanma.es\/index.php?rest_route=\/wp\/v2\/types\/product"}],"version-history":[{"count":1,"href":"https:\/\/www.comercialanma.es\/index.php?rest_route=\/wp\/v2\/product\/20167\/revisions"}],"predecessor-version":[{"id":20169,"href":"https:\/\/www.comercialanma.es\/index.php?rest_route=\/wp\/v2\/product\/20167\/revisions\/20169"}],"wp:featuredmedia":[{"embeddable":true,"href":"https:\/\/www.comercialanma.es\/index.php?rest_route=\/wp\/v2\/media\/20168"}],"wp:attachment":[{"href":"https:\/\/www.comercialanma.es\/index.php?rest_route=%2Fwp%2Fv2%2Fmedia&parent=20167"}],"curies":[{"name":"wp","href":"https:\/\/api.w.org\/{rel}","templated":true}]}}