
{"id":20177,"date":"2021-12-21T12:08:50","date_gmt":"2021-12-21T11:08:50","guid":{"rendered":"https:\/\/www.comercialanma.es\/?post_type=product&#038;p=20177"},"modified":"2021-12-21T12:26:25","modified_gmt":"2021-12-21T11:26:25","slug":"jamon-bellota-100-jabuguena","status":"publish","type":"product","link":"https:\/\/www.comercialanma.es\/?product=jamon-bellota-100-jabuguena","title":{"rendered":"Jam\u00f3n reserva bellota 100% Raza Ib\u00e9rica Jabugue\u00f1a"},"content":{"rendered":"<ul>\n<li>Jam\u00f3n Bellota 100% Raza Ib\u00e9rica<\/li>\n<li>8Kg .\/Aprox.<\/li>\n<li>D.O Jabugo<\/li>\n<\/ul>\n","protected":false},"excerpt":{"rendered":"<p>Piezas numeradas y de producci\u00f3n limitada con la garant\u00eda de la Jabugue\u00f1a.\u00a0 Nuestro jam\u00f3n de bellota La Jabugue\u00f1a, proviene de los mejores cerdos ib\u00e9ricos alimentados en las dehesas durante la \u00e8poca de montanera a base de bellotas y pastos naturales. El proceso de curaci\u00f3n se lleva a cabo en Jabugo durante m\u00e1s de 28 meses, totalmente natural y artesanal. Gracias a su clima se consigue es sabor y aroma \u00fanico.<\/p>\n<p>&nbsp;<\/p>\n<p>&nbsp;<\/p>\n<p>&nbsp;<\/p>\n","protected":false},"featured_media":20178,"template":"","meta":{"spay_email":""},"yoast_head":"<!-- This site is optimized with the Yoast SEO plugin v15.9 - https:\/\/yoast.com\/wordpress\/plugins\/seo\/ -->\n<title>Jam\u00f3n reserva bellota 100% Raza Ib\u00e9rica Jabugue\u00f1a - Comercial de Hosteleria Anma<\/title>\n<meta name=\"description\" content=\"Jam\u00f3n reserva Bellota 100% Ib\u00e9rico | 8kg.\/ Aprox. | Jabugue\u00f1a | Se cr\u00edan en libertad, aliment\u00e1ndose de los recursos naturales.\" \/>\n<meta name=\"robots\" content=\"index, follow, max-snippet:-1, max-image-preview:large, max-video-preview:-1\" \/>\n<link rel=\"canonical\" href=\"https:\/\/www.comercialanma.es\/?product=jamon-bellota-100-jabuguena\" \/>\n<meta property=\"og:locale\" content=\"es_ES\" \/>\n<meta property=\"og:type\" content=\"article\" \/>\n<meta property=\"og:title\" content=\"Jam\u00f3n reserva bellota 100% Raza Ib\u00e9rica Jabugue\u00f1a - Comercial de Hosteleria Anma\" \/>\n<meta property=\"og:description\" content=\"Jam\u00f3n reserva Bellota 100% Ib\u00e9rico | 8kg.\/ Aprox. | Jabugue\u00f1a | Se cr\u00edan en libertad, aliment\u00e1ndose de los recursos naturales.\" \/>\n<meta property=\"og:url\" content=\"https:\/\/www.comercialanma.es\/?product=jamon-bellota-100-jabuguena\" \/>\n<meta property=\"og:site_name\" content=\"Comercial de Hosteleria Anma\" \/>\n<meta property=\"article:publisher\" content=\"https:\/\/www.facebook.com\/AnmaHosteleria\" \/>\n<meta property=\"article:modified_time\" content=\"2021-12-21T11:26:25+00:00\" \/>\n<meta property=\"og:image\" content=\"https:\/\/i0.wp.com\/www.comercialanma.es\/wp-content\/uploads\/2021\/12\/Jamon-jabuguena-reserva-100-bellota.jpg?fit=1080%2C1080&#038;ssl=1\" \/>\n\t<meta property=\"og:image:width\" content=\"1080\" \/>\n\t<meta property=\"og:image:height\" content=\"1080\" \/>\n<meta name=\"twitter:card\" content=\"summary_large_image\" \/>\n<meta name=\"twitter:label1\" content=\"Tiempo de lectura\">\n\t<meta name=\"twitter:data1\" content=\"1 minuto\">\n<script type=\"application\/ld+json\" class=\"yoast-schema-graph\">{\"@context\":\"https:\/\/schema.org\",\"@graph\":[{\"@type\":\"Organization\",\"@id\":\"https:\/\/www.comercialanma.es\/#organization\",\"name\":\"Comercial Anma\",\"url\":\"https:\/\/www.comercialanma.es\/\",\"sameAs\":[\"https:\/\/www.facebook.com\/AnmaHosteleria\",\"https:\/\/www.instagram.com\/anmahosteleria\/?hl=es\",\"https:\/\/www.youtube.com\/channel\/UCT2nmn08Ntks0hmpZPnDgCA\"],\"logo\":{\"@type\":\"ImageObject\",\"@id\":\"https:\/\/www.comercialanma.es\/#logo\",\"inLanguage\":\"es\",\"url\":\"https:\/\/i2.wp.com\/www.comercialanma.es\/wp-content\/uploads\/2019\/06\/logo-anma-color.png?fit=247%2C101&ssl=1\",\"width\":247,\"height\":101,\"caption\":\"Comercial Anma\"},\"image\":{\"@id\":\"https:\/\/www.comercialanma.es\/#logo\"}},{\"@type\":\"WebSite\",\"@id\":\"https:\/\/www.comercialanma.es\/#website\",\"url\":\"https:\/\/www.comercialanma.es\/\",\"name\":\"Comercial de Hosteleria Anma\",\"description\":\"\",\"publisher\":{\"@id\":\"https:\/\/www.comercialanma.es\/#organization\"},\"potentialAction\":[{\"@type\":\"SearchAction\",\"target\":\"https:\/\/www.comercialanma.es\/?s={search_term_string}\",\"query-input\":\"required name=search_term_string\"}],\"inLanguage\":\"es\"},{\"@type\":\"ImageObject\",\"@id\":\"https:\/\/www.comercialanma.es\/?product=jamon-bellota-100-jabuguena#primaryimage\",\"inLanguage\":\"es\",\"url\":\"https:\/\/i0.wp.com\/www.comercialanma.es\/wp-content\/uploads\/2021\/12\/Jamon-jabuguena-reserva-100-bellota.jpg?fit=1080%2C1080&ssl=1\",\"width\":1080,\"height\":1080},{\"@type\":\"WebPage\",\"@id\":\"https:\/\/www.comercialanma.es\/?product=jamon-bellota-100-jabuguena#webpage\",\"url\":\"https:\/\/www.comercialanma.es\/?product=jamon-bellota-100-jabuguena\",\"name\":\"Jam\\u00f3n reserva bellota 100% Raza Ib\\u00e9rica Jabugue\\u00f1a - Comercial de Hosteleria Anma\",\"isPartOf\":{\"@id\":\"https:\/\/www.comercialanma.es\/#website\"},\"primaryImageOfPage\":{\"@id\":\"https:\/\/www.comercialanma.es\/?product=jamon-bellota-100-jabuguena#primaryimage\"},\"datePublished\":\"2021-12-21T11:08:50+00:00\",\"dateModified\":\"2021-12-21T11:26:25+00:00\",\"description\":\"Jam\\u00f3n reserva Bellota 100% Ib\\u00e9rico | 8kg.\/ Aprox. | Jabugue\\u00f1a | Se cr\\u00edan en libertad, aliment\\u00e1ndose de los recursos naturales.\",\"breadcrumb\":{\"@id\":\"https:\/\/www.comercialanma.es\/?product=jamon-bellota-100-jabuguena#breadcrumb\"},\"inLanguage\":\"es\",\"potentialAction\":[{\"@type\":\"ReadAction\",\"target\":[\"https:\/\/www.comercialanma.es\/?product=jamon-bellota-100-jabuguena\"]}]},{\"@type\":\"BreadcrumbList\",\"@id\":\"https:\/\/www.comercialanma.es\/?product=jamon-bellota-100-jabuguena#breadcrumb\",\"itemListElement\":[{\"@type\":\"ListItem\",\"position\":1,\"item\":{\"@type\":\"WebPage\",\"@id\":\"https:\/\/www.comercialanma.es\/\",\"url\":\"https:\/\/www.comercialanma.es\/\",\"name\":\"Portada\"}},{\"@type\":\"ListItem\",\"position\":2,\"item\":{\"@type\":\"WebPage\",\"@id\":\"https:\/\/www.comercialanma.es\/?page_id=3963\",\"url\":\"https:\/\/www.comercialanma.es\/?page_id=3963\",\"name\":\"Cat\\u00e1logo de Productos\"}},{\"@type\":\"ListItem\",\"position\":3,\"item\":{\"@type\":\"WebPage\",\"@id\":\"https:\/\/www.comercialanma.es\/?product=jamon-bellota-100-jabuguena\",\"url\":\"https:\/\/www.comercialanma.es\/?product=jamon-bellota-100-jabuguena\",\"name\":\"Jam\\u00f3n reserva bellota 100% Raza Ib\\u00e9rica Jabugue\\u00f1a\"}}]}]}<\/script>\n<!-- \/ Yoast SEO plugin. -->","_links":{"self":[{"href":"https:\/\/www.comercialanma.es\/index.php?rest_route=\/wp\/v2\/product\/20177"}],"collection":[{"href":"https:\/\/www.comercialanma.es\/index.php?rest_route=\/wp\/v2\/product"}],"about":[{"href":"https:\/\/www.comercialanma.es\/index.php?rest_route=\/wp\/v2\/types\/product"}],"version-history":[{"count":1,"href":"https:\/\/www.comercialanma.es\/index.php?rest_route=\/wp\/v2\/product\/20177\/revisions"}],"predecessor-version":[{"id":20179,"href":"https:\/\/www.comercialanma.es\/index.php?rest_route=\/wp\/v2\/product\/20177\/revisions\/20179"}],"wp:featuredmedia":[{"embeddable":true,"href":"https:\/\/www.comercialanma.es\/index.php?rest_route=\/wp\/v2\/media\/20178"}],"wp:attachment":[{"href":"https:\/\/www.comercialanma.es\/index.php?rest_route=%2Fwp%2Fv2%2Fmedia&parent=20177"}],"curies":[{"name":"wp","href":"https:\/\/api.w.org\/{rel}","templated":true}]}}