
{"id":20315,"date":"2021-12-23T16:41:52","date_gmt":"2021-12-23T15:41:52","guid":{"rendered":"https:\/\/www.comercialanma.es\/?post_type=product&#038;p=20315"},"modified":"2021-12-23T16:53:43","modified_gmt":"2021-12-23T15:53:43","slug":"vaso-carajillo-kania","status":"publish","type":"product","link":"https:\/\/www.comercialanma.es\/?product=vaso-carajillo-kania","title":{"rendered":"Vaso carajillo Kenia 11cl."},"content":{"rendered":"<section class=\"content\">\n<div class=\"anim\">\n<ul>\n<li>Vicrilia<\/li>\n<li>Vaso carajillo Kenia<\/li>\n<li>Vidrio tensionado muy resistente<\/li>\n<li class=\"p1\"><span class=\"s1\">11cl.<\/span><\/li>\n<\/ul>\n<\/div>\n<\/section>\n","protected":false},"excerpt":{"rendered":"<p>Vaso carajillo Kenia | 11cl.|<\/p>\n<p>Vaso bajo Kenia fabricado mediante vidrio templado o tensionado, lo que le da una gran resistencia a choques t\u00e9rmicos y mec\u00e1nicos, com\u00famente acaecidos con el choque de dos vasos. Ello le confiere una gran durabilidad y por tanto lo hace perfecto para cualquier profesional de la hosteler\u00eda y la restauraci\u00f3n como cafeter\u00edas, bares, restaurantes&#8230; Su dise\u00f1o atemporal est\u00e1 ideado para presentar todo tipo de caf\u00e9s y t\u00e9s.<\/p>\n","protected":false},"featured_media":20316,"template":"","meta":{"spay_email":""},"yoast_head":"<!-- This site is optimized with the Yoast SEO plugin v15.9 - https:\/\/yoast.com\/wordpress\/plugins\/seo\/ -->\n<title>Vaso carajillo Kenia 11cl. - Comercial de Hosteleria Anma<\/title>\n<meta name=\"description\" content=\"Vaso carajillo Kenia | 11cl.| Vaso bajo Kenia fabricado mediante vidrio templado o tensionado, gran resistencia.\" \/>\n<meta name=\"robots\" content=\"index, follow, max-snippet:-1, max-image-preview:large, max-video-preview:-1\" \/>\n<link rel=\"canonical\" href=\"https:\/\/www.comercialanma.es\/?product=vaso-carajillo-kania\" \/>\n<meta property=\"og:locale\" content=\"es_ES\" \/>\n<meta property=\"og:type\" content=\"article\" \/>\n<meta property=\"og:title\" content=\"Vaso carajillo Kenia 11cl. - Comercial de Hosteleria Anma\" \/>\n<meta property=\"og:description\" content=\"Vaso carajillo Kenia | 11cl.| Vaso bajo Kenia fabricado mediante vidrio templado o tensionado, gran resistencia.\" \/>\n<meta property=\"og:url\" content=\"https:\/\/www.comercialanma.es\/?product=vaso-carajillo-kania\" \/>\n<meta property=\"og:site_name\" content=\"Comercial de Hosteleria Anma\" \/>\n<meta property=\"article:publisher\" content=\"https:\/\/www.facebook.com\/AnmaHosteleria\" \/>\n<meta property=\"article:modified_time\" content=\"2021-12-23T15:53:43+00:00\" \/>\n<meta property=\"og:image\" content=\"https:\/\/i0.wp.com\/www.comercialanma.es\/wp-content\/uploads\/2021\/12\/vaso-carajillo-kenia-11cl.jpg?fit=1080%2C1080&#038;ssl=1\" \/>\n\t<meta property=\"og:image:width\" content=\"1080\" \/>\n\t<meta property=\"og:image:height\" content=\"1080\" \/>\n<meta name=\"twitter:card\" content=\"summary_large_image\" \/>\n<meta name=\"twitter:label1\" content=\"Tiempo de lectura\">\n\t<meta name=\"twitter:data1\" content=\"1 minuto\">\n<script type=\"application\/ld+json\" class=\"yoast-schema-graph\">{\"@context\":\"https:\/\/schema.org\",\"@graph\":[{\"@type\":\"Organization\",\"@id\":\"https:\/\/www.comercialanma.es\/#organization\",\"name\":\"Comercial Anma\",\"url\":\"https:\/\/www.comercialanma.es\/\",\"sameAs\":[\"https:\/\/www.facebook.com\/AnmaHosteleria\",\"https:\/\/www.instagram.com\/anmahosteleria\/?hl=es\",\"https:\/\/www.youtube.com\/channel\/UCT2nmn08Ntks0hmpZPnDgCA\"],\"logo\":{\"@type\":\"ImageObject\",\"@id\":\"https:\/\/www.comercialanma.es\/#logo\",\"inLanguage\":\"es\",\"url\":\"https:\/\/i2.wp.com\/www.comercialanma.es\/wp-content\/uploads\/2019\/06\/logo-anma-color.png?fit=247%2C101&ssl=1\",\"width\":247,\"height\":101,\"caption\":\"Comercial Anma\"},\"image\":{\"@id\":\"https:\/\/www.comercialanma.es\/#logo\"}},{\"@type\":\"WebSite\",\"@id\":\"https:\/\/www.comercialanma.es\/#website\",\"url\":\"https:\/\/www.comercialanma.es\/\",\"name\":\"Comercial de Hosteleria Anma\",\"description\":\"\",\"publisher\":{\"@id\":\"https:\/\/www.comercialanma.es\/#organization\"},\"potentialAction\":[{\"@type\":\"SearchAction\",\"target\":\"https:\/\/www.comercialanma.es\/?s={search_term_string}\",\"query-input\":\"required name=search_term_string\"}],\"inLanguage\":\"es\"},{\"@type\":\"ImageObject\",\"@id\":\"https:\/\/www.comercialanma.es\/?product=vaso-carajillo-kania#primaryimage\",\"inLanguage\":\"es\",\"url\":\"https:\/\/i0.wp.com\/www.comercialanma.es\/wp-content\/uploads\/2021\/12\/vaso-carajillo-kenia-11cl.jpg?fit=1080%2C1080&ssl=1\",\"width\":1080,\"height\":1080},{\"@type\":\"WebPage\",\"@id\":\"https:\/\/www.comercialanma.es\/?product=vaso-carajillo-kania#webpage\",\"url\":\"https:\/\/www.comercialanma.es\/?product=vaso-carajillo-kania\",\"name\":\"Vaso carajillo Kenia 11cl. - Comercial de Hosteleria Anma\",\"isPartOf\":{\"@id\":\"https:\/\/www.comercialanma.es\/#website\"},\"primaryImageOfPage\":{\"@id\":\"https:\/\/www.comercialanma.es\/?product=vaso-carajillo-kania#primaryimage\"},\"datePublished\":\"2021-12-23T15:41:52+00:00\",\"dateModified\":\"2021-12-23T15:53:43+00:00\",\"description\":\"Vaso carajillo Kenia | 11cl.| Vaso bajo Kenia fabricado mediante vidrio templado o tensionado, gran resistencia.\",\"breadcrumb\":{\"@id\":\"https:\/\/www.comercialanma.es\/?product=vaso-carajillo-kania#breadcrumb\"},\"inLanguage\":\"es\",\"potentialAction\":[{\"@type\":\"ReadAction\",\"target\":[\"https:\/\/www.comercialanma.es\/?product=vaso-carajillo-kania\"]}]},{\"@type\":\"BreadcrumbList\",\"@id\":\"https:\/\/www.comercialanma.es\/?product=vaso-carajillo-kania#breadcrumb\",\"itemListElement\":[{\"@type\":\"ListItem\",\"position\":1,\"item\":{\"@type\":\"WebPage\",\"@id\":\"https:\/\/www.comercialanma.es\/\",\"url\":\"https:\/\/www.comercialanma.es\/\",\"name\":\"Portada\"}},{\"@type\":\"ListItem\",\"position\":2,\"item\":{\"@type\":\"WebPage\",\"@id\":\"https:\/\/www.comercialanma.es\/?page_id=3963\",\"url\":\"https:\/\/www.comercialanma.es\/?page_id=3963\",\"name\":\"Cat\\u00e1logo de Productos\"}},{\"@type\":\"ListItem\",\"position\":3,\"item\":{\"@type\":\"WebPage\",\"@id\":\"https:\/\/www.comercialanma.es\/?product=vaso-carajillo-kania\",\"url\":\"https:\/\/www.comercialanma.es\/?product=vaso-carajillo-kania\",\"name\":\"Vaso carajillo Kenia 11cl.\"}}]}]}<\/script>\n<!-- \/ Yoast SEO plugin. -->","_links":{"self":[{"href":"https:\/\/www.comercialanma.es\/index.php?rest_route=\/wp\/v2\/product\/20315"}],"collection":[{"href":"https:\/\/www.comercialanma.es\/index.php?rest_route=\/wp\/v2\/product"}],"about":[{"href":"https:\/\/www.comercialanma.es\/index.php?rest_route=\/wp\/v2\/types\/product"}],"version-history":[{"count":1,"href":"https:\/\/www.comercialanma.es\/index.php?rest_route=\/wp\/v2\/product\/20315\/revisions"}],"predecessor-version":[{"id":20317,"href":"https:\/\/www.comercialanma.es\/index.php?rest_route=\/wp\/v2\/product\/20315\/revisions\/20317"}],"wp:featuredmedia":[{"embeddable":true,"href":"https:\/\/www.comercialanma.es\/index.php?rest_route=\/wp\/v2\/media\/20316"}],"wp:attachment":[{"href":"https:\/\/www.comercialanma.es\/index.php?rest_route=%2Fwp%2Fv2%2Fmedia&parent=20315"}],"curies":[{"name":"wp","href":"https:\/\/api.w.org\/{rel}","templated":true}]}}