
{"id":20335,"date":"2021-12-24T11:32:42","date_gmt":"2021-12-24T10:32:42","guid":{"rendered":"https:\/\/www.comercialanma.es\/?post_type=product&#038;p=20335"},"modified":"2021-12-24T11:40:11","modified_gmt":"2021-12-24T10:40:11","slug":"vaso-cerveza-martigues","status":"publish","type":"product","link":"https:\/\/www.comercialanma.es\/?product=vaso-cerveza-martigues","title":{"rendered":"Vaso Martigues cerveza 26cl."},"content":{"rendered":"<section class=\"content\">\n<div class=\"anim\">\n<ul>\n<li>Arcoroc<\/li>\n<li>Vaso cerveza Martigues<\/li>\n<li>Extra resistente<\/li>\n<li class=\"p1\"><span class=\"s1\">26cl.<\/span><\/li>\n<\/ul>\n<\/div>\n<\/section>\n","protected":false},"excerpt":{"rendered":"<p>Vaso cerveza Martigues marca Arcoroc realizado en vidrio Sodo no templado y corte caliente por Arcoroc de excelente calidad. Este vaso para cerveza Martigues de la marca Arcoroc est\u00e1 fabricado con vidrio reciclable, ecol\u00f3gico, 100% higi\u00e9nico. El vidrio de este vaso Martigues de Arcoroc es extra resistente, libre de cadmio y plomo. No poroso.<\/p>\n","protected":false},"featured_media":20336,"template":"","meta":{"spay_email":""},"yoast_head":"<!-- This site is optimized with the Yoast SEO plugin v15.9 - https:\/\/yoast.com\/wordpress\/plugins\/seo\/ -->\n<title>Vaso Martigues cerveza 26cl. - Comercial de Hosteleria Anma<\/title>\n<meta name=\"description\" content=\"Vaso cerveza Martigues | 26cl.| Fabricado con vidrio reciclable, ecol\u00f3gico, 100% higi\u00e9nico. Extra resistente. No poroso.\u00a0\" \/>\n<meta name=\"robots\" content=\"index, follow, max-snippet:-1, max-image-preview:large, max-video-preview:-1\" \/>\n<link rel=\"canonical\" href=\"https:\/\/www.comercialanma.es\/?product=vaso-cerveza-martigues\" \/>\n<meta property=\"og:locale\" content=\"es_ES\" \/>\n<meta property=\"og:type\" content=\"article\" \/>\n<meta property=\"og:title\" content=\"Vaso Martigues cerveza 26cl. - Comercial de Hosteleria Anma\" \/>\n<meta property=\"og:description\" content=\"Vaso cerveza Martigues | 26cl.| Fabricado con vidrio reciclable, ecol\u00f3gico, 100% higi\u00e9nico. Extra resistente. No poroso.\u00a0\" \/>\n<meta property=\"og:url\" content=\"https:\/\/www.comercialanma.es\/?product=vaso-cerveza-martigues\" \/>\n<meta property=\"og:site_name\" content=\"Comercial de Hosteleria Anma\" \/>\n<meta property=\"article:publisher\" content=\"https:\/\/www.facebook.com\/AnmaHosteleria\" \/>\n<meta property=\"article:modified_time\" content=\"2021-12-24T10:40:11+00:00\" \/>\n<meta property=\"og:image\" content=\"https:\/\/i1.wp.com\/www.comercialanma.es\/wp-content\/uploads\/2021\/12\/vaso-martigues-16.jpg?fit=1080%2C1080&#038;ssl=1\" \/>\n\t<meta property=\"og:image:width\" content=\"1080\" \/>\n\t<meta property=\"og:image:height\" content=\"1080\" \/>\n<meta name=\"twitter:card\" content=\"summary_large_image\" \/>\n<meta name=\"twitter:label1\" content=\"Tiempo de lectura\">\n\t<meta name=\"twitter:data1\" content=\"1 minuto\">\n<script type=\"application\/ld+json\" class=\"yoast-schema-graph\">{\"@context\":\"https:\/\/schema.org\",\"@graph\":[{\"@type\":\"Organization\",\"@id\":\"https:\/\/www.comercialanma.es\/#organization\",\"name\":\"Comercial Anma\",\"url\":\"https:\/\/www.comercialanma.es\/\",\"sameAs\":[\"https:\/\/www.facebook.com\/AnmaHosteleria\",\"https:\/\/www.instagram.com\/anmahosteleria\/?hl=es\",\"https:\/\/www.youtube.com\/channel\/UCT2nmn08Ntks0hmpZPnDgCA\"],\"logo\":{\"@type\":\"ImageObject\",\"@id\":\"https:\/\/www.comercialanma.es\/#logo\",\"inLanguage\":\"es\",\"url\":\"https:\/\/i2.wp.com\/www.comercialanma.es\/wp-content\/uploads\/2019\/06\/logo-anma-color.png?fit=247%2C101&ssl=1\",\"width\":247,\"height\":101,\"caption\":\"Comercial Anma\"},\"image\":{\"@id\":\"https:\/\/www.comercialanma.es\/#logo\"}},{\"@type\":\"WebSite\",\"@id\":\"https:\/\/www.comercialanma.es\/#website\",\"url\":\"https:\/\/www.comercialanma.es\/\",\"name\":\"Comercial de Hosteleria Anma\",\"description\":\"\",\"publisher\":{\"@id\":\"https:\/\/www.comercialanma.es\/#organization\"},\"potentialAction\":[{\"@type\":\"SearchAction\",\"target\":\"https:\/\/www.comercialanma.es\/?s={search_term_string}\",\"query-input\":\"required name=search_term_string\"}],\"inLanguage\":\"es\"},{\"@type\":\"ImageObject\",\"@id\":\"https:\/\/www.comercialanma.es\/?product=vaso-cerveza-martigues#primaryimage\",\"inLanguage\":\"es\",\"url\":\"https:\/\/i1.wp.com\/www.comercialanma.es\/wp-content\/uploads\/2021\/12\/vaso-martigues-16.jpg?fit=1080%2C1080&ssl=1\",\"width\":1080,\"height\":1080},{\"@type\":\"WebPage\",\"@id\":\"https:\/\/www.comercialanma.es\/?product=vaso-cerveza-martigues#webpage\",\"url\":\"https:\/\/www.comercialanma.es\/?product=vaso-cerveza-martigues\",\"name\":\"Vaso Martigues cerveza 26cl. - Comercial de Hosteleria Anma\",\"isPartOf\":{\"@id\":\"https:\/\/www.comercialanma.es\/#website\"},\"primaryImageOfPage\":{\"@id\":\"https:\/\/www.comercialanma.es\/?product=vaso-cerveza-martigues#primaryimage\"},\"datePublished\":\"2021-12-24T10:32:42+00:00\",\"dateModified\":\"2021-12-24T10:40:11+00:00\",\"description\":\"Vaso cerveza Martigues | 26cl.| Fabricado con vidrio reciclable, ecol\\u00f3gico, 100% higi\\u00e9nico. Extra resistente. No poroso.\\u00a0\",\"breadcrumb\":{\"@id\":\"https:\/\/www.comercialanma.es\/?product=vaso-cerveza-martigues#breadcrumb\"},\"inLanguage\":\"es\",\"potentialAction\":[{\"@type\":\"ReadAction\",\"target\":[\"https:\/\/www.comercialanma.es\/?product=vaso-cerveza-martigues\"]}]},{\"@type\":\"BreadcrumbList\",\"@id\":\"https:\/\/www.comercialanma.es\/?product=vaso-cerveza-martigues#breadcrumb\",\"itemListElement\":[{\"@type\":\"ListItem\",\"position\":1,\"item\":{\"@type\":\"WebPage\",\"@id\":\"https:\/\/www.comercialanma.es\/\",\"url\":\"https:\/\/www.comercialanma.es\/\",\"name\":\"Portada\"}},{\"@type\":\"ListItem\",\"position\":2,\"item\":{\"@type\":\"WebPage\",\"@id\":\"https:\/\/www.comercialanma.es\/?page_id=3963\",\"url\":\"https:\/\/www.comercialanma.es\/?page_id=3963\",\"name\":\"Cat\\u00e1logo de Productos\"}},{\"@type\":\"ListItem\",\"position\":3,\"item\":{\"@type\":\"WebPage\",\"@id\":\"https:\/\/www.comercialanma.es\/?product=vaso-cerveza-martigues\",\"url\":\"https:\/\/www.comercialanma.es\/?product=vaso-cerveza-martigues\",\"name\":\"Vaso Martigues cerveza 26cl.\"}}]}]}<\/script>\n<!-- \/ Yoast SEO plugin. -->","_links":{"self":[{"href":"https:\/\/www.comercialanma.es\/index.php?rest_route=\/wp\/v2\/product\/20335"}],"collection":[{"href":"https:\/\/www.comercialanma.es\/index.php?rest_route=\/wp\/v2\/product"}],"about":[{"href":"https:\/\/www.comercialanma.es\/index.php?rest_route=\/wp\/v2\/types\/product"}],"version-history":[{"count":1,"href":"https:\/\/www.comercialanma.es\/index.php?rest_route=\/wp\/v2\/product\/20335\/revisions"}],"predecessor-version":[{"id":20337,"href":"https:\/\/www.comercialanma.es\/index.php?rest_route=\/wp\/v2\/product\/20335\/revisions\/20337"}],"wp:featuredmedia":[{"embeddable":true,"href":"https:\/\/www.comercialanma.es\/index.php?rest_route=\/wp\/v2\/media\/20336"}],"wp:attachment":[{"href":"https:\/\/www.comercialanma.es\/index.php?rest_route=%2Fwp%2Fv2%2Fmedia&parent=20335"}],"curies":[{"name":"wp","href":"https:\/\/api.w.org\/{rel}","templated":true}]}}