
{"id":20447,"date":"2021-12-28T12:27:15","date_gmt":"2021-12-28T11:27:15","guid":{"rendered":"https:\/\/www.comercialanma.es\/?post_type=product&#038;p=20447"},"modified":"2021-12-28T12:58:26","modified_gmt":"2021-12-28T11:58:26","slug":"detergente-ariel-liquido-automaticas-55","status":"publish","type":"product","link":"https:\/\/www.comercialanma.es\/?product=detergente-ariel-liquido-automaticas-55","title":{"rendered":"Detergente l\u00edquido Ariel Autom\u00e1ticas 55 lavados"},"content":{"rendered":"<p>Ariel Professional L\u00edquido Regular 55 Lavados\u00a0garantiza que la ropa durante m\u00e1s tiempo blanco permanece. Contiene una tecnolog\u00eda de blanqueamiento espec\u00edfica que mantiene la blancura durante m\u00e1s tiempo gracias a su f\u00f3rmula enzim\u00e1tica reforzada con potentes ingredientes activos dise\u00f1ados especialmente para un uso profesional. El sistema de fragancia proporciona a tu colada profesional un aroma fresco y sutil. Resultados de limpieza excepcionales, incluso sin prelavar ni remojar las prendas previamente, para ayudar a ahorrar agua y energ\u00eda.<\/p>\n","protected":false},"excerpt":{"rendered":"<ul>\n<li>Marca: Ariel<\/li>\n<li>Autom\u00e1ticas<\/li>\n<li>Lavados: 55<\/li>\n<\/ul>\n","protected":false},"featured_media":20448,"template":"","meta":{"spay_email":""},"yoast_head":"<!-- This site is optimized with the Yoast SEO plugin v15.9 - https:\/\/yoast.com\/wordpress\/plugins\/seo\/ -->\n<title>Detergente l\u00edquido Ariel Autom\u00e1ticas 55 lavados - Comercial de Hosteleria Anma<\/title>\n<meta name=\"description\" content=\"Detergente l\u00edquido autom\u00e1ticas | Ariel | 55 Lavados | Garantiza que la ropa durante m\u00e1s tiempo blanco permanece.\" \/>\n<meta name=\"robots\" content=\"index, follow, max-snippet:-1, max-image-preview:large, max-video-preview:-1\" \/>\n<link rel=\"canonical\" href=\"https:\/\/www.comercialanma.es\/?product=detergente-ariel-liquido-automaticas-55\" \/>\n<meta property=\"og:locale\" content=\"es_ES\" \/>\n<meta property=\"og:type\" content=\"article\" \/>\n<meta property=\"og:title\" content=\"Detergente l\u00edquido Ariel Autom\u00e1ticas 55 lavados - Comercial de Hosteleria Anma\" \/>\n<meta property=\"og:description\" content=\"Detergente l\u00edquido autom\u00e1ticas | Ariel | 55 Lavados | Garantiza que la ropa durante m\u00e1s tiempo blanco permanece.\" \/>\n<meta property=\"og:url\" content=\"https:\/\/www.comercialanma.es\/?product=detergente-ariel-liquido-automaticas-55\" \/>\n<meta property=\"og:site_name\" content=\"Comercial de Hosteleria Anma\" \/>\n<meta property=\"article:publisher\" content=\"https:\/\/www.facebook.com\/AnmaHosteleria\" \/>\n<meta property=\"article:modified_time\" content=\"2021-12-28T11:58:26+00:00\" \/>\n<meta property=\"og:image\" content=\"https:\/\/i2.wp.com\/www.comercialanma.es\/wp-content\/uploads\/2021\/12\/ariel-liquido-aitomaticas-55-dosis.jpg?fit=400%2C400&#038;ssl=1\" \/>\n\t<meta property=\"og:image:width\" content=\"400\" \/>\n\t<meta property=\"og:image:height\" content=\"400\" \/>\n<meta name=\"twitter:card\" content=\"summary_large_image\" \/>\n<meta name=\"twitter:label1\" content=\"Tiempo de lectura\">\n\t<meta name=\"twitter:data1\" content=\"1 minuto\">\n<script type=\"application\/ld+json\" class=\"yoast-schema-graph\">{\"@context\":\"https:\/\/schema.org\",\"@graph\":[{\"@type\":\"Organization\",\"@id\":\"https:\/\/www.comercialanma.es\/#organization\",\"name\":\"Comercial Anma\",\"url\":\"https:\/\/www.comercialanma.es\/\",\"sameAs\":[\"https:\/\/www.facebook.com\/AnmaHosteleria\",\"https:\/\/www.instagram.com\/anmahosteleria\/?hl=es\",\"https:\/\/www.youtube.com\/channel\/UCT2nmn08Ntks0hmpZPnDgCA\"],\"logo\":{\"@type\":\"ImageObject\",\"@id\":\"https:\/\/www.comercialanma.es\/#logo\",\"inLanguage\":\"es\",\"url\":\"https:\/\/i2.wp.com\/www.comercialanma.es\/wp-content\/uploads\/2019\/06\/logo-anma-color.png?fit=247%2C101&ssl=1\",\"width\":247,\"height\":101,\"caption\":\"Comercial Anma\"},\"image\":{\"@id\":\"https:\/\/www.comercialanma.es\/#logo\"}},{\"@type\":\"WebSite\",\"@id\":\"https:\/\/www.comercialanma.es\/#website\",\"url\":\"https:\/\/www.comercialanma.es\/\",\"name\":\"Comercial de Hosteleria Anma\",\"description\":\"\",\"publisher\":{\"@id\":\"https:\/\/www.comercialanma.es\/#organization\"},\"potentialAction\":[{\"@type\":\"SearchAction\",\"target\":\"https:\/\/www.comercialanma.es\/?s={search_term_string}\",\"query-input\":\"required name=search_term_string\"}],\"inLanguage\":\"es\"},{\"@type\":\"ImageObject\",\"@id\":\"https:\/\/www.comercialanma.es\/?product=detergente-ariel-liquido-automaticas-55#primaryimage\",\"inLanguage\":\"es\",\"url\":\"https:\/\/i2.wp.com\/www.comercialanma.es\/wp-content\/uploads\/2021\/12\/ariel-liquido-aitomaticas-55-dosis.jpg?fit=400%2C400&ssl=1\",\"width\":400,\"height\":400},{\"@type\":\"WebPage\",\"@id\":\"https:\/\/www.comercialanma.es\/?product=detergente-ariel-liquido-automaticas-55#webpage\",\"url\":\"https:\/\/www.comercialanma.es\/?product=detergente-ariel-liquido-automaticas-55\",\"name\":\"Detergente l\\u00edquido Ariel Autom\\u00e1ticas 55 lavados - Comercial de Hosteleria Anma\",\"isPartOf\":{\"@id\":\"https:\/\/www.comercialanma.es\/#website\"},\"primaryImageOfPage\":{\"@id\":\"https:\/\/www.comercialanma.es\/?product=detergente-ariel-liquido-automaticas-55#primaryimage\"},\"datePublished\":\"2021-12-28T11:27:15+00:00\",\"dateModified\":\"2021-12-28T11:58:26+00:00\",\"description\":\"Detergente l\\u00edquido autom\\u00e1ticas | Ariel | 55 Lavados | Garantiza que la ropa durante m\\u00e1s tiempo blanco permanece.\",\"breadcrumb\":{\"@id\":\"https:\/\/www.comercialanma.es\/?product=detergente-ariel-liquido-automaticas-55#breadcrumb\"},\"inLanguage\":\"es\",\"potentialAction\":[{\"@type\":\"ReadAction\",\"target\":[\"https:\/\/www.comercialanma.es\/?product=detergente-ariel-liquido-automaticas-55\"]}]},{\"@type\":\"BreadcrumbList\",\"@id\":\"https:\/\/www.comercialanma.es\/?product=detergente-ariel-liquido-automaticas-55#breadcrumb\",\"itemListElement\":[{\"@type\":\"ListItem\",\"position\":1,\"item\":{\"@type\":\"WebPage\",\"@id\":\"https:\/\/www.comercialanma.es\/\",\"url\":\"https:\/\/www.comercialanma.es\/\",\"name\":\"Portada\"}},{\"@type\":\"ListItem\",\"position\":2,\"item\":{\"@type\":\"WebPage\",\"@id\":\"https:\/\/www.comercialanma.es\/?page_id=3963\",\"url\":\"https:\/\/www.comercialanma.es\/?page_id=3963\",\"name\":\"Cat\\u00e1logo de Productos\"}},{\"@type\":\"ListItem\",\"position\":3,\"item\":{\"@type\":\"WebPage\",\"@id\":\"https:\/\/www.comercialanma.es\/?product=detergente-ariel-liquido-automaticas-55\",\"url\":\"https:\/\/www.comercialanma.es\/?product=detergente-ariel-liquido-automaticas-55\",\"name\":\"Detergente l\\u00edquido Ariel Autom\\u00e1ticas 55 lavados\"}}]}]}<\/script>\n<!-- \/ Yoast SEO plugin. -->","_links":{"self":[{"href":"https:\/\/www.comercialanma.es\/index.php?rest_route=\/wp\/v2\/product\/20447"}],"collection":[{"href":"https:\/\/www.comercialanma.es\/index.php?rest_route=\/wp\/v2\/product"}],"about":[{"href":"https:\/\/www.comercialanma.es\/index.php?rest_route=\/wp\/v2\/types\/product"}],"version-history":[{"count":1,"href":"https:\/\/www.comercialanma.es\/index.php?rest_route=\/wp\/v2\/product\/20447\/revisions"}],"predecessor-version":[{"id":20449,"href":"https:\/\/www.comercialanma.es\/index.php?rest_route=\/wp\/v2\/product\/20447\/revisions\/20449"}],"wp:featuredmedia":[{"embeddable":true,"href":"https:\/\/www.comercialanma.es\/index.php?rest_route=\/wp\/v2\/media\/20448"}],"wp:attachment":[{"href":"https:\/\/www.comercialanma.es\/index.php?rest_route=%2Fwp%2Fv2%2Fmedia&parent=20447"}],"curies":[{"name":"wp","href":"https:\/\/api.w.org\/{rel}","templated":true}]}}