
{"id":20468,"date":"2021-12-28T17:10:01","date_gmt":"2021-12-28T16:10:01","guid":{"rendered":"https:\/\/www.comercialanma.es\/?post_type=product&#038;p=20468"},"modified":"2021-12-28T17:30:29","modified_gmt":"2021-12-28T16:30:29","slug":"recipiente-hermetico-pure-box-active","status":"publish","type":"product","link":"https:\/\/www.comercialanma.es\/?product=recipiente-hermetico-pure-box-active","title":{"rendered":"Recipiente herm\u00e9tico Pure Box Active 84cl."},"content":{"rendered":"<p>Recipiente rectangular herm\u00e9tico Red Pure Box Active | Luminarc| 84cl.|<\/p>\n<p>Cuerpo de vidrio con tapa de pl\u00e1stico. F\u00e1cilmente apilable. Completamente libre de BPA o cadmio. Gran resistencia. Higi\u00e9nico para su contacto con los alimentos. No se manchan, no retiene bacterias ni olores.A prueba de derrames al ser herm\u00e9tico: permite transportar alimentos con seguridad fuera de casa. Con v\u00e1lvula para calentar en el microondas: con la v\u00e1lvula cerrada es herm\u00e9tico para el transporte o el congelador (m\u00ednimo -20\u00ba) y con la v\u00e1lvula abierta permite calentar en el microondas sin que se produzcan salpicaduras ni se sequen los alimentos al recalentarlos (m\u00e1ximo 110\u00ba). Apto para microondas, lavavajillas, frigor\u00edfico y congelador<\/p>\n","protected":false},"excerpt":{"rendered":"<div class=\"field field-name-body field-type-text-with-summary field-label-hidden\">\n<div class=\"field-items\">\n<div class=\"field-item even\">\n<ul>\n<li>Fabricante: Luminarc<\/li>\n<li>Recipiente herm\u00e9tico Pure Box Active<\/li>\n<li>Cuerpo vidrio tapa de pl\u00e1stico<\/li>\n<li>Capacidad 84cl.<\/li>\n<\/ul>\n<\/div>\n<\/div>\n<\/div>\n<p>&nbsp;<\/p>\n","protected":false},"featured_media":20469,"template":"","meta":{"spay_email":""},"yoast_head":"<!-- This site is optimized with the Yoast SEO plugin v15.9 - https:\/\/yoast.com\/wordpress\/plugins\/seo\/ -->\n<title>Recipiente herm\u00e9tico Pure Box Active 84cl. - Comercial de Hosteleria Anma<\/title>\n<meta name=\"description\" content=\"Recipiente herm\u00e9tico Red Pure Box Active | Luminarc| 84cl.| Cuerpo de vidrio con tapa de pl\u00e1stico. Apilable. Gran resistencia.\" \/>\n<meta name=\"robots\" content=\"index, follow, max-snippet:-1, max-image-preview:large, max-video-preview:-1\" \/>\n<link rel=\"canonical\" href=\"https:\/\/www.comercialanma.es\/?product=recipiente-hermetico-pure-box-active\" \/>\n<meta property=\"og:locale\" content=\"es_ES\" \/>\n<meta property=\"og:type\" content=\"article\" \/>\n<meta property=\"og:title\" content=\"Recipiente herm\u00e9tico Pure Box Active 84cl. - Comercial de Hosteleria Anma\" \/>\n<meta property=\"og:description\" content=\"Recipiente herm\u00e9tico Red Pure Box Active | Luminarc| 84cl.| Cuerpo de vidrio con tapa de pl\u00e1stico. Apilable. Gran resistencia.\" \/>\n<meta property=\"og:url\" content=\"https:\/\/www.comercialanma.es\/?product=recipiente-hermetico-pure-box-active\" \/>\n<meta property=\"og:site_name\" content=\"Comercial de Hosteleria Anma\" \/>\n<meta property=\"article:publisher\" content=\"https:\/\/www.facebook.com\/AnmaHosteleria\" \/>\n<meta property=\"article:modified_time\" content=\"2021-12-28T16:30:29+00:00\" \/>\n<meta property=\"og:image\" content=\"https:\/\/i2.wp.com\/www.comercialanma.es\/wp-content\/uploads\/2021\/12\/recipiente-red-pure-box-58cl.jpg?fit=1080%2C1080&#038;ssl=1\" \/>\n\t<meta property=\"og:image:width\" content=\"1080\" \/>\n\t<meta property=\"og:image:height\" content=\"1080\" \/>\n<meta name=\"twitter:card\" content=\"summary_large_image\" \/>\n<meta name=\"twitter:label1\" content=\"Tiempo de lectura\">\n\t<meta name=\"twitter:data1\" content=\"1 minuto\">\n<script type=\"application\/ld+json\" class=\"yoast-schema-graph\">{\"@context\":\"https:\/\/schema.org\",\"@graph\":[{\"@type\":\"Organization\",\"@id\":\"https:\/\/www.comercialanma.es\/#organization\",\"name\":\"Comercial Anma\",\"url\":\"https:\/\/www.comercialanma.es\/\",\"sameAs\":[\"https:\/\/www.facebook.com\/AnmaHosteleria\",\"https:\/\/www.instagram.com\/anmahosteleria\/?hl=es\",\"https:\/\/www.youtube.com\/channel\/UCT2nmn08Ntks0hmpZPnDgCA\"],\"logo\":{\"@type\":\"ImageObject\",\"@id\":\"https:\/\/www.comercialanma.es\/#logo\",\"inLanguage\":\"es\",\"url\":\"https:\/\/i2.wp.com\/www.comercialanma.es\/wp-content\/uploads\/2019\/06\/logo-anma-color.png?fit=247%2C101&ssl=1\",\"width\":247,\"height\":101,\"caption\":\"Comercial Anma\"},\"image\":{\"@id\":\"https:\/\/www.comercialanma.es\/#logo\"}},{\"@type\":\"WebSite\",\"@id\":\"https:\/\/www.comercialanma.es\/#website\",\"url\":\"https:\/\/www.comercialanma.es\/\",\"name\":\"Comercial de Hosteleria Anma\",\"description\":\"\",\"publisher\":{\"@id\":\"https:\/\/www.comercialanma.es\/#organization\"},\"potentialAction\":[{\"@type\":\"SearchAction\",\"target\":\"https:\/\/www.comercialanma.es\/?s={search_term_string}\",\"query-input\":\"required name=search_term_string\"}],\"inLanguage\":\"es\"},{\"@type\":\"ImageObject\",\"@id\":\"https:\/\/www.comercialanma.es\/?product=recipiente-hermetico-pure-box-active#primaryimage\",\"inLanguage\":\"es\",\"url\":\"https:\/\/i2.wp.com\/www.comercialanma.es\/wp-content\/uploads\/2021\/12\/recipiente-red-pure-box-58cl.jpg?fit=1080%2C1080&ssl=1\",\"width\":1080,\"height\":1080},{\"@type\":\"WebPage\",\"@id\":\"https:\/\/www.comercialanma.es\/?product=recipiente-hermetico-pure-box-active#webpage\",\"url\":\"https:\/\/www.comercialanma.es\/?product=recipiente-hermetico-pure-box-active\",\"name\":\"Recipiente herm\\u00e9tico Pure Box Active 84cl. - Comercial de Hosteleria Anma\",\"isPartOf\":{\"@id\":\"https:\/\/www.comercialanma.es\/#website\"},\"primaryImageOfPage\":{\"@id\":\"https:\/\/www.comercialanma.es\/?product=recipiente-hermetico-pure-box-active#primaryimage\"},\"datePublished\":\"2021-12-28T16:10:01+00:00\",\"dateModified\":\"2021-12-28T16:30:29+00:00\",\"description\":\"Recipiente herm\\u00e9tico Red Pure Box Active | Luminarc| 84cl.| Cuerpo de vidrio con tapa de pl\\u00e1stico. Apilable. Gran resistencia.\",\"breadcrumb\":{\"@id\":\"https:\/\/www.comercialanma.es\/?product=recipiente-hermetico-pure-box-active#breadcrumb\"},\"inLanguage\":\"es\",\"potentialAction\":[{\"@type\":\"ReadAction\",\"target\":[\"https:\/\/www.comercialanma.es\/?product=recipiente-hermetico-pure-box-active\"]}]},{\"@type\":\"BreadcrumbList\",\"@id\":\"https:\/\/www.comercialanma.es\/?product=recipiente-hermetico-pure-box-active#breadcrumb\",\"itemListElement\":[{\"@type\":\"ListItem\",\"position\":1,\"item\":{\"@type\":\"WebPage\",\"@id\":\"https:\/\/www.comercialanma.es\/\",\"url\":\"https:\/\/www.comercialanma.es\/\",\"name\":\"Portada\"}},{\"@type\":\"ListItem\",\"position\":2,\"item\":{\"@type\":\"WebPage\",\"@id\":\"https:\/\/www.comercialanma.es\/?page_id=3963\",\"url\":\"https:\/\/www.comercialanma.es\/?page_id=3963\",\"name\":\"Cat\\u00e1logo de Productos\"}},{\"@type\":\"ListItem\",\"position\":3,\"item\":{\"@type\":\"WebPage\",\"@id\":\"https:\/\/www.comercialanma.es\/?product=recipiente-hermetico-pure-box-active\",\"url\":\"https:\/\/www.comercialanma.es\/?product=recipiente-hermetico-pure-box-active\",\"name\":\"Recipiente herm\\u00e9tico Pure Box Active 84cl.\"}}]}]}<\/script>\n<!-- \/ Yoast SEO plugin. -->","_links":{"self":[{"href":"https:\/\/www.comercialanma.es\/index.php?rest_route=\/wp\/v2\/product\/20468"}],"collection":[{"href":"https:\/\/www.comercialanma.es\/index.php?rest_route=\/wp\/v2\/product"}],"about":[{"href":"https:\/\/www.comercialanma.es\/index.php?rest_route=\/wp\/v2\/types\/product"}],"version-history":[{"count":2,"href":"https:\/\/www.comercialanma.es\/index.php?rest_route=\/wp\/v2\/product\/20468\/revisions"}],"predecessor-version":[{"id":20471,"href":"https:\/\/www.comercialanma.es\/index.php?rest_route=\/wp\/v2\/product\/20468\/revisions\/20471"}],"wp:featuredmedia":[{"embeddable":true,"href":"https:\/\/www.comercialanma.es\/index.php?rest_route=\/wp\/v2\/media\/20469"}],"wp:attachment":[{"href":"https:\/\/www.comercialanma.es\/index.php?rest_route=%2Fwp%2Fv2%2Fmedia&parent=20468"}],"curies":[{"name":"wp","href":"https:\/\/api.w.org\/{rel}","templated":true}]}}