
{"id":20493,"date":"2021-12-29T12:25:14","date_gmt":"2021-12-29T11:25:14","guid":{"rendered":"https:\/\/www.comercialanma.es\/?post_type=product&#038;p=20493"},"modified":"2021-12-29T15:08:02","modified_gmt":"2021-12-29T14:08:02","slug":"carbon-vegetal-ponc-15","status":"publish","type":"product","link":"https:\/\/www.comercialanma.es\/?product=carbon-vegetal-ponc-15","title":{"rendered":"Carb\u00f3n vegetal Pon\u00e7 15Kg."},"content":{"rendered":"<p>Carb\u00f3n vegetal | Pon\u00e7 | 3Kg.|<\/p>\n<p>Son carbones de gran dureza y son pr\u00e1cticamente 90% marab\u00fa cubano mezclado con otras maderas duras.<\/p>\n<p>Es un carb\u00f3n b\u00e1sicamente de uso profesional, valorado por nuestros principales clientes a nivel nacional e internacional y si bien cuesta algo de encender, su rendimiento y durabilidad es \u00f3ptima para restaurantes y asadores que necesitan optimizar y rentabilizar el servicio.<\/p>\n","protected":false},"excerpt":{"rendered":"<ul class=\"a-unordered-list a-vertical a-spacing-mini\">\n<li><span class=\"a-list-item\">Marca: Pon\u00e7<\/span><\/li>\n<li><span class=\"a-list-item\">Premium Quality<\/span><\/li>\n<li><span class=\"a-list-item\"><span class=\"a-list-item\">De origen vegetal: <\/span><\/span>Marab\u00fa cubano y quebracho<\/li>\n<li><span class=\"a-list-item\">15Kg.<\/span><\/li>\n<\/ul>\n","protected":false},"featured_media":20494,"template":"","meta":{"spay_email":""},"yoast_head":"<!-- This site is optimized with the Yoast SEO plugin v15.9 - https:\/\/yoast.com\/wordpress\/plugins\/seo\/ -->\n<title>Carb\u00f3n vegetal Pon\u00e7 15Kg. - Comercial de Hosteleria Anma<\/title>\n<meta name=\"description\" content=\"Carb\u00f3n vegetal | Pon\u00e7 | 15Kg.| Es un carb\u00f3n b\u00e1sicamente de uso profesional, rendimiento y durabilidad es \u00f3ptima.\" \/>\n<meta name=\"robots\" content=\"index, follow, max-snippet:-1, max-image-preview:large, max-video-preview:-1\" \/>\n<link rel=\"canonical\" href=\"https:\/\/www.comercialanma.es\/?product=carbon-vegetal-ponc-15\" \/>\n<meta property=\"og:locale\" content=\"es_ES\" \/>\n<meta property=\"og:type\" content=\"article\" \/>\n<meta property=\"og:title\" content=\"Carb\u00f3n vegetal Pon\u00e7 15Kg. - Comercial de Hosteleria Anma\" \/>\n<meta property=\"og:description\" content=\"Carb\u00f3n vegetal | Pon\u00e7 | 15Kg.| Es un carb\u00f3n b\u00e1sicamente de uso profesional, rendimiento y durabilidad es \u00f3ptima.\" \/>\n<meta property=\"og:url\" content=\"https:\/\/www.comercialanma.es\/?product=carbon-vegetal-ponc-15\" \/>\n<meta property=\"og:site_name\" content=\"Comercial de Hosteleria Anma\" \/>\n<meta property=\"article:publisher\" content=\"https:\/\/www.facebook.com\/AnmaHosteleria\" \/>\n<meta property=\"article:modified_time\" content=\"2021-12-29T14:08:02+00:00\" \/>\n<meta property=\"og:image\" content=\"https:\/\/i2.wp.com\/www.comercialanma.es\/wp-content\/uploads\/2021\/12\/carbon-vegetal-ponc-15kg.jpg?fit=1080%2C1080&#038;ssl=1\" \/>\n\t<meta property=\"og:image:width\" content=\"1080\" \/>\n\t<meta property=\"og:image:height\" content=\"1080\" \/>\n<meta name=\"twitter:card\" content=\"summary_large_image\" \/>\n<meta name=\"twitter:label1\" content=\"Tiempo de lectura\">\n\t<meta name=\"twitter:data1\" content=\"1 minuto\">\n<script type=\"application\/ld+json\" class=\"yoast-schema-graph\">{\"@context\":\"https:\/\/schema.org\",\"@graph\":[{\"@type\":\"Organization\",\"@id\":\"https:\/\/www.comercialanma.es\/#organization\",\"name\":\"Comercial Anma\",\"url\":\"https:\/\/www.comercialanma.es\/\",\"sameAs\":[\"https:\/\/www.facebook.com\/AnmaHosteleria\",\"https:\/\/www.instagram.com\/anmahosteleria\/?hl=es\",\"https:\/\/www.youtube.com\/channel\/UCT2nmn08Ntks0hmpZPnDgCA\"],\"logo\":{\"@type\":\"ImageObject\",\"@id\":\"https:\/\/www.comercialanma.es\/#logo\",\"inLanguage\":\"es\",\"url\":\"https:\/\/i2.wp.com\/www.comercialanma.es\/wp-content\/uploads\/2019\/06\/logo-anma-color.png?fit=247%2C101&ssl=1\",\"width\":247,\"height\":101,\"caption\":\"Comercial Anma\"},\"image\":{\"@id\":\"https:\/\/www.comercialanma.es\/#logo\"}},{\"@type\":\"WebSite\",\"@id\":\"https:\/\/www.comercialanma.es\/#website\",\"url\":\"https:\/\/www.comercialanma.es\/\",\"name\":\"Comercial de Hosteleria Anma\",\"description\":\"\",\"publisher\":{\"@id\":\"https:\/\/www.comercialanma.es\/#organization\"},\"potentialAction\":[{\"@type\":\"SearchAction\",\"target\":\"https:\/\/www.comercialanma.es\/?s={search_term_string}\",\"query-input\":\"required name=search_term_string\"}],\"inLanguage\":\"es\"},{\"@type\":\"ImageObject\",\"@id\":\"https:\/\/www.comercialanma.es\/?product=carbon-vegetal-ponc-15#primaryimage\",\"inLanguage\":\"es\",\"url\":\"https:\/\/i2.wp.com\/www.comercialanma.es\/wp-content\/uploads\/2021\/12\/carbon-vegetal-ponc-15kg.jpg?fit=1080%2C1080&ssl=1\",\"width\":1080,\"height\":1080},{\"@type\":\"WebPage\",\"@id\":\"https:\/\/www.comercialanma.es\/?product=carbon-vegetal-ponc-15#webpage\",\"url\":\"https:\/\/www.comercialanma.es\/?product=carbon-vegetal-ponc-15\",\"name\":\"Carb\\u00f3n vegetal Pon\\u00e7 15Kg. - Comercial de Hosteleria Anma\",\"isPartOf\":{\"@id\":\"https:\/\/www.comercialanma.es\/#website\"},\"primaryImageOfPage\":{\"@id\":\"https:\/\/www.comercialanma.es\/?product=carbon-vegetal-ponc-15#primaryimage\"},\"datePublished\":\"2021-12-29T11:25:14+00:00\",\"dateModified\":\"2021-12-29T14:08:02+00:00\",\"description\":\"Carb\\u00f3n vegetal | Pon\\u00e7 | 15Kg.| Es un carb\\u00f3n b\\u00e1sicamente de uso profesional, rendimiento y durabilidad es \\u00f3ptima.\",\"breadcrumb\":{\"@id\":\"https:\/\/www.comercialanma.es\/?product=carbon-vegetal-ponc-15#breadcrumb\"},\"inLanguage\":\"es\",\"potentialAction\":[{\"@type\":\"ReadAction\",\"target\":[\"https:\/\/www.comercialanma.es\/?product=carbon-vegetal-ponc-15\"]}]},{\"@type\":\"BreadcrumbList\",\"@id\":\"https:\/\/www.comercialanma.es\/?product=carbon-vegetal-ponc-15#breadcrumb\",\"itemListElement\":[{\"@type\":\"ListItem\",\"position\":1,\"item\":{\"@type\":\"WebPage\",\"@id\":\"https:\/\/www.comercialanma.es\/\",\"url\":\"https:\/\/www.comercialanma.es\/\",\"name\":\"Portada\"}},{\"@type\":\"ListItem\",\"position\":2,\"item\":{\"@type\":\"WebPage\",\"@id\":\"https:\/\/www.comercialanma.es\/?page_id=3963\",\"url\":\"https:\/\/www.comercialanma.es\/?page_id=3963\",\"name\":\"Cat\\u00e1logo de Productos\"}},{\"@type\":\"ListItem\",\"position\":3,\"item\":{\"@type\":\"WebPage\",\"@id\":\"https:\/\/www.comercialanma.es\/?product=carbon-vegetal-ponc-15\",\"url\":\"https:\/\/www.comercialanma.es\/?product=carbon-vegetal-ponc-15\",\"name\":\"Carb\\u00f3n vegetal Pon\\u00e7 15Kg.\"}}]}]}<\/script>\n<!-- \/ Yoast SEO plugin. -->","_links":{"self":[{"href":"https:\/\/www.comercialanma.es\/index.php?rest_route=\/wp\/v2\/product\/20493"}],"collection":[{"href":"https:\/\/www.comercialanma.es\/index.php?rest_route=\/wp\/v2\/product"}],"about":[{"href":"https:\/\/www.comercialanma.es\/index.php?rest_route=\/wp\/v2\/types\/product"}],"version-history":[{"count":1,"href":"https:\/\/www.comercialanma.es\/index.php?rest_route=\/wp\/v2\/product\/20493\/revisions"}],"predecessor-version":[{"id":20495,"href":"https:\/\/www.comercialanma.es\/index.php?rest_route=\/wp\/v2\/product\/20493\/revisions\/20495"}],"wp:featuredmedia":[{"embeddable":true,"href":"https:\/\/www.comercialanma.es\/index.php?rest_route=\/wp\/v2\/media\/20494"}],"wp:attachment":[{"href":"https:\/\/www.comercialanma.es\/index.php?rest_route=%2Fwp%2Fv2%2Fmedia&parent=20493"}],"curies":[{"name":"wp","href":"https:\/\/api.w.org\/{rel}","templated":true}]}}