
{"id":20517,"date":"2021-12-29T17:44:37","date_gmt":"2021-12-29T16:44:37","guid":{"rendered":"https:\/\/www.comercialanma.es\/?post_type=product&#038;p=20517"},"modified":"2021-12-29T17:51:18","modified_gmt":"2021-12-29T16:51:18","slug":"rascador-profesional-supreminox","status":"publish","type":"product","link":"https:\/\/www.comercialanma.es\/?product=rascador-profesional-supreminox","title":{"rendered":"Rascador profesional Supreminox"},"content":{"rendered":"<p>Rascador profesional | Supreminox | 31cm.<\/p>\n<p>Una pieza sencilla, fabricada en acero inoxidable y con un c\u00f3modo mango para que sea m\u00e1s f\u00e1cil su uso. As\u00ed es el rascador profesional de Supreminox; un accesorio de cocina que utilizar de distintas maneras: para limpiar, repasar, retirar restos de comida.<\/p>\n","protected":false},"excerpt":{"rendered":"<ul>\n<li>Fabricante Supreminox<\/li>\n<li>Materiales: Acero Inoxidable<\/li>\n<li>Tama\u00f1o rascador: 31cm.<\/li>\n<li>Tama\u00f1o cuchilla: 10cm.<\/li>\n<\/ul>\n","protected":false},"featured_media":20518,"template":"","meta":{"spay_email":""},"yoast_head":"<!-- This site is optimized with the Yoast SEO plugin v15.9 - https:\/\/yoast.com\/wordpress\/plugins\/seo\/ -->\n<title>Rascador profesional Supreminox - Comercial de Hosteleria Anma<\/title>\n<meta name=\"description\" content=\"Rascador profesional | Supreminox | 31cm.| Accesorio de cocina que se usa para limpiar, repasar, retirar restos de comida.\" \/>\n<meta name=\"robots\" content=\"index, follow, max-snippet:-1, max-image-preview:large, max-video-preview:-1\" \/>\n<link rel=\"canonical\" href=\"https:\/\/www.comercialanma.es\/?product=rascador-profesional-supreminox\" \/>\n<meta property=\"og:locale\" content=\"es_ES\" \/>\n<meta property=\"og:type\" content=\"article\" \/>\n<meta property=\"og:title\" content=\"Rascador profesional Supreminox - Comercial de Hosteleria Anma\" \/>\n<meta property=\"og:description\" content=\"Rascador profesional | Supreminox | 31cm.| Accesorio de cocina que se usa para limpiar, repasar, retirar restos de comida.\" \/>\n<meta property=\"og:url\" content=\"https:\/\/www.comercialanma.es\/?product=rascador-profesional-supreminox\" \/>\n<meta property=\"og:site_name\" content=\"Comercial de Hosteleria Anma\" \/>\n<meta property=\"article:publisher\" content=\"https:\/\/www.facebook.com\/AnmaHosteleria\" \/>\n<meta property=\"article:modified_time\" content=\"2021-12-29T16:51:18+00:00\" \/>\n<meta property=\"og:image\" content=\"https:\/\/i0.wp.com\/www.comercialanma.es\/wp-content\/uploads\/2021\/12\/rascador-profesional-supreminox.jpg?fit=1080%2C1080&#038;ssl=1\" \/>\n\t<meta property=\"og:image:width\" content=\"1080\" \/>\n\t<meta property=\"og:image:height\" content=\"1080\" \/>\n<meta name=\"twitter:card\" content=\"summary_large_image\" \/>\n<meta name=\"twitter:label1\" content=\"Tiempo de lectura\">\n\t<meta name=\"twitter:data1\" content=\"1 minuto\">\n<script type=\"application\/ld+json\" class=\"yoast-schema-graph\">{\"@context\":\"https:\/\/schema.org\",\"@graph\":[{\"@type\":\"Organization\",\"@id\":\"https:\/\/www.comercialanma.es\/#organization\",\"name\":\"Comercial Anma\",\"url\":\"https:\/\/www.comercialanma.es\/\",\"sameAs\":[\"https:\/\/www.facebook.com\/AnmaHosteleria\",\"https:\/\/www.instagram.com\/anmahosteleria\/?hl=es\",\"https:\/\/www.youtube.com\/channel\/UCT2nmn08Ntks0hmpZPnDgCA\"],\"logo\":{\"@type\":\"ImageObject\",\"@id\":\"https:\/\/www.comercialanma.es\/#logo\",\"inLanguage\":\"es\",\"url\":\"https:\/\/i2.wp.com\/www.comercialanma.es\/wp-content\/uploads\/2019\/06\/logo-anma-color.png?fit=247%2C101&ssl=1\",\"width\":247,\"height\":101,\"caption\":\"Comercial Anma\"},\"image\":{\"@id\":\"https:\/\/www.comercialanma.es\/#logo\"}},{\"@type\":\"WebSite\",\"@id\":\"https:\/\/www.comercialanma.es\/#website\",\"url\":\"https:\/\/www.comercialanma.es\/\",\"name\":\"Comercial de Hosteleria Anma\",\"description\":\"\",\"publisher\":{\"@id\":\"https:\/\/www.comercialanma.es\/#organization\"},\"potentialAction\":[{\"@type\":\"SearchAction\",\"target\":\"https:\/\/www.comercialanma.es\/?s={search_term_string}\",\"query-input\":\"required name=search_term_string\"}],\"inLanguage\":\"es\"},{\"@type\":\"ImageObject\",\"@id\":\"https:\/\/www.comercialanma.es\/?product=rascador-profesional-supreminox#primaryimage\",\"inLanguage\":\"es\",\"url\":\"https:\/\/i0.wp.com\/www.comercialanma.es\/wp-content\/uploads\/2021\/12\/rascador-profesional-supreminox.jpg?fit=1080%2C1080&ssl=1\",\"width\":1080,\"height\":1080},{\"@type\":\"WebPage\",\"@id\":\"https:\/\/www.comercialanma.es\/?product=rascador-profesional-supreminox#webpage\",\"url\":\"https:\/\/www.comercialanma.es\/?product=rascador-profesional-supreminox\",\"name\":\"Rascador profesional Supreminox - Comercial de Hosteleria Anma\",\"isPartOf\":{\"@id\":\"https:\/\/www.comercialanma.es\/#website\"},\"primaryImageOfPage\":{\"@id\":\"https:\/\/www.comercialanma.es\/?product=rascador-profesional-supreminox#primaryimage\"},\"datePublished\":\"2021-12-29T16:44:37+00:00\",\"dateModified\":\"2021-12-29T16:51:18+00:00\",\"description\":\"Rascador profesional | Supreminox | 31cm.| Accesorio de cocina que se usa para limpiar, repasar, retirar restos de comida.\",\"breadcrumb\":{\"@id\":\"https:\/\/www.comercialanma.es\/?product=rascador-profesional-supreminox#breadcrumb\"},\"inLanguage\":\"es\",\"potentialAction\":[{\"@type\":\"ReadAction\",\"target\":[\"https:\/\/www.comercialanma.es\/?product=rascador-profesional-supreminox\"]}]},{\"@type\":\"BreadcrumbList\",\"@id\":\"https:\/\/www.comercialanma.es\/?product=rascador-profesional-supreminox#breadcrumb\",\"itemListElement\":[{\"@type\":\"ListItem\",\"position\":1,\"item\":{\"@type\":\"WebPage\",\"@id\":\"https:\/\/www.comercialanma.es\/\",\"url\":\"https:\/\/www.comercialanma.es\/\",\"name\":\"Portada\"}},{\"@type\":\"ListItem\",\"position\":2,\"item\":{\"@type\":\"WebPage\",\"@id\":\"https:\/\/www.comercialanma.es\/?page_id=3963\",\"url\":\"https:\/\/www.comercialanma.es\/?page_id=3963\",\"name\":\"Cat\\u00e1logo de Productos\"}},{\"@type\":\"ListItem\",\"position\":3,\"item\":{\"@type\":\"WebPage\",\"@id\":\"https:\/\/www.comercialanma.es\/?product=rascador-profesional-supreminox\",\"url\":\"https:\/\/www.comercialanma.es\/?product=rascador-profesional-supreminox\",\"name\":\"Rascador profesional Supreminox\"}}]}]}<\/script>\n<!-- \/ Yoast SEO plugin. -->","_links":{"self":[{"href":"https:\/\/www.comercialanma.es\/index.php?rest_route=\/wp\/v2\/product\/20517"}],"collection":[{"href":"https:\/\/www.comercialanma.es\/index.php?rest_route=\/wp\/v2\/product"}],"about":[{"href":"https:\/\/www.comercialanma.es\/index.php?rest_route=\/wp\/v2\/types\/product"}],"version-history":[{"count":1,"href":"https:\/\/www.comercialanma.es\/index.php?rest_route=\/wp\/v2\/product\/20517\/revisions"}],"predecessor-version":[{"id":20519,"href":"https:\/\/www.comercialanma.es\/index.php?rest_route=\/wp\/v2\/product\/20517\/revisions\/20519"}],"wp:featuredmedia":[{"embeddable":true,"href":"https:\/\/www.comercialanma.es\/index.php?rest_route=\/wp\/v2\/media\/20518"}],"wp:attachment":[{"href":"https:\/\/www.comercialanma.es\/index.php?rest_route=%2Fwp%2Fv2%2Fmedia&parent=20517"}],"curies":[{"name":"wp","href":"https:\/\/api.w.org\/{rel}","templated":true}]}}