
{"id":20539,"date":"2021-12-30T11:52:58","date_gmt":"2021-12-30T10:52:58","guid":{"rendered":"https:\/\/www.comercialanma.es\/?post_type=product&#038;p=20539"},"modified":"2021-12-30T12:01:41","modified_gmt":"2021-12-30T11:01:41","slug":"pincel-silicona-lacor-23","status":"publish","type":"product","link":"https:\/\/www.comercialanma.es\/?product=pincel-silicona-lacor-23","title":{"rendered":"Pincel silicona mango Inox. Lacor 23cm."},"content":{"rendered":"<p>Pincel silicona mango acero | Lacor | 23cm.<\/p>\n<p>Pincel de silicona con mango de acero inox. este utensilio de cocina y reposter\u00eda es<\/p>\n<p>muy \u00fatil para pincelar huevo, az\u00facar o\u00a0 salsas para para nuestros asados.<\/p>\n","protected":false},"excerpt":{"rendered":"<ul>\n<li>Fabricante Lacor<\/li>\n<li>Mango acero inoxidable &#8211; Silicona<\/li>\n<li>Pincel de silicona resistentes a (210\u00b0C), excelente para barbacoa<\/li>\n<li>Medidas: 23cm.<\/li>\n<\/ul>\n","protected":false},"featured_media":20535,"template":"","meta":{"spay_email":""},"yoast_head":"<!-- This site is optimized with the Yoast SEO plugin v15.9 - https:\/\/yoast.com\/wordpress\/plugins\/seo\/ -->\n<title>Pincel silicona mango Inox. Lacor 23cm. - Comercial de Hosteleria Anma<\/title>\n<meta name=\"description\" content=\"Pincel silicona mango acero | Lacor | 23cm.| Utensilio de cocina y reposter\u00eda, muy \u00fatil para pincelar huevo, az\u00facar o\u00a0salsas.\" \/>\n<meta name=\"robots\" content=\"index, follow, max-snippet:-1, max-image-preview:large, max-video-preview:-1\" \/>\n<link rel=\"canonical\" href=\"https:\/\/www.comercialanma.es\/?product=pincel-silicona-lacor-23\" \/>\n<meta property=\"og:locale\" content=\"es_ES\" \/>\n<meta property=\"og:type\" content=\"article\" \/>\n<meta property=\"og:title\" content=\"Pincel silicona mango Inox. Lacor 23cm. - Comercial de Hosteleria Anma\" \/>\n<meta property=\"og:description\" content=\"Pincel silicona mango acero | Lacor | 23cm.| Utensilio de cocina y reposter\u00eda, muy \u00fatil para pincelar huevo, az\u00facar o\u00a0salsas.\" \/>\n<meta property=\"og:url\" content=\"https:\/\/www.comercialanma.es\/?product=pincel-silicona-lacor-23\" \/>\n<meta property=\"og:site_name\" content=\"Comercial de Hosteleria Anma\" \/>\n<meta property=\"article:publisher\" content=\"https:\/\/www.facebook.com\/AnmaHosteleria\" \/>\n<meta property=\"article:modified_time\" content=\"2021-12-30T11:01:41+00:00\" \/>\n<meta property=\"og:image\" content=\"https:\/\/i0.wp.com\/www.comercialanma.es\/wp-content\/uploads\/2021\/12\/Pincel-lacor-44x35-1.jpg?fit=1080%2C1080&#038;ssl=1\" \/>\n\t<meta property=\"og:image:width\" content=\"1080\" \/>\n\t<meta property=\"og:image:height\" content=\"1080\" \/>\n<meta name=\"twitter:card\" content=\"summary_large_image\" \/>\n<meta name=\"twitter:label1\" content=\"Tiempo de lectura\">\n\t<meta name=\"twitter:data1\" content=\"1 minuto\">\n<script type=\"application\/ld+json\" class=\"yoast-schema-graph\">{\"@context\":\"https:\/\/schema.org\",\"@graph\":[{\"@type\":\"Organization\",\"@id\":\"https:\/\/www.comercialanma.es\/#organization\",\"name\":\"Comercial Anma\",\"url\":\"https:\/\/www.comercialanma.es\/\",\"sameAs\":[\"https:\/\/www.facebook.com\/AnmaHosteleria\",\"https:\/\/www.instagram.com\/anmahosteleria\/?hl=es\",\"https:\/\/www.youtube.com\/channel\/UCT2nmn08Ntks0hmpZPnDgCA\"],\"logo\":{\"@type\":\"ImageObject\",\"@id\":\"https:\/\/www.comercialanma.es\/#logo\",\"inLanguage\":\"es\",\"url\":\"https:\/\/i2.wp.com\/www.comercialanma.es\/wp-content\/uploads\/2019\/06\/logo-anma-color.png?fit=247%2C101&ssl=1\",\"width\":247,\"height\":101,\"caption\":\"Comercial Anma\"},\"image\":{\"@id\":\"https:\/\/www.comercialanma.es\/#logo\"}},{\"@type\":\"WebSite\",\"@id\":\"https:\/\/www.comercialanma.es\/#website\",\"url\":\"https:\/\/www.comercialanma.es\/\",\"name\":\"Comercial de Hosteleria Anma\",\"description\":\"\",\"publisher\":{\"@id\":\"https:\/\/www.comercialanma.es\/#organization\"},\"potentialAction\":[{\"@type\":\"SearchAction\",\"target\":\"https:\/\/www.comercialanma.es\/?s={search_term_string}\",\"query-input\":\"required name=search_term_string\"}],\"inLanguage\":\"es\"},{\"@type\":\"ImageObject\",\"@id\":\"https:\/\/www.comercialanma.es\/?product=pincel-silicona-lacor-23#primaryimage\",\"inLanguage\":\"es\",\"url\":\"https:\/\/i0.wp.com\/www.comercialanma.es\/wp-content\/uploads\/2021\/12\/Pincel-lacor-44x35-1.jpg?fit=1080%2C1080&ssl=1\",\"width\":1080,\"height\":1080},{\"@type\":\"WebPage\",\"@id\":\"https:\/\/www.comercialanma.es\/?product=pincel-silicona-lacor-23#webpage\",\"url\":\"https:\/\/www.comercialanma.es\/?product=pincel-silicona-lacor-23\",\"name\":\"Pincel silicona mango Inox. Lacor 23cm. - Comercial de Hosteleria Anma\",\"isPartOf\":{\"@id\":\"https:\/\/www.comercialanma.es\/#website\"},\"primaryImageOfPage\":{\"@id\":\"https:\/\/www.comercialanma.es\/?product=pincel-silicona-lacor-23#primaryimage\"},\"datePublished\":\"2021-12-30T10:52:58+00:00\",\"dateModified\":\"2021-12-30T11:01:41+00:00\",\"description\":\"Pincel silicona mango acero | Lacor | 23cm.| Utensilio de cocina y reposter\\u00eda, muy \\u00fatil para pincelar huevo, az\\u00facar o\\u00a0salsas.\",\"breadcrumb\":{\"@id\":\"https:\/\/www.comercialanma.es\/?product=pincel-silicona-lacor-23#breadcrumb\"},\"inLanguage\":\"es\",\"potentialAction\":[{\"@type\":\"ReadAction\",\"target\":[\"https:\/\/www.comercialanma.es\/?product=pincel-silicona-lacor-23\"]}]},{\"@type\":\"BreadcrumbList\",\"@id\":\"https:\/\/www.comercialanma.es\/?product=pincel-silicona-lacor-23#breadcrumb\",\"itemListElement\":[{\"@type\":\"ListItem\",\"position\":1,\"item\":{\"@type\":\"WebPage\",\"@id\":\"https:\/\/www.comercialanma.es\/\",\"url\":\"https:\/\/www.comercialanma.es\/\",\"name\":\"Portada\"}},{\"@type\":\"ListItem\",\"position\":2,\"item\":{\"@type\":\"WebPage\",\"@id\":\"https:\/\/www.comercialanma.es\/?page_id=3963\",\"url\":\"https:\/\/www.comercialanma.es\/?page_id=3963\",\"name\":\"Cat\\u00e1logo de Productos\"}},{\"@type\":\"ListItem\",\"position\":3,\"item\":{\"@type\":\"WebPage\",\"@id\":\"https:\/\/www.comercialanma.es\/?product=pincel-silicona-lacor-23\",\"url\":\"https:\/\/www.comercialanma.es\/?product=pincel-silicona-lacor-23\",\"name\":\"Pincel silicona mango Inox. Lacor 23cm.\"}}]}]}<\/script>\n<!-- \/ Yoast SEO plugin. -->","_links":{"self":[{"href":"https:\/\/www.comercialanma.es\/index.php?rest_route=\/wp\/v2\/product\/20539"}],"collection":[{"href":"https:\/\/www.comercialanma.es\/index.php?rest_route=\/wp\/v2\/product"}],"about":[{"href":"https:\/\/www.comercialanma.es\/index.php?rest_route=\/wp\/v2\/types\/product"}],"version-history":[{"count":1,"href":"https:\/\/www.comercialanma.es\/index.php?rest_route=\/wp\/v2\/product\/20539\/revisions"}],"predecessor-version":[{"id":20540,"href":"https:\/\/www.comercialanma.es\/index.php?rest_route=\/wp\/v2\/product\/20539\/revisions\/20540"}],"wp:featuredmedia":[{"embeddable":true,"href":"https:\/\/www.comercialanma.es\/index.php?rest_route=\/wp\/v2\/media\/20535"}],"wp:attachment":[{"href":"https:\/\/www.comercialanma.es\/index.php?rest_route=%2Fwp%2Fv2%2Fmedia&parent=20539"}],"curies":[{"name":"wp","href":"https:\/\/api.w.org\/{rel}","templated":true}]}}