
{"id":20550,"date":"2021-12-30T12:50:01","date_gmt":"2021-12-30T11:50:01","guid":{"rendered":"https:\/\/www.comercialanma.es\/?post_type=product&#038;p=20550"},"modified":"2021-12-30T15:17:47","modified_gmt":"2021-12-30T14:17:47","slug":"boquilla-redonda-inox-lacor-6u","status":"publish","type":"product","link":"https:\/\/www.comercialanma.es\/?product=boquilla-redonda-inox-lacor-6u","title":{"rendered":"Boquilla redonda Inox. Lacor 6u."},"content":{"rendered":"<p>Boquilla redonda Inoxidable | Lacor | Pack 6 |<\/p>\n<p>Te encanta la pasteler\u00eda y la reposter\u00eda, pero, sobre todo, el momento en que tienes que decorar la dulce creaci\u00f3n que acabas de sacar del horno o la nevera.<br \/>\nSi este es tu caso, necesitar\u00e1s diferentes tipos de boquillas de pasteler\u00eda que te ayuden a hacer volar tu imaginaci\u00f3n.\u00a0Esta en acero inoxidable de alta calidad,<br \/>\naprobado para uso alimentario, tiene punta estrellada\u00a0y te permite\u00a0hacer bordes, flores, conchas, espirales, rellenar tortas o darle vida a\u00a0adornos cremosos<br \/>\ncon textura para tus ponqu\u00e9s y\u00a0cupcakes. Adem\u00e1s, es de f\u00e1cil limpieza y te durar\u00e1 por muchos a\u00f1os.<\/p>\n","protected":false},"excerpt":{"rendered":"<ul class=\"a-unordered-list a-vertical a-spacing-mini\">\n<li><span class=\"a-list-item\">Fabricante: Lacor<\/span><\/li>\n<li>Material: Acero Inoxidable<\/li>\n<li>Boquilla lisa redonda<\/li>\n<li>Pack 6 unidades<\/li>\n<\/ul>\n","protected":false},"featured_media":20551,"template":"","meta":{"spay_email":""},"yoast_head":"<!-- This site is optimized with the Yoast SEO plugin v15.9 - https:\/\/yoast.com\/wordpress\/plugins\/seo\/ -->\n<title>Boquilla redonda Inox. Lacor 6u. - Comercial de Hosteleria Anma<\/title>\n<meta name=\"description\" content=\"Boquilla redonda | Lacor | Pack 6 | \u00a0Esta en acero inoxidable de alta calidad, aprobado para uso alimentario.\" \/>\n<meta name=\"robots\" content=\"index, follow, max-snippet:-1, max-image-preview:large, max-video-preview:-1\" \/>\n<link rel=\"canonical\" href=\"https:\/\/www.comercialanma.es\/?product=boquilla-redonda-inox-lacor-6u\" \/>\n<meta property=\"og:locale\" content=\"es_ES\" \/>\n<meta property=\"og:type\" content=\"article\" \/>\n<meta property=\"og:title\" content=\"Boquilla redonda Inox. Lacor 6u. - Comercial de Hosteleria Anma\" \/>\n<meta property=\"og:description\" content=\"Boquilla redonda | Lacor | Pack 6 | \u00a0Esta en acero inoxidable de alta calidad, aprobado para uso alimentario.\" \/>\n<meta property=\"og:url\" content=\"https:\/\/www.comercialanma.es\/?product=boquilla-redonda-inox-lacor-6u\" \/>\n<meta property=\"og:site_name\" content=\"Comercial de Hosteleria Anma\" \/>\n<meta property=\"article:publisher\" content=\"https:\/\/www.facebook.com\/AnmaHosteleria\" \/>\n<meta property=\"article:modified_time\" content=\"2021-12-30T14:17:47+00:00\" \/>\n<meta property=\"og:image\" content=\"https:\/\/i0.wp.com\/www.comercialanma.es\/wp-content\/uploads\/2021\/12\/boquilla-redonda-inox-lacor.jpg?fit=1080%2C1080&#038;ssl=1\" \/>\n\t<meta property=\"og:image:width\" content=\"1080\" \/>\n\t<meta property=\"og:image:height\" content=\"1080\" \/>\n<meta name=\"twitter:card\" content=\"summary_large_image\" \/>\n<meta name=\"twitter:label1\" content=\"Tiempo de lectura\">\n\t<meta name=\"twitter:data1\" content=\"1 minuto\">\n<script type=\"application\/ld+json\" class=\"yoast-schema-graph\">{\"@context\":\"https:\/\/schema.org\",\"@graph\":[{\"@type\":\"Organization\",\"@id\":\"https:\/\/www.comercialanma.es\/#organization\",\"name\":\"Comercial Anma\",\"url\":\"https:\/\/www.comercialanma.es\/\",\"sameAs\":[\"https:\/\/www.facebook.com\/AnmaHosteleria\",\"https:\/\/www.instagram.com\/anmahosteleria\/?hl=es\",\"https:\/\/www.youtube.com\/channel\/UCT2nmn08Ntks0hmpZPnDgCA\"],\"logo\":{\"@type\":\"ImageObject\",\"@id\":\"https:\/\/www.comercialanma.es\/#logo\",\"inLanguage\":\"es\",\"url\":\"https:\/\/i2.wp.com\/www.comercialanma.es\/wp-content\/uploads\/2019\/06\/logo-anma-color.png?fit=247%2C101&ssl=1\",\"width\":247,\"height\":101,\"caption\":\"Comercial Anma\"},\"image\":{\"@id\":\"https:\/\/www.comercialanma.es\/#logo\"}},{\"@type\":\"WebSite\",\"@id\":\"https:\/\/www.comercialanma.es\/#website\",\"url\":\"https:\/\/www.comercialanma.es\/\",\"name\":\"Comercial de Hosteleria Anma\",\"description\":\"\",\"publisher\":{\"@id\":\"https:\/\/www.comercialanma.es\/#organization\"},\"potentialAction\":[{\"@type\":\"SearchAction\",\"target\":\"https:\/\/www.comercialanma.es\/?s={search_term_string}\",\"query-input\":\"required name=search_term_string\"}],\"inLanguage\":\"es\"},{\"@type\":\"ImageObject\",\"@id\":\"https:\/\/www.comercialanma.es\/?product=boquilla-redonda-inox-lacor-6u#primaryimage\",\"inLanguage\":\"es\",\"url\":\"https:\/\/i0.wp.com\/www.comercialanma.es\/wp-content\/uploads\/2021\/12\/boquilla-redonda-inox-lacor.jpg?fit=1080%2C1080&ssl=1\",\"width\":1080,\"height\":1080},{\"@type\":\"WebPage\",\"@id\":\"https:\/\/www.comercialanma.es\/?product=boquilla-redonda-inox-lacor-6u#webpage\",\"url\":\"https:\/\/www.comercialanma.es\/?product=boquilla-redonda-inox-lacor-6u\",\"name\":\"Boquilla redonda Inox. Lacor 6u. - Comercial de Hosteleria Anma\",\"isPartOf\":{\"@id\":\"https:\/\/www.comercialanma.es\/#website\"},\"primaryImageOfPage\":{\"@id\":\"https:\/\/www.comercialanma.es\/?product=boquilla-redonda-inox-lacor-6u#primaryimage\"},\"datePublished\":\"2021-12-30T11:50:01+00:00\",\"dateModified\":\"2021-12-30T14:17:47+00:00\",\"description\":\"Boquilla redonda | Lacor | Pack 6 | \\u00a0Esta en acero inoxidable de alta calidad, aprobado para uso alimentario.\",\"breadcrumb\":{\"@id\":\"https:\/\/www.comercialanma.es\/?product=boquilla-redonda-inox-lacor-6u#breadcrumb\"},\"inLanguage\":\"es\",\"potentialAction\":[{\"@type\":\"ReadAction\",\"target\":[\"https:\/\/www.comercialanma.es\/?product=boquilla-redonda-inox-lacor-6u\"]}]},{\"@type\":\"BreadcrumbList\",\"@id\":\"https:\/\/www.comercialanma.es\/?product=boquilla-redonda-inox-lacor-6u#breadcrumb\",\"itemListElement\":[{\"@type\":\"ListItem\",\"position\":1,\"item\":{\"@type\":\"WebPage\",\"@id\":\"https:\/\/www.comercialanma.es\/\",\"url\":\"https:\/\/www.comercialanma.es\/\",\"name\":\"Portada\"}},{\"@type\":\"ListItem\",\"position\":2,\"item\":{\"@type\":\"WebPage\",\"@id\":\"https:\/\/www.comercialanma.es\/?page_id=3963\",\"url\":\"https:\/\/www.comercialanma.es\/?page_id=3963\",\"name\":\"Cat\\u00e1logo de Productos\"}},{\"@type\":\"ListItem\",\"position\":3,\"item\":{\"@type\":\"WebPage\",\"@id\":\"https:\/\/www.comercialanma.es\/?product=boquilla-redonda-inox-lacor-6u\",\"url\":\"https:\/\/www.comercialanma.es\/?product=boquilla-redonda-inox-lacor-6u\",\"name\":\"Boquilla redonda Inox. Lacor 6u.\"}}]}]}<\/script>\n<!-- \/ Yoast SEO plugin. -->","_links":{"self":[{"href":"https:\/\/www.comercialanma.es\/index.php?rest_route=\/wp\/v2\/product\/20550"}],"collection":[{"href":"https:\/\/www.comercialanma.es\/index.php?rest_route=\/wp\/v2\/product"}],"about":[{"href":"https:\/\/www.comercialanma.es\/index.php?rest_route=\/wp\/v2\/types\/product"}],"version-history":[{"count":1,"href":"https:\/\/www.comercialanma.es\/index.php?rest_route=\/wp\/v2\/product\/20550\/revisions"}],"predecessor-version":[{"id":20552,"href":"https:\/\/www.comercialanma.es\/index.php?rest_route=\/wp\/v2\/product\/20550\/revisions\/20552"}],"wp:featuredmedia":[{"embeddable":true,"href":"https:\/\/www.comercialanma.es\/index.php?rest_route=\/wp\/v2\/media\/20551"}],"wp:attachment":[{"href":"https:\/\/www.comercialanma.es\/index.php?rest_route=%2Fwp%2Fv2%2Fmedia&parent=20550"}],"curies":[{"name":"wp","href":"https:\/\/api.w.org\/{rel}","templated":true}]}}