
{"id":20556,"date":"2021-12-30T16:23:50","date_gmt":"2021-12-30T15:23:50","guid":{"rendered":"https:\/\/www.comercialanma.es\/?post_type=product&#038;p=20556"},"modified":"2021-12-30T16:24:55","modified_gmt":"2021-12-30T15:24:55","slug":"manga-pastelera-de-nylon-50cm","status":"publish","type":"product","link":"https:\/\/www.comercialanma.es\/?product=manga-pastelera-de-nylon-50cm","title":{"rendered":"Manga pastelera de Nylon 50cm."},"content":{"rendered":"<p>Manga pastelera de Nylon | Lacor | 50cm. |<\/p>\n<p>La manga pastelera es un utensilio b\u00e1sico para trabajar con recetas de reposter\u00eda o pasteler\u00eda.<br \/>\nEsta manga de reposter\u00eda es muy resistente, lavable y reutilizable, el nylon se limpia f\u00e1cilmente,<br \/>\ny apta para usar tanto con boquillas acr\u00edlicas como de acero inoxidable.<\/p>\n","protected":false},"excerpt":{"rendered":"<ul class=\"a-unordered-list a-vertical a-spacing-mini\">\n<li><span class=\"a-list-item\">Fabricante: Lacor<\/span><\/li>\n<li>Material: Nylon<\/li>\n<li>Capacidad: 50cm.<\/li>\n<\/ul>\n","protected":false},"featured_media":20557,"template":"","meta":{"spay_email":""},"yoast_head":"<!-- This site is optimized with the Yoast SEO plugin v15.9 - https:\/\/yoast.com\/wordpress\/plugins\/seo\/ -->\n<title>Manga pastelera de Nylon 50cm. - Comercial de Hosteleria Anma<\/title>\n<meta name=\"description\" content=\"Manga pastelera | Lacor | 50cm. | La manga pastelera es un utensilio b\u00e1sico para trabajar con recetas de reposter\u00eda o pasteler\u00eda.\" \/>\n<meta name=\"robots\" content=\"index, follow, max-snippet:-1, max-image-preview:large, max-video-preview:-1\" \/>\n<link rel=\"canonical\" href=\"https:\/\/www.comercialanma.es\/?product=manga-pastelera-de-nylon-50cm\" \/>\n<meta property=\"og:locale\" content=\"es_ES\" \/>\n<meta property=\"og:type\" content=\"article\" \/>\n<meta property=\"og:title\" content=\"Manga pastelera de Nylon 50cm. - Comercial de Hosteleria Anma\" \/>\n<meta property=\"og:description\" content=\"Manga pastelera | Lacor | 50cm. | La manga pastelera es un utensilio b\u00e1sico para trabajar con recetas de reposter\u00eda o pasteler\u00eda.\" \/>\n<meta property=\"og:url\" content=\"https:\/\/www.comercialanma.es\/?product=manga-pastelera-de-nylon-50cm\" \/>\n<meta property=\"og:site_name\" content=\"Comercial de Hosteleria Anma\" \/>\n<meta property=\"article:publisher\" content=\"https:\/\/www.facebook.com\/AnmaHosteleria\" \/>\n<meta property=\"article:modified_time\" content=\"2021-12-30T15:24:55+00:00\" \/>\n<meta property=\"og:image\" content=\"https:\/\/i0.wp.com\/www.comercialanma.es\/wp-content\/uploads\/2021\/12\/manga-pastelera-lacor-50cm.jpg?fit=1080%2C1080&#038;ssl=1\" \/>\n\t<meta property=\"og:image:width\" content=\"1080\" \/>\n\t<meta property=\"og:image:height\" content=\"1080\" \/>\n<meta name=\"twitter:card\" content=\"summary_large_image\" \/>\n<meta name=\"twitter:label1\" content=\"Tiempo de lectura\">\n\t<meta name=\"twitter:data1\" content=\"1 minuto\">\n<script type=\"application\/ld+json\" class=\"yoast-schema-graph\">{\"@context\":\"https:\/\/schema.org\",\"@graph\":[{\"@type\":\"Organization\",\"@id\":\"https:\/\/www.comercialanma.es\/#organization\",\"name\":\"Comercial Anma\",\"url\":\"https:\/\/www.comercialanma.es\/\",\"sameAs\":[\"https:\/\/www.facebook.com\/AnmaHosteleria\",\"https:\/\/www.instagram.com\/anmahosteleria\/?hl=es\",\"https:\/\/www.youtube.com\/channel\/UCT2nmn08Ntks0hmpZPnDgCA\"],\"logo\":{\"@type\":\"ImageObject\",\"@id\":\"https:\/\/www.comercialanma.es\/#logo\",\"inLanguage\":\"es\",\"url\":\"https:\/\/i2.wp.com\/www.comercialanma.es\/wp-content\/uploads\/2019\/06\/logo-anma-color.png?fit=247%2C101&ssl=1\",\"width\":247,\"height\":101,\"caption\":\"Comercial Anma\"},\"image\":{\"@id\":\"https:\/\/www.comercialanma.es\/#logo\"}},{\"@type\":\"WebSite\",\"@id\":\"https:\/\/www.comercialanma.es\/#website\",\"url\":\"https:\/\/www.comercialanma.es\/\",\"name\":\"Comercial de Hosteleria Anma\",\"description\":\"\",\"publisher\":{\"@id\":\"https:\/\/www.comercialanma.es\/#organization\"},\"potentialAction\":[{\"@type\":\"SearchAction\",\"target\":\"https:\/\/www.comercialanma.es\/?s={search_term_string}\",\"query-input\":\"required name=search_term_string\"}],\"inLanguage\":\"es\"},{\"@type\":\"ImageObject\",\"@id\":\"https:\/\/www.comercialanma.es\/?product=manga-pastelera-de-nylon-50cm#primaryimage\",\"inLanguage\":\"es\",\"url\":\"https:\/\/i0.wp.com\/www.comercialanma.es\/wp-content\/uploads\/2021\/12\/manga-pastelera-lacor-50cm.jpg?fit=1080%2C1080&ssl=1\",\"width\":1080,\"height\":1080},{\"@type\":\"WebPage\",\"@id\":\"https:\/\/www.comercialanma.es\/?product=manga-pastelera-de-nylon-50cm#webpage\",\"url\":\"https:\/\/www.comercialanma.es\/?product=manga-pastelera-de-nylon-50cm\",\"name\":\"Manga pastelera de Nylon 50cm. - Comercial de Hosteleria Anma\",\"isPartOf\":{\"@id\":\"https:\/\/www.comercialanma.es\/#website\"},\"primaryImageOfPage\":{\"@id\":\"https:\/\/www.comercialanma.es\/?product=manga-pastelera-de-nylon-50cm#primaryimage\"},\"datePublished\":\"2021-12-30T15:23:50+00:00\",\"dateModified\":\"2021-12-30T15:24:55+00:00\",\"description\":\"Manga pastelera | Lacor | 50cm. | La manga pastelera es un utensilio b\\u00e1sico para trabajar con recetas de reposter\\u00eda o pasteler\\u00eda.\",\"breadcrumb\":{\"@id\":\"https:\/\/www.comercialanma.es\/?product=manga-pastelera-de-nylon-50cm#breadcrumb\"},\"inLanguage\":\"es\",\"potentialAction\":[{\"@type\":\"ReadAction\",\"target\":[\"https:\/\/www.comercialanma.es\/?product=manga-pastelera-de-nylon-50cm\"]}]},{\"@type\":\"BreadcrumbList\",\"@id\":\"https:\/\/www.comercialanma.es\/?product=manga-pastelera-de-nylon-50cm#breadcrumb\",\"itemListElement\":[{\"@type\":\"ListItem\",\"position\":1,\"item\":{\"@type\":\"WebPage\",\"@id\":\"https:\/\/www.comercialanma.es\/\",\"url\":\"https:\/\/www.comercialanma.es\/\",\"name\":\"Portada\"}},{\"@type\":\"ListItem\",\"position\":2,\"item\":{\"@type\":\"WebPage\",\"@id\":\"https:\/\/www.comercialanma.es\/?page_id=3963\",\"url\":\"https:\/\/www.comercialanma.es\/?page_id=3963\",\"name\":\"Cat\\u00e1logo de Productos\"}},{\"@type\":\"ListItem\",\"position\":3,\"item\":{\"@type\":\"WebPage\",\"@id\":\"https:\/\/www.comercialanma.es\/?product=manga-pastelera-de-nylon-50cm\",\"url\":\"https:\/\/www.comercialanma.es\/?product=manga-pastelera-de-nylon-50cm\",\"name\":\"Manga pastelera de Nylon 50cm.\"}}]}]}<\/script>\n<!-- \/ Yoast SEO plugin. -->","_links":{"self":[{"href":"https:\/\/www.comercialanma.es\/index.php?rest_route=\/wp\/v2\/product\/20556"}],"collection":[{"href":"https:\/\/www.comercialanma.es\/index.php?rest_route=\/wp\/v2\/product"}],"about":[{"href":"https:\/\/www.comercialanma.es\/index.php?rest_route=\/wp\/v2\/types\/product"}],"version-history":[{"count":1,"href":"https:\/\/www.comercialanma.es\/index.php?rest_route=\/wp\/v2\/product\/20556\/revisions"}],"predecessor-version":[{"id":20558,"href":"https:\/\/www.comercialanma.es\/index.php?rest_route=\/wp\/v2\/product\/20556\/revisions\/20558"}],"wp:featuredmedia":[{"embeddable":true,"href":"https:\/\/www.comercialanma.es\/index.php?rest_route=\/wp\/v2\/media\/20557"}],"wp:attachment":[{"href":"https:\/\/www.comercialanma.es\/index.php?rest_route=%2Fwp%2Fv2%2Fmedia&parent=20556"}],"curies":[{"name":"wp","href":"https:\/\/api.w.org\/{rel}","templated":true}]}}