
{"id":20633,"date":"2022-01-03T11:27:37","date_gmt":"2022-01-03T10:27:37","guid":{"rendered":"https:\/\/www.comercialanma.es\/?post_type=product&#038;p=20633"},"modified":"2022-01-03T11:36:40","modified_gmt":"2022-01-03T10:36:40","slug":"rodillo-amasar-inoxidable","status":"publish","type":"product","link":"https:\/\/www.comercialanma.es\/?product=rodillo-amasar-inoxidable","title":{"rendered":"Rodillo amasar Inox. 40cm."},"content":{"rendered":"<p>Rodillo amasar Inox. | Lacor | 40cm. |<\/p>\n<p>Este rodillo de cocina est\u00e1 fabricado en acero inoxidable 18\/10. Ofrece una excelente resistencia a la corrosi\u00f3n y a los \u00e1cidos alimentarios. Es un material liso, no poroso y muy higi\u00e9nico, f\u00e1cil de limpiar, y no transmite sabores extra\u00f1os a los alimentos.La superficie de acero inoxidable del rodillo facilita el deslizamiento para que la masa no quede adherida.<\/p>\n","protected":false},"excerpt":{"rendered":"<ul class=\"a-unordered-list a-vertical a-spacing-mini\">\n<li><span class=\"a-list-item\">Fabricante: Lacor<\/span><\/li>\n<li>Fabricado en Acero inoxidable.<\/li>\n<li>Capacidad: 40cm.<\/li>\n<\/ul>\n","protected":false},"featured_media":20634,"template":"","meta":{"spay_email":""},"yoast_head":"<!-- This site is optimized with the Yoast SEO plugin v15.9 - https:\/\/yoast.com\/wordpress\/plugins\/seo\/ -->\n<title>Rodillo amasar Inox. 40cm. - Comercial de Hosteleria Anma<\/title>\n<meta name=\"description\" content=\"Rodillo amasar Inox. | Lacor | 40cm. | Este rodillo de cocina est\u00e1 fabricado en acero inoxidable f\u00e1cil de limpiar. No transmite sabores.\" \/>\n<meta name=\"robots\" content=\"index, follow, max-snippet:-1, max-image-preview:large, max-video-preview:-1\" \/>\n<link rel=\"canonical\" href=\"https:\/\/www.comercialanma.es\/?product=rodillo-amasar-inoxidable\" \/>\n<meta property=\"og:locale\" content=\"es_ES\" \/>\n<meta property=\"og:type\" content=\"article\" \/>\n<meta property=\"og:title\" content=\"Rodillo amasar Inox. 40cm. - Comercial de Hosteleria Anma\" \/>\n<meta property=\"og:description\" content=\"Rodillo amasar Inox. | Lacor | 40cm. | Este rodillo de cocina est\u00e1 fabricado en acero inoxidable f\u00e1cil de limpiar. No transmite sabores.\" \/>\n<meta property=\"og:url\" content=\"https:\/\/www.comercialanma.es\/?product=rodillo-amasar-inoxidable\" \/>\n<meta property=\"og:site_name\" content=\"Comercial de Hosteleria Anma\" \/>\n<meta property=\"article:publisher\" content=\"https:\/\/www.facebook.com\/AnmaHosteleria\" \/>\n<meta property=\"article:modified_time\" content=\"2022-01-03T10:36:40+00:00\" \/>\n<meta property=\"og:image\" content=\"https:\/\/i2.wp.com\/www.comercialanma.es\/wp-content\/uploads\/2022\/01\/rodillo-inox-lacor-40.jpg?fit=1080%2C1080&#038;ssl=1\" \/>\n\t<meta property=\"og:image:width\" content=\"1080\" \/>\n\t<meta property=\"og:image:height\" content=\"1080\" \/>\n<meta name=\"twitter:card\" content=\"summary_large_image\" \/>\n<meta name=\"twitter:label1\" content=\"Tiempo de lectura\">\n\t<meta name=\"twitter:data1\" content=\"1 minuto\">\n<script type=\"application\/ld+json\" class=\"yoast-schema-graph\">{\"@context\":\"https:\/\/schema.org\",\"@graph\":[{\"@type\":\"Organization\",\"@id\":\"https:\/\/www.comercialanma.es\/#organization\",\"name\":\"Comercial Anma\",\"url\":\"https:\/\/www.comercialanma.es\/\",\"sameAs\":[\"https:\/\/www.facebook.com\/AnmaHosteleria\",\"https:\/\/www.instagram.com\/anmahosteleria\/?hl=es\",\"https:\/\/www.youtube.com\/channel\/UCT2nmn08Ntks0hmpZPnDgCA\"],\"logo\":{\"@type\":\"ImageObject\",\"@id\":\"https:\/\/www.comercialanma.es\/#logo\",\"inLanguage\":\"es\",\"url\":\"https:\/\/i2.wp.com\/www.comercialanma.es\/wp-content\/uploads\/2019\/06\/logo-anma-color.png?fit=247%2C101&ssl=1\",\"width\":247,\"height\":101,\"caption\":\"Comercial Anma\"},\"image\":{\"@id\":\"https:\/\/www.comercialanma.es\/#logo\"}},{\"@type\":\"WebSite\",\"@id\":\"https:\/\/www.comercialanma.es\/#website\",\"url\":\"https:\/\/www.comercialanma.es\/\",\"name\":\"Comercial de Hosteleria Anma\",\"description\":\"\",\"publisher\":{\"@id\":\"https:\/\/www.comercialanma.es\/#organization\"},\"potentialAction\":[{\"@type\":\"SearchAction\",\"target\":\"https:\/\/www.comercialanma.es\/?s={search_term_string}\",\"query-input\":\"required name=search_term_string\"}],\"inLanguage\":\"es\"},{\"@type\":\"ImageObject\",\"@id\":\"https:\/\/www.comercialanma.es\/?product=rodillo-amasar-inoxidable#primaryimage\",\"inLanguage\":\"es\",\"url\":\"https:\/\/i2.wp.com\/www.comercialanma.es\/wp-content\/uploads\/2022\/01\/rodillo-inox-lacor-40.jpg?fit=1080%2C1080&ssl=1\",\"width\":1080,\"height\":1080},{\"@type\":\"WebPage\",\"@id\":\"https:\/\/www.comercialanma.es\/?product=rodillo-amasar-inoxidable#webpage\",\"url\":\"https:\/\/www.comercialanma.es\/?product=rodillo-amasar-inoxidable\",\"name\":\"Rodillo amasar Inox. 40cm. - Comercial de Hosteleria Anma\",\"isPartOf\":{\"@id\":\"https:\/\/www.comercialanma.es\/#website\"},\"primaryImageOfPage\":{\"@id\":\"https:\/\/www.comercialanma.es\/?product=rodillo-amasar-inoxidable#primaryimage\"},\"datePublished\":\"2022-01-03T10:27:37+00:00\",\"dateModified\":\"2022-01-03T10:36:40+00:00\",\"description\":\"Rodillo amasar Inox. | Lacor | 40cm. | Este rodillo de cocina est\\u00e1 fabricado en acero inoxidable f\\u00e1cil de limpiar. No transmite sabores.\",\"breadcrumb\":{\"@id\":\"https:\/\/www.comercialanma.es\/?product=rodillo-amasar-inoxidable#breadcrumb\"},\"inLanguage\":\"es\",\"potentialAction\":[{\"@type\":\"ReadAction\",\"target\":[\"https:\/\/www.comercialanma.es\/?product=rodillo-amasar-inoxidable\"]}]},{\"@type\":\"BreadcrumbList\",\"@id\":\"https:\/\/www.comercialanma.es\/?product=rodillo-amasar-inoxidable#breadcrumb\",\"itemListElement\":[{\"@type\":\"ListItem\",\"position\":1,\"item\":{\"@type\":\"WebPage\",\"@id\":\"https:\/\/www.comercialanma.es\/\",\"url\":\"https:\/\/www.comercialanma.es\/\",\"name\":\"Portada\"}},{\"@type\":\"ListItem\",\"position\":2,\"item\":{\"@type\":\"WebPage\",\"@id\":\"https:\/\/www.comercialanma.es\/?page_id=3963\",\"url\":\"https:\/\/www.comercialanma.es\/?page_id=3963\",\"name\":\"Cat\\u00e1logo de Productos\"}},{\"@type\":\"ListItem\",\"position\":3,\"item\":{\"@type\":\"WebPage\",\"@id\":\"https:\/\/www.comercialanma.es\/?product=rodillo-amasar-inoxidable\",\"url\":\"https:\/\/www.comercialanma.es\/?product=rodillo-amasar-inoxidable\",\"name\":\"Rodillo amasar Inox. 40cm.\"}}]}]}<\/script>\n<!-- \/ Yoast SEO plugin. -->","_links":{"self":[{"href":"https:\/\/www.comercialanma.es\/index.php?rest_route=\/wp\/v2\/product\/20633"}],"collection":[{"href":"https:\/\/www.comercialanma.es\/index.php?rest_route=\/wp\/v2\/product"}],"about":[{"href":"https:\/\/www.comercialanma.es\/index.php?rest_route=\/wp\/v2\/types\/product"}],"version-history":[{"count":1,"href":"https:\/\/www.comercialanma.es\/index.php?rest_route=\/wp\/v2\/product\/20633\/revisions"}],"predecessor-version":[{"id":20635,"href":"https:\/\/www.comercialanma.es\/index.php?rest_route=\/wp\/v2\/product\/20633\/revisions\/20635"}],"wp:featuredmedia":[{"embeddable":true,"href":"https:\/\/www.comercialanma.es\/index.php?rest_route=\/wp\/v2\/media\/20634"}],"wp:attachment":[{"href":"https:\/\/www.comercialanma.es\/index.php?rest_route=%2Fwp%2Fv2%2Fmedia&parent=20633"}],"curies":[{"name":"wp","href":"https:\/\/api.w.org\/{rel}","templated":true}]}}