
{"id":20641,"date":"2022-01-03T12:02:00","date_gmt":"2022-01-03T11:02:00","guid":{"rendered":"https:\/\/www.comercialanma.es\/?post_type=product&#038;p=20641"},"modified":"2022-01-03T12:11:12","modified_gmt":"2022-01-03T11:11:12","slug":"senal-suelo-mojado","status":"publish","type":"product","link":"https:\/\/www.comercialanma.es\/?product=senal-suelo-mojado","title":{"rendered":"Se\u00f1al suelo mojado"},"content":{"rendered":"<p>Se\u00f1al suelo mojado | Araven | 21x30x60cm.| Color amarillo|<\/p>\n<p>Se\u00f1al\u00e9tica de limpieza con s\u00edmbolos y textos en multi idioma impresos en las dos caras,\u00a0 f\u00e1ciles de interpretar y de colores llamativos (con pictograma negro\u00a0 y rojo sobre fondo amarillo). Sirve como medida preventiva para la\u00a0indicaci\u00f3n de precauci\u00f3n suelo mojado. Pensado para zonas de paso, en las que se est\u00e1n realizando trabajos de limpieza advirtiendo del posible peligro existente por encontrarse el suelo mojado y resbaladizo. Delimita la zona de tr\u00e1nsito, evitando posibles ca\u00eddas. Se pliega lo que facilita su transporte ocupando poco espacio. Fabricado en Polipropileno de f\u00e1cil limpieza.<\/p>\n","protected":false},"excerpt":{"rendered":"<ul>\n<li>Fabricante: Araven<\/li>\n<li>Fabricado en Polipropileno de f\u00e1cil limpieza.<\/li>\n<li>Medidas: 30x30x2cm.<\/li>\n<\/ul>\n","protected":false},"featured_media":20642,"template":"","meta":{"spay_email":""},"yoast_head":"<!-- This site is optimized with the Yoast SEO plugin v15.9 - https:\/\/yoast.com\/wordpress\/plugins\/seo\/ -->\n<title>Se\u00f1al suelo mojado - Comercial de Hosteleria Anma<\/title>\n<meta name=\"description\" content=\"Se\u00f1al suelo mojado | Araven | 21x30x60cm.| Se\u00f1al\u00e9tica de limpieza con s\u00edmbolos y textos en multi idioma impresos en las dos caras.\" \/>\n<meta name=\"robots\" content=\"index, follow, max-snippet:-1, max-image-preview:large, max-video-preview:-1\" \/>\n<link rel=\"canonical\" href=\"https:\/\/www.comercialanma.es\/?product=senal-suelo-mojado\" \/>\n<meta property=\"og:locale\" content=\"es_ES\" \/>\n<meta property=\"og:type\" content=\"article\" \/>\n<meta property=\"og:title\" content=\"Se\u00f1al suelo mojado - Comercial de Hosteleria Anma\" \/>\n<meta property=\"og:description\" content=\"Se\u00f1al suelo mojado | Araven | 21x30x60cm.| Se\u00f1al\u00e9tica de limpieza con s\u00edmbolos y textos en multi idioma impresos en las dos caras.\" \/>\n<meta property=\"og:url\" content=\"https:\/\/www.comercialanma.es\/?product=senal-suelo-mojado\" \/>\n<meta property=\"og:site_name\" content=\"Comercial de Hosteleria Anma\" \/>\n<meta property=\"article:publisher\" content=\"https:\/\/www.facebook.com\/AnmaHosteleria\" \/>\n<meta property=\"article:modified_time\" content=\"2022-01-03T11:11:12+00:00\" \/>\n<meta property=\"og:image\" content=\"https:\/\/i1.wp.com\/www.comercialanma.es\/wp-content\/uploads\/2022\/01\/sen\u0303al-suelo-mojado-araven.jpg?fit=1080%2C1080&#038;ssl=1\" \/>\n\t<meta property=\"og:image:width\" content=\"1080\" \/>\n\t<meta property=\"og:image:height\" content=\"1080\" \/>\n<meta name=\"twitter:card\" content=\"summary_large_image\" \/>\n<meta name=\"twitter:label1\" content=\"Tiempo de lectura\">\n\t<meta name=\"twitter:data1\" content=\"1 minuto\">\n<script type=\"application\/ld+json\" class=\"yoast-schema-graph\">{\"@context\":\"https:\/\/schema.org\",\"@graph\":[{\"@type\":\"Organization\",\"@id\":\"https:\/\/www.comercialanma.es\/#organization\",\"name\":\"Comercial Anma\",\"url\":\"https:\/\/www.comercialanma.es\/\",\"sameAs\":[\"https:\/\/www.facebook.com\/AnmaHosteleria\",\"https:\/\/www.instagram.com\/anmahosteleria\/?hl=es\",\"https:\/\/www.youtube.com\/channel\/UCT2nmn08Ntks0hmpZPnDgCA\"],\"logo\":{\"@type\":\"ImageObject\",\"@id\":\"https:\/\/www.comercialanma.es\/#logo\",\"inLanguage\":\"es\",\"url\":\"https:\/\/i2.wp.com\/www.comercialanma.es\/wp-content\/uploads\/2019\/06\/logo-anma-color.png?fit=247%2C101&ssl=1\",\"width\":247,\"height\":101,\"caption\":\"Comercial Anma\"},\"image\":{\"@id\":\"https:\/\/www.comercialanma.es\/#logo\"}},{\"@type\":\"WebSite\",\"@id\":\"https:\/\/www.comercialanma.es\/#website\",\"url\":\"https:\/\/www.comercialanma.es\/\",\"name\":\"Comercial de Hosteleria Anma\",\"description\":\"\",\"publisher\":{\"@id\":\"https:\/\/www.comercialanma.es\/#organization\"},\"potentialAction\":[{\"@type\":\"SearchAction\",\"target\":\"https:\/\/www.comercialanma.es\/?s={search_term_string}\",\"query-input\":\"required name=search_term_string\"}],\"inLanguage\":\"es\"},{\"@type\":\"ImageObject\",\"@id\":\"https:\/\/www.comercialanma.es\/?product=senal-suelo-mojado#primaryimage\",\"inLanguage\":\"es\",\"url\":\"https:\/\/i1.wp.com\/www.comercialanma.es\/wp-content\/uploads\/2022\/01\/sen\\u0303al-suelo-mojado-araven.jpg?fit=1080%2C1080&ssl=1\",\"width\":1080,\"height\":1080},{\"@type\":\"WebPage\",\"@id\":\"https:\/\/www.comercialanma.es\/?product=senal-suelo-mojado#webpage\",\"url\":\"https:\/\/www.comercialanma.es\/?product=senal-suelo-mojado\",\"name\":\"Se\\u00f1al suelo mojado - Comercial de Hosteleria Anma\",\"isPartOf\":{\"@id\":\"https:\/\/www.comercialanma.es\/#website\"},\"primaryImageOfPage\":{\"@id\":\"https:\/\/www.comercialanma.es\/?product=senal-suelo-mojado#primaryimage\"},\"datePublished\":\"2022-01-03T11:02:00+00:00\",\"dateModified\":\"2022-01-03T11:11:12+00:00\",\"description\":\"Se\\u00f1al suelo mojado | Araven | 21x30x60cm.| Se\\u00f1al\\u00e9tica de limpieza con s\\u00edmbolos y textos en multi idioma impresos en las dos caras.\",\"breadcrumb\":{\"@id\":\"https:\/\/www.comercialanma.es\/?product=senal-suelo-mojado#breadcrumb\"},\"inLanguage\":\"es\",\"potentialAction\":[{\"@type\":\"ReadAction\",\"target\":[\"https:\/\/www.comercialanma.es\/?product=senal-suelo-mojado\"]}]},{\"@type\":\"BreadcrumbList\",\"@id\":\"https:\/\/www.comercialanma.es\/?product=senal-suelo-mojado#breadcrumb\",\"itemListElement\":[{\"@type\":\"ListItem\",\"position\":1,\"item\":{\"@type\":\"WebPage\",\"@id\":\"https:\/\/www.comercialanma.es\/\",\"url\":\"https:\/\/www.comercialanma.es\/\",\"name\":\"Portada\"}},{\"@type\":\"ListItem\",\"position\":2,\"item\":{\"@type\":\"WebPage\",\"@id\":\"https:\/\/www.comercialanma.es\/?page_id=3963\",\"url\":\"https:\/\/www.comercialanma.es\/?page_id=3963\",\"name\":\"Cat\\u00e1logo de Productos\"}},{\"@type\":\"ListItem\",\"position\":3,\"item\":{\"@type\":\"WebPage\",\"@id\":\"https:\/\/www.comercialanma.es\/?product=senal-suelo-mojado\",\"url\":\"https:\/\/www.comercialanma.es\/?product=senal-suelo-mojado\",\"name\":\"Se\\u00f1al suelo mojado\"}}]}]}<\/script>\n<!-- \/ Yoast SEO plugin. -->","_links":{"self":[{"href":"https:\/\/www.comercialanma.es\/index.php?rest_route=\/wp\/v2\/product\/20641"}],"collection":[{"href":"https:\/\/www.comercialanma.es\/index.php?rest_route=\/wp\/v2\/product"}],"about":[{"href":"https:\/\/www.comercialanma.es\/index.php?rest_route=\/wp\/v2\/types\/product"}],"version-history":[{"count":1,"href":"https:\/\/www.comercialanma.es\/index.php?rest_route=\/wp\/v2\/product\/20641\/revisions"}],"predecessor-version":[{"id":20643,"href":"https:\/\/www.comercialanma.es\/index.php?rest_route=\/wp\/v2\/product\/20641\/revisions\/20643"}],"wp:featuredmedia":[{"embeddable":true,"href":"https:\/\/www.comercialanma.es\/index.php?rest_route=\/wp\/v2\/media\/20642"}],"wp:attachment":[{"href":"https:\/\/www.comercialanma.es\/index.php?rest_route=%2Fwp%2Fv2%2Fmedia&parent=20641"}],"curies":[{"name":"wp","href":"https:\/\/api.w.org\/{rel}","templated":true}]}}