
{"id":20696,"date":"2022-01-04T17:15:20","date_gmt":"2022-01-04T16:15:20","guid":{"rendered":"https:\/\/www.comercialanma.es\/?post_type=product&#038;p=20696"},"modified":"2022-01-04T17:20:04","modified_gmt":"2022-01-04T16:20:04","slug":"castell-or-hobrut-nature","status":"publish","type":"product","link":"https:\/\/www.comercialanma.es\/?product=castell-or-hobrut-nature","title":{"rendered":"Castell d\u00b4Or HO Brut Nature 75cl."},"content":{"rendered":"<h3>D.O.:<\/h3>\n<ul>\n<li>Cava<\/li>\n<\/ul>\n<h3>Variedad:<\/h3>\n<ul>\n<li>Macabeo, Parellada, Xarel\u00b7lo.<\/li>\n<\/ul>\n<h3>Graduaci\u00f3n:<\/h3>\n<ul>\n<li>Graduaci\u00f3n: 11,5% vol.<\/li>\n<\/ul>\n<h3>Nota de Cata:<\/h3>\n<ul>\n<li>Color amarillo pajizo con reflejos dorados. Burbujas finas, con formaci\u00f3n de rosario y persistencia de corona.<\/li>\n<li>Aroma de intensidad alta que armoniza matices de fruta madura, muy agradables y propias de la crianza en botella.<\/li>\n<li>En boca se muestra agradable, fresco, potente, con el carb\u00f3nico muy bien integrado. Las notas de crianza se funden con la fruta madura. El final de boca es amplio, largo y persistente.<\/li>\n<\/ul>\n<h3>Maridaje:<\/h3>\n<ul>\n<li>Ideal como aperitivo a cualquier hora, tambi\u00e9n acompa\u00f1a perfectamente todo tipo de pescados, mariscos, carnes blancas y rojas, platos salseados, etc. \u00d3ptimo para acompa\u00f1ar toda una comida.<\/li>\n<li>Temperatura ideal: 6 &#8211; 8\u00ba C<\/li>\n<\/ul>\n","protected":false},"excerpt":{"rendered":"<p>Castell d\u00b4Or HO Brut Nature | 75cl.| 11,5% |<\/p>\n<p>Se muestra agradable, fresco, potente, con el carb\u00f3nico muy bien integrado. Las notas de crianza se funden con la fruta madura. El final de boca es amplio, largo y persistente. Muy equilibrado con fina y abundante burbuja.<\/p>\n","protected":false},"featured_media":20697,"template":"","meta":{"spay_email":""},"yoast_head":"<!-- This site is optimized with the Yoast SEO plugin v15.9 - https:\/\/yoast.com\/wordpress\/plugins\/seo\/ -->\n<title>Castell d\u00b4Or HO Brut Nature 75cl. - Comercial de Hosteleria Anma<\/title>\n<meta name=\"description\" content=\"Castell d\u00b4Or HO Brut Nature | 75cl.| 11,5% | Fresco, agradable, bien equilibrado y con buena estructura de burbuja.\" \/>\n<meta name=\"robots\" content=\"index, follow, max-snippet:-1, max-image-preview:large, max-video-preview:-1\" \/>\n<link rel=\"canonical\" href=\"https:\/\/www.comercialanma.es\/?product=castell-or-hobrut-nature\" \/>\n<meta property=\"og:locale\" content=\"es_ES\" \/>\n<meta property=\"og:type\" content=\"article\" \/>\n<meta property=\"og:title\" content=\"Castell d\u00b4Or HO Brut Nature 75cl. - Comercial de Hosteleria Anma\" \/>\n<meta property=\"og:description\" content=\"Castell d\u00b4Or HO Brut Nature | 75cl.| 11,5% | Fresco, agradable, bien equilibrado y con buena estructura de burbuja.\" \/>\n<meta property=\"og:url\" content=\"https:\/\/www.comercialanma.es\/?product=castell-or-hobrut-nature\" \/>\n<meta property=\"og:site_name\" content=\"Comercial de Hosteleria Anma\" \/>\n<meta property=\"article:publisher\" content=\"https:\/\/www.facebook.com\/AnmaHosteleria\" \/>\n<meta property=\"article:modified_time\" content=\"2022-01-04T16:20:04+00:00\" \/>\n<meta property=\"og:image\" content=\"https:\/\/i2.wp.com\/www.comercialanma.es\/wp-content\/uploads\/2022\/01\/castell-or-brut-nature-ho.png?fit=1080%2C1080&#038;ssl=1\" \/>\n\t<meta property=\"og:image:width\" content=\"1080\" \/>\n\t<meta property=\"og:image:height\" content=\"1080\" \/>\n<meta name=\"twitter:card\" content=\"summary_large_image\" \/>\n<meta name=\"twitter:label1\" content=\"Tiempo de lectura\">\n\t<meta name=\"twitter:data1\" content=\"1 minuto\">\n<script type=\"application\/ld+json\" class=\"yoast-schema-graph\">{\"@context\":\"https:\/\/schema.org\",\"@graph\":[{\"@type\":\"Organization\",\"@id\":\"https:\/\/www.comercialanma.es\/#organization\",\"name\":\"Comercial Anma\",\"url\":\"https:\/\/www.comercialanma.es\/\",\"sameAs\":[\"https:\/\/www.facebook.com\/AnmaHosteleria\",\"https:\/\/www.instagram.com\/anmahosteleria\/?hl=es\",\"https:\/\/www.youtube.com\/channel\/UCT2nmn08Ntks0hmpZPnDgCA\"],\"logo\":{\"@type\":\"ImageObject\",\"@id\":\"https:\/\/www.comercialanma.es\/#logo\",\"inLanguage\":\"es\",\"url\":\"https:\/\/i2.wp.com\/www.comercialanma.es\/wp-content\/uploads\/2019\/06\/logo-anma-color.png?fit=247%2C101&ssl=1\",\"width\":247,\"height\":101,\"caption\":\"Comercial Anma\"},\"image\":{\"@id\":\"https:\/\/www.comercialanma.es\/#logo\"}},{\"@type\":\"WebSite\",\"@id\":\"https:\/\/www.comercialanma.es\/#website\",\"url\":\"https:\/\/www.comercialanma.es\/\",\"name\":\"Comercial de Hosteleria Anma\",\"description\":\"\",\"publisher\":{\"@id\":\"https:\/\/www.comercialanma.es\/#organization\"},\"potentialAction\":[{\"@type\":\"SearchAction\",\"target\":\"https:\/\/www.comercialanma.es\/?s={search_term_string}\",\"query-input\":\"required name=search_term_string\"}],\"inLanguage\":\"es\"},{\"@type\":\"ImageObject\",\"@id\":\"https:\/\/www.comercialanma.es\/?product=castell-or-hobrut-nature#primaryimage\",\"inLanguage\":\"es\",\"url\":\"https:\/\/i2.wp.com\/www.comercialanma.es\/wp-content\/uploads\/2022\/01\/castell-or-brut-nature-ho.png?fit=1080%2C1080&ssl=1\",\"width\":1080,\"height\":1080},{\"@type\":\"WebPage\",\"@id\":\"https:\/\/www.comercialanma.es\/?product=castell-or-hobrut-nature#webpage\",\"url\":\"https:\/\/www.comercialanma.es\/?product=castell-or-hobrut-nature\",\"name\":\"Castell d\\u00b4Or HO Brut Nature 75cl. - Comercial de Hosteleria Anma\",\"isPartOf\":{\"@id\":\"https:\/\/www.comercialanma.es\/#website\"},\"primaryImageOfPage\":{\"@id\":\"https:\/\/www.comercialanma.es\/?product=castell-or-hobrut-nature#primaryimage\"},\"datePublished\":\"2022-01-04T16:15:20+00:00\",\"dateModified\":\"2022-01-04T16:20:04+00:00\",\"description\":\"Castell d\\u00b4Or HO Brut Nature | 75cl.| 11,5% | Fresco, agradable, bien equilibrado y con buena estructura de burbuja.\",\"breadcrumb\":{\"@id\":\"https:\/\/www.comercialanma.es\/?product=castell-or-hobrut-nature#breadcrumb\"},\"inLanguage\":\"es\",\"potentialAction\":[{\"@type\":\"ReadAction\",\"target\":[\"https:\/\/www.comercialanma.es\/?product=castell-or-hobrut-nature\"]}]},{\"@type\":\"BreadcrumbList\",\"@id\":\"https:\/\/www.comercialanma.es\/?product=castell-or-hobrut-nature#breadcrumb\",\"itemListElement\":[{\"@type\":\"ListItem\",\"position\":1,\"item\":{\"@type\":\"WebPage\",\"@id\":\"https:\/\/www.comercialanma.es\/\",\"url\":\"https:\/\/www.comercialanma.es\/\",\"name\":\"Portada\"}},{\"@type\":\"ListItem\",\"position\":2,\"item\":{\"@type\":\"WebPage\",\"@id\":\"https:\/\/www.comercialanma.es\/?page_id=3963\",\"url\":\"https:\/\/www.comercialanma.es\/?page_id=3963\",\"name\":\"Cat\\u00e1logo de Productos\"}},{\"@type\":\"ListItem\",\"position\":3,\"item\":{\"@type\":\"WebPage\",\"@id\":\"https:\/\/www.comercialanma.es\/?product=castell-or-hobrut-nature\",\"url\":\"https:\/\/www.comercialanma.es\/?product=castell-or-hobrut-nature\",\"name\":\"Castell d\\u00b4Or HO Brut Nature 75cl.\"}}]}]}<\/script>\n<!-- \/ Yoast SEO plugin. -->","_links":{"self":[{"href":"https:\/\/www.comercialanma.es\/index.php?rest_route=\/wp\/v2\/product\/20696"}],"collection":[{"href":"https:\/\/www.comercialanma.es\/index.php?rest_route=\/wp\/v2\/product"}],"about":[{"href":"https:\/\/www.comercialanma.es\/index.php?rest_route=\/wp\/v2\/types\/product"}],"version-history":[{"count":1,"href":"https:\/\/www.comercialanma.es\/index.php?rest_route=\/wp\/v2\/product\/20696\/revisions"}],"predecessor-version":[{"id":20698,"href":"https:\/\/www.comercialanma.es\/index.php?rest_route=\/wp\/v2\/product\/20696\/revisions\/20698"}],"wp:featuredmedia":[{"embeddable":true,"href":"https:\/\/www.comercialanma.es\/index.php?rest_route=\/wp\/v2\/media\/20697"}],"wp:attachment":[{"href":"https:\/\/www.comercialanma.es\/index.php?rest_route=%2Fwp%2Fv2%2Fmedia&parent=20696"}],"curies":[{"name":"wp","href":"https:\/\/api.w.org\/{rel}","templated":true}]}}