
{"id":20754,"date":"2022-01-07T11:26:32","date_gmt":"2022-01-07T10:26:32","guid":{"rendered":"https:\/\/www.comercialanma.es\/?post_type=product&#038;p=20754"},"modified":"2022-01-07T12:34:38","modified_gmt":"2022-01-07T11:34:38","slug":"bowl-wavy","status":"publish","type":"product","link":"https:\/\/www.comercialanma.es\/?product=bowl-wavy","title":{"rendered":"Bowl Wavy 20x12cm."},"content":{"rendered":"<p>Bowl Wavy | 20x12cm. | Eurodra |<\/p>\n<p class=\"p1\">Porcelana fine china, su tono crema confiere una gran calidez a los art\u00edculos y los elementos utilizados en su composici\u00f3n y su cocci\u00f3n a 1350\u00ba<\/p>\n<p class=\"p1\">le hace resistente a golpes y ara\u00f1azos. apta pata lavavajillas y microondas.<\/p>\n","protected":false},"excerpt":{"rendered":"<ul>\n<li>Fabricante: Eurodra<\/li>\n<li>Bowl Wavy<\/li>\n<li>Porcelana china<\/li>\n<li>Tama\u00f1o 20x12cm.<\/li>\n<\/ul>\n","protected":false},"featured_media":20757,"template":"","meta":{"spay_email":""},"yoast_head":"<!-- This site is optimized with the Yoast SEO plugin v15.9 - https:\/\/yoast.com\/wordpress\/plugins\/seo\/ -->\n<title>Bowl Wavy 20x12cm. - Comercial de Hosteleria Anma<\/title>\n<meta name=\"description\" content=\"Bowl Wavy | 20x12cm. | Eurodra | Porcelana fine china, gran calidez a los art\u00edculos y los elementos utilizados en su composici\u00f3n.\" \/>\n<meta name=\"robots\" content=\"index, follow, max-snippet:-1, max-image-preview:large, max-video-preview:-1\" \/>\n<link rel=\"canonical\" href=\"https:\/\/www.comercialanma.es\/?product=bowl-wavy\" \/>\n<meta property=\"og:locale\" content=\"es_ES\" \/>\n<meta property=\"og:type\" content=\"article\" \/>\n<meta property=\"og:title\" content=\"Bowl Wavy 20x12cm. - Comercial de Hosteleria Anma\" \/>\n<meta property=\"og:description\" content=\"Bowl Wavy | 20x12cm. | Eurodra | Porcelana fine china, gran calidez a los art\u00edculos y los elementos utilizados en su composici\u00f3n.\" \/>\n<meta property=\"og:url\" content=\"https:\/\/www.comercialanma.es\/?product=bowl-wavy\" \/>\n<meta property=\"og:site_name\" content=\"Comercial de Hosteleria Anma\" \/>\n<meta property=\"article:publisher\" content=\"https:\/\/www.facebook.com\/AnmaHosteleria\" \/>\n<meta property=\"article:modified_time\" content=\"2022-01-07T11:34:38+00:00\" \/>\n<meta property=\"og:image\" content=\"https:\/\/i0.wp.com\/www.comercialanma.es\/wp-content\/uploads\/2022\/01\/bowl-wavy-20x12-1.jpg?fit=1080%2C1080&#038;ssl=1\" \/>\n\t<meta property=\"og:image:width\" content=\"1080\" \/>\n\t<meta property=\"og:image:height\" content=\"1080\" \/>\n<meta name=\"twitter:card\" content=\"summary_large_image\" \/>\n<meta name=\"twitter:label1\" content=\"Tiempo de lectura\">\n\t<meta name=\"twitter:data1\" content=\"1 minuto\">\n<script type=\"application\/ld+json\" class=\"yoast-schema-graph\">{\"@context\":\"https:\/\/schema.org\",\"@graph\":[{\"@type\":\"Organization\",\"@id\":\"https:\/\/www.comercialanma.es\/#organization\",\"name\":\"Comercial Anma\",\"url\":\"https:\/\/www.comercialanma.es\/\",\"sameAs\":[\"https:\/\/www.facebook.com\/AnmaHosteleria\",\"https:\/\/www.instagram.com\/anmahosteleria\/?hl=es\",\"https:\/\/www.youtube.com\/channel\/UCT2nmn08Ntks0hmpZPnDgCA\"],\"logo\":{\"@type\":\"ImageObject\",\"@id\":\"https:\/\/www.comercialanma.es\/#logo\",\"inLanguage\":\"es\",\"url\":\"https:\/\/i2.wp.com\/www.comercialanma.es\/wp-content\/uploads\/2019\/06\/logo-anma-color.png?fit=247%2C101&ssl=1\",\"width\":247,\"height\":101,\"caption\":\"Comercial Anma\"},\"image\":{\"@id\":\"https:\/\/www.comercialanma.es\/#logo\"}},{\"@type\":\"WebSite\",\"@id\":\"https:\/\/www.comercialanma.es\/#website\",\"url\":\"https:\/\/www.comercialanma.es\/\",\"name\":\"Comercial de Hosteleria Anma\",\"description\":\"\",\"publisher\":{\"@id\":\"https:\/\/www.comercialanma.es\/#organization\"},\"potentialAction\":[{\"@type\":\"SearchAction\",\"target\":\"https:\/\/www.comercialanma.es\/?s={search_term_string}\",\"query-input\":\"required name=search_term_string\"}],\"inLanguage\":\"es\"},{\"@type\":\"ImageObject\",\"@id\":\"https:\/\/www.comercialanma.es\/?product=bowl-wavy#primaryimage\",\"inLanguage\":\"es\",\"url\":\"https:\/\/i0.wp.com\/www.comercialanma.es\/wp-content\/uploads\/2022\/01\/bowl-wavy-20x12-1.jpg?fit=1080%2C1080&ssl=1\",\"width\":1080,\"height\":1080},{\"@type\":\"WebPage\",\"@id\":\"https:\/\/www.comercialanma.es\/?product=bowl-wavy#webpage\",\"url\":\"https:\/\/www.comercialanma.es\/?product=bowl-wavy\",\"name\":\"Bowl Wavy 20x12cm. - Comercial de Hosteleria Anma\",\"isPartOf\":{\"@id\":\"https:\/\/www.comercialanma.es\/#website\"},\"primaryImageOfPage\":{\"@id\":\"https:\/\/www.comercialanma.es\/?product=bowl-wavy#primaryimage\"},\"datePublished\":\"2022-01-07T10:26:32+00:00\",\"dateModified\":\"2022-01-07T11:34:38+00:00\",\"description\":\"Bowl Wavy | 20x12cm. | Eurodra | Porcelana fine china, gran calidez a los art\\u00edculos y los elementos utilizados en su composici\\u00f3n.\",\"breadcrumb\":{\"@id\":\"https:\/\/www.comercialanma.es\/?product=bowl-wavy#breadcrumb\"},\"inLanguage\":\"es\",\"potentialAction\":[{\"@type\":\"ReadAction\",\"target\":[\"https:\/\/www.comercialanma.es\/?product=bowl-wavy\"]}]},{\"@type\":\"BreadcrumbList\",\"@id\":\"https:\/\/www.comercialanma.es\/?product=bowl-wavy#breadcrumb\",\"itemListElement\":[{\"@type\":\"ListItem\",\"position\":1,\"item\":{\"@type\":\"WebPage\",\"@id\":\"https:\/\/www.comercialanma.es\/\",\"url\":\"https:\/\/www.comercialanma.es\/\",\"name\":\"Portada\"}},{\"@type\":\"ListItem\",\"position\":2,\"item\":{\"@type\":\"WebPage\",\"@id\":\"https:\/\/www.comercialanma.es\/?page_id=3963\",\"url\":\"https:\/\/www.comercialanma.es\/?page_id=3963\",\"name\":\"Cat\\u00e1logo de Productos\"}},{\"@type\":\"ListItem\",\"position\":3,\"item\":{\"@type\":\"WebPage\",\"@id\":\"https:\/\/www.comercialanma.es\/?product=bowl-wavy\",\"url\":\"https:\/\/www.comercialanma.es\/?product=bowl-wavy\",\"name\":\"Bowl Wavy 20x12cm.\"}}]}]}<\/script>\n<!-- \/ Yoast SEO plugin. -->","_links":{"self":[{"href":"https:\/\/www.comercialanma.es\/index.php?rest_route=\/wp\/v2\/product\/20754"}],"collection":[{"href":"https:\/\/www.comercialanma.es\/index.php?rest_route=\/wp\/v2\/product"}],"about":[{"href":"https:\/\/www.comercialanma.es\/index.php?rest_route=\/wp\/v2\/types\/product"}],"version-history":[{"count":2,"href":"https:\/\/www.comercialanma.es\/index.php?rest_route=\/wp\/v2\/product\/20754\/revisions"}],"predecessor-version":[{"id":20768,"href":"https:\/\/www.comercialanma.es\/index.php?rest_route=\/wp\/v2\/product\/20754\/revisions\/20768"}],"wp:featuredmedia":[{"embeddable":true,"href":"https:\/\/www.comercialanma.es\/index.php?rest_route=\/wp\/v2\/media\/20757"}],"wp:attachment":[{"href":"https:\/\/www.comercialanma.es\/index.php?rest_route=%2Fwp%2Fv2%2Fmedia&parent=20754"}],"curies":[{"name":"wp","href":"https:\/\/api.w.org\/{rel}","templated":true}]}}