
{"id":20760,"date":"2022-01-07T11:46:03","date_gmt":"2022-01-07T10:46:03","guid":{"rendered":"https:\/\/www.comercialanma.es\/?post_type=product&#038;p=20760"},"modified":"2022-01-07T12:30:22","modified_gmt":"2022-01-07T11:30:22","slug":"taza-cafe-montgat","status":"publish","type":"product","link":"https:\/\/www.comercialanma.es\/?product=taza-cafe-montgat","title":{"rendered":"Taza caf\u00e9 Montgat blanca 110cc."},"content":{"rendered":"<p>Cer\u00e1mica Industrial Montgatina (CIM), se fund\u00f3 en 1935 en Montgat (Barcelona) d\u00f3nde dise\u00f1a y fabrica art\u00edculos de porcelana para el sector de la hosteler\u00eda.<\/p>\n<p>El Objetivo de CIM es satisfacer las necesidades m\u00e1s exigentes de este sector y por ello presenta adem\u00e1s de una amplia gama de productos la posibilidad de<\/p>\n<p>desarrollar art\u00edculos personalizados adapt\u00e1ndose a las necesidades de los clientes. Actualmente CIM se encuentra posicionado en los m\u00e1s altos niveles de la<\/p>\n<p>restauraci\u00f3n y es hoy en d\u00eda un referente Europeo en cuanto a calidad y dise\u00f1o.<\/p>\n","protected":false},"excerpt":{"rendered":"<ul>\n<li>Fabricante: Quality Solutions<\/li>\n<li><span style=\"font-family: arial, helvetica, sans-serif;\">Apta para Microondas y Horno convecci\u00f3n.\u00a0\u00a0<\/span><\/li>\n<li><span style=\"font-family: arial, helvetica, sans-serif;\">Apta para limpieza en lavavajillas dom\u00e9sticos e industriales<\/span><\/li>\n<li><span style=\"font-family: arial, helvetica, sans-serif;\">Gran resistencia a rayados y abrasi\u00f3n por productos qu\u00edmicos<\/span><\/li>\n<\/ul>\n","protected":false},"featured_media":20761,"template":"","meta":{"spay_email":""},"yoast_head":"<!-- This site is optimized with the Yoast SEO plugin v15.9 - https:\/\/yoast.com\/wordpress\/plugins\/seo\/ -->\n<title>Taza caf\u00e9 Montgat blanca 110cc. - Comercial de Hosteleria Anma<\/title>\n<meta name=\"description\" content=\"Taza caf\u00e9 Montgat blanca | 110cc.| Apta para limpieza en lavavajillas dom\u00e9sticos e industriales. Gran resistencia a rayados y abrasi\u00f3n.\" \/>\n<meta name=\"robots\" content=\"index, follow, max-snippet:-1, max-image-preview:large, max-video-preview:-1\" \/>\n<link rel=\"canonical\" href=\"https:\/\/www.comercialanma.es\/?product=taza-cafe-montgat\" \/>\n<meta property=\"og:locale\" content=\"es_ES\" \/>\n<meta property=\"og:type\" content=\"article\" \/>\n<meta property=\"og:title\" content=\"Taza caf\u00e9 Montgat blanca 110cc. - Comercial de Hosteleria Anma\" \/>\n<meta property=\"og:description\" content=\"Taza caf\u00e9 Montgat blanca | 110cc.| Apta para limpieza en lavavajillas dom\u00e9sticos e industriales. Gran resistencia a rayados y abrasi\u00f3n.\" \/>\n<meta property=\"og:url\" content=\"https:\/\/www.comercialanma.es\/?product=taza-cafe-montgat\" \/>\n<meta property=\"og:site_name\" content=\"Comercial de Hosteleria Anma\" \/>\n<meta property=\"article:publisher\" content=\"https:\/\/www.facebook.com\/AnmaHosteleria\" \/>\n<meta property=\"article:modified_time\" content=\"2022-01-07T11:30:22+00:00\" \/>\n<meta property=\"og:image\" content=\"https:\/\/i0.wp.com\/www.comercialanma.es\/wp-content\/uploads\/2022\/01\/taza-mongat-blanca.jpg?fit=1080%2C1080&#038;ssl=1\" \/>\n\t<meta property=\"og:image:width\" content=\"1080\" \/>\n\t<meta property=\"og:image:height\" content=\"1080\" \/>\n<meta name=\"twitter:card\" content=\"summary_large_image\" \/>\n<meta name=\"twitter:label1\" content=\"Tiempo de lectura\">\n\t<meta name=\"twitter:data1\" content=\"1 minuto\">\n<script type=\"application\/ld+json\" class=\"yoast-schema-graph\">{\"@context\":\"https:\/\/schema.org\",\"@graph\":[{\"@type\":\"Organization\",\"@id\":\"https:\/\/www.comercialanma.es\/#organization\",\"name\":\"Comercial Anma\",\"url\":\"https:\/\/www.comercialanma.es\/\",\"sameAs\":[\"https:\/\/www.facebook.com\/AnmaHosteleria\",\"https:\/\/www.instagram.com\/anmahosteleria\/?hl=es\",\"https:\/\/www.youtube.com\/channel\/UCT2nmn08Ntks0hmpZPnDgCA\"],\"logo\":{\"@type\":\"ImageObject\",\"@id\":\"https:\/\/www.comercialanma.es\/#logo\",\"inLanguage\":\"es\",\"url\":\"https:\/\/i2.wp.com\/www.comercialanma.es\/wp-content\/uploads\/2019\/06\/logo-anma-color.png?fit=247%2C101&ssl=1\",\"width\":247,\"height\":101,\"caption\":\"Comercial Anma\"},\"image\":{\"@id\":\"https:\/\/www.comercialanma.es\/#logo\"}},{\"@type\":\"WebSite\",\"@id\":\"https:\/\/www.comercialanma.es\/#website\",\"url\":\"https:\/\/www.comercialanma.es\/\",\"name\":\"Comercial de Hosteleria Anma\",\"description\":\"\",\"publisher\":{\"@id\":\"https:\/\/www.comercialanma.es\/#organization\"},\"potentialAction\":[{\"@type\":\"SearchAction\",\"target\":\"https:\/\/www.comercialanma.es\/?s={search_term_string}\",\"query-input\":\"required name=search_term_string\"}],\"inLanguage\":\"es\"},{\"@type\":\"ImageObject\",\"@id\":\"https:\/\/www.comercialanma.es\/?product=taza-cafe-montgat#primaryimage\",\"inLanguage\":\"es\",\"url\":\"https:\/\/i0.wp.com\/www.comercialanma.es\/wp-content\/uploads\/2022\/01\/taza-mongat-blanca.jpg?fit=1080%2C1080&ssl=1\",\"width\":1080,\"height\":1080},{\"@type\":\"WebPage\",\"@id\":\"https:\/\/www.comercialanma.es\/?product=taza-cafe-montgat#webpage\",\"url\":\"https:\/\/www.comercialanma.es\/?product=taza-cafe-montgat\",\"name\":\"Taza caf\\u00e9 Montgat blanca 110cc. - Comercial de Hosteleria Anma\",\"isPartOf\":{\"@id\":\"https:\/\/www.comercialanma.es\/#website\"},\"primaryImageOfPage\":{\"@id\":\"https:\/\/www.comercialanma.es\/?product=taza-cafe-montgat#primaryimage\"},\"datePublished\":\"2022-01-07T10:46:03+00:00\",\"dateModified\":\"2022-01-07T11:30:22+00:00\",\"description\":\"Taza caf\\u00e9 Montgat blanca | 110cc.| Apta para limpieza en lavavajillas dom\\u00e9sticos e industriales. Gran resistencia a rayados y abrasi\\u00f3n.\",\"breadcrumb\":{\"@id\":\"https:\/\/www.comercialanma.es\/?product=taza-cafe-montgat#breadcrumb\"},\"inLanguage\":\"es\",\"potentialAction\":[{\"@type\":\"ReadAction\",\"target\":[\"https:\/\/www.comercialanma.es\/?product=taza-cafe-montgat\"]}]},{\"@type\":\"BreadcrumbList\",\"@id\":\"https:\/\/www.comercialanma.es\/?product=taza-cafe-montgat#breadcrumb\",\"itemListElement\":[{\"@type\":\"ListItem\",\"position\":1,\"item\":{\"@type\":\"WebPage\",\"@id\":\"https:\/\/www.comercialanma.es\/\",\"url\":\"https:\/\/www.comercialanma.es\/\",\"name\":\"Portada\"}},{\"@type\":\"ListItem\",\"position\":2,\"item\":{\"@type\":\"WebPage\",\"@id\":\"https:\/\/www.comercialanma.es\/?page_id=3963\",\"url\":\"https:\/\/www.comercialanma.es\/?page_id=3963\",\"name\":\"Cat\\u00e1logo de Productos\"}},{\"@type\":\"ListItem\",\"position\":3,\"item\":{\"@type\":\"WebPage\",\"@id\":\"https:\/\/www.comercialanma.es\/?product=taza-cafe-montgat\",\"url\":\"https:\/\/www.comercialanma.es\/?product=taza-cafe-montgat\",\"name\":\"Taza caf\\u00e9 Montgat blanca 110cc.\"}}]}]}<\/script>\n<!-- \/ Yoast SEO plugin. -->","_links":{"self":[{"href":"https:\/\/www.comercialanma.es\/index.php?rest_route=\/wp\/v2\/product\/20760"}],"collection":[{"href":"https:\/\/www.comercialanma.es\/index.php?rest_route=\/wp\/v2\/product"}],"about":[{"href":"https:\/\/www.comercialanma.es\/index.php?rest_route=\/wp\/v2\/types\/product"}],"version-history":[{"count":3,"href":"https:\/\/www.comercialanma.es\/index.php?rest_route=\/wp\/v2\/product\/20760\/revisions"}],"predecessor-version":[{"id":20767,"href":"https:\/\/www.comercialanma.es\/index.php?rest_route=\/wp\/v2\/product\/20760\/revisions\/20767"}],"wp:featuredmedia":[{"embeddable":true,"href":"https:\/\/www.comercialanma.es\/index.php?rest_route=\/wp\/v2\/media\/20761"}],"wp:attachment":[{"href":"https:\/\/www.comercialanma.es\/index.php?rest_route=%2Fwp%2Fv2%2Fmedia&parent=20760"}],"curies":[{"name":"wp","href":"https:\/\/api.w.org\/{rel}","templated":true}]}}