
{"id":20875,"date":"2022-01-24T17:54:56","date_gmt":"2022-01-24T16:54:56","guid":{"rendered":"https:\/\/www.comercialanma.es\/?post_type=product&#038;p=20875"},"modified":"2022-01-24T17:56:47","modified_gmt":"2022-01-24T16:56:47","slug":"oliva-con-hueso-iliada-kalamata-2kg","status":"publish","type":"product","link":"https:\/\/www.comercialanma.es\/?product=oliva-con-hueso-iliada-kalamata-2kg","title":{"rendered":"Oliva con hueso negra Kalamata iliada 2Kg."},"content":{"rendered":"<p>Oliva con hueso Kalamata iliada | 2kg. |<\/p>\n<p>Esta variedad es de excelente calidad, su nombre proviene del \u00e1rea de la cual es originaria, concretamente de la regi\u00f3n que rodea la ciudad de Kalamata en el sudeste del Peloponesio. Esta es la segunda variedad m\u00e1s importante, utilizada en la producci\u00f3n de olivas griegas de mesa, alcanzando valores entre el 15-25% del total de la producci\u00f3n. Hoy en d\u00eda las mejores plantaciones de olivas de Kalamata se han establecido en muchas regiones, principalmente, en la zona Central de Grecia.<\/p>\n","protected":false},"excerpt":{"rendered":"<p>Ingredientes: Olivas de Kalamata, Hierbas, Or\u00e9gano, Ajos, Aceite de oliva extra virgen.<\/p>\n","protected":false},"featured_media":20869,"template":"","meta":{"spay_email":""},"yoast_head":"<!-- This site is optimized with the Yoast SEO plugin v15.9 - https:\/\/yoast.com\/wordpress\/plugins\/seo\/ -->\n<title>Oliva con hueso negra Kalamata iliada 2Kg. - Comercial de Hosteleria Anma<\/title>\n<meta name=\"description\" content=\"Oliva con hueso Kalamata iliada | 2kg. | De excelente calidad, su nombre proviene del \u00e1rea de la cual es originaria.\" \/>\n<meta name=\"robots\" content=\"index, follow, max-snippet:-1, max-image-preview:large, max-video-preview:-1\" \/>\n<link rel=\"canonical\" href=\"https:\/\/www.comercialanma.es\/?product=oliva-con-hueso-iliada-kalamata-2kg\" \/>\n<meta property=\"og:locale\" content=\"es_ES\" \/>\n<meta property=\"og:type\" content=\"article\" \/>\n<meta property=\"og:title\" content=\"Oliva con hueso negra Kalamata iliada 2Kg. - Comercial de Hosteleria Anma\" \/>\n<meta property=\"og:description\" content=\"Oliva con hueso Kalamata iliada | 2kg. | De excelente calidad, su nombre proviene del \u00e1rea de la cual es originaria.\" \/>\n<meta property=\"og:url\" content=\"https:\/\/www.comercialanma.es\/?product=oliva-con-hueso-iliada-kalamata-2kg\" \/>\n<meta property=\"og:site_name\" content=\"Comercial de Hosteleria Anma\" \/>\n<meta property=\"article:publisher\" content=\"https:\/\/www.facebook.com\/AnmaHosteleria\" \/>\n<meta property=\"article:modified_time\" content=\"2022-01-24T16:56:47+00:00\" \/>\n<meta property=\"og:image\" content=\"https:\/\/i2.wp.com\/www.comercialanma.es\/wp-content\/uploads\/2022\/01\/oliva-iliada-kalamata-2kg.jpg?fit=1080%2C1080&#038;ssl=1\" \/>\n\t<meta property=\"og:image:width\" content=\"1080\" \/>\n\t<meta property=\"og:image:height\" content=\"1080\" \/>\n<meta name=\"twitter:card\" content=\"summary_large_image\" \/>\n<meta name=\"twitter:label1\" content=\"Tiempo de lectura\">\n\t<meta name=\"twitter:data1\" content=\"1 minuto\">\n<script type=\"application\/ld+json\" class=\"yoast-schema-graph\">{\"@context\":\"https:\/\/schema.org\",\"@graph\":[{\"@type\":\"Organization\",\"@id\":\"https:\/\/www.comercialanma.es\/#organization\",\"name\":\"Comercial Anma\",\"url\":\"https:\/\/www.comercialanma.es\/\",\"sameAs\":[\"https:\/\/www.facebook.com\/AnmaHosteleria\",\"https:\/\/www.instagram.com\/anmahosteleria\/?hl=es\",\"https:\/\/www.youtube.com\/channel\/UCT2nmn08Ntks0hmpZPnDgCA\"],\"logo\":{\"@type\":\"ImageObject\",\"@id\":\"https:\/\/www.comercialanma.es\/#logo\",\"inLanguage\":\"es\",\"url\":\"https:\/\/i2.wp.com\/www.comercialanma.es\/wp-content\/uploads\/2019\/06\/logo-anma-color.png?fit=247%2C101&ssl=1\",\"width\":247,\"height\":101,\"caption\":\"Comercial Anma\"},\"image\":{\"@id\":\"https:\/\/www.comercialanma.es\/#logo\"}},{\"@type\":\"WebSite\",\"@id\":\"https:\/\/www.comercialanma.es\/#website\",\"url\":\"https:\/\/www.comercialanma.es\/\",\"name\":\"Comercial de Hosteleria Anma\",\"description\":\"\",\"publisher\":{\"@id\":\"https:\/\/www.comercialanma.es\/#organization\"},\"potentialAction\":[{\"@type\":\"SearchAction\",\"target\":\"https:\/\/www.comercialanma.es\/?s={search_term_string}\",\"query-input\":\"required name=search_term_string\"}],\"inLanguage\":\"es\"},{\"@type\":\"ImageObject\",\"@id\":\"https:\/\/www.comercialanma.es\/?product=oliva-con-hueso-iliada-kalamata-2kg#primaryimage\",\"inLanguage\":\"es\",\"url\":\"https:\/\/i2.wp.com\/www.comercialanma.es\/wp-content\/uploads\/2022\/01\/oliva-iliada-kalamata-2kg.jpg?fit=1080%2C1080&ssl=1\",\"width\":1080,\"height\":1080},{\"@type\":\"WebPage\",\"@id\":\"https:\/\/www.comercialanma.es\/?product=oliva-con-hueso-iliada-kalamata-2kg#webpage\",\"url\":\"https:\/\/www.comercialanma.es\/?product=oliva-con-hueso-iliada-kalamata-2kg\",\"name\":\"Oliva con hueso negra Kalamata iliada 2Kg. - Comercial de Hosteleria Anma\",\"isPartOf\":{\"@id\":\"https:\/\/www.comercialanma.es\/#website\"},\"primaryImageOfPage\":{\"@id\":\"https:\/\/www.comercialanma.es\/?product=oliva-con-hueso-iliada-kalamata-2kg#primaryimage\"},\"datePublished\":\"2022-01-24T16:54:56+00:00\",\"dateModified\":\"2022-01-24T16:56:47+00:00\",\"description\":\"Oliva con hueso Kalamata iliada | 2kg. | De excelente calidad, su nombre proviene del \\u00e1rea de la cual es originaria.\",\"breadcrumb\":{\"@id\":\"https:\/\/www.comercialanma.es\/?product=oliva-con-hueso-iliada-kalamata-2kg#breadcrumb\"},\"inLanguage\":\"es\",\"potentialAction\":[{\"@type\":\"ReadAction\",\"target\":[\"https:\/\/www.comercialanma.es\/?product=oliva-con-hueso-iliada-kalamata-2kg\"]}]},{\"@type\":\"BreadcrumbList\",\"@id\":\"https:\/\/www.comercialanma.es\/?product=oliva-con-hueso-iliada-kalamata-2kg#breadcrumb\",\"itemListElement\":[{\"@type\":\"ListItem\",\"position\":1,\"item\":{\"@type\":\"WebPage\",\"@id\":\"https:\/\/www.comercialanma.es\/\",\"url\":\"https:\/\/www.comercialanma.es\/\",\"name\":\"Portada\"}},{\"@type\":\"ListItem\",\"position\":2,\"item\":{\"@type\":\"WebPage\",\"@id\":\"https:\/\/www.comercialanma.es\/?page_id=3963\",\"url\":\"https:\/\/www.comercialanma.es\/?page_id=3963\",\"name\":\"Cat\\u00e1logo de Productos\"}},{\"@type\":\"ListItem\",\"position\":3,\"item\":{\"@type\":\"WebPage\",\"@id\":\"https:\/\/www.comercialanma.es\/?product=oliva-con-hueso-iliada-kalamata-2kg\",\"url\":\"https:\/\/www.comercialanma.es\/?product=oliva-con-hueso-iliada-kalamata-2kg\",\"name\":\"Oliva con hueso negra Kalamata iliada 2Kg.\"}}]}]}<\/script>\n<!-- \/ Yoast SEO plugin. -->","_links":{"self":[{"href":"https:\/\/www.comercialanma.es\/index.php?rest_route=\/wp\/v2\/product\/20875"}],"collection":[{"href":"https:\/\/www.comercialanma.es\/index.php?rest_route=\/wp\/v2\/product"}],"about":[{"href":"https:\/\/www.comercialanma.es\/index.php?rest_route=\/wp\/v2\/types\/product"}],"version-history":[{"count":1,"href":"https:\/\/www.comercialanma.es\/index.php?rest_route=\/wp\/v2\/product\/20875\/revisions"}],"predecessor-version":[{"id":20876,"href":"https:\/\/www.comercialanma.es\/index.php?rest_route=\/wp\/v2\/product\/20875\/revisions\/20876"}],"wp:featuredmedia":[{"embeddable":true,"href":"https:\/\/www.comercialanma.es\/index.php?rest_route=\/wp\/v2\/media\/20869"}],"wp:attachment":[{"href":"https:\/\/www.comercialanma.es\/index.php?rest_route=%2Fwp%2Fv2%2Fmedia&parent=20875"}],"curies":[{"name":"wp","href":"https:\/\/api.w.org\/{rel}","templated":true}]}}