
{"id":20919,"date":"2022-01-25T17:17:58","date_gmt":"2022-01-25T16:17:58","guid":{"rendered":"https:\/\/www.comercialanma.es\/?post_type=product&#038;p=20919"},"modified":"2022-01-25T17:27:36","modified_gmt":"2022-01-25T16:27:36","slug":"ortodoxy-colombian","status":"publish","type":"product","link":"https:\/\/www.comercialanma.es\/?product=ortodoxy-colombian","title":{"rendered":"Colombian Ortodoxy gin 70cl."},"content":{"rendered":"<p>Gin Colombian Dictador Aged Orthodoxy White es un poco lo que se puede esperar de una destiler\u00eda de ron. El esp\u00edritu b\u00e1sico de la ortodoxia es la ca\u00f1a. Cada bot\u00e1nico se destila por separado antes de mezclarse. Luego, la ginebra resultante se envejece en barricas. Como Dictador es una destiler\u00eda de ron, su ginebra se almacena en barriles de roble que antes se usaban para contener su ron. La ginebra pasa treinta y cinco semanas en la madera, antes de filtrarse hasta que est\u00e9 completamente transparente.<\/p>\n<ul>\n<li>Color:\u00a0Gin Colombian Ortodoxy\u00a0es claro<\/li>\n<li>Olor: flor de naranjo, verbena, romero y maleza.<\/li>\n<li>Sabor: Suave y redondo, es marcado por las notas de especias (clavo de olor)<\/li>\n<\/ul>\n","protected":false},"excerpt":{"rendered":"<section class=\"product-features\">\n<dl class=\"data-sheet\">\n<dt class=\"name\">Capacidad: 70 cl.<\/dt>\n<dt class=\"name\">Elaborado por: Dictador<\/dt>\n<dt class=\"name\">Hecho en: Colombia<\/dt>\n<dt class=\"name\">Graduaci\u00f3n: 43% Vol.<\/dt>\n<\/dl>\n<\/section>\n","protected":false},"featured_media":20921,"template":"","meta":{"spay_email":""},"yoast_head":"<!-- This site is optimized with the Yoast SEO plugin v15.9 - https:\/\/yoast.com\/wordpress\/plugins\/seo\/ -->\n<title>Colombian Ortodoxy gin 70cl. - Comercial de Hosteleria Anma<\/title>\n<meta name=\"description\" content=\"Colombian Ortodoxy gin | 70cl.| El esp\u00edritu b\u00e1sico de la ortodoxia es la ca\u00f1a. Cada bot\u00e1nico se destila por separado antes de mezclarse.\" \/>\n<meta name=\"robots\" content=\"index, follow, max-snippet:-1, max-image-preview:large, max-video-preview:-1\" \/>\n<link rel=\"canonical\" href=\"https:\/\/www.comercialanma.es\/?product=ortodoxy-colombian\" \/>\n<meta property=\"og:locale\" content=\"es_ES\" \/>\n<meta property=\"og:type\" content=\"article\" \/>\n<meta property=\"og:title\" content=\"Colombian Ortodoxy gin 70cl. - Comercial de Hosteleria Anma\" \/>\n<meta property=\"og:description\" content=\"Colombian Ortodoxy gin | 70cl.| El esp\u00edritu b\u00e1sico de la ortodoxia es la ca\u00f1a. Cada bot\u00e1nico se destila por separado antes de mezclarse.\" \/>\n<meta property=\"og:url\" content=\"https:\/\/www.comercialanma.es\/?product=ortodoxy-colombian\" \/>\n<meta property=\"og:site_name\" content=\"Comercial de Hosteleria Anma\" \/>\n<meta property=\"article:publisher\" content=\"https:\/\/www.facebook.com\/AnmaHosteleria\" \/>\n<meta property=\"article:modified_time\" content=\"2022-01-25T16:27:36+00:00\" \/>\n<meta property=\"og:image\" content=\"https:\/\/i1.wp.com\/www.comercialanma.es\/wp-content\/uploads\/2022\/01\/Colombian-Ortodoxy-70cl.jpg?fit=1080%2C1080&#038;ssl=1\" \/>\n\t<meta property=\"og:image:width\" content=\"1080\" \/>\n\t<meta property=\"og:image:height\" content=\"1080\" \/>\n<meta name=\"twitter:card\" content=\"summary_large_image\" \/>\n<meta name=\"twitter:label1\" content=\"Tiempo de lectura\">\n\t<meta name=\"twitter:data1\" content=\"1 minuto\">\n<script type=\"application\/ld+json\" class=\"yoast-schema-graph\">{\"@context\":\"https:\/\/schema.org\",\"@graph\":[{\"@type\":\"Organization\",\"@id\":\"https:\/\/www.comercialanma.es\/#organization\",\"name\":\"Comercial Anma\",\"url\":\"https:\/\/www.comercialanma.es\/\",\"sameAs\":[\"https:\/\/www.facebook.com\/AnmaHosteleria\",\"https:\/\/www.instagram.com\/anmahosteleria\/?hl=es\",\"https:\/\/www.youtube.com\/channel\/UCT2nmn08Ntks0hmpZPnDgCA\"],\"logo\":{\"@type\":\"ImageObject\",\"@id\":\"https:\/\/www.comercialanma.es\/#logo\",\"inLanguage\":\"es\",\"url\":\"https:\/\/i2.wp.com\/www.comercialanma.es\/wp-content\/uploads\/2019\/06\/logo-anma-color.png?fit=247%2C101&ssl=1\",\"width\":247,\"height\":101,\"caption\":\"Comercial Anma\"},\"image\":{\"@id\":\"https:\/\/www.comercialanma.es\/#logo\"}},{\"@type\":\"WebSite\",\"@id\":\"https:\/\/www.comercialanma.es\/#website\",\"url\":\"https:\/\/www.comercialanma.es\/\",\"name\":\"Comercial de Hosteleria Anma\",\"description\":\"\",\"publisher\":{\"@id\":\"https:\/\/www.comercialanma.es\/#organization\"},\"potentialAction\":[{\"@type\":\"SearchAction\",\"target\":\"https:\/\/www.comercialanma.es\/?s={search_term_string}\",\"query-input\":\"required name=search_term_string\"}],\"inLanguage\":\"es\"},{\"@type\":\"ImageObject\",\"@id\":\"https:\/\/www.comercialanma.es\/?product=ortodoxy-colombian#primaryimage\",\"inLanguage\":\"es\",\"url\":\"https:\/\/i1.wp.com\/www.comercialanma.es\/wp-content\/uploads\/2022\/01\/Colombian-Ortodoxy-70cl.jpg?fit=1080%2C1080&ssl=1\",\"width\":1080,\"height\":1080},{\"@type\":\"WebPage\",\"@id\":\"https:\/\/www.comercialanma.es\/?product=ortodoxy-colombian#webpage\",\"url\":\"https:\/\/www.comercialanma.es\/?product=ortodoxy-colombian\",\"name\":\"Colombian Ortodoxy gin 70cl. - Comercial de Hosteleria Anma\",\"isPartOf\":{\"@id\":\"https:\/\/www.comercialanma.es\/#website\"},\"primaryImageOfPage\":{\"@id\":\"https:\/\/www.comercialanma.es\/?product=ortodoxy-colombian#primaryimage\"},\"datePublished\":\"2022-01-25T16:17:58+00:00\",\"dateModified\":\"2022-01-25T16:27:36+00:00\",\"description\":\"Colombian Ortodoxy gin | 70cl.| El esp\\u00edritu b\\u00e1sico de la ortodoxia es la ca\\u00f1a. Cada bot\\u00e1nico se destila por separado antes de mezclarse.\",\"breadcrumb\":{\"@id\":\"https:\/\/www.comercialanma.es\/?product=ortodoxy-colombian#breadcrumb\"},\"inLanguage\":\"es\",\"potentialAction\":[{\"@type\":\"ReadAction\",\"target\":[\"https:\/\/www.comercialanma.es\/?product=ortodoxy-colombian\"]}]},{\"@type\":\"BreadcrumbList\",\"@id\":\"https:\/\/www.comercialanma.es\/?product=ortodoxy-colombian#breadcrumb\",\"itemListElement\":[{\"@type\":\"ListItem\",\"position\":1,\"item\":{\"@type\":\"WebPage\",\"@id\":\"https:\/\/www.comercialanma.es\/\",\"url\":\"https:\/\/www.comercialanma.es\/\",\"name\":\"Portada\"}},{\"@type\":\"ListItem\",\"position\":2,\"item\":{\"@type\":\"WebPage\",\"@id\":\"https:\/\/www.comercialanma.es\/?page_id=3963\",\"url\":\"https:\/\/www.comercialanma.es\/?page_id=3963\",\"name\":\"Cat\\u00e1logo de Productos\"}},{\"@type\":\"ListItem\",\"position\":3,\"item\":{\"@type\":\"WebPage\",\"@id\":\"https:\/\/www.comercialanma.es\/?product=ortodoxy-colombian\",\"url\":\"https:\/\/www.comercialanma.es\/?product=ortodoxy-colombian\",\"name\":\"Colombian Ortodoxy gin 70cl.\"}}]}]}<\/script>\n<!-- \/ Yoast SEO plugin. -->","_links":{"self":[{"href":"https:\/\/www.comercialanma.es\/index.php?rest_route=\/wp\/v2\/product\/20919"}],"collection":[{"href":"https:\/\/www.comercialanma.es\/index.php?rest_route=\/wp\/v2\/product"}],"about":[{"href":"https:\/\/www.comercialanma.es\/index.php?rest_route=\/wp\/v2\/types\/product"}],"version-history":[{"count":1,"href":"https:\/\/www.comercialanma.es\/index.php?rest_route=\/wp\/v2\/product\/20919\/revisions"}],"predecessor-version":[{"id":20920,"href":"https:\/\/www.comercialanma.es\/index.php?rest_route=\/wp\/v2\/product\/20919\/revisions\/20920"}],"wp:featuredmedia":[{"embeddable":true,"href":"https:\/\/www.comercialanma.es\/index.php?rest_route=\/wp\/v2\/media\/20921"}],"wp:attachment":[{"href":"https:\/\/www.comercialanma.es\/index.php?rest_route=%2Fwp%2Fv2%2Fmedia&parent=20919"}],"curies":[{"name":"wp","href":"https:\/\/api.w.org\/{rel}","templated":true}]}}