
{"id":20946,"date":"2022-01-26T17:37:15","date_gmt":"2022-01-26T16:37:15","guid":{"rendered":"https:\/\/www.comercialanma.es\/?post_type=product&#038;p=20946"},"modified":"2022-01-26T17:50:00","modified_gmt":"2022-01-26T16:50:00","slug":"pantene-pro-v-300","status":"publish","type":"product","link":"https:\/\/www.comercialanma.es\/?product=pantene-pro-v-300","title":{"rendered":"Champ\u00fa Pantene Pro-V Classic 300ml."},"content":{"rendered":"<p>El champ\u00fa Pantene Pro-V Cuidado Cl\u00e1sico limpia tu pelo suavemente para que luzca sano y radiante desde el primer lavado.<br \/>\nApto para todo tipo de pelo, el champ\u00fa Pantene Pro-V Cuidado Cl\u00e1sico recarga tu melena con nutrientes activos Pro-V,<br \/>\ntestados por el Instituto Vitam\u00ednico Suizo, para fortalecerla y darle un aspecto sano y tacto incre\u00edblemente suave.<br \/>\nEl champ\u00fa Pantene Pro-V Cuidado Cl\u00e1sico proporciona una hidrataci\u00f3n equilibrada al pelo normal o de ra\u00edz grasa y puntas<br \/>\nsecas que le devuelve el brillo y resplandor naturales sin apelmazarlo.<br \/>\nAl no contener siliconas, aceites minerales ni colorantes, deja el pelo manejable y con movimiento.<br \/>\nPara obtener mejores resultados, aplica el acondicionador y los tratamientos Pantene Pro-V Cuidado Cl\u00e1sico tras el champ\u00fa.<\/p>\n","protected":false},"excerpt":{"rendered":"<section class=\"product-features\">\n<ul>\n<li>Marca: Pantene<\/li>\n<li>Cuidado cl\u00e1sico<\/li>\n<li>Capacidad: 300ml.<\/li>\n<\/ul>\n<\/section>\n","protected":false},"featured_media":20947,"template":"","meta":{"spay_email":""},"yoast_head":"<!-- This site is optimized with the Yoast SEO plugin v15.9 - https:\/\/yoast.com\/wordpress\/plugins\/seo\/ -->\n<title>Champ\u00fa Pantene Pro-V Classic 300ml. - Comercial de Hosteleria Anma<\/title>\n<meta name=\"description\" content=\"Champ\u00fa Pantene Pro-v | 300ml. | Cuidado Cl\u00e1sico limpia tu pelo suavemente para que luzca sano y radiante desde el primer lavado.\" \/>\n<meta name=\"robots\" content=\"index, follow, max-snippet:-1, max-image-preview:large, max-video-preview:-1\" \/>\n<link rel=\"canonical\" href=\"https:\/\/www.comercialanma.es\/?product=pantene-pro-v-300\" \/>\n<meta property=\"og:locale\" content=\"es_ES\" \/>\n<meta property=\"og:type\" content=\"article\" \/>\n<meta property=\"og:title\" content=\"Champ\u00fa Pantene Pro-V Classic 300ml. - Comercial de Hosteleria Anma\" \/>\n<meta property=\"og:description\" content=\"Champ\u00fa Pantene Pro-v | 300ml. | Cuidado Cl\u00e1sico limpia tu pelo suavemente para que luzca sano y radiante desde el primer lavado.\" \/>\n<meta property=\"og:url\" content=\"https:\/\/www.comercialanma.es\/?product=pantene-pro-v-300\" \/>\n<meta property=\"og:site_name\" content=\"Comercial de Hosteleria Anma\" \/>\n<meta property=\"article:publisher\" content=\"https:\/\/www.facebook.com\/AnmaHosteleria\" \/>\n<meta property=\"article:modified_time\" content=\"2022-01-26T16:50:00+00:00\" \/>\n<meta property=\"og:image\" content=\"https:\/\/i2.wp.com\/www.comercialanma.es\/wp-content\/uploads\/2022\/01\/champu-pantene-pro-v-classic-300ml.jpg?fit=1080%2C1080&#038;ssl=1\" \/>\n\t<meta property=\"og:image:width\" content=\"1080\" \/>\n\t<meta property=\"og:image:height\" content=\"1080\" \/>\n<meta name=\"twitter:card\" content=\"summary_large_image\" \/>\n<meta name=\"twitter:label1\" content=\"Tiempo de lectura\">\n\t<meta name=\"twitter:data1\" content=\"1 minuto\">\n<script type=\"application\/ld+json\" class=\"yoast-schema-graph\">{\"@context\":\"https:\/\/schema.org\",\"@graph\":[{\"@type\":\"Organization\",\"@id\":\"https:\/\/www.comercialanma.es\/#organization\",\"name\":\"Comercial Anma\",\"url\":\"https:\/\/www.comercialanma.es\/\",\"sameAs\":[\"https:\/\/www.facebook.com\/AnmaHosteleria\",\"https:\/\/www.instagram.com\/anmahosteleria\/?hl=es\",\"https:\/\/www.youtube.com\/channel\/UCT2nmn08Ntks0hmpZPnDgCA\"],\"logo\":{\"@type\":\"ImageObject\",\"@id\":\"https:\/\/www.comercialanma.es\/#logo\",\"inLanguage\":\"es\",\"url\":\"https:\/\/i2.wp.com\/www.comercialanma.es\/wp-content\/uploads\/2019\/06\/logo-anma-color.png?fit=247%2C101&ssl=1\",\"width\":247,\"height\":101,\"caption\":\"Comercial Anma\"},\"image\":{\"@id\":\"https:\/\/www.comercialanma.es\/#logo\"}},{\"@type\":\"WebSite\",\"@id\":\"https:\/\/www.comercialanma.es\/#website\",\"url\":\"https:\/\/www.comercialanma.es\/\",\"name\":\"Comercial de Hosteleria Anma\",\"description\":\"\",\"publisher\":{\"@id\":\"https:\/\/www.comercialanma.es\/#organization\"},\"potentialAction\":[{\"@type\":\"SearchAction\",\"target\":\"https:\/\/www.comercialanma.es\/?s={search_term_string}\",\"query-input\":\"required name=search_term_string\"}],\"inLanguage\":\"es\"},{\"@type\":\"ImageObject\",\"@id\":\"https:\/\/www.comercialanma.es\/?product=pantene-pro-v-300#primaryimage\",\"inLanguage\":\"es\",\"url\":\"https:\/\/i2.wp.com\/www.comercialanma.es\/wp-content\/uploads\/2022\/01\/champu-pantene-pro-v-classic-300ml.jpg?fit=1080%2C1080&ssl=1\",\"width\":1080,\"height\":1080},{\"@type\":\"WebPage\",\"@id\":\"https:\/\/www.comercialanma.es\/?product=pantene-pro-v-300#webpage\",\"url\":\"https:\/\/www.comercialanma.es\/?product=pantene-pro-v-300\",\"name\":\"Champ\\u00fa Pantene Pro-V Classic 300ml. - Comercial de Hosteleria Anma\",\"isPartOf\":{\"@id\":\"https:\/\/www.comercialanma.es\/#website\"},\"primaryImageOfPage\":{\"@id\":\"https:\/\/www.comercialanma.es\/?product=pantene-pro-v-300#primaryimage\"},\"datePublished\":\"2022-01-26T16:37:15+00:00\",\"dateModified\":\"2022-01-26T16:50:00+00:00\",\"description\":\"Champ\\u00fa Pantene Pro-v | 300ml. | Cuidado Cl\\u00e1sico limpia tu pelo suavemente para que luzca sano y radiante desde el primer lavado.\",\"breadcrumb\":{\"@id\":\"https:\/\/www.comercialanma.es\/?product=pantene-pro-v-300#breadcrumb\"},\"inLanguage\":\"es\",\"potentialAction\":[{\"@type\":\"ReadAction\",\"target\":[\"https:\/\/www.comercialanma.es\/?product=pantene-pro-v-300\"]}]},{\"@type\":\"BreadcrumbList\",\"@id\":\"https:\/\/www.comercialanma.es\/?product=pantene-pro-v-300#breadcrumb\",\"itemListElement\":[{\"@type\":\"ListItem\",\"position\":1,\"item\":{\"@type\":\"WebPage\",\"@id\":\"https:\/\/www.comercialanma.es\/\",\"url\":\"https:\/\/www.comercialanma.es\/\",\"name\":\"Portada\"}},{\"@type\":\"ListItem\",\"position\":2,\"item\":{\"@type\":\"WebPage\",\"@id\":\"https:\/\/www.comercialanma.es\/?page_id=3963\",\"url\":\"https:\/\/www.comercialanma.es\/?page_id=3963\",\"name\":\"Cat\\u00e1logo de Productos\"}},{\"@type\":\"ListItem\",\"position\":3,\"item\":{\"@type\":\"WebPage\",\"@id\":\"https:\/\/www.comercialanma.es\/?product=pantene-pro-v-300\",\"url\":\"https:\/\/www.comercialanma.es\/?product=pantene-pro-v-300\",\"name\":\"Champ\\u00fa Pantene Pro-V Classic 300ml.\"}}]}]}<\/script>\n<!-- \/ Yoast SEO plugin. -->","_links":{"self":[{"href":"https:\/\/www.comercialanma.es\/index.php?rest_route=\/wp\/v2\/product\/20946"}],"collection":[{"href":"https:\/\/www.comercialanma.es\/index.php?rest_route=\/wp\/v2\/product"}],"about":[{"href":"https:\/\/www.comercialanma.es\/index.php?rest_route=\/wp\/v2\/types\/product"}],"version-history":[{"count":1,"href":"https:\/\/www.comercialanma.es\/index.php?rest_route=\/wp\/v2\/product\/20946\/revisions"}],"predecessor-version":[{"id":20948,"href":"https:\/\/www.comercialanma.es\/index.php?rest_route=\/wp\/v2\/product\/20946\/revisions\/20948"}],"wp:featuredmedia":[{"embeddable":true,"href":"https:\/\/www.comercialanma.es\/index.php?rest_route=\/wp\/v2\/media\/20947"}],"wp:attachment":[{"href":"https:\/\/www.comercialanma.es\/index.php?rest_route=%2Fwp%2Fv2%2Fmedia&parent=20946"}],"curies":[{"name":"wp","href":"https:\/\/api.w.org\/{rel}","templated":true}]}}