
{"id":21038,"date":"2022-03-22T16:09:50","date_gmt":"2022-03-22T15:09:50","guid":{"rendered":"https:\/\/www.comercialanma.es\/?post_type=product&#038;p=21038"},"modified":"2022-05-04T08:46:30","modified_gmt":"2022-05-04T06:46:30","slug":"gotes-priorat","status":"publish","type":"product","link":"https:\/\/www.comercialanma.es\/?product=gotes-priorat","title":{"rendered":"Gotes del Priorat 75cl."},"content":{"rendered":"<h3>D.O.:<\/h3>\n<ul>\n<li>Priorato.<\/li>\n<\/ul>\n<h3>Variedades de uva:<\/h3>\n<ul>\n<li>Cabernet Sauvignon, Cari\u00f1ena y Garnacha.<\/li>\n<\/ul>\n<h3>Graduaci\u00f3n:<\/h3>\n<ul>\n<li>Graduaci\u00f3n: 14,0% vol.<\/li>\n<\/ul>\n<h3>Nota de cata:<\/h3>\n<div class=\"field\">\n<div class=\"field-items\">\n<ul>\n<li class=\"field-item odd \">Color cereza picota, intenso, limpio y brillante. Bonita l\u00e1grima, fina, ligeramente tintada.<\/li>\n<li class=\"field-item odd \">Nariz muy expresiva e intensa en la que destaca una\u00a0 fresca y madura carga frutal acompa\u00f1ado por notas florales, hierbas arom\u00e1ticas, leves tostados y, de fondo, delicados minerales.<\/li>\n<li class=\"field-item odd \">En boca se muestra fresco, con una entrada intensa, con volumen y un recorrido \u00e1gil y preciso que impregna la boca de una fruta y de sensaciones bals\u00e1micas y especiadas. Buena acidez, arom\u00e1tica y refrescante. Final largo y persistente en el que aparecen, aqu\u00ed s\u00ed, intensas notas tostadas.<\/li>\n<\/ul>\n<\/div>\n<\/div>\n","protected":false},"excerpt":{"rendered":"<div id=\"tw-target-text-container\">\n<p dir=\"ltr\" data-placeholder=\"Traducci\u00f3n\">Gotes del Priorat\u00a0| 75cl. | D.O Priorato |<\/p>\n<p dir=\"ltr\" data-placeholder=\"Traducci\u00f3n\">Vino tinto Envejecido en madera Agricultura respetuosa. 14 meses en barrica de roble franc\u00e9s.<\/p>\n<\/div>\n","protected":false},"featured_media":21039,"template":"","meta":{"spay_email":""},"yoast_head":"<!-- This site is optimized with the Yoast SEO plugin v15.9 - https:\/\/yoast.com\/wordpress\/plugins\/seo\/ -->\n<title>Gotes del Priorat 75cl. - Comercial de Hosteleria Anma<\/title>\n<meta name=\"description\" content=\"Gotes del Priorat\u00a0| 75cl. | D.O Priorato | Vino tinto Envejecido en madera Agricultura respetuosa. 14 meses en barrica de roble franc\u00e9s.\" \/>\n<meta name=\"robots\" content=\"index, follow, max-snippet:-1, max-image-preview:large, max-video-preview:-1\" \/>\n<link rel=\"canonical\" href=\"https:\/\/www.comercialanma.es\/?product=gotes-priorat\" \/>\n<meta property=\"og:locale\" content=\"es_ES\" \/>\n<meta property=\"og:type\" content=\"article\" \/>\n<meta property=\"og:title\" content=\"Gotes del Priorat 75cl. - Comercial de Hosteleria Anma\" \/>\n<meta property=\"og:description\" content=\"Gotes del Priorat\u00a0| 75cl. | D.O Priorato | Vino tinto Envejecido en madera Agricultura respetuosa. 14 meses en barrica de roble franc\u00e9s.\" \/>\n<meta property=\"og:url\" content=\"https:\/\/www.comercialanma.es\/?product=gotes-priorat\" \/>\n<meta property=\"og:site_name\" content=\"Comercial de Hosteleria Anma\" \/>\n<meta property=\"article:publisher\" content=\"https:\/\/www.facebook.com\/AnmaHosteleria\" \/>\n<meta property=\"article:modified_time\" content=\"2022-05-04T06:46:30+00:00\" \/>\n<meta property=\"og:image\" content=\"https:\/\/i1.wp.com\/www.comercialanma.es\/wp-content\/uploads\/2022\/03\/Tinto-gotes-priorat.jpg?fit=1080%2C1080&#038;ssl=1\" \/>\n\t<meta property=\"og:image:width\" content=\"1080\" \/>\n\t<meta property=\"og:image:height\" content=\"1080\" \/>\n<meta name=\"twitter:card\" content=\"summary_large_image\" \/>\n<meta name=\"twitter:label1\" content=\"Tiempo de lectura\">\n\t<meta name=\"twitter:data1\" content=\"1 minuto\">\n<script type=\"application\/ld+json\" class=\"yoast-schema-graph\">{\"@context\":\"https:\/\/schema.org\",\"@graph\":[{\"@type\":\"Organization\",\"@id\":\"https:\/\/www.comercialanma.es\/#organization\",\"name\":\"Comercial Anma\",\"url\":\"https:\/\/www.comercialanma.es\/\",\"sameAs\":[\"https:\/\/www.facebook.com\/AnmaHosteleria\",\"https:\/\/www.instagram.com\/anmahosteleria\/?hl=es\",\"https:\/\/www.youtube.com\/channel\/UCT2nmn08Ntks0hmpZPnDgCA\"],\"logo\":{\"@type\":\"ImageObject\",\"@id\":\"https:\/\/www.comercialanma.es\/#logo\",\"inLanguage\":\"es\",\"url\":\"https:\/\/i2.wp.com\/www.comercialanma.es\/wp-content\/uploads\/2019\/06\/logo-anma-color.png?fit=247%2C101&ssl=1\",\"width\":247,\"height\":101,\"caption\":\"Comercial Anma\"},\"image\":{\"@id\":\"https:\/\/www.comercialanma.es\/#logo\"}},{\"@type\":\"WebSite\",\"@id\":\"https:\/\/www.comercialanma.es\/#website\",\"url\":\"https:\/\/www.comercialanma.es\/\",\"name\":\"Comercial de Hosteleria Anma\",\"description\":\"\",\"publisher\":{\"@id\":\"https:\/\/www.comercialanma.es\/#organization\"},\"potentialAction\":[{\"@type\":\"SearchAction\",\"target\":\"https:\/\/www.comercialanma.es\/?s={search_term_string}\",\"query-input\":\"required name=search_term_string\"}],\"inLanguage\":\"es\"},{\"@type\":\"ImageObject\",\"@id\":\"https:\/\/www.comercialanma.es\/?product=gotes-priorat#primaryimage\",\"inLanguage\":\"es\",\"url\":\"https:\/\/i1.wp.com\/www.comercialanma.es\/wp-content\/uploads\/2022\/03\/Tinto-gotes-priorat.jpg?fit=1080%2C1080&ssl=1\",\"width\":1080,\"height\":1080},{\"@type\":\"WebPage\",\"@id\":\"https:\/\/www.comercialanma.es\/?product=gotes-priorat#webpage\",\"url\":\"https:\/\/www.comercialanma.es\/?product=gotes-priorat\",\"name\":\"Gotes del Priorat 75cl. - Comercial de Hosteleria Anma\",\"isPartOf\":{\"@id\":\"https:\/\/www.comercialanma.es\/#website\"},\"primaryImageOfPage\":{\"@id\":\"https:\/\/www.comercialanma.es\/?product=gotes-priorat#primaryimage\"},\"datePublished\":\"2022-03-22T15:09:50+00:00\",\"dateModified\":\"2022-05-04T06:46:30+00:00\",\"description\":\"Gotes del Priorat\\u00a0| 75cl. | D.O Priorato | Vino tinto Envejecido en madera Agricultura respetuosa. 14 meses en barrica de roble franc\\u00e9s.\",\"breadcrumb\":{\"@id\":\"https:\/\/www.comercialanma.es\/?product=gotes-priorat#breadcrumb\"},\"inLanguage\":\"es\",\"potentialAction\":[{\"@type\":\"ReadAction\",\"target\":[\"https:\/\/www.comercialanma.es\/?product=gotes-priorat\"]}]},{\"@type\":\"BreadcrumbList\",\"@id\":\"https:\/\/www.comercialanma.es\/?product=gotes-priorat#breadcrumb\",\"itemListElement\":[{\"@type\":\"ListItem\",\"position\":1,\"item\":{\"@type\":\"WebPage\",\"@id\":\"https:\/\/www.comercialanma.es\/\",\"url\":\"https:\/\/www.comercialanma.es\/\",\"name\":\"Portada\"}},{\"@type\":\"ListItem\",\"position\":2,\"item\":{\"@type\":\"WebPage\",\"@id\":\"https:\/\/www.comercialanma.es\/?page_id=3963\",\"url\":\"https:\/\/www.comercialanma.es\/?page_id=3963\",\"name\":\"Cat\\u00e1logo de Productos\"}},{\"@type\":\"ListItem\",\"position\":3,\"item\":{\"@type\":\"WebPage\",\"@id\":\"https:\/\/www.comercialanma.es\/?product=gotes-priorat\",\"url\":\"https:\/\/www.comercialanma.es\/?product=gotes-priorat\",\"name\":\"Gotes del Priorat 75cl.\"}}]}]}<\/script>\n<!-- \/ Yoast SEO plugin. -->","_links":{"self":[{"href":"https:\/\/www.comercialanma.es\/index.php?rest_route=\/wp\/v2\/product\/21038"}],"collection":[{"href":"https:\/\/www.comercialanma.es\/index.php?rest_route=\/wp\/v2\/product"}],"about":[{"href":"https:\/\/www.comercialanma.es\/index.php?rest_route=\/wp\/v2\/types\/product"}],"version-history":[{"count":1,"href":"https:\/\/www.comercialanma.es\/index.php?rest_route=\/wp\/v2\/product\/21038\/revisions"}],"predecessor-version":[{"id":21040,"href":"https:\/\/www.comercialanma.es\/index.php?rest_route=\/wp\/v2\/product\/21038\/revisions\/21040"}],"wp:featuredmedia":[{"embeddable":true,"href":"https:\/\/www.comercialanma.es\/index.php?rest_route=\/wp\/v2\/media\/21039"}],"wp:attachment":[{"href":"https:\/\/www.comercialanma.es\/index.php?rest_route=%2Fwp%2Fv2%2Fmedia&parent=21038"}],"curies":[{"name":"wp","href":"https:\/\/api.w.org\/{rel}","templated":true}]}}