
{"id":21120,"date":"2022-04-04T10:58:22","date_gmt":"2022-04-04T08:58:22","guid":{"rendered":"https:\/\/www.comercialanma.es\/?post_type=product&#038;p=21120"},"modified":"2022-04-04T11:03:54","modified_gmt":"2022-04-04T09:03:54","slug":"almirante-anejo","status":"publish","type":"product","link":"https:\/\/www.comercialanma.es\/?product=almirante-anejo","title":{"rendered":"Ron Almirante A\u00f1ejo 70cl."},"content":{"rendered":"<p>Almirante es una selecci\u00f3n de los mejores rones envejecidos fruto del saber hacer de los master blender de Jos\u00e9 Est\u00e9vez Wines &amp; Spirits. Es elegido cada a\u00f1o entre los 2 primeros rones con mayor puntuaci\u00f3n a nivel organol\u00e9ptico.<\/p>\n<ul>\n<li>\n<div>Vista: Color \u00e1mbar claro y de aspecto brillante.<\/div>\n<\/li>\n<li>\n<div>Nariz: En nariz posee notas arom\u00e1ticas, con matices a\u00f1ejos y a madera.<\/div>\n<\/li>\n<li>\n<div>Boca: En paladar notamos el sabor caracter\u00edstico del ron procedente de alcohol de ca\u00f1a. Muy equilibrado.<\/div>\n<\/li>\n<\/ul>\n","protected":false},"excerpt":{"rendered":"<div>\n<div id=\"short_description_content\">\n<p>Capacidad: 70 cl.<\/p>\n<p>Elaborado por: Jos\u00e9 Estevez<\/p>\n<p>Hecho en: Espa\u00f1a<\/p>\n<p>Graduaci\u00f3n: 37,5% Vol.<\/p>\n<\/div>\n<\/div>\n","protected":false},"featured_media":21121,"template":"","meta":{"spay_email":""},"yoast_head":"<!-- This site is optimized with the Yoast SEO plugin v15.9 - https:\/\/yoast.com\/wordpress\/plugins\/seo\/ -->\n<title>Ron Almirante A\u00f1ejo 70cl. - Comercial de Hosteleria Anma<\/title>\n<meta name=\"description\" content=\"Ron Almirante a\u00f1ejo | 70cl. | 37,5% vol. | Jos\u00e9 Est\u00e9vez | Almirante es una selecci\u00f3n de los mejores rones envejecidos.\" \/>\n<meta name=\"robots\" content=\"index, follow, max-snippet:-1, max-image-preview:large, max-video-preview:-1\" \/>\n<link rel=\"canonical\" href=\"https:\/\/www.comercialanma.es\/?product=almirante-anejo\" \/>\n<meta property=\"og:locale\" content=\"es_ES\" \/>\n<meta property=\"og:type\" content=\"article\" \/>\n<meta property=\"og:title\" content=\"Ron Almirante A\u00f1ejo 70cl. - Comercial de Hosteleria Anma\" \/>\n<meta property=\"og:description\" content=\"Ron Almirante a\u00f1ejo | 70cl. | 37,5% vol. | Jos\u00e9 Est\u00e9vez | Almirante es una selecci\u00f3n de los mejores rones envejecidos.\" \/>\n<meta property=\"og:url\" content=\"https:\/\/www.comercialanma.es\/?product=almirante-anejo\" \/>\n<meta property=\"og:site_name\" content=\"Comercial de Hosteleria Anma\" \/>\n<meta property=\"article:publisher\" content=\"https:\/\/www.facebook.com\/AnmaHosteleria\" \/>\n<meta property=\"article:modified_time\" content=\"2022-04-04T09:03:54+00:00\" \/>\n<meta property=\"og:image\" content=\"https:\/\/i1.wp.com\/www.comercialanma.es\/wp-content\/uploads\/2022\/04\/Almirante-ron-an\u0303ejo.jpg?fit=1080%2C1080&#038;ssl=1\" \/>\n\t<meta property=\"og:image:width\" content=\"1080\" \/>\n\t<meta property=\"og:image:height\" content=\"1080\" \/>\n<meta name=\"twitter:card\" content=\"summary_large_image\" \/>\n<meta name=\"twitter:label1\" content=\"Tiempo de lectura\">\n\t<meta name=\"twitter:data1\" content=\"1 minuto\">\n<script type=\"application\/ld+json\" class=\"yoast-schema-graph\">{\"@context\":\"https:\/\/schema.org\",\"@graph\":[{\"@type\":\"Organization\",\"@id\":\"https:\/\/www.comercialanma.es\/#organization\",\"name\":\"Comercial Anma\",\"url\":\"https:\/\/www.comercialanma.es\/\",\"sameAs\":[\"https:\/\/www.facebook.com\/AnmaHosteleria\",\"https:\/\/www.instagram.com\/anmahosteleria\/?hl=es\",\"https:\/\/www.youtube.com\/channel\/UCT2nmn08Ntks0hmpZPnDgCA\"],\"logo\":{\"@type\":\"ImageObject\",\"@id\":\"https:\/\/www.comercialanma.es\/#logo\",\"inLanguage\":\"es\",\"url\":\"https:\/\/i2.wp.com\/www.comercialanma.es\/wp-content\/uploads\/2019\/06\/logo-anma-color.png?fit=247%2C101&ssl=1\",\"width\":247,\"height\":101,\"caption\":\"Comercial Anma\"},\"image\":{\"@id\":\"https:\/\/www.comercialanma.es\/#logo\"}},{\"@type\":\"WebSite\",\"@id\":\"https:\/\/www.comercialanma.es\/#website\",\"url\":\"https:\/\/www.comercialanma.es\/\",\"name\":\"Comercial de Hosteleria Anma\",\"description\":\"\",\"publisher\":{\"@id\":\"https:\/\/www.comercialanma.es\/#organization\"},\"potentialAction\":[{\"@type\":\"SearchAction\",\"target\":\"https:\/\/www.comercialanma.es\/?s={search_term_string}\",\"query-input\":\"required name=search_term_string\"}],\"inLanguage\":\"es\"},{\"@type\":\"ImageObject\",\"@id\":\"https:\/\/www.comercialanma.es\/?product=almirante-anejo#primaryimage\",\"inLanguage\":\"es\",\"url\":\"https:\/\/i1.wp.com\/www.comercialanma.es\/wp-content\/uploads\/2022\/04\/Almirante-ron-an\\u0303ejo.jpg?fit=1080%2C1080&ssl=1\",\"width\":1080,\"height\":1080},{\"@type\":\"WebPage\",\"@id\":\"https:\/\/www.comercialanma.es\/?product=almirante-anejo#webpage\",\"url\":\"https:\/\/www.comercialanma.es\/?product=almirante-anejo\",\"name\":\"Ron Almirante A\\u00f1ejo 70cl. - Comercial de Hosteleria Anma\",\"isPartOf\":{\"@id\":\"https:\/\/www.comercialanma.es\/#website\"},\"primaryImageOfPage\":{\"@id\":\"https:\/\/www.comercialanma.es\/?product=almirante-anejo#primaryimage\"},\"datePublished\":\"2022-04-04T08:58:22+00:00\",\"dateModified\":\"2022-04-04T09:03:54+00:00\",\"description\":\"Ron Almirante a\\u00f1ejo | 70cl. | 37,5% vol. | Jos\\u00e9 Est\\u00e9vez | Almirante es una selecci\\u00f3n de los mejores rones envejecidos.\",\"breadcrumb\":{\"@id\":\"https:\/\/www.comercialanma.es\/?product=almirante-anejo#breadcrumb\"},\"inLanguage\":\"es\",\"potentialAction\":[{\"@type\":\"ReadAction\",\"target\":[\"https:\/\/www.comercialanma.es\/?product=almirante-anejo\"]}]},{\"@type\":\"BreadcrumbList\",\"@id\":\"https:\/\/www.comercialanma.es\/?product=almirante-anejo#breadcrumb\",\"itemListElement\":[{\"@type\":\"ListItem\",\"position\":1,\"item\":{\"@type\":\"WebPage\",\"@id\":\"https:\/\/www.comercialanma.es\/\",\"url\":\"https:\/\/www.comercialanma.es\/\",\"name\":\"Portada\"}},{\"@type\":\"ListItem\",\"position\":2,\"item\":{\"@type\":\"WebPage\",\"@id\":\"https:\/\/www.comercialanma.es\/?page_id=3963\",\"url\":\"https:\/\/www.comercialanma.es\/?page_id=3963\",\"name\":\"Cat\\u00e1logo de Productos\"}},{\"@type\":\"ListItem\",\"position\":3,\"item\":{\"@type\":\"WebPage\",\"@id\":\"https:\/\/www.comercialanma.es\/?product=almirante-anejo\",\"url\":\"https:\/\/www.comercialanma.es\/?product=almirante-anejo\",\"name\":\"Ron Almirante A\\u00f1ejo 70cl.\"}}]}]}<\/script>\n<!-- \/ Yoast SEO plugin. -->","_links":{"self":[{"href":"https:\/\/www.comercialanma.es\/index.php?rest_route=\/wp\/v2\/product\/21120"}],"collection":[{"href":"https:\/\/www.comercialanma.es\/index.php?rest_route=\/wp\/v2\/product"}],"about":[{"href":"https:\/\/www.comercialanma.es\/index.php?rest_route=\/wp\/v2\/types\/product"}],"version-history":[{"count":1,"href":"https:\/\/www.comercialanma.es\/index.php?rest_route=\/wp\/v2\/product\/21120\/revisions"}],"predecessor-version":[{"id":21122,"href":"https:\/\/www.comercialanma.es\/index.php?rest_route=\/wp\/v2\/product\/21120\/revisions\/21122"}],"wp:featuredmedia":[{"embeddable":true,"href":"https:\/\/www.comercialanma.es\/index.php?rest_route=\/wp\/v2\/media\/21121"}],"wp:attachment":[{"href":"https:\/\/www.comercialanma.es\/index.php?rest_route=%2Fwp%2Fv2%2Fmedia&parent=21120"}],"curies":[{"name":"wp","href":"https:\/\/api.w.org\/{rel}","templated":true}]}}