
{"id":21351,"date":"2022-06-16T16:51:43","date_gmt":"2022-06-16T14:51:43","guid":{"rendered":"https:\/\/www.comercialanma.es\/?post_type=product&#038;p=21351"},"modified":"2022-06-16T16:58:37","modified_gmt":"2022-06-16T14:58:37","slug":"bollinger-blanc-de-noirs","status":"publish","type":"product","link":"https:\/\/www.comercialanma.es\/?product=bollinger-blanc-de-noirs","title":{"rendered":"Bollinger blanc de noirs 75cl."},"content":{"rendered":"<h3>D.O.:<\/h3>\n<ul>\n<li>Champagne<\/li>\n<\/ul>\n<h3>Variedad:<\/h3>\n<ul>\n<li>100% Pinot Noir.<\/li>\n<\/ul>\n<h3>Nota de cata:<\/h3>\n<div class=\"field\">\n<ul>\n<li>El manto est\u00e1 adornado con reflejos dorados.<\/li>\n<li>Tanto en nariz como en boca es rico y complejo, con notas de fruta madura como la crema de cassis o la cereza negra, gelatina de fruta y pasta de almendra. Los aromas se completan con aromas de frutas amarillas como la ciruela mirabel y el melocot\u00f3n de vi\u00f1a.<\/li>\n<li>El final revela una nota salina.<\/li>\n<\/ul>\n<h3>Graduaci\u00f3n:<\/h3>\n<\/div>\n<div>\n<ul>\n<li>12% vol.<\/li>\n<\/ul>\n<\/div>\n","protected":false},"excerpt":{"rendered":"<div>Se trata de un Champagne Blanc de Noirs: 100% Pinot Noir procedente de 5 crus, de los cuales el 92% son Grands Crus y el 8% Premiers Crus. Los vinos han envejecido en botella sobre sus l\u00edas durante m\u00e1s de 7 a\u00f1os. Se trata de una caja de edici\u00f3n limitada fabricada en su mayor parte con materiales reciclados.<\/div>\n","protected":false},"featured_media":21352,"template":"","meta":{"spay_email":""},"yoast_head":"<!-- This site is optimized with the Yoast SEO plugin v15.9 - https:\/\/yoast.com\/wordpress\/plugins\/seo\/ -->\n<title>Bollinger blanc de noirs 75cl. - Comercial de Hosteleria Anma<\/title>\n<meta name=\"description\" content=\"Bollinger blanc de noirs | 75cl. | Los vinos han envejecido en botella sobre sus l\u00edas durante m\u00e1s de 7 a\u00f1os.\" \/>\n<meta name=\"robots\" content=\"index, follow, max-snippet:-1, max-image-preview:large, max-video-preview:-1\" \/>\n<link rel=\"canonical\" href=\"https:\/\/www.comercialanma.es\/?product=bollinger-blanc-de-noirs\" \/>\n<meta property=\"og:locale\" content=\"es_ES\" \/>\n<meta property=\"og:type\" content=\"article\" \/>\n<meta property=\"og:title\" content=\"Bollinger blanc de noirs 75cl. - Comercial de Hosteleria Anma\" \/>\n<meta property=\"og:description\" content=\"Bollinger blanc de noirs | 75cl. | Los vinos han envejecido en botella sobre sus l\u00edas durante m\u00e1s de 7 a\u00f1os.\" \/>\n<meta property=\"og:url\" content=\"https:\/\/www.comercialanma.es\/?product=bollinger-blanc-de-noirs\" \/>\n<meta property=\"og:site_name\" content=\"Comercial de Hosteleria Anma\" \/>\n<meta property=\"article:publisher\" content=\"https:\/\/www.facebook.com\/AnmaHosteleria\" \/>\n<meta property=\"article:modified_time\" content=\"2022-06-16T14:58:37+00:00\" \/>\n<meta property=\"og:image\" content=\"https:\/\/i1.wp.com\/www.comercialanma.es\/wp-content\/uploads\/2022\/06\/bollinger-blanc-de-noirs.jpg?fit=1080%2C1080&#038;ssl=1\" \/>\n\t<meta property=\"og:image:width\" content=\"1080\" \/>\n\t<meta property=\"og:image:height\" content=\"1080\" \/>\n<meta name=\"twitter:card\" content=\"summary_large_image\" \/>\n<meta name=\"twitter:label1\" content=\"Tiempo de lectura\">\n\t<meta name=\"twitter:data1\" content=\"1 minuto\">\n<script type=\"application\/ld+json\" class=\"yoast-schema-graph\">{\"@context\":\"https:\/\/schema.org\",\"@graph\":[{\"@type\":\"Organization\",\"@id\":\"https:\/\/www.comercialanma.es\/#organization\",\"name\":\"Comercial Anma\",\"url\":\"https:\/\/www.comercialanma.es\/\",\"sameAs\":[\"https:\/\/www.facebook.com\/AnmaHosteleria\",\"https:\/\/www.instagram.com\/anmahosteleria\/?hl=es\",\"https:\/\/www.youtube.com\/channel\/UCT2nmn08Ntks0hmpZPnDgCA\"],\"logo\":{\"@type\":\"ImageObject\",\"@id\":\"https:\/\/www.comercialanma.es\/#logo\",\"inLanguage\":\"es\",\"url\":\"https:\/\/i2.wp.com\/www.comercialanma.es\/wp-content\/uploads\/2019\/06\/logo-anma-color.png?fit=247%2C101&ssl=1\",\"width\":247,\"height\":101,\"caption\":\"Comercial Anma\"},\"image\":{\"@id\":\"https:\/\/www.comercialanma.es\/#logo\"}},{\"@type\":\"WebSite\",\"@id\":\"https:\/\/www.comercialanma.es\/#website\",\"url\":\"https:\/\/www.comercialanma.es\/\",\"name\":\"Comercial de Hosteleria Anma\",\"description\":\"\",\"publisher\":{\"@id\":\"https:\/\/www.comercialanma.es\/#organization\"},\"potentialAction\":[{\"@type\":\"SearchAction\",\"target\":\"https:\/\/www.comercialanma.es\/?s={search_term_string}\",\"query-input\":\"required name=search_term_string\"}],\"inLanguage\":\"es\"},{\"@type\":\"ImageObject\",\"@id\":\"https:\/\/www.comercialanma.es\/?product=bollinger-blanc-de-noirs#primaryimage\",\"inLanguage\":\"es\",\"url\":\"https:\/\/i1.wp.com\/www.comercialanma.es\/wp-content\/uploads\/2022\/06\/bollinger-blanc-de-noirs.jpg?fit=1080%2C1080&ssl=1\",\"width\":1080,\"height\":1080},{\"@type\":\"WebPage\",\"@id\":\"https:\/\/www.comercialanma.es\/?product=bollinger-blanc-de-noirs#webpage\",\"url\":\"https:\/\/www.comercialanma.es\/?product=bollinger-blanc-de-noirs\",\"name\":\"Bollinger blanc de noirs 75cl. - Comercial de Hosteleria Anma\",\"isPartOf\":{\"@id\":\"https:\/\/www.comercialanma.es\/#website\"},\"primaryImageOfPage\":{\"@id\":\"https:\/\/www.comercialanma.es\/?product=bollinger-blanc-de-noirs#primaryimage\"},\"datePublished\":\"2022-06-16T14:51:43+00:00\",\"dateModified\":\"2022-06-16T14:58:37+00:00\",\"description\":\"Bollinger blanc de noirs | 75cl. | Los vinos han envejecido en botella sobre sus l\\u00edas durante m\\u00e1s de 7 a\\u00f1os.\",\"breadcrumb\":{\"@id\":\"https:\/\/www.comercialanma.es\/?product=bollinger-blanc-de-noirs#breadcrumb\"},\"inLanguage\":\"es\",\"potentialAction\":[{\"@type\":\"ReadAction\",\"target\":[\"https:\/\/www.comercialanma.es\/?product=bollinger-blanc-de-noirs\"]}]},{\"@type\":\"BreadcrumbList\",\"@id\":\"https:\/\/www.comercialanma.es\/?product=bollinger-blanc-de-noirs#breadcrumb\",\"itemListElement\":[{\"@type\":\"ListItem\",\"position\":1,\"item\":{\"@type\":\"WebPage\",\"@id\":\"https:\/\/www.comercialanma.es\/\",\"url\":\"https:\/\/www.comercialanma.es\/\",\"name\":\"Portada\"}},{\"@type\":\"ListItem\",\"position\":2,\"item\":{\"@type\":\"WebPage\",\"@id\":\"https:\/\/www.comercialanma.es\/?page_id=3963\",\"url\":\"https:\/\/www.comercialanma.es\/?page_id=3963\",\"name\":\"Cat\\u00e1logo de Productos\"}},{\"@type\":\"ListItem\",\"position\":3,\"item\":{\"@type\":\"WebPage\",\"@id\":\"https:\/\/www.comercialanma.es\/?product=bollinger-blanc-de-noirs\",\"url\":\"https:\/\/www.comercialanma.es\/?product=bollinger-blanc-de-noirs\",\"name\":\"Bollinger blanc de noirs 75cl.\"}}]}]}<\/script>\n<!-- \/ Yoast SEO plugin. -->","_links":{"self":[{"href":"https:\/\/www.comercialanma.es\/index.php?rest_route=\/wp\/v2\/product\/21351"}],"collection":[{"href":"https:\/\/www.comercialanma.es\/index.php?rest_route=\/wp\/v2\/product"}],"about":[{"href":"https:\/\/www.comercialanma.es\/index.php?rest_route=\/wp\/v2\/types\/product"}],"version-history":[{"count":2,"href":"https:\/\/www.comercialanma.es\/index.php?rest_route=\/wp\/v2\/product\/21351\/revisions"}],"predecessor-version":[{"id":21354,"href":"https:\/\/www.comercialanma.es\/index.php?rest_route=\/wp\/v2\/product\/21351\/revisions\/21354"}],"wp:featuredmedia":[{"embeddable":true,"href":"https:\/\/www.comercialanma.es\/index.php?rest_route=\/wp\/v2\/media\/21352"}],"wp:attachment":[{"href":"https:\/\/www.comercialanma.es\/index.php?rest_route=%2Fwp%2Fv2%2Fmedia&parent=21351"}],"curies":[{"name":"wp","href":"https:\/\/api.w.org\/{rel}","templated":true}]}}