
{"id":21355,"date":"2022-06-16T17:01:29","date_gmt":"2022-06-16T15:01:29","guid":{"rendered":"https:\/\/www.comercialanma.es\/?post_type=product&#038;p=21355"},"modified":"2022-06-17T10:29:17","modified_gmt":"2022-06-17T08:29:17","slug":"la-grande-anne","status":"publish","type":"product","link":"https:\/\/www.comercialanma.es\/?product=la-grande-anne","title":{"rendered":"Bollinger La Grande Ann\u00e9e 75cl."},"content":{"rendered":"<h3>D.O.:<\/h3>\n<ul>\n<li>Champagne<\/li>\n<\/ul>\n<h3>Variedad:<\/h3>\n<ul>\n<li>Pinot Noir | Chardonnay.<\/li>\n<\/ul>\n<h3>Nota de cata:<\/h3>\n<div class=\"field\">\n<ul>\n<li>De color amarillo dorado brillante y limpio, suave burbuja fina.<\/li>\n<li>En nariz complejidad, notas de pan tostado caliente y galletas, lim\u00f3n glaseado, mantequilla y fina boller\u00eda de horno con notas de c\u00edtricos maduros.<\/li>\n<li>En boca suave entrada y un recorrido muy cremoso, fino carb\u00f3nico bien integrado, intensidad con una acidez fresca y ligeramente c\u00edtrica, elegante, voluminoso, fruta blanca carnosa y c\u00edtricos maduros muy sabrosos.<\/li>\n<\/ul>\n<h3>Graduaci\u00f3n:<\/h3>\n<\/div>\n<div>\n<ul>\n<li>12% vol.<\/li>\n<\/ul>\n<\/div>\n","protected":false},"excerpt":{"rendered":"<p>La Grande Ann\u00e9e 2014 es un champagne en el que se ensamblan a la perfecci\u00f3n un\u00a061% de pinot noir y 39% de chardonnay, provenientes de una cuidada selecci\u00f3n de 19 crus. Entre estos, destacan de manera especial los Grands Crus de A\u00ff y Verzenay de los que se seleccionan las uvas de pinot noir as\u00ed como Chouilly y Oiryde los provienen las chardonnay.<\/p>\n","protected":false},"featured_media":21356,"template":"","meta":{"spay_email":""},"yoast_head":"<!-- This site is optimized with the Yoast SEO plugin v15.9 - https:\/\/yoast.com\/wordpress\/plugins\/seo\/ -->\n<title>Bollinger La Grande Ann\u00e9e 75cl. - Comercial de Hosteleria Anma<\/title>\n<meta name=\"description\" content=\"Bollinger La Grande Ann\u00e9e | 75cl. | La Grande Ann\u00e9e, un exclusivo champagne de Bollinger refinado y complejo.\" \/>\n<meta name=\"robots\" content=\"index, follow, max-snippet:-1, max-image-preview:large, max-video-preview:-1\" \/>\n<link rel=\"canonical\" href=\"https:\/\/www.comercialanma.es\/?product=la-grande-anne\" \/>\n<meta property=\"og:locale\" content=\"es_ES\" \/>\n<meta property=\"og:type\" content=\"article\" \/>\n<meta property=\"og:title\" content=\"Bollinger La Grande Ann\u00e9e 75cl. - Comercial de Hosteleria Anma\" \/>\n<meta property=\"og:description\" content=\"Bollinger La Grande Ann\u00e9e | 75cl. | La Grande Ann\u00e9e, un exclusivo champagne de Bollinger refinado y complejo.\" \/>\n<meta property=\"og:url\" content=\"https:\/\/www.comercialanma.es\/?product=la-grande-anne\" \/>\n<meta property=\"og:site_name\" content=\"Comercial de Hosteleria Anma\" \/>\n<meta property=\"article:publisher\" content=\"https:\/\/www.facebook.com\/AnmaHosteleria\" \/>\n<meta property=\"article:modified_time\" content=\"2022-06-17T08:29:17+00:00\" \/>\n<meta property=\"og:image\" content=\"https:\/\/i0.wp.com\/www.comercialanma.es\/wp-content\/uploads\/2022\/06\/bollinger-le-grande-annee-2014.jpg?fit=1080%2C1080&#038;ssl=1\" \/>\n\t<meta property=\"og:image:width\" content=\"1080\" \/>\n\t<meta property=\"og:image:height\" content=\"1080\" \/>\n<meta name=\"twitter:card\" content=\"summary_large_image\" \/>\n<meta name=\"twitter:label1\" content=\"Tiempo de lectura\">\n\t<meta name=\"twitter:data1\" content=\"1 minuto\">\n<script type=\"application\/ld+json\" class=\"yoast-schema-graph\">{\"@context\":\"https:\/\/schema.org\",\"@graph\":[{\"@type\":\"Organization\",\"@id\":\"https:\/\/www.comercialanma.es\/#organization\",\"name\":\"Comercial Anma\",\"url\":\"https:\/\/www.comercialanma.es\/\",\"sameAs\":[\"https:\/\/www.facebook.com\/AnmaHosteleria\",\"https:\/\/www.instagram.com\/anmahosteleria\/?hl=es\",\"https:\/\/www.youtube.com\/channel\/UCT2nmn08Ntks0hmpZPnDgCA\"],\"logo\":{\"@type\":\"ImageObject\",\"@id\":\"https:\/\/www.comercialanma.es\/#logo\",\"inLanguage\":\"es\",\"url\":\"https:\/\/i2.wp.com\/www.comercialanma.es\/wp-content\/uploads\/2019\/06\/logo-anma-color.png?fit=247%2C101&ssl=1\",\"width\":247,\"height\":101,\"caption\":\"Comercial Anma\"},\"image\":{\"@id\":\"https:\/\/www.comercialanma.es\/#logo\"}},{\"@type\":\"WebSite\",\"@id\":\"https:\/\/www.comercialanma.es\/#website\",\"url\":\"https:\/\/www.comercialanma.es\/\",\"name\":\"Comercial de Hosteleria Anma\",\"description\":\"\",\"publisher\":{\"@id\":\"https:\/\/www.comercialanma.es\/#organization\"},\"potentialAction\":[{\"@type\":\"SearchAction\",\"target\":\"https:\/\/www.comercialanma.es\/?s={search_term_string}\",\"query-input\":\"required name=search_term_string\"}],\"inLanguage\":\"es\"},{\"@type\":\"ImageObject\",\"@id\":\"https:\/\/www.comercialanma.es\/?product=la-grande-anne#primaryimage\",\"inLanguage\":\"es\",\"url\":\"https:\/\/i0.wp.com\/www.comercialanma.es\/wp-content\/uploads\/2022\/06\/bollinger-le-grande-annee-2014.jpg?fit=1080%2C1080&ssl=1\",\"width\":1080,\"height\":1080},{\"@type\":\"WebPage\",\"@id\":\"https:\/\/www.comercialanma.es\/?product=la-grande-anne#webpage\",\"url\":\"https:\/\/www.comercialanma.es\/?product=la-grande-anne\",\"name\":\"Bollinger La Grande Ann\\u00e9e 75cl. - Comercial de Hosteleria Anma\",\"isPartOf\":{\"@id\":\"https:\/\/www.comercialanma.es\/#website\"},\"primaryImageOfPage\":{\"@id\":\"https:\/\/www.comercialanma.es\/?product=la-grande-anne#primaryimage\"},\"datePublished\":\"2022-06-16T15:01:29+00:00\",\"dateModified\":\"2022-06-17T08:29:17+00:00\",\"description\":\"Bollinger La Grande Ann\\u00e9e | 75cl. | La Grande Ann\\u00e9e, un exclusivo champagne de Bollinger refinado y complejo.\",\"breadcrumb\":{\"@id\":\"https:\/\/www.comercialanma.es\/?product=la-grande-anne#breadcrumb\"},\"inLanguage\":\"es\",\"potentialAction\":[{\"@type\":\"ReadAction\",\"target\":[\"https:\/\/www.comercialanma.es\/?product=la-grande-anne\"]}]},{\"@type\":\"BreadcrumbList\",\"@id\":\"https:\/\/www.comercialanma.es\/?product=la-grande-anne#breadcrumb\",\"itemListElement\":[{\"@type\":\"ListItem\",\"position\":1,\"item\":{\"@type\":\"WebPage\",\"@id\":\"https:\/\/www.comercialanma.es\/\",\"url\":\"https:\/\/www.comercialanma.es\/\",\"name\":\"Portada\"}},{\"@type\":\"ListItem\",\"position\":2,\"item\":{\"@type\":\"WebPage\",\"@id\":\"https:\/\/www.comercialanma.es\/?page_id=3963\",\"url\":\"https:\/\/www.comercialanma.es\/?page_id=3963\",\"name\":\"Cat\\u00e1logo de Productos\"}},{\"@type\":\"ListItem\",\"position\":3,\"item\":{\"@type\":\"WebPage\",\"@id\":\"https:\/\/www.comercialanma.es\/?product=la-grande-anne\",\"url\":\"https:\/\/www.comercialanma.es\/?product=la-grande-anne\",\"name\":\"Bollinger La Grande Ann\\u00e9e 75cl.\"}}]}]}<\/script>\n<!-- \/ Yoast SEO plugin. -->","_links":{"self":[{"href":"https:\/\/www.comercialanma.es\/index.php?rest_route=\/wp\/v2\/product\/21355"}],"collection":[{"href":"https:\/\/www.comercialanma.es\/index.php?rest_route=\/wp\/v2\/product"}],"about":[{"href":"https:\/\/www.comercialanma.es\/index.php?rest_route=\/wp\/v2\/types\/product"}],"version-history":[{"count":1,"href":"https:\/\/www.comercialanma.es\/index.php?rest_route=\/wp\/v2\/product\/21355\/revisions"}],"predecessor-version":[{"id":21357,"href":"https:\/\/www.comercialanma.es\/index.php?rest_route=\/wp\/v2\/product\/21355\/revisions\/21357"}],"wp:featuredmedia":[{"embeddable":true,"href":"https:\/\/www.comercialanma.es\/index.php?rest_route=\/wp\/v2\/media\/21356"}],"wp:attachment":[{"href":"https:\/\/www.comercialanma.es\/index.php?rest_route=%2Fwp%2Fv2%2Fmedia&parent=21355"}],"curies":[{"name":"wp","href":"https:\/\/api.w.org\/{rel}","templated":true}]}}