
{"id":21385,"date":"2022-06-21T10:25:38","date_gmt":"2022-06-21T08:25:38","guid":{"rendered":"https:\/\/www.comercialanma.es\/?post_type=product&#038;p=21385"},"modified":"2022-06-21T10:32:39","modified_gmt":"2022-06-21T08:32:39","slug":"bol-ensalda-crema-500","status":"publish","type":"product","link":"https:\/\/www.comercialanma.es\/?product=bol-ensalda-crema-500","title":{"rendered":"Bol ensalada ca\u00f1a az\u00facar crema 500ml."},"content":{"rendered":"<ul>\n<li>Fabricante: Betik<\/li>\n<li>Color: Crema<\/li>\n<li>Biodegradable<\/li>\n<li>Medida 500ml.<\/li>\n<li>Material: Ca\u00f1a az\u00facar<\/li>\n<li>Cantidad 50 unidades<\/li>\n<\/ul>\n","protected":false},"excerpt":{"rendered":"<p>Bol para ensalada de pulpa de ca\u00f1a de az\u00facar o bagazo es ecol\u00f3gico y va muy bien para raciones no muy grandes. Disponible en varias medidas y con tapa de pl\u00e1stico ideal para el take away o servir en mesa<\/p>\n","protected":false},"featured_media":21386,"template":"","meta":{"spay_email":""},"yoast_head":"<!-- This site is optimized with the Yoast SEO plugin v15.9 - https:\/\/yoast.com\/wordpress\/plugins\/seo\/ -->\n<title>Bol ensalada ca\u00f1a az\u00facar crema 500ml. - Comercial de Hosteleria Anma<\/title>\n<meta name=\"description\" content=\"Bol ensalada crema ca\u00f1a az\u00facar | Betik | 500ml.| 50u. | Ecol\u00f3gicos, resistentes y aptos para usar en microondas.\" \/>\n<meta name=\"robots\" content=\"index, follow, max-snippet:-1, max-image-preview:large, max-video-preview:-1\" \/>\n<link rel=\"canonical\" href=\"https:\/\/www.comercialanma.es\/?product=bol-ensalda-crema-500\" \/>\n<meta property=\"og:locale\" content=\"es_ES\" \/>\n<meta property=\"og:type\" content=\"article\" \/>\n<meta property=\"og:title\" content=\"Bol ensalada ca\u00f1a az\u00facar crema 500ml. - Comercial de Hosteleria Anma\" \/>\n<meta property=\"og:description\" content=\"Bol ensalada crema ca\u00f1a az\u00facar | Betik | 500ml.| 50u. | Ecol\u00f3gicos, resistentes y aptos para usar en microondas.\" \/>\n<meta property=\"og:url\" content=\"https:\/\/www.comercialanma.es\/?product=bol-ensalda-crema-500\" \/>\n<meta property=\"og:site_name\" content=\"Comercial de Hosteleria Anma\" \/>\n<meta property=\"article:publisher\" content=\"https:\/\/www.facebook.com\/AnmaHosteleria\" \/>\n<meta property=\"article:modified_time\" content=\"2022-06-21T08:32:39+00:00\" \/>\n<meta property=\"og:image\" content=\"https:\/\/i1.wp.com\/www.comercialanma.es\/wp-content\/uploads\/2022\/06\/bol-ensalada-crema-betik-500.jpg?fit=1080%2C1080&#038;ssl=1\" \/>\n\t<meta property=\"og:image:width\" content=\"1080\" \/>\n\t<meta property=\"og:image:height\" content=\"1080\" \/>\n<meta name=\"twitter:card\" content=\"summary_large_image\" \/>\n<meta name=\"twitter:label1\" content=\"Tiempo de lectura\">\n\t<meta name=\"twitter:data1\" content=\"1 minuto\">\n<script type=\"application\/ld+json\" class=\"yoast-schema-graph\">{\"@context\":\"https:\/\/schema.org\",\"@graph\":[{\"@type\":\"Organization\",\"@id\":\"https:\/\/www.comercialanma.es\/#organization\",\"name\":\"Comercial Anma\",\"url\":\"https:\/\/www.comercialanma.es\/\",\"sameAs\":[\"https:\/\/www.facebook.com\/AnmaHosteleria\",\"https:\/\/www.instagram.com\/anmahosteleria\/?hl=es\",\"https:\/\/www.youtube.com\/channel\/UCT2nmn08Ntks0hmpZPnDgCA\"],\"logo\":{\"@type\":\"ImageObject\",\"@id\":\"https:\/\/www.comercialanma.es\/#logo\",\"inLanguage\":\"es\",\"url\":\"https:\/\/i2.wp.com\/www.comercialanma.es\/wp-content\/uploads\/2019\/06\/logo-anma-color.png?fit=247%2C101&ssl=1\",\"width\":247,\"height\":101,\"caption\":\"Comercial Anma\"},\"image\":{\"@id\":\"https:\/\/www.comercialanma.es\/#logo\"}},{\"@type\":\"WebSite\",\"@id\":\"https:\/\/www.comercialanma.es\/#website\",\"url\":\"https:\/\/www.comercialanma.es\/\",\"name\":\"Comercial de Hosteleria Anma\",\"description\":\"\",\"publisher\":{\"@id\":\"https:\/\/www.comercialanma.es\/#organization\"},\"potentialAction\":[{\"@type\":\"SearchAction\",\"target\":\"https:\/\/www.comercialanma.es\/?s={search_term_string}\",\"query-input\":\"required name=search_term_string\"}],\"inLanguage\":\"es\"},{\"@type\":\"ImageObject\",\"@id\":\"https:\/\/www.comercialanma.es\/?product=bol-ensalda-crema-500#primaryimage\",\"inLanguage\":\"es\",\"url\":\"https:\/\/i1.wp.com\/www.comercialanma.es\/wp-content\/uploads\/2022\/06\/bol-ensalada-crema-betik-500.jpg?fit=1080%2C1080&ssl=1\",\"width\":1080,\"height\":1080},{\"@type\":\"WebPage\",\"@id\":\"https:\/\/www.comercialanma.es\/?product=bol-ensalda-crema-500#webpage\",\"url\":\"https:\/\/www.comercialanma.es\/?product=bol-ensalda-crema-500\",\"name\":\"Bol ensalada ca\\u00f1a az\\u00facar crema 500ml. - Comercial de Hosteleria Anma\",\"isPartOf\":{\"@id\":\"https:\/\/www.comercialanma.es\/#website\"},\"primaryImageOfPage\":{\"@id\":\"https:\/\/www.comercialanma.es\/?product=bol-ensalda-crema-500#primaryimage\"},\"datePublished\":\"2022-06-21T08:25:38+00:00\",\"dateModified\":\"2022-06-21T08:32:39+00:00\",\"description\":\"Bol ensalada crema ca\\u00f1a az\\u00facar | Betik | 500ml.| 50u. | Ecol\\u00f3gicos, resistentes y aptos para usar en microondas.\",\"breadcrumb\":{\"@id\":\"https:\/\/www.comercialanma.es\/?product=bol-ensalda-crema-500#breadcrumb\"},\"inLanguage\":\"es\",\"potentialAction\":[{\"@type\":\"ReadAction\",\"target\":[\"https:\/\/www.comercialanma.es\/?product=bol-ensalda-crema-500\"]}]},{\"@type\":\"BreadcrumbList\",\"@id\":\"https:\/\/www.comercialanma.es\/?product=bol-ensalda-crema-500#breadcrumb\",\"itemListElement\":[{\"@type\":\"ListItem\",\"position\":1,\"item\":{\"@type\":\"WebPage\",\"@id\":\"https:\/\/www.comercialanma.es\/\",\"url\":\"https:\/\/www.comercialanma.es\/\",\"name\":\"Portada\"}},{\"@type\":\"ListItem\",\"position\":2,\"item\":{\"@type\":\"WebPage\",\"@id\":\"https:\/\/www.comercialanma.es\/?page_id=3963\",\"url\":\"https:\/\/www.comercialanma.es\/?page_id=3963\",\"name\":\"Cat\\u00e1logo de Productos\"}},{\"@type\":\"ListItem\",\"position\":3,\"item\":{\"@type\":\"WebPage\",\"@id\":\"https:\/\/www.comercialanma.es\/?product=bol-ensalda-crema-500\",\"url\":\"https:\/\/www.comercialanma.es\/?product=bol-ensalda-crema-500\",\"name\":\"Bol ensalada ca\\u00f1a az\\u00facar crema 500ml.\"}}]}]}<\/script>\n<!-- \/ Yoast SEO plugin. -->","_links":{"self":[{"href":"https:\/\/www.comercialanma.es\/index.php?rest_route=\/wp\/v2\/product\/21385"}],"collection":[{"href":"https:\/\/www.comercialanma.es\/index.php?rest_route=\/wp\/v2\/product"}],"about":[{"href":"https:\/\/www.comercialanma.es\/index.php?rest_route=\/wp\/v2\/types\/product"}],"version-history":[{"count":1,"href":"https:\/\/www.comercialanma.es\/index.php?rest_route=\/wp\/v2\/product\/21385\/revisions"}],"predecessor-version":[{"id":21387,"href":"https:\/\/www.comercialanma.es\/index.php?rest_route=\/wp\/v2\/product\/21385\/revisions\/21387"}],"wp:featuredmedia":[{"embeddable":true,"href":"https:\/\/www.comercialanma.es\/index.php?rest_route=\/wp\/v2\/media\/21386"}],"wp:attachment":[{"href":"https:\/\/www.comercialanma.es\/index.php?rest_route=%2Fwp%2Fv2%2Fmedia&parent=21385"}],"curies":[{"name":"wp","href":"https:\/\/api.w.org\/{rel}","templated":true}]}}