
{"id":21396,"date":"2022-06-22T08:38:21","date_gmt":"2022-06-22T06:38:21","guid":{"rendered":"https:\/\/www.comercialanma.es\/?post_type=product&#038;p=21396"},"modified":"2022-06-22T08:44:32","modified_gmt":"2022-06-22T06:44:32","slug":"grans-muralles","status":"publish","type":"product","link":"https:\/\/www.comercialanma.es\/?product=grans-muralles","title":{"rendered":"Grans Muralles Crianza 75cl."},"content":{"rendered":"<h3>D.O.:<\/h3>\n<ul>\n<li>Conca de Barber\u00e0.<\/li>\n<\/ul>\n<h3>Variedades de uva:<\/h3>\n<ul>\n<li>Cari\u00f1ena, Garnacha Negra, Garr\u00f3, Monastrell, Querol.<\/li>\n<\/ul>\n<h3>Graduaci\u00f3n:<\/h3>\n<ul>\n<li>Graduaci\u00f3n: 14,5% vol.<\/li>\n<\/ul>\n<h3>Nota de cata:<\/h3>\n<ul>\n<li>Bello color cereza picota con visos ocre. Intenso y complejo aroma con notas de uvas pasas, confituras y agradables aromas tostados.<\/li>\n<li>Paladar de gran dimensi\u00f3n, amplio y con frutales y sedosos taninos.<\/li>\n<li>Aparecen matices de hierbas arom\u00e1ticas (laurel), resinas (incienso) y especias (clavo) que se prolongan admirablemente hasta el final de boca.<\/li>\n<\/ul>\n<p>&nbsp;<\/p>\n","protected":false},"excerpt":{"rendered":"<div id=\"tw-target-text-container\">\n<p>Este vino premium debe su nombre a las murallas que proteg\u00edan el monasterio de Poblet. La identidad inconfundible de Grandes Murallas se encuentra en los pedregosos suelos de pizarra (Licorella), pero tambi\u00e9n en las variedades que lo integran. La Familia Torres logr\u00f3 recuperar variedades aut\u00f3ctonas extinguidas como la Codillo y la Querol utilizando modernas t\u00e9cnicas de viticultura. Estas variedades unidas a la Garnacha Tinta, la Cari\u00f1ena y la Monastrell conforman el esp\u00edritu de este vino \u00fanico que envejece 18 meses en barricas de roble nuevo franc\u00e9s (Tron\u00e7ais de grano fino).<\/p>\n<\/div>\n","protected":false},"featured_media":21397,"template":"","meta":{"spay_email":""},"yoast_head":"<!-- This site is optimized with the Yoast SEO plugin v15.9 - https:\/\/yoast.com\/wordpress\/plugins\/seo\/ -->\n<title>Grans Muralles Crianza 75cl. - Comercial de Hosteleria Anma<\/title>\n<meta name=\"description\" content=\"Grans Muralles Crianza | 75cl. | Este vino premium debe su nombre a las murallas que proteg\u00edan el monasterio de Poblet.\" \/>\n<meta name=\"robots\" content=\"index, follow, max-snippet:-1, max-image-preview:large, max-video-preview:-1\" \/>\n<link rel=\"canonical\" href=\"https:\/\/www.comercialanma.es\/?product=grans-muralles\" \/>\n<meta property=\"og:locale\" content=\"es_ES\" \/>\n<meta property=\"og:type\" content=\"article\" \/>\n<meta property=\"og:title\" content=\"Grans Muralles Crianza 75cl. - Comercial de Hosteleria Anma\" \/>\n<meta property=\"og:description\" content=\"Grans Muralles Crianza | 75cl. | Este vino premium debe su nombre a las murallas que proteg\u00edan el monasterio de Poblet.\" \/>\n<meta property=\"og:url\" content=\"https:\/\/www.comercialanma.es\/?product=grans-muralles\" \/>\n<meta property=\"og:site_name\" content=\"Comercial de Hosteleria Anma\" \/>\n<meta property=\"article:publisher\" content=\"https:\/\/www.facebook.com\/AnmaHosteleria\" \/>\n<meta property=\"article:modified_time\" content=\"2022-06-22T06:44:32+00:00\" \/>\n<meta property=\"og:image\" content=\"https:\/\/i2.wp.com\/www.comercialanma.es\/wp-content\/uploads\/2022\/06\/grans-muralles.jpg?fit=1080%2C1080&#038;ssl=1\" \/>\n\t<meta property=\"og:image:width\" content=\"1080\" \/>\n\t<meta property=\"og:image:height\" content=\"1080\" \/>\n<meta name=\"twitter:card\" content=\"summary_large_image\" \/>\n<meta name=\"twitter:label1\" content=\"Tiempo de lectura\">\n\t<meta name=\"twitter:data1\" content=\"1 minuto\">\n<script type=\"application\/ld+json\" class=\"yoast-schema-graph\">{\"@context\":\"https:\/\/schema.org\",\"@graph\":[{\"@type\":\"Organization\",\"@id\":\"https:\/\/www.comercialanma.es\/#organization\",\"name\":\"Comercial Anma\",\"url\":\"https:\/\/www.comercialanma.es\/\",\"sameAs\":[\"https:\/\/www.facebook.com\/AnmaHosteleria\",\"https:\/\/www.instagram.com\/anmahosteleria\/?hl=es\",\"https:\/\/www.youtube.com\/channel\/UCT2nmn08Ntks0hmpZPnDgCA\"],\"logo\":{\"@type\":\"ImageObject\",\"@id\":\"https:\/\/www.comercialanma.es\/#logo\",\"inLanguage\":\"es\",\"url\":\"https:\/\/i2.wp.com\/www.comercialanma.es\/wp-content\/uploads\/2019\/06\/logo-anma-color.png?fit=247%2C101&ssl=1\",\"width\":247,\"height\":101,\"caption\":\"Comercial Anma\"},\"image\":{\"@id\":\"https:\/\/www.comercialanma.es\/#logo\"}},{\"@type\":\"WebSite\",\"@id\":\"https:\/\/www.comercialanma.es\/#website\",\"url\":\"https:\/\/www.comercialanma.es\/\",\"name\":\"Comercial de Hosteleria Anma\",\"description\":\"\",\"publisher\":{\"@id\":\"https:\/\/www.comercialanma.es\/#organization\"},\"potentialAction\":[{\"@type\":\"SearchAction\",\"target\":\"https:\/\/www.comercialanma.es\/?s={search_term_string}\",\"query-input\":\"required name=search_term_string\"}],\"inLanguage\":\"es\"},{\"@type\":\"ImageObject\",\"@id\":\"https:\/\/www.comercialanma.es\/?product=grans-muralles#primaryimage\",\"inLanguage\":\"es\",\"url\":\"https:\/\/i2.wp.com\/www.comercialanma.es\/wp-content\/uploads\/2022\/06\/grans-muralles.jpg?fit=1080%2C1080&ssl=1\",\"width\":1080,\"height\":1080},{\"@type\":\"WebPage\",\"@id\":\"https:\/\/www.comercialanma.es\/?product=grans-muralles#webpage\",\"url\":\"https:\/\/www.comercialanma.es\/?product=grans-muralles\",\"name\":\"Grans Muralles Crianza 75cl. - Comercial de Hosteleria Anma\",\"isPartOf\":{\"@id\":\"https:\/\/www.comercialanma.es\/#website\"},\"primaryImageOfPage\":{\"@id\":\"https:\/\/www.comercialanma.es\/?product=grans-muralles#primaryimage\"},\"datePublished\":\"2022-06-22T06:38:21+00:00\",\"dateModified\":\"2022-06-22T06:44:32+00:00\",\"description\":\"Grans Muralles Crianza | 75cl. | Este vino premium debe su nombre a las murallas que proteg\\u00edan el monasterio de Poblet.\",\"breadcrumb\":{\"@id\":\"https:\/\/www.comercialanma.es\/?product=grans-muralles#breadcrumb\"},\"inLanguage\":\"es\",\"potentialAction\":[{\"@type\":\"ReadAction\",\"target\":[\"https:\/\/www.comercialanma.es\/?product=grans-muralles\"]}]},{\"@type\":\"BreadcrumbList\",\"@id\":\"https:\/\/www.comercialanma.es\/?product=grans-muralles#breadcrumb\",\"itemListElement\":[{\"@type\":\"ListItem\",\"position\":1,\"item\":{\"@type\":\"WebPage\",\"@id\":\"https:\/\/www.comercialanma.es\/\",\"url\":\"https:\/\/www.comercialanma.es\/\",\"name\":\"Portada\"}},{\"@type\":\"ListItem\",\"position\":2,\"item\":{\"@type\":\"WebPage\",\"@id\":\"https:\/\/www.comercialanma.es\/?page_id=3963\",\"url\":\"https:\/\/www.comercialanma.es\/?page_id=3963\",\"name\":\"Cat\\u00e1logo de Productos\"}},{\"@type\":\"ListItem\",\"position\":3,\"item\":{\"@type\":\"WebPage\",\"@id\":\"https:\/\/www.comercialanma.es\/?product=grans-muralles\",\"url\":\"https:\/\/www.comercialanma.es\/?product=grans-muralles\",\"name\":\"Grans Muralles Crianza 75cl.\"}}]}]}<\/script>\n<!-- \/ Yoast SEO plugin. -->","_links":{"self":[{"href":"https:\/\/www.comercialanma.es\/index.php?rest_route=\/wp\/v2\/product\/21396"}],"collection":[{"href":"https:\/\/www.comercialanma.es\/index.php?rest_route=\/wp\/v2\/product"}],"about":[{"href":"https:\/\/www.comercialanma.es\/index.php?rest_route=\/wp\/v2\/types\/product"}],"version-history":[{"count":1,"href":"https:\/\/www.comercialanma.es\/index.php?rest_route=\/wp\/v2\/product\/21396\/revisions"}],"predecessor-version":[{"id":21398,"href":"https:\/\/www.comercialanma.es\/index.php?rest_route=\/wp\/v2\/product\/21396\/revisions\/21398"}],"wp:featuredmedia":[{"embeddable":true,"href":"https:\/\/www.comercialanma.es\/index.php?rest_route=\/wp\/v2\/media\/21397"}],"wp:attachment":[{"href":"https:\/\/www.comercialanma.es\/index.php?rest_route=%2Fwp%2Fv2%2Fmedia&parent=21396"}],"curies":[{"name":"wp","href":"https:\/\/api.w.org\/{rel}","templated":true}]}}