
{"id":21448,"date":"2022-07-01T15:49:49","date_gmt":"2022-07-01T13:49:49","guid":{"rendered":"https:\/\/www.comercialanma.es\/?post_type=product&#038;p=21448"},"modified":"2022-07-05T10:36:25","modified_gmt":"2022-07-05T08:36:25","slug":"monte-pinos-50","status":"publish","type":"product","link":"https:\/\/www.comercialanma.es\/?product=monte-pinos-50","title":{"rendered":"Agua Monte Pinos 50cl."},"content":{"rendered":"<p>El agua mineral natural Monte Pinos aporta mucho para mejorar nuestro estilo de vida y ganar en salud. Procede de su propio y \u00fanico manantial, situado a casi 1.000 metros de altitud, en la Sierra de Almaz\u00e1n (Soria). Este \u00e1mbito eco-geol\u00f3gico le confiere una composici\u00f3n mineral muy baja en sodio que la hace aconsejable en los casos de hipertensi\u00f3n arterial e insuficiencia card\u00edaca, en dietas de adelgazamiento y, naturalmente, como agua de consumo diario a cualquier edad, para la preparaci\u00f3n de alimentos infantiles y mantener la hidrataci\u00f3n del deportista. Por todo ello, el agua mineral Natural Monte Pinos es considerada \u00abfuente de vida\u00bb.<\/p>\n","protected":false},"excerpt":{"rendered":"<p><strong>Marca Comercial:<\/strong> Monte Pinos<\/p>\n<p><strong>Mineralizaci\u00f3n:<\/strong>\u00a0D\u00e9bil<\/p>\n<h3>Ingredientes:<\/h3>\n<p>Bicarbonatos(298,0 mg\/l), sulfatos(1,6 mg\/l), cloruros(3,6 mg\/l), calcio (93,8 mg\/l), magnesio (3,4 mg\/l) y sodio (1,8 mg\/l).<\/p>\n","protected":false},"featured_media":21449,"template":"","meta":{"spay_email":""},"yoast_head":"<!-- This site is optimized with the Yoast SEO plugin v15.9 - https:\/\/yoast.com\/wordpress\/plugins\/seo\/ -->\n<title>Agua Monte Pinos 50cl. - Comercial de Hosteleria Anma<\/title>\n<meta name=\"description\" content=\"Agua mineral natural | Monte Pinos | 50cl. | Retornable | Agua mineral natural que procede de su propio y \u00fanico manantial.\" \/>\n<meta name=\"robots\" content=\"index, follow, max-snippet:-1, max-image-preview:large, max-video-preview:-1\" \/>\n<link rel=\"canonical\" href=\"https:\/\/www.comercialanma.es\/?product=monte-pinos-50\" \/>\n<meta property=\"og:locale\" content=\"es_ES\" \/>\n<meta property=\"og:type\" content=\"article\" \/>\n<meta property=\"og:title\" content=\"Agua Monte Pinos 50cl. - Comercial de Hosteleria Anma\" \/>\n<meta property=\"og:description\" content=\"Agua mineral natural | Monte Pinos | 50cl. | Retornable | Agua mineral natural que procede de su propio y \u00fanico manantial.\" \/>\n<meta property=\"og:url\" content=\"https:\/\/www.comercialanma.es\/?product=monte-pinos-50\" \/>\n<meta property=\"og:site_name\" content=\"Comercial de Hosteleria Anma\" \/>\n<meta property=\"article:publisher\" content=\"https:\/\/www.facebook.com\/AnmaHosteleria\" \/>\n<meta property=\"article:modified_time\" content=\"2022-07-05T08:36:25+00:00\" \/>\n<meta property=\"og:image\" content=\"https:\/\/i2.wp.com\/www.comercialanma.es\/wp-content\/uploads\/2022\/07\/Monte-pinos-50-retornable.jpg?fit=1080%2C1080&#038;ssl=1\" \/>\n\t<meta property=\"og:image:width\" content=\"1080\" \/>\n\t<meta property=\"og:image:height\" content=\"1080\" \/>\n<meta name=\"twitter:card\" content=\"summary_large_image\" \/>\n<meta name=\"twitter:label1\" content=\"Tiempo de lectura\">\n\t<meta name=\"twitter:data1\" content=\"1 minuto\">\n<script type=\"application\/ld+json\" class=\"yoast-schema-graph\">{\"@context\":\"https:\/\/schema.org\",\"@graph\":[{\"@type\":\"Organization\",\"@id\":\"https:\/\/www.comercialanma.es\/#organization\",\"name\":\"Comercial Anma\",\"url\":\"https:\/\/www.comercialanma.es\/\",\"sameAs\":[\"https:\/\/www.facebook.com\/AnmaHosteleria\",\"https:\/\/www.instagram.com\/anmahosteleria\/?hl=es\",\"https:\/\/www.youtube.com\/channel\/UCT2nmn08Ntks0hmpZPnDgCA\"],\"logo\":{\"@type\":\"ImageObject\",\"@id\":\"https:\/\/www.comercialanma.es\/#logo\",\"inLanguage\":\"es\",\"url\":\"https:\/\/i2.wp.com\/www.comercialanma.es\/wp-content\/uploads\/2019\/06\/logo-anma-color.png?fit=247%2C101&ssl=1\",\"width\":247,\"height\":101,\"caption\":\"Comercial Anma\"},\"image\":{\"@id\":\"https:\/\/www.comercialanma.es\/#logo\"}},{\"@type\":\"WebSite\",\"@id\":\"https:\/\/www.comercialanma.es\/#website\",\"url\":\"https:\/\/www.comercialanma.es\/\",\"name\":\"Comercial de Hosteleria Anma\",\"description\":\"\",\"publisher\":{\"@id\":\"https:\/\/www.comercialanma.es\/#organization\"},\"potentialAction\":[{\"@type\":\"SearchAction\",\"target\":\"https:\/\/www.comercialanma.es\/?s={search_term_string}\",\"query-input\":\"required name=search_term_string\"}],\"inLanguage\":\"es\"},{\"@type\":\"ImageObject\",\"@id\":\"https:\/\/www.comercialanma.es\/?product=monte-pinos-50#primaryimage\",\"inLanguage\":\"es\",\"url\":\"https:\/\/i2.wp.com\/www.comercialanma.es\/wp-content\/uploads\/2022\/07\/Monte-pinos-50-retornable.jpg?fit=1080%2C1080&ssl=1\",\"width\":1080,\"height\":1080},{\"@type\":\"WebPage\",\"@id\":\"https:\/\/www.comercialanma.es\/?product=monte-pinos-50#webpage\",\"url\":\"https:\/\/www.comercialanma.es\/?product=monte-pinos-50\",\"name\":\"Agua Monte Pinos 50cl. - Comercial de Hosteleria Anma\",\"isPartOf\":{\"@id\":\"https:\/\/www.comercialanma.es\/#website\"},\"primaryImageOfPage\":{\"@id\":\"https:\/\/www.comercialanma.es\/?product=monte-pinos-50#primaryimage\"},\"datePublished\":\"2022-07-01T13:49:49+00:00\",\"dateModified\":\"2022-07-05T08:36:25+00:00\",\"description\":\"Agua mineral natural | Monte Pinos | 50cl. | Retornable | Agua mineral natural que procede de su propio y \\u00fanico manantial.\",\"breadcrumb\":{\"@id\":\"https:\/\/www.comercialanma.es\/?product=monte-pinos-50#breadcrumb\"},\"inLanguage\":\"es\",\"potentialAction\":[{\"@type\":\"ReadAction\",\"target\":[\"https:\/\/www.comercialanma.es\/?product=monte-pinos-50\"]}]},{\"@type\":\"BreadcrumbList\",\"@id\":\"https:\/\/www.comercialanma.es\/?product=monte-pinos-50#breadcrumb\",\"itemListElement\":[{\"@type\":\"ListItem\",\"position\":1,\"item\":{\"@type\":\"WebPage\",\"@id\":\"https:\/\/www.comercialanma.es\/\",\"url\":\"https:\/\/www.comercialanma.es\/\",\"name\":\"Portada\"}},{\"@type\":\"ListItem\",\"position\":2,\"item\":{\"@type\":\"WebPage\",\"@id\":\"https:\/\/www.comercialanma.es\/?page_id=3963\",\"url\":\"https:\/\/www.comercialanma.es\/?page_id=3963\",\"name\":\"Cat\\u00e1logo de Productos\"}},{\"@type\":\"ListItem\",\"position\":3,\"item\":{\"@type\":\"WebPage\",\"@id\":\"https:\/\/www.comercialanma.es\/?product=monte-pinos-50\",\"url\":\"https:\/\/www.comercialanma.es\/?product=monte-pinos-50\",\"name\":\"Agua Monte Pinos 50cl.\"}}]}]}<\/script>\n<!-- \/ Yoast SEO plugin. -->","_links":{"self":[{"href":"https:\/\/www.comercialanma.es\/index.php?rest_route=\/wp\/v2\/product\/21448"}],"collection":[{"href":"https:\/\/www.comercialanma.es\/index.php?rest_route=\/wp\/v2\/product"}],"about":[{"href":"https:\/\/www.comercialanma.es\/index.php?rest_route=\/wp\/v2\/types\/product"}],"version-history":[{"count":2,"href":"https:\/\/www.comercialanma.es\/index.php?rest_route=\/wp\/v2\/product\/21448\/revisions"}],"predecessor-version":[{"id":21455,"href":"https:\/\/www.comercialanma.es\/index.php?rest_route=\/wp\/v2\/product\/21448\/revisions\/21455"}],"wp:featuredmedia":[{"embeddable":true,"href":"https:\/\/www.comercialanma.es\/index.php?rest_route=\/wp\/v2\/media\/21449"}],"wp:attachment":[{"href":"https:\/\/www.comercialanma.es\/index.php?rest_route=%2Fwp%2Fv2%2Fmedia&parent=21448"}],"curies":[{"name":"wp","href":"https:\/\/api.w.org\/{rel}","templated":true}]}}