
{"id":21505,"date":"2022-07-08T17:56:01","date_gmt":"2022-07-08T15:56:01","guid":{"rendered":"https:\/\/www.comercialanma.es\/?post_type=product&#038;p=21505"},"modified":"2022-07-11T08:55:48","modified_gmt":"2022-07-11T06:55:48","slug":"fords-gin-70cl","status":"publish","type":"product","link":"https:\/\/www.comercialanma.es\/?product=fords-gin-70cl","title":{"rendered":"Fords Gin 70cl."},"content":{"rendered":"<p>Una cuidadosa mezcla de nueve ingredientes bot\u00e1nicos, Fords Gin comienza con una base tradicional de semillas de enebro y cilantro equilibradas con c\u00edtricos, flores y especias.\u00a0Remojados durante 15 horas antes de la destilaci\u00f3n, los bot\u00e1nicos brindan un esp\u00edritu arom\u00e1tico, fresco y floral con elegantes notas de jazm\u00edn y pomelo que crean una base vers\u00e1til para cualquier c\u00f3ctel inspirado en la ginebra.<\/p>\n<h3><strong>Cata:<\/strong><\/h3>\n<ul>\n<li class=\"p text\">Aroma: enebro, cilantro y ang\u00e9lica al principio con capas en desarrollo de c\u00edtricos, jazm\u00edn y toques de vainilla en el fondo.\u00a0Brillante y expresivo en nariz.<\/li>\n<li class=\"p text\">Sabor: Perfiles c\u00edtricos redondos y frescos en la apertura con un ligero dulzor y un ramo floreciente de lirio, casia y pomelo.<\/li>\n<\/ul>\n","protected":false},"excerpt":{"rendered":"<ul>\n<li><span class=\"title\">Reino unido<\/span><\/li>\n<li>Alcohol: 45% vol.<\/li>\n<li>Volumen: 70cl.<\/li>\n<\/ul>\n","protected":false},"featured_media":21506,"template":"","meta":{"spay_email":""},"yoast_head":"<!-- This site is optimized with the Yoast SEO plugin v15.9 - https:\/\/yoast.com\/wordpress\/plugins\/seo\/ -->\n<title>Fords Gin 70cl. - Comercial de Hosteleria Anma<\/title>\n<meta name=\"description\" content=\"Gin Mare Capri | 70cl.| Esencia del Mediterr\u00e1neo y la isla de Capri cobra vida a trav\u00e9s de su aut\u00e9ntico perfil de sabor a c\u00edtricos frescos.\" \/>\n<meta name=\"robots\" content=\"index, follow, max-snippet:-1, max-image-preview:large, max-video-preview:-1\" \/>\n<link rel=\"canonical\" href=\"https:\/\/www.comercialanma.es\/?product=fords-gin-70cl\" \/>\n<meta property=\"og:locale\" content=\"es_ES\" \/>\n<meta property=\"og:type\" content=\"article\" \/>\n<meta property=\"og:title\" content=\"Fords Gin 70cl. - Comercial de Hosteleria Anma\" \/>\n<meta property=\"og:description\" content=\"Gin Mare Capri | 70cl.| Esencia del Mediterr\u00e1neo y la isla de Capri cobra vida a trav\u00e9s de su aut\u00e9ntico perfil de sabor a c\u00edtricos frescos.\" \/>\n<meta property=\"og:url\" content=\"https:\/\/www.comercialanma.es\/?product=fords-gin-70cl\" \/>\n<meta property=\"og:site_name\" content=\"Comercial de Hosteleria Anma\" \/>\n<meta property=\"article:publisher\" content=\"https:\/\/www.facebook.com\/AnmaHosteleria\" \/>\n<meta property=\"article:modified_time\" content=\"2022-07-11T06:55:48+00:00\" \/>\n<meta property=\"og:image\" content=\"https:\/\/i1.wp.com\/www.comercialanma.es\/wp-content\/uploads\/2022\/07\/Fords-gin.jpg?fit=1080%2C1080&#038;ssl=1\" \/>\n\t<meta property=\"og:image:width\" content=\"1080\" \/>\n\t<meta property=\"og:image:height\" content=\"1080\" \/>\n<meta name=\"twitter:card\" content=\"summary_large_image\" \/>\n<meta name=\"twitter:label1\" content=\"Tiempo de lectura\">\n\t<meta name=\"twitter:data1\" content=\"1 minuto\">\n<script type=\"application\/ld+json\" class=\"yoast-schema-graph\">{\"@context\":\"https:\/\/schema.org\",\"@graph\":[{\"@type\":\"Organization\",\"@id\":\"https:\/\/www.comercialanma.es\/#organization\",\"name\":\"Comercial Anma\",\"url\":\"https:\/\/www.comercialanma.es\/\",\"sameAs\":[\"https:\/\/www.facebook.com\/AnmaHosteleria\",\"https:\/\/www.instagram.com\/anmahosteleria\/?hl=es\",\"https:\/\/www.youtube.com\/channel\/UCT2nmn08Ntks0hmpZPnDgCA\"],\"logo\":{\"@type\":\"ImageObject\",\"@id\":\"https:\/\/www.comercialanma.es\/#logo\",\"inLanguage\":\"es\",\"url\":\"https:\/\/i2.wp.com\/www.comercialanma.es\/wp-content\/uploads\/2019\/06\/logo-anma-color.png?fit=247%2C101&ssl=1\",\"width\":247,\"height\":101,\"caption\":\"Comercial Anma\"},\"image\":{\"@id\":\"https:\/\/www.comercialanma.es\/#logo\"}},{\"@type\":\"WebSite\",\"@id\":\"https:\/\/www.comercialanma.es\/#website\",\"url\":\"https:\/\/www.comercialanma.es\/\",\"name\":\"Comercial de Hosteleria Anma\",\"description\":\"\",\"publisher\":{\"@id\":\"https:\/\/www.comercialanma.es\/#organization\"},\"potentialAction\":[{\"@type\":\"SearchAction\",\"target\":\"https:\/\/www.comercialanma.es\/?s={search_term_string}\",\"query-input\":\"required name=search_term_string\"}],\"inLanguage\":\"es\"},{\"@type\":\"ImageObject\",\"@id\":\"https:\/\/www.comercialanma.es\/?product=fords-gin-70cl#primaryimage\",\"inLanguage\":\"es\",\"url\":\"https:\/\/i1.wp.com\/www.comercialanma.es\/wp-content\/uploads\/2022\/07\/Fords-gin.jpg?fit=1080%2C1080&ssl=1\",\"width\":1080,\"height\":1080},{\"@type\":\"WebPage\",\"@id\":\"https:\/\/www.comercialanma.es\/?product=fords-gin-70cl#webpage\",\"url\":\"https:\/\/www.comercialanma.es\/?product=fords-gin-70cl\",\"name\":\"Fords Gin 70cl. - Comercial de Hosteleria Anma\",\"isPartOf\":{\"@id\":\"https:\/\/www.comercialanma.es\/#website\"},\"primaryImageOfPage\":{\"@id\":\"https:\/\/www.comercialanma.es\/?product=fords-gin-70cl#primaryimage\"},\"datePublished\":\"2022-07-08T15:56:01+00:00\",\"dateModified\":\"2022-07-11T06:55:48+00:00\",\"description\":\"Gin Mare Capri | 70cl.| Esencia del Mediterr\\u00e1neo y la isla de Capri cobra vida a trav\\u00e9s de su aut\\u00e9ntico perfil de sabor a c\\u00edtricos frescos.\",\"breadcrumb\":{\"@id\":\"https:\/\/www.comercialanma.es\/?product=fords-gin-70cl#breadcrumb\"},\"inLanguage\":\"es\",\"potentialAction\":[{\"@type\":\"ReadAction\",\"target\":[\"https:\/\/www.comercialanma.es\/?product=fords-gin-70cl\"]}]},{\"@type\":\"BreadcrumbList\",\"@id\":\"https:\/\/www.comercialanma.es\/?product=fords-gin-70cl#breadcrumb\",\"itemListElement\":[{\"@type\":\"ListItem\",\"position\":1,\"item\":{\"@type\":\"WebPage\",\"@id\":\"https:\/\/www.comercialanma.es\/\",\"url\":\"https:\/\/www.comercialanma.es\/\",\"name\":\"Portada\"}},{\"@type\":\"ListItem\",\"position\":2,\"item\":{\"@type\":\"WebPage\",\"@id\":\"https:\/\/www.comercialanma.es\/?page_id=3963\",\"url\":\"https:\/\/www.comercialanma.es\/?page_id=3963\",\"name\":\"Cat\\u00e1logo de Productos\"}},{\"@type\":\"ListItem\",\"position\":3,\"item\":{\"@type\":\"WebPage\",\"@id\":\"https:\/\/www.comercialanma.es\/?product=fords-gin-70cl\",\"url\":\"https:\/\/www.comercialanma.es\/?product=fords-gin-70cl\",\"name\":\"Fords Gin 70cl.\"}}]}]}<\/script>\n<!-- \/ Yoast SEO plugin. -->","_links":{"self":[{"href":"https:\/\/www.comercialanma.es\/index.php?rest_route=\/wp\/v2\/product\/21505"}],"collection":[{"href":"https:\/\/www.comercialanma.es\/index.php?rest_route=\/wp\/v2\/product"}],"about":[{"href":"https:\/\/www.comercialanma.es\/index.php?rest_route=\/wp\/v2\/types\/product"}],"version-history":[{"count":2,"href":"https:\/\/www.comercialanma.es\/index.php?rest_route=\/wp\/v2\/product\/21505\/revisions"}],"predecessor-version":[{"id":21508,"href":"https:\/\/www.comercialanma.es\/index.php?rest_route=\/wp\/v2\/product\/21505\/revisions\/21508"}],"wp:featuredmedia":[{"embeddable":true,"href":"https:\/\/www.comercialanma.es\/index.php?rest_route=\/wp\/v2\/media\/21506"}],"wp:attachment":[{"href":"https:\/\/www.comercialanma.es\/index.php?rest_route=%2Fwp%2Fv2%2Fmedia&parent=21505"}],"curies":[{"name":"wp","href":"https:\/\/api.w.org\/{rel}","templated":true}]}}