
{"id":21509,"date":"2022-07-11T09:25:49","date_gmt":"2022-07-11T07:25:49","guid":{"rendered":"https:\/\/www.comercialanma.es\/?post_type=product&#038;p=21509"},"modified":"2022-07-11T09:38:14","modified_gmt":"2022-07-11T07:38:14","slug":"benriach-smoky-10","status":"publish","type":"product","link":"https:\/\/www.comercialanma.es\/?product=benriach-smoky-10","title":{"rendered":"Benriach The Smoky Ten 10 a\u00f1os 70cl."},"content":{"rendered":"<h3>Nota de cata:<\/h3>\n<div class=\"tasting-notes__note-container\">\n<ul>\n<li class=\"tasting-notes__text\"><span>Color Oro brillante<\/span><\/li>\n<li class=\"tasting-notes__text\"><span>Aroma Jarabe de frutas maduras de la huerta, glaseado de miel ahumada y especias de roble<\/span><\/li>\n<li class=\"tasting-notes__text\"><span>Sabor madera de manzano ahumado, miel de arce y pera especiada finalizando con fruta persistente y roble ahumado<\/span><\/li>\n<li class=\"tasting-notes__text\"><span>Nivel de humo Rico<\/span><\/li>\n<li class=\"tasting-notes__text\">Graduaci\u00f3n: 46% vol.<\/li>\n<\/ul>\n<\/div>\n<p>&nbsp;<\/p>\n","protected":false},"excerpt":{"rendered":"<p>Ballantine\u00b4s 10 a\u00f1os | 70cl.| 46\u00ba<\/p>\n<p class=\"p1\">The Smoky Ten de Benriach, es un Single Malt Scotch Whisky elaborado con una combinaci\u00f3n de alcohol sin turba y con turba, envejecido durante al menos 10 a\u00f1os en tres barricas diferentes: ex bourbon, barricas de ron jamaicano y roble virgen tostado.<\/p>\n","protected":false},"featured_media":21510,"template":"","meta":{"spay_email":""},"yoast_head":"<!-- This site is optimized with the Yoast SEO plugin v15.9 - https:\/\/yoast.com\/wordpress\/plugins\/seo\/ -->\n<title>Benriach The Smoky Ten 10 a\u00f1os 70cl. - Comercial de Hosteleria Anma<\/title>\n<meta name=\"description\" content=\"Benriach The Smoky Ten 10 a\u00f1os | 70cl.| Whisky escoc\u00e9s elaborado con una combinaci\u00f3n de alcohol sin turba y con turba.\" \/>\n<meta name=\"robots\" content=\"index, follow, max-snippet:-1, max-image-preview:large, max-video-preview:-1\" \/>\n<link rel=\"canonical\" href=\"https:\/\/www.comercialanma.es\/?product=benriach-smoky-10\" \/>\n<meta property=\"og:locale\" content=\"es_ES\" \/>\n<meta property=\"og:type\" content=\"article\" \/>\n<meta property=\"og:title\" content=\"Benriach The Smoky Ten 10 a\u00f1os 70cl. - Comercial de Hosteleria Anma\" \/>\n<meta property=\"og:description\" content=\"Benriach The Smoky Ten 10 a\u00f1os | 70cl.| Whisky escoc\u00e9s elaborado con una combinaci\u00f3n de alcohol sin turba y con turba.\" \/>\n<meta property=\"og:url\" content=\"https:\/\/www.comercialanma.es\/?product=benriach-smoky-10\" \/>\n<meta property=\"og:site_name\" content=\"Comercial de Hosteleria Anma\" \/>\n<meta property=\"article:publisher\" content=\"https:\/\/www.facebook.com\/AnmaHosteleria\" \/>\n<meta property=\"article:modified_time\" content=\"2022-07-11T07:38:14+00:00\" \/>\n<meta property=\"og:image\" content=\"https:\/\/i1.wp.com\/www.comercialanma.es\/wp-content\/uploads\/2022\/07\/Benriach-tehe-smoky-ten.jpg?fit=1080%2C1080&#038;ssl=1\" \/>\n\t<meta property=\"og:image:width\" content=\"1080\" \/>\n\t<meta property=\"og:image:height\" content=\"1080\" \/>\n<meta name=\"twitter:card\" content=\"summary_large_image\" \/>\n<meta name=\"twitter:label1\" content=\"Tiempo de lectura\">\n\t<meta name=\"twitter:data1\" content=\"1 minuto\">\n<script type=\"application\/ld+json\" class=\"yoast-schema-graph\">{\"@context\":\"https:\/\/schema.org\",\"@graph\":[{\"@type\":\"Organization\",\"@id\":\"https:\/\/www.comercialanma.es\/#organization\",\"name\":\"Comercial Anma\",\"url\":\"https:\/\/www.comercialanma.es\/\",\"sameAs\":[\"https:\/\/www.facebook.com\/AnmaHosteleria\",\"https:\/\/www.instagram.com\/anmahosteleria\/?hl=es\",\"https:\/\/www.youtube.com\/channel\/UCT2nmn08Ntks0hmpZPnDgCA\"],\"logo\":{\"@type\":\"ImageObject\",\"@id\":\"https:\/\/www.comercialanma.es\/#logo\",\"inLanguage\":\"es\",\"url\":\"https:\/\/i2.wp.com\/www.comercialanma.es\/wp-content\/uploads\/2019\/06\/logo-anma-color.png?fit=247%2C101&ssl=1\",\"width\":247,\"height\":101,\"caption\":\"Comercial Anma\"},\"image\":{\"@id\":\"https:\/\/www.comercialanma.es\/#logo\"}},{\"@type\":\"WebSite\",\"@id\":\"https:\/\/www.comercialanma.es\/#website\",\"url\":\"https:\/\/www.comercialanma.es\/\",\"name\":\"Comercial de Hosteleria Anma\",\"description\":\"\",\"publisher\":{\"@id\":\"https:\/\/www.comercialanma.es\/#organization\"},\"potentialAction\":[{\"@type\":\"SearchAction\",\"target\":\"https:\/\/www.comercialanma.es\/?s={search_term_string}\",\"query-input\":\"required name=search_term_string\"}],\"inLanguage\":\"es\"},{\"@type\":\"ImageObject\",\"@id\":\"https:\/\/www.comercialanma.es\/?product=benriach-smoky-10#primaryimage\",\"inLanguage\":\"es\",\"url\":\"https:\/\/i1.wp.com\/www.comercialanma.es\/wp-content\/uploads\/2022\/07\/Benriach-tehe-smoky-ten.jpg?fit=1080%2C1080&ssl=1\",\"width\":1080,\"height\":1080},{\"@type\":\"WebPage\",\"@id\":\"https:\/\/www.comercialanma.es\/?product=benriach-smoky-10#webpage\",\"url\":\"https:\/\/www.comercialanma.es\/?product=benriach-smoky-10\",\"name\":\"Benriach The Smoky Ten 10 a\\u00f1os 70cl. - Comercial de Hosteleria Anma\",\"isPartOf\":{\"@id\":\"https:\/\/www.comercialanma.es\/#website\"},\"primaryImageOfPage\":{\"@id\":\"https:\/\/www.comercialanma.es\/?product=benriach-smoky-10#primaryimage\"},\"datePublished\":\"2022-07-11T07:25:49+00:00\",\"dateModified\":\"2022-07-11T07:38:14+00:00\",\"description\":\"Benriach The Smoky Ten 10 a\\u00f1os | 70cl.| Whisky escoc\\u00e9s elaborado con una combinaci\\u00f3n de alcohol sin turba y con turba.\",\"breadcrumb\":{\"@id\":\"https:\/\/www.comercialanma.es\/?product=benriach-smoky-10#breadcrumb\"},\"inLanguage\":\"es\",\"potentialAction\":[{\"@type\":\"ReadAction\",\"target\":[\"https:\/\/www.comercialanma.es\/?product=benriach-smoky-10\"]}]},{\"@type\":\"BreadcrumbList\",\"@id\":\"https:\/\/www.comercialanma.es\/?product=benriach-smoky-10#breadcrumb\",\"itemListElement\":[{\"@type\":\"ListItem\",\"position\":1,\"item\":{\"@type\":\"WebPage\",\"@id\":\"https:\/\/www.comercialanma.es\/\",\"url\":\"https:\/\/www.comercialanma.es\/\",\"name\":\"Portada\"}},{\"@type\":\"ListItem\",\"position\":2,\"item\":{\"@type\":\"WebPage\",\"@id\":\"https:\/\/www.comercialanma.es\/?page_id=3963\",\"url\":\"https:\/\/www.comercialanma.es\/?page_id=3963\",\"name\":\"Cat\\u00e1logo de Productos\"}},{\"@type\":\"ListItem\",\"position\":3,\"item\":{\"@type\":\"WebPage\",\"@id\":\"https:\/\/www.comercialanma.es\/?product=benriach-smoky-10\",\"url\":\"https:\/\/www.comercialanma.es\/?product=benriach-smoky-10\",\"name\":\"Benriach The Smoky Ten 10 a\\u00f1os 70cl.\"}}]}]}<\/script>\n<!-- \/ Yoast SEO plugin. -->","_links":{"self":[{"href":"https:\/\/www.comercialanma.es\/index.php?rest_route=\/wp\/v2\/product\/21509"}],"collection":[{"href":"https:\/\/www.comercialanma.es\/index.php?rest_route=\/wp\/v2\/product"}],"about":[{"href":"https:\/\/www.comercialanma.es\/index.php?rest_route=\/wp\/v2\/types\/product"}],"version-history":[{"count":1,"href":"https:\/\/www.comercialanma.es\/index.php?rest_route=\/wp\/v2\/product\/21509\/revisions"}],"predecessor-version":[{"id":21511,"href":"https:\/\/www.comercialanma.es\/index.php?rest_route=\/wp\/v2\/product\/21509\/revisions\/21511"}],"wp:featuredmedia":[{"embeddable":true,"href":"https:\/\/www.comercialanma.es\/index.php?rest_route=\/wp\/v2\/media\/21510"}],"wp:attachment":[{"href":"https:\/\/www.comercialanma.es\/index.php?rest_route=%2Fwp%2Fv2%2Fmedia&parent=21509"}],"curies":[{"name":"wp","href":"https:\/\/api.w.org\/{rel}","templated":true}]}}